{"id":1090,"date":"2023-01-11T15:09:44","date_gmt":"2023-01-11T14:09:44","guid":{"rendered":"https:\/\/us.edu.pl\/kolegium\/spnjo\/?page_id=1090"},"modified":"2025-06-10T11:36:44","modified_gmt":"2025-06-10T09:36:44","slug":"terminy-egzaminow-jh","status":"publish","type":"page","link":"https:\/\/us.edu.pl\/kolegium\/spnjo\/lektorat\/moj-lektorat\/egzaminy-po-lektoracie\/terminy-egzaminow-jh\/","title":{"rendered":"terminy egzamin\u00f3w jh"},"content":{"rendered":"<p>[vc_row el_class=&#8221;container&#8221;][vc_column][vc_column_text]<\/p>\n<p>KIEROWNIK ZESPO\u0141U: <a href=\"https:\/\/usosweb.us.edu.pl\/kontroler.php?_action=katalog2\/osoby\/pokazOsobe&amp;os_id=6545\">mgr Marzanna Tatara<\/a><\/p>\n<p>&nbsp;<\/p>\n<p><a href=\"https:\/\/usosweb.us.edu.pl\/kontroler.php?_action=katalog2\/osoby\/pokazOsobe&amp;os_id=251939\">mgr Lidia Karpacz<\/a><\/p>\n<p><strong>I TERMIN<\/strong><\/p>\n<p><strong>CZ\u0118\u015a\u0106 PISEMNA<\/strong><\/p>\n<p><em>20.06.2025 <\/em>godz. <em>9:00 &#8211; 10:30<\/em>; <em>sala. 357<\/em><br \/>\nPOZIOM A1 \u2013 WPiA i WH<\/p>\n<p><em>20.06.2025 <\/em>godz. <em>10:30 &#8211; 12:00<\/em>; <em>sala 357\u00a0 <\/em><br \/>\nPOZIOM A1 &#8211; WNS<\/p>\n<p><strong>CZ\u0118\u015a\u0106 USTNA<\/strong><\/p>\n<p><em>25.06.2025 <\/em>godz. <em>9:45 &#8211; 11:15<\/em>; <em>s.371<\/em><\/p>\n<p><em>26.06.2025 <\/em>godz. <em>13:00 &#8211; 16:00<\/em>; <em>s.360<\/em><\/p>\n<p><em>30.06.2025 godz.13:00 -16:00; s.360<\/em><\/p>\n<p><strong>II TERMIN<\/strong><\/p>\n<p><strong>CZ\u0118\u015a\u0106 PISEMNA<\/strong><\/p>\n<p><em>16.09.2025 <\/em>godz. <em>9:45 \u2013 11:15<\/em>; <em>s. 362<\/em><br \/>\nPOZIOM A1<\/p>\n<p><strong>CZ\u0118\u015a\u0106 USTNA<\/strong><\/p>\n<p><em>16.09.2025 <\/em>godz. <em>12:00 &#8211; 13:00<\/em>; <em>s. 362<\/em><br \/>\nPOZIOM A1<\/p>\n<p>&nbsp;<\/p>\n<p>[\/vc_column_text][\/vc_column][\/vc_row]<\/p>","protected":false},"excerpt":{"rendered":"<p>[vc_row el_class=&#8221;container&#8221;][vc_column][vc_column_text] KIEROWNIK ZESPO\u0141U: mgr Marzanna Tatara &nbsp; mgr Lidia Karpacz I TERMIN CZ\u0118\u015a\u0106 PISEMNA 20.06.2025 godz. 9:00 &#8211; 10:30; sala. 357 POZIOM A1 \u2013 WPiA i WH 20.06.2025 godz. 10:30 &#8211; 12:00; sala 357\u00a0 POZIOM A1 &#8211; WNS CZ\u0118\u015a\u0106 USTNA 25.06.2025 godz. 9:45 &#8211; 11:15; s.371 26.06.2025 godz. 13:00 &#8211; 16:00; s.360 30.06.2025 godz.13:00 [&#8230;]<\/p>\n<p><a class=\"btn btn-secondary understrap-read-more-link\" href=\"https:\/\/us.edu.pl\/kolegium\/spnjo\/lektorat\/moj-lektorat\/egzaminy-po-lektoracie\/terminy-egzaminow-jh\/\">Read More&#8230;<\/a><\/p>\n","protected":false},"author":3369,"featured_media":0,"parent":130,"menu_order":3,"comment_status":"closed","ping_status":"closed","template":"","meta":{"_expiration-date-status":"","_expiration-date":0,"_expiration-date-type":"","_expiration-date-categories":[],"_expiration-date-options":[]},"acf":[],"_links":{"self":[{"href":"https:\/\/us.edu.pl\/kolegium\/spnjo\/wp-json\/wp\/v2\/pages\/1090"}],"collection":[{"href":"https:\/\/us.edu.pl\/kolegium\/spnjo\/wp-json\/wp\/v2\/pages"}],"about":[{"href":"https:\/\/us.edu.pl\/kolegium\/spnjo\/wp-json\/wp\/v2\/types\/page"}],"author":[{"embeddable":true,"href":"https:\/\/us.edu.pl\/kolegium\/spnjo\/wp-json\/wp\/v2\/users\/3369"}],"replies":[{"embeddable":true,"href":"https:\/\/us.edu.pl\/kolegium\/spnjo\/wp-json\/wp\/v2\/comments?post=1090"}],"version-history":[{"count":10,"href":"https:\/\/us.edu.pl\/kolegium\/spnjo\/wp-json\/wp\/v2\/pages\/1090\/revisions"}],"predecessor-version":[{"id":3540,"href":"https:\/\/us.edu.pl\/kolegium\/spnjo\/wp-json\/wp\/v2\/pages\/1090\/revisions\/3540"}],"up":[{"embeddable":true,"href":"https:\/\/us.edu.pl\/kolegium\/spnjo\/wp-json\/wp\/v2\/pages\/130"}],"wp:attachment":[{"href":"https:\/\/us.edu.pl\/kolegium\/spnjo\/wp-json\/wp\/v2\/media?parent=1090"}],"curies":[{"name":"wp","href":"https:\/\/api.w.org\/{rel}","templated":true}]}}