{"id":1092,"date":"2023-01-11T15:13:07","date_gmt":"2023-01-11T14:13:07","guid":{"rendered":"https:\/\/us.edu.pl\/kolegium\/spnjo\/?page_id=1092"},"modified":"2025-08-22T10:17:42","modified_gmt":"2025-08-22T08:17:42","slug":"terminy-egzaminow-jf","status":"publish","type":"page","link":"https:\/\/us.edu.pl\/kolegium\/spnjo\/lektorat\/moj-lektorat\/egzaminy-po-lektoracie\/terminy-egzaminow-jf\/","title":{"rendered":"terminy egzamin\u00f3w jf"},"content":{"rendered":"<p>[vc_row el_class=&#8221;container&#8221;][vc_column][vc_column_text]<\/p>\n<p>KIEROWNIK ZESPO\u0141U: <a href=\"https:\/\/usosweb.us.edu.pl\/kontroler.php?_action=katalog2\/osoby\/pokazOsobe&amp;os_id=5805\">mgr Ilona Wabik<\/a><\/p>\n<p>&nbsp;<\/p>\n<p><a href=\"https:\/\/usosweb.us.edu.pl\/kontroler.php?_action=katalog2\/osoby\/pokazOsobe&amp;os_id=6069\">mgr Agata Adamczyk \u2013 Gzara<\/a><\/p>\n<p><strong>I TERMIN<\/strong><\/p>\n<p><strong>CZ\u0118\u015a\u0106 PISEMNA<\/strong><\/p>\n<p><em>Termin \u201eA\u201d <strong>18.06.2025, <\/strong>\u00a0godz. 11.00 -12.30, sala 227, ul. Bankowa 14, K-ce<br \/>\nTermin \u201eB\u201d <strong>26.06.2025<\/strong> godz. 9.00 -10.30, \u00a0sala 227, ul. Bankowa 14, K-ce<\/em><\/p>\n<p><em>Poziom A1<\/em><\/p>\n<p><strong>CZ\u0118\u015a\u0106 USTNA<\/strong><\/p>\n<p><em>Termin \u201eA\u201d<strong> 24.06.2025<\/strong>, od godz. 12.15, sala 356, ul. Bankowa 14, K-ce<br \/>\nTermin \u201eB\u201d \u00a0<strong>27.06.2025<\/strong>, od godz. 9.00, sala 354, ul. Bankowa 14, K-ce<\/em><\/p>\n<p><em>Poziom A1 <\/em><\/p>\n<p><strong>II TERMIN<\/strong><\/p>\n<p><strong>CZ\u0118\u015a\u0106 PISEMNA<\/strong><\/p>\n<p><strong><em>17.09.2025<\/em><\/strong><em> godz. 12.00-13.30 \u00a0s. 354, ul. Bankowa \u00a014, K-ce<\/em><\/p>\n<p><em>Poziom A1<\/em><\/p>\n<p><strong>CZ\u0118\u015a\u0106 USTNA<\/strong><\/p>\n<p><strong><em>17.09.2025<\/em><\/strong><em> godz. 15.00 \u00a0s. 354, ul. Bankowa \u00a014, K-ce<\/em><\/p>\n<p><em>Poziom A1<\/em><\/p>\n<p>&nbsp;<\/p>\n<p><a href=\"https:\/\/usosweb.us.edu.pl\/kontroler.php?_action=katalog2\/osoby\/pokazOsobe&amp;os_id=95433\">mgr Aleksandra \u017bo\u0142nowska<\/a><\/p>\n<p><strong>I TERMIN<\/strong><\/p>\n<p><strong>CZ\u0118\u015a\u0106 PISEMNA<\/strong><\/p>\n<p><em>13.06.2025 <\/em>godz. <em>09:00 &#8211; 11:00<\/em>; <em>U\u015a Cieszyn, sala B3.14<\/em><br \/>\nPOZIOM A1<\/p>\n<p><strong>CZ\u0118\u015a\u0106 USTNA<\/strong><\/p>\n<p><em>16.06.2025 <\/em>godz. <em>09:00 &#8211; 11:00<\/em>; <em>U\u015a Cieszyn, sala B3.14<\/em><br \/>\nPOZIOM A1<\/p>\n<p><strong>II TERMIN<\/strong><\/p>\n<p><strong>CZ\u0118\u015a\u0106 PISEMNA<\/strong><\/p>\n<p><em>11.09.2025 <\/em>godz. <em>08:00 &#8211; 10:00<\/em>; <em>U\u015a Cieszyn, sala B3.14<\/em><br \/>\nPOZIOM A1<\/p>\n<p>&nbsp;<\/p>\n<p><strong>CZ\u0118\u015a\u0106 USTNA<\/strong><\/p>\n<p><em>18.09.2025 <\/em>godz. <em>08:00 &#8211; 10:00<\/em>; <em>U\u015a Cieszyn, sala B3.14<\/em><br \/>\nPOZIOM A1<\/p>\n<p>&nbsp;<\/p>\n<p>[\/vc_column_text][\/vc_column][\/vc_row]<\/p>","protected":false},"excerpt":{"rendered":"<p>[vc_row el_class=&#8221;container&#8221;][vc_column][vc_column_text] KIEROWNIK ZESPO\u0141U: mgr Ilona Wabik &nbsp; mgr Agata Adamczyk \u2013 Gzara I TERMIN CZ\u0118\u015a\u0106 PISEMNA Termin \u201eA\u201d 18.06.2025, \u00a0godz. 11.00 -12.30, sala 227, ul. Bankowa 14, K-ce Termin \u201eB\u201d 26.06.2025 godz. 9.00 -10.30, \u00a0sala 227, ul. Bankowa 14, K-ce Poziom A1 CZ\u0118\u015a\u0106 USTNA Termin \u201eA\u201d 24.06.2025, od godz. 12.15, sala 356, ul. Bankowa [&#8230;]<\/p>\n<p><a class=\"btn btn-secondary understrap-read-more-link\" href=\"https:\/\/us.edu.pl\/kolegium\/spnjo\/lektorat\/moj-lektorat\/egzaminy-po-lektoracie\/terminy-egzaminow-jf\/\">Read More&#8230;<\/a><\/p>\n","protected":false},"author":3369,"featured_media":0,"parent":130,"menu_order":2,"comment_status":"closed","ping_status":"closed","template":"","meta":{"_expiration-date-status":"","_expiration-date":0,"_expiration-date-type":"","_expiration-date-categories":[],"_expiration-date-options":[]},"acf":[],"_links":{"self":[{"href":"https:\/\/us.edu.pl\/kolegium\/spnjo\/wp-json\/wp\/v2\/pages\/1092"}],"collection":[{"href":"https:\/\/us.edu.pl\/kolegium\/spnjo\/wp-json\/wp\/v2\/pages"}],"about":[{"href":"https:\/\/us.edu.pl\/kolegium\/spnjo\/wp-json\/wp\/v2\/types\/page"}],"author":[{"embeddable":true,"href":"https:\/\/us.edu.pl\/kolegium\/spnjo\/wp-json\/wp\/v2\/users\/3369"}],"replies":[{"embeddable":true,"href":"https:\/\/us.edu.pl\/kolegium\/spnjo\/wp-json\/wp\/v2\/comments?post=1092"}],"version-history":[{"count":11,"href":"https:\/\/us.edu.pl\/kolegium\/spnjo\/wp-json\/wp\/v2\/pages\/1092\/revisions"}],"predecessor-version":[{"id":4184,"href":"https:\/\/us.edu.pl\/kolegium\/spnjo\/wp-json\/wp\/v2\/pages\/1092\/revisions\/4184"}],"up":[{"embeddable":true,"href":"https:\/\/us.edu.pl\/kolegium\/spnjo\/wp-json\/wp\/v2\/pages\/130"}],"wp:attachment":[{"href":"https:\/\/us.edu.pl\/kolegium\/spnjo\/wp-json\/wp\/v2\/media?parent=1092"}],"curies":[{"name":"wp","href":"https:\/\/api.w.org\/{rel}","templated":true}]}}