{"id":1094,"date":"2023-01-11T15:20:53","date_gmt":"2023-01-11T14:20:53","guid":{"rendered":"https:\/\/us.edu.pl\/kolegium\/spnjo\/?page_id=1094"},"modified":"2025-09-16T08:14:53","modified_gmt":"2025-09-16T06:14:53","slug":"terminy-egzaminow-jn","status":"publish","type":"page","link":"https:\/\/us.edu.pl\/kolegium\/spnjo\/lektorat\/moj-lektorat\/egzaminy-po-lektoracie\/terminy-egzaminow-jn\/","title":{"rendered":"terminy egzamin\u00f3w jn"},"content":{"rendered":"<p>[vc_row el_class=&#8221;container&#8221;][vc_column][vc_column_text]KIEROWNIK ZESPO\u0141U: <a href=\"https:\/\/usosweb.us.edu.pl\/kontroler.php?_action=katalog2\/osoby\/pokazOsobe&amp;os_id=5805\">mgr Ilona Wabik<\/a><\/p>\n<p>&nbsp;<\/p>\n<p><a href=\"https:\/\/usosweb.us.edu.pl\/kontroler.php?_action=katalog2\/osoby\/pokazOsobe&amp;os_id=6152\">mgr Jerzy Gzara<\/a><\/p>\n<p><strong>I TERMIN<\/strong><\/p>\n<p><strong>CZ\u0118\u015a\u0106 PISEMNA<\/strong><\/p>\n<p><em>25.06.2025 <\/em>godz. <em>12:00 &#8211; 14:00<\/em>; sala 352<br \/>\nPOZIOM A1<\/p>\n<p><em>25.06.2025 <\/em>godz. <em>14:00 &#8211; 16:00<\/em>; sala 352<br \/>\nPOZIOM A1<\/p>\n<p><strong>CZ\u0118\u015a\u0106 USTNA<\/strong><\/p>\n<p><em>26.06.2025 <\/em>godz. <em>12:00 &#8211; 15:00<\/em>; sala 352<br \/>\nPOZIOM A1<\/p>\n<p><em>27.06.2025 <\/em>godz. <em>12:00 &#8211; 14:00<\/em>; sala 352<br \/>\nPOZIOM A1<\/p>\n<p><strong>CZ\u0118\u015a\u0106 PISEMNA<\/strong><\/p>\n<p><em>27.06.2025 <\/em>godz. <em>14:00 &#8211; 15:30<\/em>; sala 352<br \/>\nPOZIOM B2<\/p>\n<p><strong>CZ\u0118\u015a\u0106 USTNA<\/strong><\/p>\n<p><em>27.06.2025 <\/em>godz. <em>16:30 &#8211; 17:30<\/em>; sala 352<br \/>\nPOZIOM B2<\/p>\n<p><strong>CZ\u0118\u015a\u0106 PISEMNA<\/strong><\/p>\n<p><em>29.06.2025 <\/em>godz. <em>10:00 &#8211; 12:00<\/em>; sala 352<br \/>\nPOZIOM A1 (zaoczne WNS)<\/p>\n<p><strong>CZ\u0118\u015a\u0106 USTNA<\/strong><\/p>\n<p><em>29.06.2025 <\/em>godz. <em>13:00 &#8211; 14:00<\/em>; sala 352<br \/>\nPOZIOM A1 (zaoczne WNS)<\/p>\n<p><strong>II TERMIN<\/strong><\/p>\n<p>23 wrze\u015bnia,<br \/>\n12.00 &#8211; dy\u017cur<br \/>\n13.00 &#8211; egzamin ustny A1<br \/>\n14.00 &#8211; egzamin pisemny B2<\/p>\n<p>30 wrze\u015bnia,<br \/>\n12.00 &#8211; dy\u017cur<br \/>\n13.00 &#8211; egzamin ustny B2<\/p>\n<p>&nbsp;<\/p>\n<p><a href=\"https:\/\/usosweb.us.edu.pl\/kontroler.php?_action=katalog2\/osoby\/pokazOsobe&amp;os_id=6545\">mgr Marzanna Tatara<\/a><\/p>\n<p><strong>I TERMIN<\/strong><\/p>\n<p><strong>CZ\u0118\u015a\u0106 PISEMNA<\/strong><\/p>\n<p>18.06.2025 godz. 09:00 &#8211; 10:30; s. 227<br \/>\nPOZIOM A1<\/p>\n<p><strong>CZ\u0118\u015a\u0106 USTNA<\/strong><\/p>\n<p>20.06.2025 godz. 09:00 &#8211; 12:00; s.362<br \/>\nPOZIOM A1<\/p>\n<p><strong>II TERMIN<\/strong><\/p>\n<p><strong>CZ\u0118\u015a\u0106 PISEMNA<\/strong><\/p>\n<p>17.09.2025 godz. 10:00 &#8211; 11:30; s. 362<br \/>\nPOZIOM A1<\/p>\n<p><strong>CZ\u0118\u015a\u0106 USTNA<\/strong><\/p>\n<p>17.09.2025 godz. 12.00; s. 362<br \/>\nPOZIOM A1[\/vc_column_text][\/vc_column][\/vc_row]<\/p>","protected":false},"excerpt":{"rendered":"<p>[vc_row el_class=&#8221;container&#8221;][vc_column][vc_column_text]KIEROWNIK ZESPO\u0141U: mgr Ilona Wabik &nbsp; mgr Jerzy Gzara I TERMIN CZ\u0118\u015a\u0106 PISEMNA 25.06.2025 godz. 12:00 &#8211; 14:00; sala 352 POZIOM A1 25.06.2025 godz. 14:00 &#8211; 16:00; sala 352 POZIOM A1 CZ\u0118\u015a\u0106 USTNA 26.06.2025 godz. 12:00 &#8211; 15:00; sala 352 POZIOM A1 27.06.2025 godz. 12:00 &#8211; 14:00; sala 352 POZIOM A1 CZ\u0118\u015a\u0106 PISEMNA 27.06.2025 [&#8230;]<\/p>\n<p><a class=\"btn btn-secondary understrap-read-more-link\" href=\"https:\/\/us.edu.pl\/kolegium\/spnjo\/lektorat\/moj-lektorat\/egzaminy-po-lektoracie\/terminy-egzaminow-jn\/\">Read More&#8230;<\/a><\/p>\n","protected":false},"author":3369,"featured_media":0,"parent":130,"menu_order":4,"comment_status":"closed","ping_status":"closed","template":"","meta":{"_expiration-date-status":"","_expiration-date":0,"_expiration-date-type":"","_expiration-date-categories":[],"_expiration-date-options":[]},"acf":[],"_links":{"self":[{"href":"https:\/\/us.edu.pl\/kolegium\/spnjo\/wp-json\/wp\/v2\/pages\/1094"}],"collection":[{"href":"https:\/\/us.edu.pl\/kolegium\/spnjo\/wp-json\/wp\/v2\/pages"}],"about":[{"href":"https:\/\/us.edu.pl\/kolegium\/spnjo\/wp-json\/wp\/v2\/types\/page"}],"author":[{"embeddable":true,"href":"https:\/\/us.edu.pl\/kolegium\/spnjo\/wp-json\/wp\/v2\/users\/3369"}],"replies":[{"embeddable":true,"href":"https:\/\/us.edu.pl\/kolegium\/spnjo\/wp-json\/wp\/v2\/comments?post=1094"}],"version-history":[{"count":11,"href":"https:\/\/us.edu.pl\/kolegium\/spnjo\/wp-json\/wp\/v2\/pages\/1094\/revisions"}],"predecessor-version":[{"id":4222,"href":"https:\/\/us.edu.pl\/kolegium\/spnjo\/wp-json\/wp\/v2\/pages\/1094\/revisions\/4222"}],"up":[{"embeddable":true,"href":"https:\/\/us.edu.pl\/kolegium\/spnjo\/wp-json\/wp\/v2\/pages\/130"}],"wp:attachment":[{"href":"https:\/\/us.edu.pl\/kolegium\/spnjo\/wp-json\/wp\/v2\/media?parent=1094"}],"curies":[{"name":"wp","href":"https:\/\/api.w.org\/{rel}","templated":true}]}}