{"id":1101,"date":"2023-01-11T15:26:33","date_gmt":"2023-01-11T14:26:33","guid":{"rendered":"https:\/\/us.edu.pl\/kolegium\/spnjo\/?page_id=1101"},"modified":"2025-06-09T15:08:59","modified_gmt":"2025-06-09T13:08:59","slug":"terminy-egzaminow-jr","status":"publish","type":"page","link":"https:\/\/us.edu.pl\/kolegium\/spnjo\/lektorat\/moj-lektorat\/egzaminy-po-lektoracie\/terminy-egzaminow-jr\/","title":{"rendered":"terminy egzamin\u00f3w jr"},"content":{"rendered":"<p>[vc_row el_class=&#8221;container&#8221;][vc_column][vc_column_text]KIEROWNIK ZESPO\u0141U: <a href=\"https:\/\/usosweb.us.edu.pl\/kontroler.php?_action=katalog2\/osoby\/pokazOsobe&amp;os_id=5805\">mgr Ilona Wabik<\/a><\/p>\n<p>&nbsp;<\/p>\n<p><a href=\"https:\/\/usosweb.us.edu.pl\/kontroler.php?_action=katalog2\/osoby\/pokazOsobe&amp;os_id=7074\">dr Izabela Nowak, prof. U\u015a<\/a><\/p>\n<p><strong>I TERMIN<\/strong><\/p>\n<p><strong>CZ\u0118\u015a\u0106 PISEMNA<\/strong><\/p>\n<p><em>17.05.2025 <\/em>godz. <em>10:00 &#8211;<\/em><em> 12:00<\/em>; <em>MIEJSCE SPNJO, sala 371<\/em><br \/>\nPOZIOM B2.4<\/p>\n<p><em>17.05.2025 <\/em>godz. <em>12:00 &#8211;<\/em><em> 14:00<\/em>; <em>MIEJSCE SPNJO, sala 371<\/em><br \/>\nPOZIOM A1.4<\/p>\n<p><strong>CZ\u0118\u015a\u0106 USTNA<\/strong><\/p>\n<p><em>20.06.2025 <\/em>godz. <em>09:00 &#8211; 14:00<\/em>; <em>MIEJSCE SPNJO, sala 371<\/em><br \/>\nPOZIOM B2.4<\/p>\n<p><em>24.06.2025 <\/em>godz. <em>10:00<\/em><em> &#8211; 14:00<\/em>; <em>MIEJSCE SPNJO, sala 371<\/em><br \/>\nPOZIOM A1.4<\/p>\n<p><strong>II TERMIN<\/strong><\/p>\n<p><strong>CZ\u0118\u015a\u0106 PISEMNA<\/strong><\/p>\n<p><em>16.09.2025 <\/em>godz. <em>10:00 &#8211;<\/em><em> 12:00<\/em>; <em>MIEJSCE SPNJO, sala 371<\/em><br \/>\nPOZIOM A1.4<\/p>\n<p><em>17.09.2025 <\/em>godz. <em>10:00 &#8211;<\/em><em> 12:00<\/em>; <em>MIEJSCE SPNJO, sala 371<\/em><br \/>\nPOZIOM B2.4<\/p>\n<p><strong>CZ\u0118\u015a\u0106 USTNA<\/strong><\/p>\n<p><em>16.09.2025 <\/em>godz. <em>12:30 &#8211;<\/em><em> 13:00<\/em>; <em>MIEJSCE SPNJO, sala 371<\/em><br \/>\nPOZIOM A1.4<\/p>\n<p><em>17.09.2025 <\/em>godz. <em>12:30 &#8211;<\/em><em> 13:00<\/em>; <em>MIEJSCE SPNJO, sala 371<\/em><br \/>\nPOZIOM B2.4<\/p>\n<p>[\/vc_column_text][\/vc_column][\/vc_row][vc_column][\/vc_column]<\/p>","protected":false},"excerpt":{"rendered":"<p>[vc_row el_class=&#8221;container&#8221;][vc_column][vc_column_text]KIEROWNIK ZESPO\u0141U: mgr Ilona Wabik &nbsp; dr Izabela Nowak, prof. U\u015a I TERMIN CZ\u0118\u015a\u0106 PISEMNA 17.05.2025 godz. 10:00 &#8211; 12:00; MIEJSCE SPNJO, sala 371 POZIOM B2.4 17.05.2025 godz. 12:00 &#8211; 14:00; MIEJSCE SPNJO, sala 371 POZIOM A1.4 CZ\u0118\u015a\u0106 USTNA 20.06.2025 godz. 09:00 &#8211; 14:00; MIEJSCE SPNJO, sala 371 POZIOM B2.4 24.06.2025 godz. 10:00 &#8211; [&#8230;]<\/p>\n<p><a class=\"btn btn-secondary understrap-read-more-link\" href=\"https:\/\/us.edu.pl\/kolegium\/spnjo\/lektorat\/moj-lektorat\/egzaminy-po-lektoracie\/terminy-egzaminow-jr\/\">Read More&#8230;<\/a><\/p>\n","protected":false},"author":3369,"featured_media":0,"parent":130,"menu_order":5,"comment_status":"closed","ping_status":"closed","template":"","meta":{"_expiration-date-status":"","_expiration-date":0,"_expiration-date-type":"","_expiration-date-categories":[],"_expiration-date-options":[]},"acf":[],"_links":{"self":[{"href":"https:\/\/us.edu.pl\/kolegium\/spnjo\/wp-json\/wp\/v2\/pages\/1101"}],"collection":[{"href":"https:\/\/us.edu.pl\/kolegium\/spnjo\/wp-json\/wp\/v2\/pages"}],"about":[{"href":"https:\/\/us.edu.pl\/kolegium\/spnjo\/wp-json\/wp\/v2\/types\/page"}],"author":[{"embeddable":true,"href":"https:\/\/us.edu.pl\/kolegium\/spnjo\/wp-json\/wp\/v2\/users\/3369"}],"replies":[{"embeddable":true,"href":"https:\/\/us.edu.pl\/kolegium\/spnjo\/wp-json\/wp\/v2\/comments?post=1101"}],"version-history":[{"count":10,"href":"https:\/\/us.edu.pl\/kolegium\/spnjo\/wp-json\/wp\/v2\/pages\/1101\/revisions"}],"predecessor-version":[{"id":3528,"href":"https:\/\/us.edu.pl\/kolegium\/spnjo\/wp-json\/wp\/v2\/pages\/1101\/revisions\/3528"}],"up":[{"embeddable":true,"href":"https:\/\/us.edu.pl\/kolegium\/spnjo\/wp-json\/wp\/v2\/pages\/130"}],"wp:attachment":[{"href":"https:\/\/us.edu.pl\/kolegium\/spnjo\/wp-json\/wp\/v2\/media?parent=1101"}],"curies":[{"name":"wp","href":"https:\/\/api.w.org\/{rel}","templated":true}]}}