{"id":112,"date":"2021-07-07T10:25:13","date_gmt":"2021-07-07T08:25:13","guid":{"rendered":"https:\/\/us.edu.pl\/kolegium\/spnjo\/?page_id=112"},"modified":"2026-01-07T14:19:18","modified_gmt":"2026-01-07T13:19:18","slug":"diagnoza-jezykowa","status":"publish","type":"page","link":"https:\/\/us.edu.pl\/kolegium\/spnjo\/lektorat\/pierwsze-kroki\/diagnoza-jezykowa\/","title":{"rendered":"diagnoza j\u0119zykowa"},"content":{"rendered":"<p>[vc_row el_class=&#8221;container&#8221;][vc_column][vc_column_text]<\/p>\n<p><span style=\"font-size: 12pt;\">Diagnoza j\u0119zykowa s\u0142u\u017cy do diagnozowania kompetencji j\u0119zykowych Os\u00f3b studiuj\u0105cych rozpoczynaj\u0105cych studia w Uniwersytecie \u015al\u0105skim. Informacja na podstawie wynik\u00f3w rozwi\u0105zanych test\u00f3w pozwoli na wskazanie mo\u017cliwo\u015bci rozwijania kompetencji j\u0119zykowych podczas studi\u00f3w.<\/span><\/p>\n<p><span style=\"font-size: 12pt;\"><strong>Dost\u0119p &#8211; dla kogo?<\/strong><\/span><\/p>\n<p><span style=\"font-size: 12pt;\">Uczelnia proponuje Osobom studiuj\u0105cym na studiach stacjonarnych pierwszego stopnia i studiach jednolitych magisterskich lektoraty j\u0119zyk\u00f3w obcych, modu\u0142y w j\u0119zyku angielskim, programy wymiany i projekty edukacyjne. Informacje o wszystkich dost\u0119pnych mo\u017cliwo\u015bciach zostan\u0105 przekazane podczas tygodnia adaptacyjnego w pa\u017adzierniku.<\/span><\/p>\n<p><span style=\"font-size: 12pt;\">Aby w czasie rejestracji \u017cetonowej prawid\u0142owo wybra\u0107 grup\u0119 j\u0119zykow\u0105, \u00a0nale\u017cy wykona\u0107 <strong>diagnoz\u0119 j\u0119zykow\u0105 <\/strong>znajduj\u0105c\u0105 si\u0119 na platformie e-learningowej SPNJO.<\/span><\/p>\n<p><span style=\"font-size: 12pt;\"><strong>Jakie kroki nale\u017cy podj\u0105\u0107?<\/strong><\/span><\/p>\n<p><span style=\"font-size: 12pt;\">\u2013 sprawd\u017a klucz dost\u0119pu dla swojego kierunku,<\/span><br \/>\n<span style=\"font-size: 12pt;\">\u2013 wejd\u017a na stron\u0119: <a href=\"https:\/\/el.us.edu.pl\/spnjo\/?redirect=0\">https:\/\/el.us.edu.pl\/spnjo\/<\/a><\/span><br \/>\n<span style=\"font-size: 12pt;\">\u2013 zaloguj si\u0119 na swoje konto u\u017cywaj\u0105c Centralnego Serwera Uwierzytelniania (CAS),<\/span><br \/>\n<span style=\"font-size: 12pt;\">\u2013 wykonaj diagnoz\u0119 z j\u0119zyk\u00f3w, kt\u00f3re znasz lub tych, kt\u00f3rych chcesz si\u0119 nauczy\u0107.<\/span><\/p>\n<p><span style=\"font-size: 12pt;\">Wskazanie w informacji zwrotnej z jednego lub kilku test\u00f3w jest podstaw\u0105 do wyboru odpowiedniej grupy lektoratowej aktualnie dost\u0119pnej podczas rejestracji internetowej na USOSweb ( lektorat &gt; pierwsze kroki &gt; <a href=\"https:\/\/us.edu.pl\/kolegium\/spnjo\/lektorat\/pierwsze-kroki\/rejestracja\/\">rejestracja<\/a>).<\/span><\/p>\n<p><span style=\"font-size: 12pt;\">Posiadasz certyfikat, kt\u00f3ry znajduje si\u0119 w <a href=\"https:\/\/us.edu.pl\/kolegium\/spnjo\/wp-content\/uploads\/sites\/65\/Bez-kategorii\/ZALACZNIK-DO-ZARZADZENIA-182_2023.pdf\" class=\"mtli_attachment mtli_pdf\">KATALOGU<\/a> dokument\u00f3w b\u0119d\u0105cym za\u0142\u0105cznikiem do <a href=\"https:\/\/aktyprawne.us.edu.pl\/d\/6915\/5\/\">Zarz\u0105dzenie Rektora nr 182\/2023<\/a>\u00a0i chcesz si\u0119 zwolni\u0107 z uczestnictwa w lektoracie?<\/span><br \/>\n<span style=\"font-size: 12pt;\">Nie musisz wype\u0142nia\u0107 diagnozy!<\/span><\/p>\n<p><span style=\"font-size: 12pt;\">Wystarczy, \u017ce uzupe\u0142nisz <a href=\"https:\/\/formularze.us.edu.pl\/form\/index\/6508\">FORMULARZ<\/a>, w kt\u00f3rym do\u0142\u0105czysz certyfikat lub inny dokument. Zostanie on zweryfikowany. Po potwierdzeniu poprawno\u015bci dokument\u00f3w w czasie <a href=\"https:\/\/us.edu.pl\/kolegium\/spnjo\/lektorat\/moj-lektorat\/rejestracja-terminy\/\">REJESTRACJI<\/a> (w USOSweb) zapisz si\u0119 do grupy nr 1 na odpowiedni j\u0119zyk i poziom.<\/span><\/p>\n<p><span style=\"font-size: 12pt;\">Jak\u0105 ocen\u0119 mo\u017cesz uzyska\u0107 za konkretny certyfikat? Sprawd\u017a:<\/span><\/p>\n<p><span style=\"font-size: 12pt;\">\u2013 j\u0119zyk angielski: <a class=\"mtli_attachment mtli_pdf mtli_attachment mtli_pdf mtli_attachment mtli_pdf\" href=\"https:\/\/el.us.edu.pl\/spnjo\/pluginfile.php\/73\/mod_url\/intro\/Certyfikaty_oceny_j.ang.pdf\">LINK.pdf<\/a><\/span><br \/>\n<span style=\"font-size: 12pt;\">\u2013 j\u0119zyk francuski: <a class=\"mtli_attachment mtli_pdf mtli_attachment mtli_pdf mtli_attachment mtli_pdf\" href=\"https:\/\/el.us.edu.pl\/spnjo\/pluginfile.php\/73\/mod_url\/intro\/Certyfikaty_oceny_j.fran.pdf\">LINK.pdf<\/a><\/span><br \/>\n<span style=\"font-size: 12pt;\">\u2013 j\u0119zyk hiszpa\u0144ski: <a class=\"mtli_attachment mtli_pdf mtli_attachment mtli_pdf mtli_attachment mtli_pdf\" href=\"https:\/\/el.us.edu.pl\/spnjo\/pluginfile.php\/73\/mod_url\/intro\/Certyfikaty_oceny_j.hiszp.pdf\">LINK.pdf<\/a><\/span><br \/>\n<span style=\"font-size: 12pt;\">\u2013 j\u0119zyk niemiecki: <a class=\"mtli_attachment mtli_pdf mtli_attachment mtli_pdf mtli_attachment mtli_pdf\" href=\"https:\/\/el.us.edu.pl\/spnjo\/pluginfile.php\/73\/mod_url\/intro\/Certyfikaty_oceny_j.niem.pdf\">LINK.pdf<\/a><\/span><br \/>\n<span style=\"font-size: 12pt;\">\u2013 j\u0119zyk rosyjski: <a class=\"mtli_attachment mtli_pdf mtli_attachment mtli_pdf mtli_attachment mtli_pdf\" href=\"https:\/\/el.us.edu.pl\/spnjo\/pluginfile.php\/73\/mod_url\/intro\/Certyfikaty_oceny_j.ros.pdf\">LINK.pdf<\/a><\/span><\/p>\n<p>&nbsp;<\/p>\n<p>[\/vc_column_text][\/vc_column][\/vc_row]<\/p>","protected":false},"excerpt":{"rendered":"<p>[vc_row el_class=&#8221;container&#8221;][vc_column][vc_column_text] Diagnoza j\u0119zykowa s\u0142u\u017cy do diagnozowania kompetencji j\u0119zykowych Os\u00f3b studiuj\u0105cych rozpoczynaj\u0105cych studia w Uniwersytecie \u015al\u0105skim. Informacja na podstawie wynik\u00f3w rozwi\u0105zanych test\u00f3w pozwoli na wskazanie mo\u017cliwo\u015bci rozwijania kompetencji j\u0119zykowych podczas studi\u00f3w. Dost\u0119p &#8211; dla kogo? Uczelnia proponuje Osobom studiuj\u0105cym na studiach stacjonarnych pierwszego stopnia i studiach jednolitych magisterskich lektoraty j\u0119zyk\u00f3w obcych, modu\u0142y w j\u0119zyku angielskim, [&#8230;]<\/p>\n<p><a class=\"btn btn-secondary understrap-read-more-link\" href=\"https:\/\/us.edu.pl\/kolegium\/spnjo\/lektorat\/pierwsze-kroki\/diagnoza-jezykowa\/\">Read More&#8230;<\/a><\/p>\n","protected":false},"author":25,"featured_media":0,"parent":108,"menu_order":2,"comment_status":"closed","ping_status":"closed","template":"","meta":{"_expiration-date-status":"saved","_expiration-date":0,"_expiration-date-type":"","_expiration-date-categories":[],"_expiration-date-options":[]},"acf":[],"_links":{"self":[{"href":"https:\/\/us.edu.pl\/kolegium\/spnjo\/wp-json\/wp\/v2\/pages\/112"}],"collection":[{"href":"https:\/\/us.edu.pl\/kolegium\/spnjo\/wp-json\/wp\/v2\/pages"}],"about":[{"href":"https:\/\/us.edu.pl\/kolegium\/spnjo\/wp-json\/wp\/v2\/types\/page"}],"author":[{"embeddable":true,"href":"https:\/\/us.edu.pl\/kolegium\/spnjo\/wp-json\/wp\/v2\/users\/25"}],"replies":[{"embeddable":true,"href":"https:\/\/us.edu.pl\/kolegium\/spnjo\/wp-json\/wp\/v2\/comments?post=112"}],"version-history":[{"count":11,"href":"https:\/\/us.edu.pl\/kolegium\/spnjo\/wp-json\/wp\/v2\/pages\/112\/revisions"}],"predecessor-version":[{"id":4421,"href":"https:\/\/us.edu.pl\/kolegium\/spnjo\/wp-json\/wp\/v2\/pages\/112\/revisions\/4421"}],"up":[{"embeddable":true,"href":"https:\/\/us.edu.pl\/kolegium\/spnjo\/wp-json\/wp\/v2\/pages\/108"}],"wp:attachment":[{"href":"https:\/\/us.edu.pl\/kolegium\/spnjo\/wp-json\/wp\/v2\/media?parent=112"}],"curies":[{"name":"wp","href":"https:\/\/api.w.org\/{rel}","templated":true}]}}