{"id":114,"date":"2021-07-07T10:25:48","date_gmt":"2021-07-07T08:25:48","guid":{"rendered":"https:\/\/us.edu.pl\/kolegium\/spnjo\/?page_id=114"},"modified":"2026-03-11T08:37:47","modified_gmt":"2026-03-11T07:37:47","slug":"rejestracja","status":"publish","type":"page","link":"https:\/\/us.edu.pl\/kolegium\/spnjo\/lektorat\/pierwsze-kroki\/rejestracja\/","title":{"rendered":"rejestracja"},"content":{"rendered":"<p>[vc_column css=&#8221;.vc_custom_1689773494532{padding-right: 250px !important;padding-left: 250px !important;}&#8221;][\/vc_column][vc_row el_class=&#8221;container&#8221;][vc_column][vc_column_text]<\/p>\n<p><strong>Rejestracja \u2013 jak to dzia\u0142a?<\/strong><\/p>\n<p>Rejestracja odbywa si\u0119 w powtarzaj\u0105cych si\u0119 cyklach:<\/p>\n<ul>\n<li><strong>2 minuty rejestracji (mikrotura)<\/strong><\/li>\n<li><strong>2 minuty przerwy<\/strong><\/li>\n<\/ul>\n<p>Cykl powtarza si\u0119 przez ca\u0142y czas trwania poszczeg\u00f3lnych tur. Pasek przesuwaj\u0105cy si\u0119 na ekranie pokazuje, ile czasu zosta\u0142o do ko\u0144ca mikrotury\/przerwy.<\/p>\n<p><strong>Mikrotura \u2013 czas aktywnej rejestracji<\/strong><\/p>\n<p>W czasie mikrotury mo\u017cesz:<\/p>\n<ul>\n<li>klikn\u0105\u0107 <strong>ikonk\u0119 koszyka z zielon\u0105 strza\u0142k\u0105<\/strong>, zg\u0142aszaj\u0105c ch\u0119\u0107 wyboru,<\/li>\n<li>zg\u0142osi\u0107<strong> rezygnacj\u0119<\/strong>.<\/li>\n<\/ul>\n<p><span style=\"font-size: 12pt;\"><strong><span style=\"text-decoration: underline;\">Uwaga!<\/span><br \/>\nSamo zg\u0142oszenie NIE oznacza jeszcze zapisania si\u0119 do grupy!<\/strong><\/span><\/p>\n<p><strong>Przerwa w rejestracji<\/strong><\/p>\n<p>W czasie przerwy:<\/p>\n<ul>\n<li>nie mo\u017cesz sk\u0142ada\u0107 ani wycofywa\u0107 zg\u0142osze\u0144,<\/li>\n<li>system <strong>przydziela student\u00f3w do grup<\/strong>,<\/li>\n<li>dostajesz informacj\u0119, czy zosta\u0142e\u015b zapisany.<\/li>\n<\/ul>\n<p><strong>Jak zmieni\u0107 grup\u0119?<\/strong><\/p>\n<ol>\n<li>Wejd\u017a do zak\u0142adki <strong>\u201eMoja rejestracja (1)\u201d<\/strong>.<\/li>\n<li>Znajdziesz tam swoj\u0105 obecn\u0105 grup\u0119 j\u0119zykow\u0105.<\/li>\n<li>W czasie mikrotury kliknij w <strong>koszyk<\/strong> przy grupie, z kt\u00f3rej chcesz zrezygnowa\u0107.<\/li>\n<li>Po zako\u0144czeniu mikrotury system zapisze Twoj\u0105 rezygnacj\u0119 \u2013 wtedy <strong>odzyskasz \u017ceton<\/strong>.<\/li>\n<li>W kolejnej mikroturze mo\u017cesz zapisa\u0107 si\u0119 do innej grupy.<\/li>\n<\/ol>\n<p><strong>Instrukcja ze zrzutami ekranu znajduje si\u0119 pod <a href=\"https:\/\/usosweb.us.edu.pl\/userfiles\/file\/USOSweb_rejestracje_zetonowe.pdf\" class=\"mtli_attachment mtli_pdf\">LINKIEM<\/a>.<\/strong><\/p>\n<hr \/>\n<p><strong>Masz pytania?<\/strong><\/p>\n<ul>\n<li>Sprawd\u017a <strong>FAQ<\/strong>.<\/li>\n<li>Je\u015bli nadal potrzebujesz pomocy, skontaktuj si\u0119 z sekretariatem rejestracji:\n<ul>\n<li><strong>tel. 32 359 18 17<\/strong><\/li>\n<li><strong>e-mail: lektorat@us.edu.pl<\/strong><\/li>\n<\/ul>\n<\/li>\n<\/ul>\n<p><strong>Informacja dla student\u00f3w I roku<\/strong><\/p>\n<p>Rejestracja na 1. semestr lektoratu rozpoczynaj\u0105cego si\u0119 w semestrze letnim odb\u0119dzie si\u0119 <strong>w lutym 2026 r.<\/strong><br \/>\nDok\u0142adne terminy og\u0142osimy p\u00f3\u017aniej.<\/p>\n<hr \/>\n<p><strong>Terminy rejestracji<\/strong><\/p>\n<p><strong>Studenci studi\u00f3w stacjonarnych I stopnia, II stopnia <\/strong><strong>oraz JM<\/strong><\/p>\n<p><strong>Modu\u0142 1 \u2013 j\u0119zyk obcy<br \/>\n<\/strong>Pierwszy semestr nauki j\u0119zyka \u2013 nowa koncepcja studi\u00f3w.<\/p>\n<ul>\n<li><strong>I tura<\/strong><br \/>\nod 18.02.2026 r., godz. 10:00<br \/>\ndo 24.02.2026 r., godz. 23:55<\/li>\n<li><strong>II tura<\/strong><br \/>\nod 26.02.2026 r., godz. 13:00<br \/>\ndo 03.03.2026 r., godz. 23:55<\/li>\n<\/ul>\n<p><strong>Modu\u0142 3 \u2013 j\u0119zyk obcy<br \/>\n<\/strong>Kolejny semestr \u2013 nowa koncepcja studi\u00f3w.<\/p>\n<ul>\n<li><strong>I tura<\/strong><br \/>\nod 18.02.2026 r., godz. 13:00<br \/>\ndo 24.02.2026 r., godz. 23:55<\/li>\n<li><strong>II tura<\/strong><br \/>\nod 26.02.2026 r., godz. 13:00<br \/>\ndo 03.03.2026 r., godz. 23:55<\/li>\n<\/ul>\n<p><strong>Modu\u0142 4 \u2013 j\u0119zyk obcy; Egzaminacyjny<br \/>\n<\/strong>Kolejny semestr \u2013 dotychczasowa koncepcja studi\u00f3w:<\/p>\n<p>WPiA Prawo II rok;<br \/>\nSzF Re\u017cyseria II rok, Organizacja produkcji filmowej i telewizyjnej II rok;<br \/>\nWN\u015aiT Matematyka, Fizyka, Fizyka medyczna \u2013 III rok.<\/p>\n<ul>\n<li><strong>I tura<\/strong><br \/>\nod 18.02.2026 r., godz. 15:00<br \/>\ndo 24.02.2026 r., godz. 23:55<\/li>\n<li><strong>II tura<\/strong><br \/>\nod 26.02.2026 r., godz. 13:00<br \/>\ndo 03.03.2026 r., godz. 23:55<\/li>\n<\/ul>\n<p>&nbsp;<\/p>\n<p><strong>Studenci studi\u00f3w stacjonarnych II stopnia<\/strong><\/p>\n<p><strong>Modu\u0142 \u2013 j\u0119zyk obcy<\/strong><\/p>\n<ul>\n<li>od 18.02.2026 r., godz. 10:00<br \/>\ndo 03.03.2026 r., godz. 23:55<\/li>\n<\/ul>\n<p>&nbsp;<\/p>\n<p><strong>Studenci studi\u00f3w stacjonarnych \u2013 Kampus Cieszyn<\/strong><\/p>\n<p><strong>Modu\u0142 1 \u2013 j\u0119zyk obcy<\/strong><\/p>\n<ul>\n<li>od 18.02.2026 r., godz. 13:00<br \/>\ndo 03.03.2026 r., godz. 23:55<\/li>\n<\/ul>\n<p><strong>Modu\u0142 3 \u2013 j\u0119zyk obcy<\/strong><\/p>\n<ul>\n<li>od 18.02.2026 r., godz. 13:00<br \/>\ndo 03.03.2026 r., godz. 23:55<strong><br \/>\n<\/strong><\/li>\n<\/ul>\n<p>&nbsp;<\/p>\n<p><strong>Studenci studi\u00f3w niestacjonarnych I stopnia<\/strong><\/p>\n<p><strong>Kampus Katowice<\/strong><\/p>\n<p><strong>Modu\u0142 1 \u2013 j\u0119zyk obcy<\/strong><\/p>\n<ul>\n<li>od 18.02.2026 r., godz. 15:00<br \/>\ndo 03.03.2026 r., godz. 23:55<\/li>\n<li><strong>II tura<br \/>\nod 11.03.2026 r., godz. 15:00<br \/>\ndo 18.03.2026 r., godz. 23:55<\/strong><\/li>\n<\/ul>\n<p>[\/vc_column_text][\/vc_column][\/vc_row]<\/p>","protected":false},"excerpt":{"rendered":"<p>[vc_column css=&#8221;.vc_custom_1689773494532{padding-right: 250px !important;padding-left: 250px !important;}&#8221;][\/vc_column][vc_row el_class=&#8221;container&#8221;][vc_column][vc_column_text] Rejestracja \u2013 jak to dzia\u0142a? Rejestracja odbywa si\u0119 w powtarzaj\u0105cych si\u0119 cyklach: 2 minuty rejestracji (mikrotura) 2 minuty przerwy Cykl powtarza si\u0119 przez ca\u0142y czas trwania poszczeg\u00f3lnych tur. Pasek przesuwaj\u0105cy si\u0119 na ekranie pokazuje, ile czasu zosta\u0142o do ko\u0144ca mikrotury\/przerwy. Mikrotura \u2013 czas aktywnej rejestracji W czasie mikrotury [&#8230;]<\/p>\n<p><a class=\"btn btn-secondary understrap-read-more-link\" href=\"https:\/\/us.edu.pl\/kolegium\/spnjo\/lektorat\/pierwsze-kroki\/rejestracja\/\">Read More&#8230;<\/a><\/p>\n","protected":false},"author":25,"featured_media":0,"parent":108,"menu_order":3,"comment_status":"closed","ping_status":"closed","template":"","meta":{"_expiration-date-status":"saved","_expiration-date":0,"_expiration-date-type":"","_expiration-date-categories":[],"_expiration-date-options":[]},"acf":[],"_links":{"self":[{"href":"https:\/\/us.edu.pl\/kolegium\/spnjo\/wp-json\/wp\/v2\/pages\/114"}],"collection":[{"href":"https:\/\/us.edu.pl\/kolegium\/spnjo\/wp-json\/wp\/v2\/pages"}],"about":[{"href":"https:\/\/us.edu.pl\/kolegium\/spnjo\/wp-json\/wp\/v2\/types\/page"}],"author":[{"embeddable":true,"href":"https:\/\/us.edu.pl\/kolegium\/spnjo\/wp-json\/wp\/v2\/users\/25"}],"replies":[{"embeddable":true,"href":"https:\/\/us.edu.pl\/kolegium\/spnjo\/wp-json\/wp\/v2\/comments?post=114"}],"version-history":[{"count":11,"href":"https:\/\/us.edu.pl\/kolegium\/spnjo\/wp-json\/wp\/v2\/pages\/114\/revisions"}],"predecessor-version":[{"id":4533,"href":"https:\/\/us.edu.pl\/kolegium\/spnjo\/wp-json\/wp\/v2\/pages\/114\/revisions\/4533"}],"up":[{"embeddable":true,"href":"https:\/\/us.edu.pl\/kolegium\/spnjo\/wp-json\/wp\/v2\/pages\/108"}],"wp:attachment":[{"href":"https:\/\/us.edu.pl\/kolegium\/spnjo\/wp-json\/wp\/v2\/media?parent=114"}],"curies":[{"name":"wp","href":"https:\/\/api.w.org\/{rel}","templated":true}]}}