{"id":122,"date":"2021-07-07T11:13:28","date_gmt":"2021-07-07T09:13:28","guid":{"rendered":"https:\/\/us.edu.pl\/kolegium\/spnjo\/?page_id=122"},"modified":"2025-08-22T10:27:43","modified_gmt":"2025-08-22T08:27:43","slug":"regulaminy","status":"publish","type":"page","link":"https:\/\/us.edu.pl\/kolegium\/spnjo\/en\/lektorat\/moj-lektorat\/regulaminy\/","title":{"rendered":"(Polish) regulaminy"},"content":{"rendered":"<p>&#8221; href=&#8221;https:\/\/us.edu.pl\/kolegium\/spnjo\/lektorat\/moj-lektorat\/regulaminy\/zasady-obowiazujace-na-lektoratach-z-jezykow-obcych-prowadzonych-w-formie-e-learningu-na-wpia\/&#8221;&gt;<span style=\"font-size: 12pt;\">Zasady obowi\u0105zuj\u0105ce na lektoratach z j\u0119zyk\u00f3w obcych prowadzonych w formie e-learningu na WPiA<\/span><\/p>\n<ul>\n<li><a href=\"https:\/\/us.edu.pl\/kolegium\/spnjo\/lektorat\/moj-lektorat\/regulaminy\/zasady-uczestnictwa-w-lektoracie-jezykow-klasycznych-spnjo-us\/\"><span style=\"font-size: 12pt;\">Zasady uczestnictwa w lektoracie j\u0119zyk\u00f3w klasycznych SPNJO U\u015a<\/span><\/a><\/li>\n<\/ul>\n<p>&nbsp;<\/p>\n<p>&#8221; href=&#8221;https:\/\/us.edu.pl\/kolegium\/spnjo\/lektorat\/moj-lektorat\/regulaminy\/zasady-obowiazujace-na-lektoratach-z-jezykow-obcych-prowadzonych-w-formie-e-learningu-na-wpia\/&#8221;&gt;<span style=\"font-size: 12pt;\">Zasady obowi\u0105zuj\u0105ce na lektoratach z j\u0119zyk\u00f3w obcych prowadzonych w formie e-learningu na WPiA<\/span><\/p>\n<ul>\n<li><a href=\"https:\/\/us.edu.pl\/kolegium\/spnjo\/lektorat\/moj-lektorat\/regulaminy\/zasady-uczestnictwa-w-lektoracie-jezykow-klasycznych-spnjo-us\/\"><span style=\"font-size: 12pt;\">Zasady uczestnictwa w lektoracie j\u0119zyk\u00f3w klasycznych SPNJO U\u015a<\/span><\/a><\/li>\n<\/ul>\n<p>&nbsp;<\/p>\n<p>&#8221; href=&#8221;https:\/\/us.edu.pl\/kolegium\/spnjo\/lektorat\/moj-lektorat\/regulaminy\/zasady-obowiazujace-na-lektoratach-z-jezykow-obcych-prowadzonych-w-formie-e-learningu-na-wpia\/&#8221;&gt;<span style=\"font-size: 12pt;\">Zasady obowi\u0105zuj\u0105ce na lektoratach z j\u0119zyk\u00f3w obcych prowadzonych w formie e-learningu na WPiA<\/span><\/p>\n<ul>\n<li><a href=\"https:\/\/us.edu.pl\/kolegium\/spnjo\/lektorat\/moj-lektorat\/regulaminy\/zasady-uczestnictwa-w-lektoracie-jezykow-klasycznych-spnjo-us\/\"><span style=\"font-size: 12pt;\">Zasady uczestnictwa w lektoracie j\u0119zyk\u00f3w klasycznych SPNJO U\u015a<\/span><\/a><\/li>\n<\/ul>\n<p>&nbsp;<\/p>\n<p>&#8221; href=&#8221;https:\/\/us.edu.pl\/kolegium\/spnjo\/lektorat\/moj-lektorat\/regulaminy\/zasady-obowiazujace-na-lektoratach-z-jezykow-obcych-prowadzonych-w-formie-e-learningu-na-wpia\/&#8221;&gt;<span style=\"font-size: 12pt;\">Zasady obowi\u0105zuj\u0105ce na lektoratach z j\u0119zyk\u00f3w obcych prowadzonych w formie e-learningu na WPiA<\/span><\/p>\n<ul>\n<li><a href=\"https:\/\/us.edu.pl\/kolegium\/spnjo\/lektorat\/moj-lektorat\/regulaminy\/zasady-uczestnictwa-w-lektoracie-jezykow-klasycznych-spnjo-us\/\"><span style=\"font-size: 12pt;\">Zasady uczestnictwa w lektoracie j\u0119zyk\u00f3w klasycznych SPNJO U\u015a<\/span><\/a><\/li>\n<\/ul>\n<p>&nbsp;<\/p>\n<p>&#8221; href=&#8221;https:\/\/us.edu.pl\/kolegium\/spnjo\/lektorat\/moj-lektorat\/regulaminy\/zasady-obowiazujace-na-lektoratach-z-jezykow-obcych-prowadzonych-w-formie-e-learningu-na-wpia\/&#8221;&gt;<span style=\"font-size: 12pt;\">Zasady obowi\u0105zuj\u0105ce na lektoratach z j\u0119zyk\u00f3w obcych prowadzonych w formie e-learningu na WPiA<\/span><\/p>\n<ul>\n<li><a href=\"https:\/\/us.edu.pl\/kolegium\/spnjo\/lektorat\/moj-lektorat\/regulaminy\/zasady-uczestnictwa-w-lektoracie-jezykow-klasycznych-spnjo-us\/\"><span style=\"font-size: 12pt;\">Zasady uczestnictwa w lektoracie j\u0119zyk\u00f3w klasycznych SPNJO U\u015a<\/span><\/a><\/li>\n<\/ul>\n<p>&nbsp;<\/p>\n<p>&#8221; href=&#8221;https:\/\/us.edu.pl\/kolegium\/spnjo\/lektorat\/moj-lektorat\/regulaminy\/zasady-obowiazujace-na-lektoratach-z-jezykow-obcych-prowadzonych-w-formie-e-learningu-na-wpia\/&#8221;&gt;<span style=\"font-size: 12pt;\">Zasady obowi\u0105zuj\u0105ce na lektoratach z j\u0119zyk\u00f3w obcych prowadzonych w formie e-learningu na WPiA<\/span><\/p>\n<ul>\n<li><a href=\"https:\/\/us.edu.pl\/kolegium\/spnjo\/lektorat\/moj-lektorat\/regulaminy\/zasady-uczestnictwa-w-lektoracie-jezykow-klasycznych-spnjo-us\/\"><span style=\"font-size: 12pt;\">Zasady uczestnictwa w lektoracie j\u0119zyk\u00f3w klasycznych SPNJO U\u015a<\/span><\/a><\/li>\n<\/ul>\n<p>&nbsp;<\/p>\n<p>&#8221; href=&#8221;https:\/\/us.edu.pl\/kolegium\/spnjo\/lektorat\/moj-lektorat\/regulaminy\/zasady-obowiazujace-na-lektoratach-z-jezykow-obcych-prowadzonych-w-formie-e-learningu-na-wpia\/&#8221;&gt;<span style=\"font-size: 12pt;\">Zasady obowi\u0105zuj\u0105ce na lektoratach z j\u0119zyk\u00f3w obcych prowadzonych w formie e-learningu na WPiA<\/span><\/p>\n<ul>\n<li><a href=\"https:\/\/us.edu.pl\/kolegium\/spnjo\/lektorat\/moj-lektorat\/regulaminy\/zasady-uczestnictwa-w-lektoracie-jezykow-klasycznych-spnjo-us\/\"><span style=\"font-size: 12pt;\">Zasady uczestnictwa w lektoracie j\u0119zyk\u00f3w klasycznych SPNJO U\u015a<\/span><\/a><\/li>\n<\/ul>\n<p>&nbsp;<\/p>\n<p>&#8221; href=&#8221;https:\/\/us.edu.pl\/kolegium\/spnjo\/lektorat\/moj-lektorat\/regulaminy\/zasady-obowiazujace-na-lektoratach-z-jezykow-obcych-prowadzonych-w-formie-e-learningu-na-wpia\/&#8221;&gt;<span style=\"font-size: 12pt;\">Zasady obowi\u0105zuj\u0105ce na lektoratach z j\u0119zyk\u00f3w obcych prowadzonych w formie e-learningu na WPiA<\/span><\/p>\n<ul>\n<li><a href=\"https:\/\/us.edu.pl\/kolegium\/spnjo\/lektorat\/moj-lektorat\/regulaminy\/zasady-uczestnictwa-w-lektoracie-jezykow-klasycznych-spnjo-us\/\"><span style=\"font-size: 12pt;\">Zasady uczestnictwa w lektoracie j\u0119zyk\u00f3w klasycznych SPNJO U\u015a<\/span><\/a><\/li>\n<\/ul>\n<p>&nbsp;<\/p>\n<p>&#8221; href=&#8221;https:\/\/us.edu.pl\/kolegium\/spnjo\/lektorat\/moj-lektorat\/regulaminy\/zasady-obowiazujace-na-lektoratach-z-jezykow-obcych-prowadzonych-w-formie-e-learningu-na-wpia\/&#8221;&gt;<span style=\"font-size: 12pt;\">Zasady obowi\u0105zuj\u0105ce na lektoratach z j\u0119zyk\u00f3w obcych prowadzonych w formie e-learningu na WPiA<\/span><\/p>\n<ul>\n<li><a href=\"https:\/\/us.edu.pl\/kolegium\/spnjo\/lektorat\/moj-lektorat\/regulaminy\/zasady-uczestnictwa-w-lektoracie-jezykow-klasycznych-spnjo-us\/\"><span style=\"font-size: 12pt;\">Zasady uczestnictwa w lektoracie j\u0119zyk\u00f3w klasycznych SPNJO U\u015a<\/span><\/a><\/li>\n<\/ul>\n<p>&nbsp;<\/p>\n<p>&#8221; href=&#8221;https:\/\/us.edu.pl\/kolegium\/spnjo\/lektorat\/moj-lektorat\/regulaminy\/zasady-obowiazujace-na-lektoratach-z-jezykow-obcych-prowadzonych-w-formie-e-learningu-na-wpia\/&#8221;&gt;<span style=\"font-size: 12pt;\">Zasady obowi\u0105zuj\u0105ce na lektoratach z j\u0119zyk\u00f3w obcych prowadzonych w formie e-learningu na WPiA<\/span><\/p>\n<ul>\n<li><a href=\"https:\/\/us.edu.pl\/kolegium\/spnjo\/lektorat\/moj-lektorat\/regulaminy\/zasady-uczestnictwa-w-lektoracie-jezykow-klasycznych-spnjo-us\/\"><span style=\"font-size: 12pt;\">Zasady uczestnictwa w lektoracie j\u0119zyk\u00f3w klasycznych SPNJO U\u015a<\/span><\/a><\/li>\n<\/ul>\n<p>&nbsp;<\/p>\n<p>&#8221; href=&#8221;https:\/\/us.edu.pl\/kolegium\/spnjo\/lektorat\/moj-lektorat\/regulaminy\/zasady-obowiazujace-na-lektoratach-z-jezykow-obcych-prowadzonych-w-formie-e-learningu-na-wpia\/&#8221;&gt;<span style=\"font-size: 12pt;\">Zasady obowi\u0105zuj\u0105ce na lektoratach z j\u0119zyk\u00f3w obcych prowadzonych w formie e-learningu na WPiA<\/span><\/p>\n<ul>\n<li><a href=\"https:\/\/us.edu.pl\/kolegium\/spnjo\/lektorat\/moj-lektorat\/regulaminy\/zasady-uczestnictwa-w-lektoracie-jezykow-klasycznych-spnjo-us\/\"><span style=\"font-size: 12pt;\">Zasady uczestnictwa w lektoracie j\u0119zyk\u00f3w klasycznych SPNJO U\u015a<\/span><\/a><\/li>\n<\/ul>\n<p>&nbsp;<\/p>\n<p>&#8221; href=&#8221;https:\/\/us.edu.pl\/kolegium\/spnjo\/lektorat\/moj-lektorat\/regulaminy\/zasady-obowiazujace-na-lektoratach-z-jezykow-obcych-prowadzonych-w-formie-e-learningu-na-wpia\/&#8221;&gt;<span style=\"font-size: 12pt;\">Zasady obowi\u0105zuj\u0105ce na lektoratach z j\u0119zyk\u00f3w obcych prowadzonych w formie e-learningu na WPiA<\/span><\/p>\n<ul>\n<li><a href=\"https:\/\/us.edu.pl\/kolegium\/spnjo\/lektorat\/moj-lektorat\/regulaminy\/zasady-uczestnictwa-w-lektoracie-jezykow-klasycznych-spnjo-us\/\"><span style=\"font-size: 12pt;\">Zasady uczestnictwa w lektoracie j\u0119zyk\u00f3w klasycznych SPNJO U\u015a<\/span><\/a><\/li>\n<\/ul>\n<p>&nbsp;<\/p>\n<p>&#8221; href=&#8221;https:\/\/us.edu.pl\/kolegium\/spnjo\/lektorat\/moj-lektorat\/regulaminy\/zasady-obowiazujace-na-lektoratach-z-jezykow-obcych-prowadzonych-w-formie-e-learningu-na-wpia\/&#8221;&gt;<span style=\"font-size: 12pt;\">Zasady obowi\u0105zuj\u0105ce na lektoratach z j\u0119zyk\u00f3w obcych prowadzonych w formie e-learningu na WPiA<\/span><\/p>\n<ul>\n<li><a href=\"https:\/\/us.edu.pl\/kolegium\/spnjo\/lektorat\/moj-lektorat\/regulaminy\/zasady-uczestnictwa-w-lektoracie-jezykow-klasycznych-spnjo-us\/\"><span style=\"font-size: 12pt;\">Zasady uczestnictwa w lektoracie j\u0119zyk\u00f3w klasycznych SPNJO U\u015a<\/span><\/a><\/li>\n<\/ul>\n<p>&nbsp;<\/p>\n<p>&#8221; href=&#8221;https:\/\/us.edu.pl\/kolegium\/spnjo\/lektorat\/moj-lektorat\/regulaminy\/zasady-obowiazujace-na-lektoratach-z-jezykow-obcych-prowadzonych-w-formie-e-learningu-na-wpia\/&#8221;&gt;<span style=\"font-size: 12pt;\">Zasady obowi\u0105zuj\u0105ce na lektoratach z j\u0119zyk\u00f3w obcych prowadzonych w formie e-learningu na WPiA<\/span><\/p>\n<ul>\n<li><a href=\"https:\/\/us.edu.pl\/kolegium\/spnjo\/lektorat\/moj-lektorat\/regulaminy\/zasady-uczestnictwa-w-lektoracie-jezykow-klasycznych-spnjo-us\/\"><span style=\"font-size: 12pt;\">Zasady uczestnictwa w lektoracie j\u0119zyk\u00f3w klasycznych SPNJO U\u015a<\/span><\/a><\/li>\n<\/ul>\n<p>&nbsp;<\/p>\n<p>&#8221; href=&#8221;https:\/\/us.edu.pl\/kolegium\/spnjo\/lektorat\/moj-lektorat\/regulaminy\/zasady-obowiazujace-na-lektoratach-z-jezykow-obcych-prowadzonych-w-formie-e-learningu-na-wpia\/&#8221;&gt;<span style=\"font-size: 12pt;\">Zasady obowi\u0105zuj\u0105ce na lektoratach z j\u0119zyk\u00f3w obcych prowadzonych w formie e-learningu na WPiA<\/span><\/p>\n<ul>\n<li><a href=\"https:\/\/us.edu.pl\/kolegium\/spnjo\/lektorat\/moj-lektorat\/regulaminy\/zasady-uczestnictwa-w-lektoracie-jezykow-klasycznych-spnjo-us\/\"><span style=\"font-size: 12pt;\">Zasady uczestnictwa w lektoracie j\u0119zyk\u00f3w klasycznych SPNJO U\u015a<\/span><\/a><\/li>\n<\/ul>\n<p>&nbsp;<\/p>\n<p>&#8221; href=&#8221;https:\/\/us.edu.pl\/kolegium\/spnjo\/lektorat\/moj-lektorat\/regulaminy\/zasady-obowiazujace-na-lektoratach-z-jezykow-obcych-prowadzonych-w-formie-e-learningu-na-wpia\/&#8221;&gt;<span style=\"font-size: 12pt;\">Zasady obowi\u0105zuj\u0105ce na lektoratach z j\u0119zyk\u00f3w obcych prowadzonych w formie e-learningu na WPiA<\/span><\/p>\n<ul>\n<li><a href=\"https:\/\/us.edu.pl\/kolegium\/spnjo\/lektorat\/moj-lektorat\/regulaminy\/zasady-uczestnictwa-w-lektoracie-jezykow-klasycznych-spnjo-us\/\"><span style=\"font-size: 12pt;\">Zasady uczestnictwa w lektoracie j\u0119zyk\u00f3w klasycznych SPNJO U\u015a<\/span><\/a><\/li>\n<\/ul>\n<p>&nbsp;<\/p>\n<p>&#8221; href=&#8221;https:\/\/us.edu.pl\/kolegium\/spnjo\/lektorat\/moj-lektorat\/regulaminy\/zasady-obowiazujace-na-lektoratach-z-jezykow-obcych-prowadzonych-w-formie-e-learningu-na-wpia\/&#8221;&gt;<span style=\"font-size: 12pt;\">Zasady obowi\u0105zuj\u0105ce na lektoratach z j\u0119zyk\u00f3w obcych prowadzonych w formie e-learningu na WPiA<\/span><\/p>\n<ul>\n<li><a href=\"https:\/\/us.edu.pl\/kolegium\/spnjo\/lektorat\/moj-lektorat\/regulaminy\/zasady-uczestnictwa-w-lektoracie-jezykow-klasycznych-spnjo-us\/\"><span style=\"font-size: 12pt;\">Zasady uczestnictwa w lektoracie j\u0119zyk\u00f3w klasycznych SPNJO U\u015a<\/span><\/a><\/li>\n<\/ul>\n<p>&nbsp;<\/p>\n<p>&#8221; href=&#8221;https:\/\/us.edu.pl\/kolegium\/spnjo\/lektorat\/moj-lektorat\/regulaminy\/zasady-obowiazujace-na-lektoratach-z-jezykow-obcych-prowadzonych-w-formie-e-learningu-na-wpia\/&#8221;&gt;<span style=\"font-size: 12pt;\">Zasady obowi\u0105zuj\u0105ce na lektoratach z j\u0119zyk\u00f3w obcych prowadzonych w formie e-learningu na WPiA<\/span><\/p>\n<ul>\n<li><a href=\"https:\/\/us.edu.pl\/kolegium\/spnjo\/lektorat\/moj-lektorat\/regulaminy\/zasady-uczestnictwa-w-lektoracie-jezykow-klasycznych-spnjo-us\/\"><span style=\"font-size: 12pt;\">Zasady uczestnictwa w lektoracie j\u0119zyk\u00f3w klasycznych SPNJO U\u015a<\/span><\/a><\/li>\n<\/ul>\n<p>&nbsp;<\/p>\n<p>&#8221; href=&#8221;https:\/\/us.edu.pl\/kolegium\/spnjo\/lektorat\/moj-lektorat\/regulaminy\/zasady-obowiazujace-na-lektoratach-z-jezykow-obcych-prowadzonych-w-formie-e-learningu-na-wpia\/&#8221;&gt;<span style=\"font-size: 12pt;\">Zasady obowi\u0105zuj\u0105ce na lektoratach z j\u0119zyk\u00f3w obcych prowadzonych w formie e-learningu na WPiA<\/span><\/p>\n<ul>\n<li><a href=\"https:\/\/us.edu.pl\/kolegium\/spnjo\/lektorat\/moj-lektorat\/regulaminy\/zasady-uczestnictwa-w-lektoracie-jezykow-klasycznych-spnjo-us\/\"><span style=\"font-size: 12pt;\">Zasady uczestnictwa w lektoracie j\u0119zyk\u00f3w klasycznych SPNJO U\u015a<\/span><\/a><\/li>\n<\/ul>\n<p>&nbsp;<\/p>\n<p>&#8221; href=&#8221;https:\/\/us.edu.pl\/kolegium\/spnjo\/lektorat\/moj-lektorat\/regulaminy\/zasady-obowiazujace-na-lektoratach-z-jezykow-obcych-prowadzonych-w-formie-e-learningu-na-wpia\/&#8221;&gt;<span style=\"font-size: 12pt;\">Zasady obowi\u0105zuj\u0105ce na lektoratach z j\u0119zyk\u00f3w obcych prowadzonych w formie e-learningu na WPiA<\/span><\/p>\n<ul>\n<li><a href=\"https:\/\/us.edu.pl\/kolegium\/spnjo\/lektorat\/moj-lektorat\/regulaminy\/zasady-uczestnictwa-w-lektoracie-jezykow-klasycznych-spnjo-us\/\"><span style=\"font-size: 12pt;\">Zasady uczestnictwa w lektoracie j\u0119zyk\u00f3w klasycznych SPNJO U\u015a<\/span><\/a><\/li>\n<\/ul>\n<p>&nbsp;<\/p>\n<p>&#8221; href=&#8221;https:\/\/us.edu.pl\/kolegium\/spnjo\/lektorat\/moj-lektorat\/regulaminy\/zasady-obowiazujace-na-lektoratach-z-jezykow-obcych-prowadzonych-w-formie-e-learningu-na-wpia\/&#8221;&gt;<span style=\"font-size: 12pt;\">Zasady obowi\u0105zuj\u0105ce na lektoratach z j\u0119zyk\u00f3w obcych prowadzonych w formie e-learningu na WPiA<\/span><\/p>\n<ul>\n<li><a href=\"https:\/\/us.edu.pl\/kolegium\/spnjo\/lektorat\/moj-lektorat\/regulaminy\/zasady-uczestnictwa-w-lektoracie-jezykow-klasycznych-spnjo-us\/\"><span style=\"font-size: 12pt;\">Zasady uczestnictwa w lektoracie j\u0119zyk\u00f3w klasycznych SPNJO U\u015a<\/span><\/a><\/li>\n<\/ul>\n<p>&nbsp;<\/p>\n<p>&#8221; href=&#8221;https:\/\/us.edu.pl\/kolegium\/spnjo\/lektorat\/moj-lektorat\/regulaminy\/zasady-obowiazujace-na-lektoratach-z-jezykow-obcych-prowadzonych-w-formie-e-learningu-na-wpia\/&#8221;&gt;<span style=\"font-size: 12pt;\">Zasady obowi\u0105zuj\u0105ce na lektoratach z j\u0119zyk\u00f3w obcych prowadzonych w formie e-learningu na WPiA<\/span><\/p>\n<ul>\n<li><a href=\"https:\/\/us.edu.pl\/kolegium\/spnjo\/lektorat\/moj-lektorat\/regulaminy\/zasady-uczestnictwa-w-lektoracie-jezykow-klasycznych-spnjo-us\/\"><span style=\"font-size: 12pt;\">Zasady uczestnictwa w lektoracie j\u0119zyk\u00f3w klasycznych SPNJO U\u015a<\/span><\/a><\/li>\n<\/ul>\n<p>&nbsp;<\/p>\n<p>&#8221; href=&#8221;https:\/\/us.edu.pl\/kolegium\/spnjo\/lektorat\/moj-lektorat\/regulaminy\/zasady-obowiazujace-na-lektoratach-z-jezykow-obcych-prowadzonych-w-formie-e-learningu-na-wpia\/&#8221;&gt;<span style=\"font-size: 12pt;\">Zasady obowi\u0105zuj\u0105ce na lektoratach z j\u0119zyk\u00f3w obcych prowadzonych w formie e-learningu na WPiA<\/span><\/p>\n<ul>\n<li><a href=\"https:\/\/us.edu.pl\/kolegium\/spnjo\/lektorat\/moj-lektorat\/regulaminy\/zasady-uczestnictwa-w-lektoracie-jezykow-klasycznych-spnjo-us\/\"><span style=\"font-size: 12pt;\">Zasady uczestnictwa w lektoracie j\u0119zyk\u00f3w klasycznych SPNJO U\u015a<\/span><\/a><\/li>\n<\/ul>\n<p>&nbsp;<\/p>\n<p>&#8221; href=&#8221;https:\/\/us.edu.pl\/kolegium\/spnjo\/lektorat\/moj-lektorat\/regulaminy\/zasady-obowiazujace-na-lektoratach-z-jezykow-obcych-prowadzonych-w-formie-e-learningu-na-wpia\/&#8221;&gt;<span style=\"font-size: 12pt;\">Zasady obowi\u0105zuj\u0105ce na lektoratach z j\u0119zyk\u00f3w obcych prowadzonych w formie e-learningu na WPiA<\/span><\/p>\n<ul>\n<li><a href=\"https:\/\/us.edu.pl\/kolegium\/spnjo\/lektorat\/moj-lektorat\/regulaminy\/zasady-uczestnictwa-w-lektoracie-jezykow-klasycznych-spnjo-us\/\"><span style=\"font-size: 12pt;\">Zasady uczestnictwa w lektoracie j\u0119zyk\u00f3w klasycznych SPNJO U\u015a<\/span><\/a><\/li>\n<\/ul>\n<p>&nbsp;<\/p>\n<p>&#8221; href=&#8221;https:\/\/us.edu.pl\/kolegium\/spnjo\/lektorat\/moj-lektorat\/regulaminy\/zasady-obowiazujace-na-lektoratach-z-jezykow-obcych-prowadzonych-w-formie-e-learningu-na-wpia\/&#8221;&gt;<span style=\"font-size: 12pt;\">Zasady obowi\u0105zuj\u0105ce na lektoratach z j\u0119zyk\u00f3w obcych prowadzonych w formie e-learningu na WPiA<\/span><\/p>\n<ul>\n<li><a href=\"https:\/\/us.edu.pl\/kolegium\/spnjo\/lektorat\/moj-lektorat\/regulaminy\/zasady-uczestnictwa-w-lektoracie-jezykow-klasycznych-spnjo-us\/\"><span style=\"font-size: 12pt;\">Zasady uczestnictwa w lektoracie j\u0119zyk\u00f3w klasycznych SPNJO U\u015a<\/span><\/a><\/li>\n<\/ul>\n<p>&nbsp;<\/p>\n<p>&#8221; href=&#8221;https:\/\/us.edu.pl\/kolegium\/spnjo\/lektorat\/moj-lektorat\/regulaminy\/zasady-obowiazujace-na-lektoratach-z-jezykow-obcych-prowadzonych-w-formie-e-learningu-na-wpia\/&#8221;&gt;<span style=\"font-size: 12pt;\">Zasady obowi\u0105zuj\u0105ce na lektoratach z j\u0119zyk\u00f3w obcych prowadzonych w formie e-learningu na WPiA<\/span><\/p>\n<ul>\n<li><a href=\"https:\/\/us.edu.pl\/kolegium\/spnjo\/lektorat\/moj-lektorat\/regulaminy\/zasady-uczestnictwa-w-lektoracie-jezykow-klasycznych-spnjo-us\/\"><span style=\"font-size: 12pt;\">Zasady uczestnictwa w lektoracie j\u0119zyk\u00f3w klasycznych SPNJO U\u015a<\/span><\/a><\/li>\n<\/ul>\n<p>&nbsp;<\/p>\n<p>&#8221; href=&#8221;https:\/\/us.edu.pl\/kolegium\/spnjo\/lektorat\/moj-lektorat\/regulaminy\/zasady-obowiazujace-na-lektoratach-z-jezykow-obcych-prowadzonych-w-formie-e-learningu-na-wpia\/&#8221;&gt;<span style=\"font-size: 12pt;\">Zasady obowi\u0105zuj\u0105ce na lektoratach z j\u0119zyk\u00f3w obcych prowadzonych w formie e-learningu na WPiA<\/span><\/p>\n<ul>\n<li><a href=\"https:\/\/us.edu.pl\/kolegium\/spnjo\/lektorat\/moj-lektorat\/regulaminy\/zasady-uczestnictwa-w-lektoracie-jezykow-klasycznych-spnjo-us\/\"><span style=\"font-size: 12pt;\">Zasady uczestnictwa w lektoracie j\u0119zyk\u00f3w klasycznych SPNJO U\u015a<\/span><\/a><\/li>\n<\/ul>\n<p>&nbsp;<\/p>\n<p>&#8221; href=&#8221;https:\/\/us.edu.pl\/kolegium\/spnjo\/lektorat\/moj-lektorat\/regulaminy\/zasady-obowiazujace-na-lektoratach-z-jezykow-obcych-prowadzonych-w-formie-e-learningu-na-wpia\/&#8221;&gt;<span style=\"font-size: 12pt;\">Zasady obowi\u0105zuj\u0105ce na lektoratach z j\u0119zyk\u00f3w obcych prowadzonych w formie e-learningu na WPiA<\/span><\/p>\n<ul>\n<li><a href=\"https:\/\/us.edu.pl\/kolegium\/spnjo\/lektorat\/moj-lektorat\/regulaminy\/zasady-uczestnictwa-w-lektoracie-jezykow-klasycznych-spnjo-us\/\"><span style=\"font-size: 12pt;\">Zasady uczestnictwa w lektoracie j\u0119zyk\u00f3w klasycznych SPNJO U\u015a<\/span><\/a><\/li>\n<\/ul>\n<p>&nbsp;<\/p>\n<p>&#8221; href=&#8221;https:\/\/us.edu.pl\/kolegium\/spnjo\/lektorat\/moj-lektorat\/regulaminy\/zasady-obowiazujace-na-lektoratach-z-jezykow-obcych-prowadzonych-w-formie-e-learningu-na-wpia\/&#8221;&gt;<span style=\"font-size: 12pt;\">Zasady obowi\u0105zuj\u0105ce na lektoratach z j\u0119zyk\u00f3w obcych prowadzonych w formie e-learningu na WPiA<\/span><\/p>\n<ul>\n<li><a href=\"https:\/\/us.edu.pl\/kolegium\/spnjo\/lektorat\/moj-lektorat\/regulaminy\/zasady-uczestnictwa-w-lektoracie-jezykow-klasycznych-spnjo-us\/\"><span style=\"font-size: 12pt;\">Zasady uczestnictwa w lektoracie j\u0119zyk\u00f3w klasycznych SPNJO U\u015a<\/span><\/a><\/li>\n<\/ul>\n<p>&nbsp;<\/p>\n<p>&#8221; href=&#8221;https:\/\/us.edu.pl\/kolegium\/spnjo\/lektorat\/moj-lektorat\/regulaminy\/zasady-obowiazujace-na-lektoratach-z-jezykow-obcych-prowadzonych-w-formie-e-learningu-na-wpia\/&#8221;&gt;<span style=\"font-size: 12pt;\">Zasady obowi\u0105zuj\u0105ce na lektoratach z j\u0119zyk\u00f3w obcych prowadzonych w formie e-learningu na WPiA<\/span><\/p>\n<ul>\n<li><a href=\"https:\/\/us.edu.pl\/kolegium\/spnjo\/lektorat\/moj-lektorat\/regulaminy\/zasady-uczestnictwa-w-lektoracie-jezykow-klasycznych-spnjo-us\/\"><span style=\"font-size: 12pt;\">Zasady uczestnictwa w lektoracie j\u0119zyk\u00f3w klasycznych SPNJO U\u015a<\/span><\/a><\/li>\n<\/ul>\n<p>&nbsp;<\/p>\n<p>&#8221; href=&#8221;https:\/\/us.edu.pl\/kolegium\/spnjo\/lektorat\/moj-lektorat\/regulaminy\/zasady-obowiazujace-na-lektoratach-z-jezykow-obcych-prowadzonych-w-formie-e-learningu-na-wpia\/&#8221;&gt;<span style=\"font-size: 12pt;\">Zasady obowi\u0105zuj\u0105ce na lektoratach z j\u0119zyk\u00f3w obcych prowadzonych w formie e-learningu na WPiA<\/span><\/p>\n<ul>\n<li><a href=\"https:\/\/us.edu.pl\/kolegium\/spnjo\/lektorat\/moj-lektorat\/regulaminy\/zasady-uczestnictwa-w-lektoracie-jezykow-klasycznych-spnjo-us\/\"><span style=\"font-size: 12pt;\">Zasady uczestnictwa w lektoracie j\u0119zyk\u00f3w klasycznych SPNJO U\u015a<\/span><\/a><\/li>\n<\/ul>\n<p>&nbsp;<\/p>\n<p>&#8221; href=&#8221;https:\/\/us.edu.pl\/kolegium\/spnjo\/lektorat\/moj-lektorat\/regulaminy\/zasady-obowiazujace-na-lektoratach-z-jezykow-obcych-prowadzonych-w-formie-e-learningu-na-wpia\/&#8221;><span style=\"font-size: 12pt;\">Zasady obowi\u0105zuj\u0105ce na lektoratach z j\u0119zyk\u00f3w obcych prowadzonych w formie e-learningu na WPiA<\/span><\/a><\/li>\n<li><a href=\"https:\/\/us.edu.pl\/kolegium\/spnjo\/lektorat\/moj-lektorat\/regulaminy\/zasady-uczestnictwa-w-lektoracie-jezykow-klasycznych-spnjo-us\/\"><span style=\"font-size: 12pt;\">Zasady uczestnictwa w lektoracie j\u0119zyk\u00f3w klasycznych SPNJO U\u015a<\/span><\/a><\/li>\n<\/ol>\n<\/li>\n<\/ol>\n<\/li>\n<\/ol>\n<\/li>\n<\/ol>\n<\/li>\n<\/ol>\n<\/li>\n<\/ol>\n<p><\/p>","protected":false},"excerpt":{"rendered":"<p>&#8221; href=&#8221;https:\/\/us.edu.pl\/kolegium\/spnjo\/lektorat\/moj-lektorat\/regulaminy\/zasady-obowiazujace-na-lektoratach-z-jezykow-obcych-prowadzonych-w-formie-e-learningu-na-wpia\/&#8221;&gt;Zasady obowi\u0105zuj\u0105ce na lektoratach z j\u0119zyk\u00f3w obcych prowadzonych w formie e-learningu na WPiA Zasady uczestnictwa w lektoracie j\u0119zyk\u00f3w klasycznych SPNJO U\u015a &nbsp; &#8221; href=&#8221;https:\/\/us.edu.pl\/kolegium\/spnjo\/lektorat\/moj-lektorat\/regulaminy\/zasady-obowiazujace-na-lektoratach-z-jezykow-obcych-prowadzonych-w-formie-e-learningu-na-wpia\/&#8221;&gt;Zasady obowi\u0105zuj\u0105ce na lektoratach z j\u0119zyk\u00f3w obcych prowadzonych w formie e-learningu na WPiA Zasady uczestnictwa w lektoracie j\u0119zyk\u00f3w klasycznych SPNJO U\u015a &nbsp; &#8221; href=&#8221;https:\/\/us.edu.pl\/kolegium\/spnjo\/lektorat\/moj-lektorat\/regulaminy\/zasady-obowiazujace-na-lektoratach-z-jezykow-obcych-prowadzonych-w-formie-e-learningu-na-wpia\/&#8221;&gt;Zasady obowi\u0105zuj\u0105ce na lektoratach z j\u0119zyk\u00f3w obcych prowadzonych [&#8230;]<\/p>\n<p><a class=\"btn btn-secondary understrap-read-more-link\" href=\"https:\/\/us.edu.pl\/kolegium\/spnjo\/en\/lektorat\/moj-lektorat\/regulaminy\/\">Read More&#8230;<\/a><\/p>\n","protected":false},"author":25,"featured_media":0,"parent":120,"menu_order":1,"comment_status":"closed","ping_status":"closed","template":"","meta":{"_expiration-date-status":"saved","_expiration-date":0,"_expiration-date-type":"","_expiration-date-categories":[],"_expiration-date-options":[]},"acf":[],"_links":{"self":[{"href":"https:\/\/us.edu.pl\/kolegium\/spnjo\/en\/wp-json\/wp\/v2\/pages\/122"}],"collection":[{"href":"https:\/\/us.edu.pl\/kolegium\/spnjo\/en\/wp-json\/wp\/v2\/pages"}],"about":[{"href":"https:\/\/us.edu.pl\/kolegium\/spnjo\/en\/wp-json\/wp\/v2\/types\/page"}],"author":[{"embeddable":true,"href":"https:\/\/us.edu.pl\/kolegium\/spnjo\/en\/wp-json\/wp\/v2\/users\/25"}],"replies":[{"embeddable":true,"href":"https:\/\/us.edu.pl\/kolegium\/spnjo\/en\/wp-json\/wp\/v2\/comments?post=122"}],"version-history":[{"count":10,"href":"https:\/\/us.edu.pl\/kolegium\/spnjo\/en\/wp-json\/wp\/v2\/pages\/122\/revisions"}],"predecessor-version":[{"id":4192,"href":"https:\/\/us.edu.pl\/kolegium\/spnjo\/en\/wp-json\/wp\/v2\/pages\/122\/revisions\/4192"}],"up":[{"embeddable":true,"href":"https:\/\/us.edu.pl\/kolegium\/spnjo\/en\/wp-json\/wp\/v2\/pages\/120"}],"wp:attachment":[{"href":"https:\/\/us.edu.pl\/kolegium\/spnjo\/en\/wp-json\/wp\/v2\/media?parent=122"}],"curies":[{"name":"wp","href":"https:\/\/api.w.org\/{rel}","templated":true}]}}