{"id":128,"date":"2021-07-07T11:17:18","date_gmt":"2021-07-07T09:17:18","guid":{"rendered":"https:\/\/us.edu.pl\/kolegium\/spnjo\/?page_id=128"},"modified":"2026-02-10T15:27:32","modified_gmt":"2026-02-10T14:27:32","slug":"zalatw-sprawe","status":"publish","type":"page","link":"https:\/\/us.edu.pl\/kolegium\/spnjo\/lektorat\/moj-lektorat\/zalatw-sprawe\/","title":{"rendered":"za\u0142atw spraw\u0119"},"content":{"rendered":"<p>[vc_row el_class=&#8221;container&#8221;][vc_column][vc_column_text]<\/p>\n<div class=\"vc_row wpb_row vc_row-fluid container\">\n<div class=\"wpb_column vc_column_container vc_col-sm-12\">\n<div class=\"vc_column-inner\">\n<div class=\"wpb_wrapper\">\n<div class=\"wpb_text_column wpb_content_element \">\n<div class=\"wpb_wrapper\">\n<p><span style=\"text-decoration: underline;\"><strong>ZWOLNIENIE Z ZAJ\u0118\u0106 LEKTORATOWYCH<\/strong><\/span><\/p>\n<p>1) Posiadasz certyfikat zewn\u0119trzny lub\u00a0 inny dokument uprawniaj\u0105cy do zwolnienia z lektoratu, w tym Akademicki certyfikat bieg\u0142o\u015bci j\u0119zykowej wydany przez Uniwersytet \u015al\u0105ski?<\/p>\n<p>Wystarczy, \u017ce uzupe\u0142nisz <a href=\"https:\/\/formularze.us.edu.pl\/form\/index\/6508\">FORMULARZ<\/a>, w kt\u00f3rym do\u0142\u0105czysz certyfikat lub inny dokument. Zostanie on zweryfikowany. Po potwierdzeniu poprawno\u015bci dokument\u00f3w w czasie <a href=\"https:\/\/us.edu.pl\/kolegium\/spnjo\/lektorat\/moj-lektorat\/rejestracja-terminy\/\">REJESTRACJI<\/a> (w USOSweb) zapisz si\u0119 do grupy nr 1 na odpowiedni j\u0119zyk i poziom zgodny z uzyskanym certyfikatem.<\/p>\n<p>2) Uzyska\u0142e\u015b\/uzyska\u0142a\u015b ocen\u0119 pozytywn\u0105 z Egzaminu po\u015bwiadczaj\u0105cego przeprowadzanego w SPNJO U\u015a?<\/p>\n<p>W czasie\u00a0czasie <a href=\"https:\/\/us.edu.pl\/kolegium\/spnjo\/lektorat\/moj-lektorat\/rejestracja-terminy\/\">REJESTRACJI<\/a> (w USOSweb) zapisz si\u0119 do grupy nr 1 na odpowiedni j\u0119zyk i poziom zgodny z zaliczonym egzaminem.<\/p>\n<p>Nie musisz podpina\u0107 \u017cadnego dokumentu, Twoja oceny jest zarejestrowana w systemie USOS.<\/p>\n<p><strong>Wa\u017cne<\/strong>: korzystaj\u0105c ze zwolnienia z lektoratu<\/p>\n<p>&#8211; rejestruj si\u0119 zawsze do grupy nr 1 (dla os\u00f3b zwolnionych);<br \/>\n&#8211; dokonuj rejestracji na lektorat w ka\u017cdym semestrze, a\u017c do ko\u0144ca lektoratu czyli do czwartego semestru w\u0142\u0105cznie;<br \/>\n&#8211; wybieraj j\u0119zyk i poziom zgodny z uzyskanym certyfikatem.<\/p>\n<p>Jak\u0105 ocen\u0119 mo\u017cesz uzyska\u0107 za konkretny certyfikat? Sprawd\u017a:<\/p>\n<p>\u2013 j\u0119zyk angielski: <a href=\"https:\/\/us.edu.pl\/kolegium\/spnjo\/wp-content\/uploads\/sites\/65\/Bez-kategorii\/Certyfikaty_oceny_j.ang_.pdf\" class=\"mtli_attachment mtli_pdf\">Certyfikaty_oceny_j.ang<\/a><br \/>\n\u2013 j\u0119zyk francuski: <a href=\"https:\/\/us.edu.pl\/kolegium\/spnjo\/wp-content\/uploads\/sites\/65\/Bez-kategorii\/Certyfikaty_oceny_j.fran_.pdf\" class=\"mtli_attachment mtli_pdf\">Certyfikaty_oceny_j.fran<\/a><br \/>\n\u2013 j\u0119zyk hiszpa\u0144ski: <a href=\"https:\/\/us.edu.pl\/kolegium\/spnjo\/wp-content\/uploads\/sites\/65\/Bez-kategorii\/Certyfikaty_oceny_j.hiszp_.pdf\" class=\"mtli_attachment mtli_pdf\">Certyfikaty_oceny_j.hiszp<\/a><br \/>\n\u2013 j\u0119zyk niemiecki: <a href=\"https:\/\/us.edu.pl\/kolegium\/spnjo\/wp-content\/uploads\/sites\/65\/Bez-kategorii\/Certyfikaty_oceny_j.niem_.pdf\" class=\"mtli_attachment mtli_pdf\">Certyfikaty_oceny_j.niem<\/a><br \/>\n\u2013 j\u0119zyk rosyjski: <a href=\"https:\/\/us.edu.pl\/kolegium\/spnjo\/wp-content\/uploads\/sites\/65\/Bez-kategorii\/Certyfikaty_oceny_j.ros_.pdf\" class=\"mtli_attachment mtli_pdf\">Certyfikaty_oceny_j.ros<\/a><\/p>\n<p>&nbsp;<\/p>\n<h3 data-start=\"208\" data-end=\"236\"><span style=\"text-decoration: underline;\"><strong data-start=\"212\" data-end=\"236\">REJESTRACJA DO GRUPY<\/strong><\/span><\/h3>\n<p data-start=\"238\" data-end=\"296\">Nie zd\u0105\u017cy\u0142_\u015b zapisa\u0107 si\u0119 na lektorat w czasie rejestracji?<\/p>\n<p data-start=\"298\" data-end=\"312\"><strong data-start=\"298\" data-end=\"312\">Co zrobi\u0107?<\/strong><\/p>\n<p data-start=\"314\" data-end=\"430\">Po zako\u0144czeniu wszystkich tur rejestracji skontaktuj si\u0119 z sekretariatem ds. elektronicznej rejestracji na lektorat:<\/p>\n<p data-start=\"432\" data-end=\"512\"><strong data-start=\"432\" data-end=\"451\">mgr Edyta Po\u0142e\u0107<\/strong><br data-start=\"451\" data-end=\"454\" \/>telefon: +48 32 359 18 17<br data-start=\"479\" data-end=\"482\" \/>e-mail: <strong data-start=\"490\" data-end=\"512\"><a class=\"decorated-link cursor-pointer\" rel=\"noopener\" data-start=\"492\" data-end=\"510\">lektorat@us.edu.pl<\/a><\/strong><\/p>\n<p data-start=\"514\" data-end=\"585\">W tytule maila wpisz: <strong data-start=\"536\" data-end=\"566\">\u201erejestracja\/zmiana grupy\u201d<\/strong>.<br data-start=\"567\" data-end=\"570\" \/>W tre\u015bci podaj:<\/p>\n<ul data-start=\"587\" data-end=\"704\">\n<li data-start=\"587\" data-end=\"604\">\n<p data-start=\"589\" data-end=\"604\">numer albumu,<\/p>\n<\/li>\n<li data-start=\"587\" data-end=\"604\">\n<p data-start=\"589\" data-end=\"604\">j\u0119zyk,<\/p>\n<\/li>\n<li data-start=\"616\" data-end=\"627\">\n<p data-start=\"618\" data-end=\"627\">poziom,<\/p>\n<\/li>\n<li data-start=\"628\" data-end=\"654\">\n<p data-start=\"630\" data-end=\"654\">modu\u0142 (1, 2, 3 lub 4),<\/p>\n<\/li>\n<li data-start=\"655\" data-end=\"704\">\n<p data-start=\"657\" data-end=\"704\">numer grupy (z USOS) lub dzie\u0144 i godzin\u0119 zaj\u0119\u0107.<\/p>\n<\/li>\n<\/ul>\n<h3 data-start=\"711\" data-end=\"727\"><span style=\"text-decoration: underline;\"><strong data-start=\"715\" data-end=\"725\">UWAGA!<br \/>\n<\/strong><\/span>Je\u015bli zmieniasz grup\u0119, poinformuj swojego dotychczasowego prowadz\u0105cego, \u017ce rezygnujesz z jego zaj\u0119\u0107.<\/h3>\n<\/div>\n<\/div>\n<\/div>\n<\/div>\n<\/div>\n<\/div>\n<p>[\/vc_column_text][\/vc_column][\/vc_row][vc_column][\/vc_column]<\/p>","protected":false},"excerpt":{"rendered":"<p>[vc_row el_class=&#8221;container&#8221;][vc_column][vc_column_text] ZWOLNIENIE Z ZAJ\u0118\u0106 LEKTORATOWYCH 1) Posiadasz certyfikat zewn\u0119trzny lub\u00a0 inny dokument uprawniaj\u0105cy do zwolnienia z lektoratu, w tym Akademicki certyfikat bieg\u0142o\u015bci j\u0119zykowej wydany przez Uniwersytet \u015al\u0105ski? Wystarczy, \u017ce uzupe\u0142nisz FORMULARZ, w kt\u00f3rym do\u0142\u0105czysz certyfikat lub inny dokument. Zostanie on zweryfikowany. Po potwierdzeniu poprawno\u015bci dokument\u00f3w w czasie REJESTRACJI (w USOSweb) zapisz si\u0119 do grupy [&#8230;]<\/p>\n<p><a class=\"btn btn-secondary understrap-read-more-link\" href=\"https:\/\/us.edu.pl\/kolegium\/spnjo\/lektorat\/moj-lektorat\/zalatw-sprawe\/\">Read More&#8230;<\/a><\/p>\n","protected":false},"author":25,"featured_media":0,"parent":120,"menu_order":4,"comment_status":"closed","ping_status":"closed","template":"","meta":{"_expiration-date-status":"saved","_expiration-date":0,"_expiration-date-type":"","_expiration-date-categories":[],"_expiration-date-options":[]},"acf":[],"_links":{"self":[{"href":"https:\/\/us.edu.pl\/kolegium\/spnjo\/wp-json\/wp\/v2\/pages\/128"}],"collection":[{"href":"https:\/\/us.edu.pl\/kolegium\/spnjo\/wp-json\/wp\/v2\/pages"}],"about":[{"href":"https:\/\/us.edu.pl\/kolegium\/spnjo\/wp-json\/wp\/v2\/types\/page"}],"author":[{"embeddable":true,"href":"https:\/\/us.edu.pl\/kolegium\/spnjo\/wp-json\/wp\/v2\/users\/25"}],"replies":[{"embeddable":true,"href":"https:\/\/us.edu.pl\/kolegium\/spnjo\/wp-json\/wp\/v2\/comments?post=128"}],"version-history":[{"count":11,"href":"https:\/\/us.edu.pl\/kolegium\/spnjo\/wp-json\/wp\/v2\/pages\/128\/revisions"}],"predecessor-version":[{"id":4509,"href":"https:\/\/us.edu.pl\/kolegium\/spnjo\/wp-json\/wp\/v2\/pages\/128\/revisions\/4509"}],"up":[{"embeddable":true,"href":"https:\/\/us.edu.pl\/kolegium\/spnjo\/wp-json\/wp\/v2\/pages\/120"}],"wp:attachment":[{"href":"https:\/\/us.edu.pl\/kolegium\/spnjo\/wp-json\/wp\/v2\/media?parent=128"}],"curies":[{"name":"wp","href":"https:\/\/api.w.org\/{rel}","templated":true}]}}