{"id":138,"date":"2021-07-07T11:21:14","date_gmt":"2021-07-07T09:21:14","guid":{"rendered":"https:\/\/us.edu.pl\/kolegium\/spnjo\/?page_id=138"},"modified":"2025-04-07T14:04:27","modified_gmt":"2025-04-07T12:04:27","slug":"e-platforma","status":"publish","type":"page","link":"https:\/\/us.edu.pl\/kolegium\/spnjo\/lektorat\/e-platforma\/","title":{"rendered":"e-platforma"},"content":{"rendered":"<p>[vc_row el_class=&#8221;container&#8221;][vc_column][vc_column_text]<\/p>\n<p>Studenci mog\u0105 korzysta\u0107 z kurs\u00f3w e-learningowych i materia\u0142\u00f3w interaktywnych do nauki j\u0119zyk\u00f3w obcych:<\/p>\n<p>Uczelniana Platforma E-learningowa &#8211; <a href=\"https:\/\/el.us.edu.pl\/spnjo\">https:\/\/el.us.edu.pl\/spnjo<\/a><\/p>\n<p>Inne platformy i zasoby: <a href=\"https:\/\/el.us.edu.pl\/spnjo\/?redirect=0\">https:\/\/el.us.edu.pl\/spnjo\/<\/a><\/p>\n<p>[\/vc_column_text][\/vc_column][\/vc_row]<\/p>","protected":false},"excerpt":{"rendered":"<p>[vc_row el_class=&#8221;container&#8221;][vc_column][vc_column_text] Studenci mog\u0105 korzysta\u0107 z kurs\u00f3w e-learningowych i materia\u0142\u00f3w interaktywnych do nauki j\u0119zyk\u00f3w obcych: Uczelniana Platforma E-learningowa &#8211; https:\/\/el.us.edu.pl\/spnjo Inne platformy i zasoby: https:\/\/el.us.edu.pl\/spnjo\/ [\/vc_column_text][\/vc_column][\/vc_row] [&#8230;]<\/p>\n<p><a class=\"btn btn-secondary understrap-read-more-link\" href=\"https:\/\/us.edu.pl\/kolegium\/spnjo\/lektorat\/e-platforma\/\">Read More&#8230;<\/a><\/p>\n","protected":false},"author":25,"featured_media":0,"parent":88,"menu_order":4,"comment_status":"closed","ping_status":"closed","template":"","meta":{"_expiration-date-status":"saved","_expiration-date":0,"_expiration-date-type":"","_expiration-date-categories":[],"_expiration-date-options":[]},"acf":[],"_links":{"self":[{"href":"https:\/\/us.edu.pl\/kolegium\/spnjo\/wp-json\/wp\/v2\/pages\/138"}],"collection":[{"href":"https:\/\/us.edu.pl\/kolegium\/spnjo\/wp-json\/wp\/v2\/pages"}],"about":[{"href":"https:\/\/us.edu.pl\/kolegium\/spnjo\/wp-json\/wp\/v2\/types\/page"}],"author":[{"embeddable":true,"href":"https:\/\/us.edu.pl\/kolegium\/spnjo\/wp-json\/wp\/v2\/users\/25"}],"replies":[{"embeddable":true,"href":"https:\/\/us.edu.pl\/kolegium\/spnjo\/wp-json\/wp\/v2\/comments?post=138"}],"version-history":[{"count":7,"href":"https:\/\/us.edu.pl\/kolegium\/spnjo\/wp-json\/wp\/v2\/pages\/138\/revisions"}],"predecessor-version":[{"id":3368,"href":"https:\/\/us.edu.pl\/kolegium\/spnjo\/wp-json\/wp\/v2\/pages\/138\/revisions\/3368"}],"up":[{"embeddable":true,"href":"https:\/\/us.edu.pl\/kolegium\/spnjo\/wp-json\/wp\/v2\/pages\/88"}],"wp:attachment":[{"href":"https:\/\/us.edu.pl\/kolegium\/spnjo\/wp-json\/wp\/v2\/media?parent=138"}],"curies":[{"name":"wp","href":"https:\/\/api.w.org\/{rel}","templated":true}]}}