{"id":1416,"date":"2023-07-18T12:56:18","date_gmt":"2023-07-18T10:56:18","guid":{"rendered":"https:\/\/us.edu.pl\/kolegium\/spnjo\/?page_id=1416"},"modified":"2024-10-01T11:08:26","modified_gmt":"2024-10-01T09:08:26","slug":"klucz-zima","status":"publish","type":"page","link":"https:\/\/us.edu.pl\/kolegium\/spnjo\/lektorat\/pierwsze-kroki\/diagnoza-jezykowa\/klucz-zima\/","title":{"rendered":"klucz zima"},"content":{"rendered":"<p>[vc_row][vc_column css=&#8221;.vc_custom_1727773403971{padding-right: 250px !important;padding-left: 250px !important;}&#8221;][vc_column_text css=&#8221;.vc_custom_1727773417734{padding-right: 250px !important;padding-left: 250px !important;}&#8221;]<\/p>\n<table style=\"height: 447px; width: 80%; border-style: groove; border-color: #000000;\">\n<tbody>\n<tr style=\"height: 78px;\">\n<td style=\"height: 10px; width: 20.4389%; border-style: groove; border-color: #000000;\"><strong>WYDZIA\u0141<\/strong><\/td>\n<td style=\"height: 10px; width: 10.1567%; border-style: groove; border-color: #000000;\"><strong>STOPIE\u0143<\/strong><\/td>\n<td style=\"height: 10px; width: 10.5956%; border-style: groove; border-color: #000000;\"><strong>Forma studi\u00f3w<\/strong><\/td>\n<td style=\"height: 10px; width: 8.40122%; border-style: groove; border-color: #000000;\"><strong>KLUCZ<\/strong><\/p>\n<p><strong>DOST\u0118PU<\/strong><\/td>\n<td style=\"height: 10px; width: 27.5235%; border-style: groove; border-color: #000000;\"><strong>KIERUNEK<\/strong><\/td>\n<td style=\"height: 10px; width: 11.8496%; border-style: groove; border-color: #000000;\"><strong>J\u0119zyk lektoratu<\/strong><\/td>\n<\/tr>\n<tr style=\"height: 18px;\">\n<td style=\"height: 54px; width: 20.4389%; border-style: groove; border-color: #000000;\" rowspan=\"3\"><strong>W1<\/strong><br \/>\n<strong>Wydzia\u0142<\/strong><br \/>\n<strong>Humanistyczny<\/strong><\/td>\n<td style=\"height: 18px; width: 10.1567%; border-style: groove; border-color: #000000;\"><em>drugi<\/em><\/td>\n<td style=\"height: 18px; width: 10.5956%; border-style: groove; border-color: #000000;\"><em>stacjonarne<\/em><\/td>\n<td style=\"height: 18px; width: 8.40122%; border-style: groove; border-color: #000000;\"><em>W1S203_2st<\/em><\/td>\n<td style=\"height: 18px; width: 27.5235%; border-style: groove; border-color: #000000;\"><em>Filologia polska<\/em><\/td>\n<td style=\"height: 18px; width: 11.8496%; border-style: groove; border-color: #000000;\"><\/td>\n<\/tr>\n<tr style=\"height: 18px;\">\n<td style=\"height: 18px; width: 10.1567%; border-style: groove; border-color: #000000;\"><em>drugi<\/em><\/td>\n<td style=\"height: 18px; width: 10.5956%; border-style: groove; border-color: #000000;\"><em>stacjonarne<\/em><\/td>\n<td style=\"height: 18px; width: 8.40122%; border-style: groove; border-color: #000000;\"><em>W1S211_2st<\/em><\/td>\n<td style=\"height: 18px; width: 27.5235%; border-style: groove; border-color: #000000;\"><em>Kulturoznawstwo<\/em><\/td>\n<td style=\"height: 18px; width: 11.8496%; border-style: groove; border-color: #000000;\"><\/td>\n<\/tr>\n<tr style=\"height: 18px;\">\n<td style=\"height: 18px; width: 10.1567%; border-style: groove; border-color: #000000;\"><em>drugi<\/em><\/td>\n<td style=\"height: 18px; width: 10.5956%; border-style: groove; border-color: #000000;\"><em>stacjonarne<\/em><\/td>\n<td style=\"height: 18px; width: 8.40122%; border-style: groove; border-color: #000000;\"><em>W1S212_2st<\/em><\/td>\n<td style=\"height: 18px; width: 27.5235%; border-style: groove; border-color: #000000;\"><em>Kultury medi\u00f3w<\/em><\/td>\n<td style=\"height: 18px; width: 11.8496%; border-style: groove; border-color: #000000;\"><\/td>\n<\/tr>\n<tr style=\"height: 54px;\">\n<td style=\"height: 107px; width: 20.4389%; border-style: groove; border-color: #000000;\" rowspan=\"7\"><strong>W2<\/strong><br \/>\n<strong>Wydzia\u0142 Nauk <\/strong><br \/>\n<strong>Przyrodniczych<\/strong><\/td>\n<td style=\"height: 10px; width: 10.1567%; border-style: groove; border-color: #000000;\"><em>drugi<\/em><\/td>\n<td style=\"height: 10px; width: 10.5956%; border-style: groove; border-color: #000000;\"><em>stacjonarne<\/em><\/td>\n<td style=\"height: 10px; width: 8.40122%; border-style: groove; border-color: #000000;\"><em>W2S201_2st<\/em><\/td>\n<td style=\"height: 10px; width: 27.5235%; border-style: groove; border-color: #000000;\"><em>Biologia<\/em><\/td>\n<td style=\"height: 10px; width: 11.8496%; border-style: groove; border-color: #000000;\">Modu\u0142 j\u0119zyk angielski<\/td>\n<\/tr>\n<tr style=\"height: 54px;\">\n<td style=\"height: 25px; width: 10.1567%; border-style: groove; border-color: #000000;\"><em>drugi<\/em><\/td>\n<td style=\"height: 25px; width: 10.5956%; border-style: groove; border-color: #000000;\"><em>stacjonarne<\/em><\/td>\n<td style=\"height: 25px; width: 8.40122%; border-style: groove; border-color: #000000;\"><em>W2S202_2st<\/em><\/td>\n<td style=\"height: 25px; width: 27.5235%; border-style: groove; border-color: #000000;\"><em>Biotechnologia<\/em><\/td>\n<td style=\"height: 25px; width: 11.8496%; border-style: groove; border-color: #000000;\">Modu\u0142 j\u0119zyk angielski<\/td>\n<\/tr>\n<tr style=\"height: 18px;\">\n<td style=\"height: 18px; width: 10.1567%; border-style: groove; border-color: #000000;\"><em>drugi<\/em><\/td>\n<td style=\"height: 18px; width: 10.5956%; border-style: groove; border-color: #000000;\"><em>stacjonarne<\/em><\/td>\n<td style=\"height: 18px; width: 8.40122%; border-style: groove; border-color: #000000;\"><em>W2S203_2st<\/em><\/td>\n<td style=\"height: 18px; width: 27.5235%; border-style: groove; border-color: #000000;\"><em>Geografia<\/em><\/td>\n<td style=\"height: 18px; width: 11.8496%; border-style: groove; border-color: #000000;\"><\/td>\n<\/tr>\n<tr style=\"height: 18px;\">\n<td style=\"height: 18px; width: 10.1567%; border-style: groove; border-color: #000000;\"><em>drugi<\/em><\/td>\n<td style=\"height: 18px; width: 10.5956%; border-style: groove; border-color: #000000;\"><em>stacjonarne<\/em><\/td>\n<td style=\"height: 18px; width: 8.40122%; border-style: groove; border-color: #000000;\"><em>W2S204_2st<\/em><\/td>\n<td style=\"height: 18px; width: 27.5235%; border-style: groove; border-color: #000000;\"><em>Geologia<\/em><\/td>\n<td style=\"height: 18px; width: 11.8496%; border-style: groove; border-color: #000000;\"><\/td>\n<\/tr>\n<tr style=\"height: 36px;\">\n<td style=\"height: 13px; width: 10.1567%; border-style: groove; border-color: #000000;\"><em>drugi<\/em><\/td>\n<td style=\"height: 13px; width: 10.5956%; border-style: groove; border-color: #000000;\"><em>stacjonarne<\/em><\/td>\n<td style=\"height: 13px; width: 8.40122%; border-style: groove; border-color: #000000;\"><em>W2S205_2st<\/em><\/td>\n<td style=\"height: 13px; width: 27.5235%; border-style: groove; border-color: #000000;\"><em>Geologia stosowana<\/em><\/td>\n<td style=\"height: 13px; width: 11.8496%; border-style: groove; border-color: #000000;\"><\/td>\n<\/tr>\n<tr style=\"height: 54px;\">\n<td style=\"height: 13px; width: 10.1567%; border-style: groove; border-color: #000000;\"><em>drugi<\/em><\/td>\n<td style=\"height: 13px; width: 10.5956%; border-style: groove; border-color: #000000;\"><em>stacjonarne<\/em><\/td>\n<td style=\"height: 13px; width: 8.40122%; border-style: groove; border-color: #000000;\"><em>W2S206_2st<\/em><\/td>\n<td style=\"height: 13px; width: 27.5235%; border-style: groove; border-color: #000000;\"><em>Ochrona \u015brodowiska<\/em><\/td>\n<td style=\"height: 13px; width: 11.8496%; border-style: groove; border-color: #000000;\">Modu\u0142 j\u0119zyk angielski<\/td>\n<\/tr>\n<tr style=\"height: 54px;\">\n<td style=\"height: 10px; width: 10.1567%; border-style: groove; border-color: #000000;\"><em>drugi<\/em><\/td>\n<td style=\"height: 10px; width: 10.5956%; border-style: groove; border-color: #000000;\"><em>stacjonarne<\/em><\/td>\n<td style=\"height: 10px; width: 8.40122%; border-style: groove; border-color: #000000;\"><em>W2S207_2st<\/em><\/td>\n<td style=\"height: 10px; width: 27.5235%; border-style: groove; border-color: #000000;\"><em>Turystyka<\/em><\/td>\n<td style=\"height: 10px; width: 11.8496%; border-style: groove; border-color: #000000;\">Modu\u0142 j\u0119zyk angielski<\/td>\n<\/tr>\n<tr style=\"height: 54px;\">\n<td style=\"height: 38px; width: 20.4389%; border-style: groove; border-color: #000000;\" rowspan=\"3\"><strong>W3<\/strong><br \/>\n<strong>Wydzia\u0142 Nauk <\/strong><br \/>\n<strong>Spo\u0142ecznych<\/strong><\/td>\n<td style=\"height: 10px; width: 10.1567%; border-style: groove; border-color: #000000;\"><em>drugi<\/em><\/td>\n<td style=\"height: 10px; width: 10.5956%; border-style: groove; border-color: #000000;\"><em>stacjonarne<\/em><\/td>\n<td style=\"height: 10px; width: 8.40122%; border-style: groove; border-color: #000000;\"><em>W3S207_2st<\/em><\/td>\n<td style=\"height: 10px; width: 27.5235%; border-style: groove; border-color: #000000;\"><em>Pedagogika<\/em><\/td>\n<td style=\"height: 10px; width: 11.8496%; border-style: groove; border-color: #000000;\">Modu\u0142 j\u0119zyk obcy<\/td>\n<\/tr>\n<tr style=\"height: 18px;\">\n<td style=\"height: 18px; width: 10.1567%; border-style: groove; border-color: #000000;\"><span style=\"color: #00ccff;\"><em>drugi<\/em><\/span><\/td>\n<td style=\"height: 18px; width: 10.5956%; border-style: groove; border-color: #000000;\"><span style=\"color: #00ccff;\"><em>niestacjonarne<\/em><\/span><\/td>\n<td style=\"height: 18px; width: 8.40122%; border-style: groove; border-color: #000000;\"><span style=\"color: #00ccff;\"><em>W3N207_2st<\/em><\/span><\/td>\n<td style=\"height: 18px; width: 27.5235%; border-style: groove; border-color: #000000;\"><span style=\"color: #00ccff;\"><em>Pedagogika<\/em><\/span><\/td>\n<td style=\"height: 18px; width: 11.8496%; border-style: groove; border-color: #000000;\"><\/td>\n<\/tr>\n<tr style=\"height: 54px;\">\n<td style=\"height: 10px; width: 10.1567%; border-style: groove; border-color: #000000;\"><em>JM \/VIII semestr<\/em><\/td>\n<td style=\"height: 10px; width: 10.5956%; border-style: groove; border-color: #000000;\"><em>stacjonarne<\/em><\/td>\n<td style=\"height: 10px; width: 8.40122%; border-style: groove; border-color: #000000;\"><em>W3S210_st.JM7<\/em><\/td>\n<td style=\"height: 10px; width: 27.5235%; border-style: groove; border-color: #000000;\"><em>Psychologia<\/em><\/td>\n<td style=\"height: 10px; width: 11.8496%; border-style: groove; border-color: #000000;\">Modu\u0142 j\u0119zyk angielski<\/td>\n<\/tr>\n<tr style=\"height: 54px;\">\n<td style=\"height: 74px; width: 20.4389%; vertical-align: middle; border-style: groove; border-color: #000000;\" rowspan=\"5\"><strong>W4<\/strong><br \/>\n<strong>Wydzia\u0142 Nauk <\/strong><br \/>\n<strong>\u015acis\u0142ych <\/strong><br \/>\n<strong>i Technicznych<\/strong><strong><br \/>\n<\/strong><\/td>\n<td style=\"height: 10px; width: 10.1567%; border-style: groove; border-color: #000000;\"><em>drugi<\/em><\/td>\n<td style=\"height: 10px; width: 10.5956%; border-style: groove; border-color: #000000;\"><em>stacjonarne<\/em><\/td>\n<td style=\"height: 10px; width: 8.40122%; border-style: groove; border-color: #000000;\"><em>W4S208_2st<\/em><\/td>\n<td style=\"height: 10px; width: 27.5235%; border-style: groove; border-color: #000000;\"><em>In\u017cynieria materia\u0142owa<\/em><\/td>\n<td style=\"height: 10px; width: 11.8496%; border-style: groove; border-color: #000000;\">Modu\u0142 j\u0119zyk angielski<\/td>\n<\/tr>\n<tr style=\"height: 36px;\">\n<td style=\"width: 10.1567%; height: 10px; border-style: groove; border-color: #000000;\">pierwszy<\/td>\n<td style=\"width: 10.5956%; height: 10px; border-style: groove; border-color: #000000;\">stacjonarne<\/td>\n<td style=\"width: 8.40122%; height: 10px; border-style: groove; border-color: #000000;\">W4S209_2st<\/td>\n<td style=\"width: 27.5235%; height: 10px; border-style: groove; border-color: #000000;\">Fizyka, Fizyka medyczna II rok<\/td>\n<td style=\"width: 11.8496%; height: 10px; border-style: groove; border-color: #000000;\"><\/td>\n<\/tr>\n<tr style=\"height: 18px;\">\n<td style=\"width: 10.1567%; height: 18px; border-style: groove; border-color: #000000;\">pierwszy<\/td>\n<td style=\"width: 10.5956%; height: 18px; border-style: groove; border-color: #000000;\">stacjonarne<\/td>\n<td style=\"width: 8.40122%; height: 18px; border-style: groove; border-color: #000000;\">W4S209_2st<\/td>\n<td style=\"width: 27.5235%; height: 18px; border-style: groove; border-color: #000000;\">Matematyka II rok<\/td>\n<td style=\"width: 11.8496%; height: 18px; border-style: groove; border-color: #000000;\"><\/td>\n<\/tr>\n<tr style=\"height: 18px;\">\n<td style=\"height: 18px; width: 10.1567%; border-style: groove; border-color: #000000;\"><em>drugi<\/em><\/td>\n<td style=\"height: 18px; width: 10.5956%; border-style: groove; border-color: #000000;\"><em>stacjonarne<\/em><\/td>\n<td style=\"height: 18px; width: 8.40122%; border-style: groove; border-color: #000000;\"><em>W4S209_2st<\/em><\/td>\n<td style=\"height: 18px; width: 27.5235%; border-style: groove; border-color: #000000;\"><em>Matematyka<\/em><\/td>\n<td style=\"height: 18px; width: 11.8496%; border-style: groove; border-color: #000000;\"><\/td>\n<\/tr>\n<tr style=\"height: 18px;\">\n<td style=\"height: 18px; width: 10.1567%; border-style: groove; border-color: #000000;\"><em>drugi<\/em><\/td>\n<td style=\"height: 18px; width: 10.5956%; border-style: groove; border-color: #000000;\"><em>stacjonarne<\/em><\/td>\n<td style=\"height: 18px; width: 8.40122%; border-style: groove; border-color: #000000;\"><em>W3S210_2st<\/em><\/td>\n<td style=\"height: 18px; width: 27.5235%; border-style: groove; border-color: #000000;\"><em>Mechatronika<\/em><\/td>\n<td style=\"height: 18px; width: 11.8496%; border-style: groove; border-color: #000000;\"><\/td>\n<\/tr>\n<tr style=\"height: 18px;\">\n<td style=\"height: 28px; width: 20.4389%; border-style: groove; border-color: #000000;\" rowspan=\"2\"><strong>W5<\/strong><br \/>\n<strong>Wydzia\u0142 Prawa <\/strong><br \/>\n<strong>i Administracji<\/strong><\/td>\n<td style=\"height: 18px; width: 10.1567%; border-style: groove; border-color: #000000;\">JM<\/td>\n<td style=\"height: 18px; width: 10.5956%; border-style: groove; border-color: #000000;\">stacjonarne<\/td>\n<td style=\"height: 18px; width: 8.40122%; border-style: groove; border-color: #000000;\">W5S102<\/td>\n<td style=\"height: 18px; width: 27.5235%; border-style: groove; border-color: #000000;\">Prawo<\/td>\n<td style=\"height: 18px; width: 11.8496%; border-style: groove; border-color: #000000;\"><\/td>\n<\/tr>\n<tr style=\"height: 78px;\">\n<td style=\"height: 10px; width: 10.1567%; border-style: groove; border-color: #000000;\"><span style=\"color: #00ccff;\">JM<\/span><\/td>\n<td style=\"height: 10px; width: 10.5956%; border-style: groove; border-color: #000000;\"><span style=\"color: #00ccff;\">niestacjonarne<\/span><\/td>\n<td style=\"height: 10px; width: 8.40122%; border-style: groove; border-color: #000000;\"><span style=\"color: #00ccff;\">W5N102_pt<\/span><\/p>\n<p><span style=\"color: #00ccff;\">W5N102_we<\/span><\/td>\n<td style=\"height: 10px; width: 27.5235%; border-style: groove; border-color: #000000;\"><span style=\"color: #00ccff;\">Prawo<\/span><\/td>\n<td style=\"height: 10px; width: 11.8496%; border-style: groove; border-color: #000000;\"><\/td>\n<\/tr>\n<tr style=\"height: 18px;\">\n<td style=\"height: 66px; width: 20.4389%; border-style: groove; border-color: #000000;\" rowspan=\"5\"><strong>W6<\/strong><br \/>\n<strong>Wydzia\u0142 Sztuki <\/strong><br \/>\n<strong>i Nauk o Edukacji<\/strong><\/td>\n<td style=\"height: 18px; width: 10.1567%; border-style: groove; border-color: #000000;\"><em>drugi<\/em><\/td>\n<td style=\"height: 18px; width: 10.5956%; border-style: groove; border-color: #000000;\"><em>stacjonarne<\/em><\/td>\n<td style=\"height: 18px; width: 8.40122%; border-style: groove; border-color: #000000;\"><em>W6S208<\/em><\/td>\n<td style=\"height: 18px; width: 27.5235%; border-style: groove; border-color: #000000;\"><em>Pedagogika<\/em><\/td>\n<td style=\"height: 18px; width: 11.8496%; border-style: groove; border-color: #000000;\"><\/td>\n<\/tr>\n<tr style=\"height: 18px;\">\n<td style=\"height: 18px; width: 10.1567%; border-style: groove; border-color: #000000;\"><span style=\"color: #00ccff;\"><em>drugi<\/em><\/span><\/td>\n<td style=\"height: 18px; width: 10.5956%; border-style: groove; border-color: #000000;\"><span style=\"color: #00ccff;\"><em>niestacjonarne<\/em><\/span><\/td>\n<td style=\"height: 18px; width: 8.40122%; border-style: groove; border-color: #000000;\"><span style=\"color: #00ccff;\"><em>W6N208<\/em><\/span><\/td>\n<td style=\"height: 18px; width: 27.5235%; border-style: groove; border-color: #000000;\"><span style=\"color: #00ccff;\"><em>Pedagogika<\/em><\/span><\/td>\n<td style=\"height: 18px; width: 11.8496%; border-style: groove; border-color: #000000;\"><\/td>\n<\/tr>\n<tr style=\"height: 54px;\">\n<td style=\"height: 10px; width: 10.1567%; border-style: groove; border-color: #000000;\"><em>drugi<\/em><\/td>\n<td style=\"height: 10px; width: 10.5956%; border-style: groove; border-color: #000000;\"><em>stacjonarne<\/em><\/td>\n<td style=\"height: 10px; width: 8.40122%; border-style: groove; border-color: #000000;\"><em>W6S210<\/em><\/td>\n<td style=\"height: 10px; width: 27.5235%; border-style: groove; border-color: #000000;\"><em>Pedagogika os\u00f3b <\/em><em>niepe\u0142nosprawnych z arteterapi\u0105<\/em><\/td>\n<td style=\"height: 10px; width: 11.8496%; border-style: groove; border-color: #000000;\"><\/td>\n<\/tr>\n<tr style=\"height: 54px;\">\n<td style=\"height: 10px; width: 10.1567%; border-style: groove; border-color: #000000;\"><span style=\"color: #00ccff;\"><em>drugi<\/em><\/span><\/td>\n<td style=\"height: 10px; width: 10.5956%; border-style: groove; border-color: #000000;\"><span style=\"color: #00ccff;\"><em>niestacjonarne<\/em><\/span><\/td>\n<td style=\"height: 10px; width: 8.40122%; border-style: groove; border-color: #000000;\"><span style=\"color: #00ccff;\"><em>W6N210<\/em><\/span><\/td>\n<td style=\"height: 10px; width: 27.5235%; border-style: groove; border-color: #000000;\"><span style=\"color: #00ccff;\"><em>Pedagogika os\u00f3b <\/em><\/span><span style=\"color: #00ccff;\"><em>niepe\u0142nosprawnych z arteterapi\u0105<\/em><\/span><\/td>\n<td style=\"height: 10px; width: 11.8496%; border-style: groove; border-color: #000000;\"><\/td>\n<\/tr>\n<tr style=\"height: 36px;\">\n<td style=\"height: 10px; width: 10.1567%; border-style: groove; border-color: #000000;\"><em>JM \/V semestr<\/em><\/td>\n<td style=\"height: 10px; width: 10.5956%; border-style: groove; border-color: #000000;\"><em>stacjonarne<\/em><\/td>\n<td style=\"height: 10px; width: 8.40122%; border-style: groove; border-color: #000000;\"><em>W6S208<\/em><\/td>\n<td style=\"height: 10px; width: 27.5235%; border-style: groove; border-color: #000000;\"><em>Pedagogika JM. Semestr 5<\/em><\/td>\n<td style=\"height: 10px; width: 11.8496%; border-style: groove; border-color: #000000;\"><\/td>\n<\/tr>\n<tr style=\"height: 54px;\">\n<td style=\"height: 70px; width: 20.4389%; border-style: groove; border-color: #000000;\" rowspan=\"7\"><strong>W8<\/strong><br \/>\n<strong>Szko\u0142a Filmowa <\/strong><br \/>\n<strong>im. Krzysztofa Kie\u015blowskiego<\/strong><\/td>\n<td style=\"height: 10px; width: 10.1567%; border-style: groove; border-color: #000000;\">pierwszy<\/td>\n<td style=\"height: 10px; width: 10.5956%; border-style: groove; border-color: #000000;\">stacjonarne<\/td>\n<td style=\"height: 10px; width: 8.40122%; border-style: groove; border-color: #000000;\">W8S101<\/td>\n<td style=\"height: 10px; width: 27.5235%; border-style: groove; border-color: #000000;\">Organizacja produkcji filmowej i telewizyjnej<\/td>\n<td style=\"height: 10px; width: 11.8496%; border-style: groove; border-color: #000000;\">Modu\u0142 j\u0119zyk obcy<\/td>\n<\/tr>\n<tr style=\"height: 54px;\">\n<td style=\"height: 10px; width: 10.1567%; border-style: groove; border-color: #000000;\"><span style=\"color: #00ccff;\">pierwszy<\/span><\/td>\n<td style=\"height: 10px; width: 10.5956%; border-style: groove; border-color: #000000;\"><span style=\"color: #00ccff;\">niestacjonarne<\/span><\/td>\n<td style=\"height: 10px; width: 8.40122%; border-style: groove; border-color: #000000;\"><span style=\"color: #00ccff;\">W8N101<\/span><\/td>\n<td style=\"height: 10px; width: 27.5235%; border-style: groove; border-color: #000000;\"><span style=\"color: #00ccff;\">Organizacja produkcji filmowej i telewizyjnej<\/span><\/td>\n<td style=\"height: 10px; width: 11.8496%; border-style: groove; border-color: #000000;\"><\/td>\n<\/tr>\n<tr style=\"height: 54px;\">\n<td style=\"height: 10px; width: 10.1567%; border-style: groove; border-color: #000000;\"><em>drugi<\/em><\/td>\n<td style=\"height: 10px; width: 10.5956%; border-style: groove; border-color: #000000;\"><em>stacjonarne<\/em><\/td>\n<td style=\"height: 10px; width: 8.40122%; border-style: groove; border-color: #000000;\"><em>W8S201<\/em><\/td>\n<td style=\"height: 10px; width: 27.5235%; border-style: groove; border-color: #000000;\"><em>Organizacja produkcji filmowej i telewizyjnej<\/em><\/td>\n<td style=\"height: 10px; width: 11.8496%; border-style: groove; border-color: #000000;\">Modu\u0142 j\u0119zyk obcy<\/td>\n<\/tr>\n<tr style=\"height: 54px;\">\n<td style=\"height: 10px; width: 10.1567%; border-style: groove; border-color: #000000;\"><span style=\"color: #00ccff;\"><em>drugi<\/em><\/span><\/td>\n<td style=\"height: 10px; width: 10.5956%; border-style: groove; border-color: #000000;\"><span style=\"color: #00ccff;\"><em>niestacjonarne<\/em><\/span><\/td>\n<td style=\"height: 10px; width: 8.40122%; border-style: groove; border-color: #000000;\"><span style=\"color: #00ccff;\"><em>W8N201<\/em><\/span><\/td>\n<td style=\"height: 10px; width: 27.5235%; border-style: groove; border-color: #000000;\"><span style=\"color: #00ccff;\"><em>Organizacja produkcji filmowej i telewizyjnej<\/em><\/span><\/td>\n<td style=\"height: 10px; width: 11.8496%; border-style: groove; border-color: #000000;\"><\/td>\n<\/tr>\n<tr style=\"height: 72px;\">\n<td style=\"height: 10px; width: 10.1567%; border-style: groove; border-color: #000000;\"><em>JM \/V semestr<\/em><\/td>\n<td style=\"height: 10px; width: 10.5956%; border-style: groove; border-color: #000000;\"><em>stacjonarne<\/em><\/td>\n<td style=\"height: 10px; width: 8.40122%; border-style: groove; border-color: #000000;\"><em>W8S202<\/em><\/td>\n<td style=\"height: 10px; width: 27.5235%; border-style: groove; border-color: #000000;\"><em>Realizacja obrazu filmowego, telewizyjnego i fotografia<\/em><\/td>\n<td style=\"height: 10px; width: 11.8496%; border-style: groove; border-color: #000000;\">Modu\u0142 j\u0119zyk obcy<\/td>\n<\/tr>\n<tr style=\"height: 54px;\">\n<td style=\"height: 10px; width: 10.1567%; border-style: groove; border-color: #000000;\">pierwszy<\/td>\n<td style=\"height: 10px; width: 10.5956%; border-style: groove; border-color: #000000;\">stacjonarne<\/td>\n<td style=\"height: 10px; width: 8.40122%; border-style: groove; border-color: #000000;\">W8S103<\/td>\n<td style=\"height: 10px; width: 27.5235%; border-style: groove; border-color: #000000;\">Re\u017cyseria<\/td>\n<td style=\"height: 10px; width: 11.8496%; border-style: groove; border-color: #000000;\">Modu\u0142 j\u0119zyk obcy<\/td>\n<\/tr>\n<tr style=\"height: 54px;\">\n<td style=\"height: 10px; width: 10.1567%; border-style: groove; border-color: #000000;\"><em>drugi<\/em><\/td>\n<td style=\"height: 10px; width: 10.5956%; border-style: groove; border-color: #000000;\"><em>stacjonarne<\/em><\/td>\n<td style=\"height: 10px; width: 8.40122%; border-style: groove; border-color: #000000;\"><em>W8S203<\/em><\/td>\n<td style=\"height: 10px; width: 27.5235%; border-style: groove; border-color: #000000;\"><em>Re\u017cyseria<\/em><\/td>\n<td style=\"height: 10px; width: 11.8496%; border-style: groove; border-color: #000000;\">Modu\u0142 j\u0119zyk obcy<\/td>\n<\/tr>\n<\/tbody>\n<\/table>\n<p>[\/vc_column_text][\/vc_column][\/vc_row]<\/p>","protected":false},"excerpt":{"rendered":"<p>[vc_row][vc_column css=&#8221;.vc_custom_1727773403971{padding-right: 250px !important;padding-left: 250px !important;}&#8221;][vc_column_text css=&#8221;.vc_custom_1727773417734{padding-right: 250px !important;padding-left: 250px !important;}&#8221;] WYDZIA\u0141 STOPIE\u0143 Forma studi\u00f3w KLUCZ DOST\u0118PU KIERUNEK J\u0119zyk lektoratu W1 Wydzia\u0142 Humanistyczny drugi stacjonarne W1S203_2st Filologia polska drugi stacjonarne W1S211_2st Kulturoznawstwo drugi stacjonarne W1S212_2st Kultury medi\u00f3w W2 Wydzia\u0142 Nauk Przyrodniczych drugi stacjonarne W2S201_2st Biologia Modu\u0142 j\u0119zyk angielski drugi stacjonarne W2S202_2st Biotechnologia Modu\u0142 j\u0119zyk angielski [&#8230;]<\/p>\n<p><a class=\"btn btn-secondary understrap-read-more-link\" href=\"https:\/\/us.edu.pl\/kolegium\/spnjo\/lektorat\/pierwsze-kroki\/diagnoza-jezykowa\/klucz-zima\/\">Read More&#8230;<\/a><\/p>\n","protected":false},"author":3369,"featured_media":0,"parent":112,"menu_order":0,"comment_status":"closed","ping_status":"closed","template":"","meta":{"_expiration-date-status":"","_expiration-date":0,"_expiration-date-type":"","_expiration-date-categories":[],"_expiration-date-options":[]},"acf":[],"_links":{"self":[{"href":"https:\/\/us.edu.pl\/kolegium\/spnjo\/wp-json\/wp\/v2\/pages\/1416"}],"collection":[{"href":"https:\/\/us.edu.pl\/kolegium\/spnjo\/wp-json\/wp\/v2\/pages"}],"about":[{"href":"https:\/\/us.edu.pl\/kolegium\/spnjo\/wp-json\/wp\/v2\/types\/page"}],"author":[{"embeddable":true,"href":"https:\/\/us.edu.pl\/kolegium\/spnjo\/wp-json\/wp\/v2\/users\/3369"}],"replies":[{"embeddable":true,"href":"https:\/\/us.edu.pl\/kolegium\/spnjo\/wp-json\/wp\/v2\/comments?post=1416"}],"version-history":[{"count":10,"href":"https:\/\/us.edu.pl\/kolegium\/spnjo\/wp-json\/wp\/v2\/pages\/1416\/revisions"}],"predecessor-version":[{"id":2442,"href":"https:\/\/us.edu.pl\/kolegium\/spnjo\/wp-json\/wp\/v2\/pages\/1416\/revisions\/2442"}],"up":[{"embeddable":true,"href":"https:\/\/us.edu.pl\/kolegium\/spnjo\/wp-json\/wp\/v2\/pages\/112"}],"wp:attachment":[{"href":"https:\/\/us.edu.pl\/kolegium\/spnjo\/wp-json\/wp\/v2\/media?parent=1416"}],"curies":[{"name":"wp","href":"https:\/\/api.w.org\/{rel}","templated":true}]}}