{"id":1433,"date":"2023-07-18T13:51:29","date_gmt":"2023-07-18T11:51:29","guid":{"rendered":"https:\/\/us.edu.pl\/kolegium\/spnjo\/?page_id=1433"},"modified":"2025-04-07T12:07:24","modified_gmt":"2025-04-07T10:07:24","slug":"cennik-ec","status":"publish","type":"page","link":"https:\/\/us.edu.pl\/kolegium\/spnjo\/poza-lektoratem\/certyfikaty\/cennik-ec\/","title":{"rendered":"cennik EC"},"content":{"rendered":"<p>[vc_row el_class=&#8221;container&#8221;][vc_column][vc_column_text]<span style=\"font-size: 12pt;\">Odp\u0142atno\u015b\u0107 za egzamin certyfikuj\u0105cy z j\u0119zyka angielskiego (<span style=\"text-decoration: underline;\">w tym wydanie akademickiego certyfikatu znajomo\u015bci j\u0119zyka obcego<\/span>):<\/span><\/p>\n<p><span style=\"font-size: 12pt;\">&#8211; na poziomie B2: 350,00 z\u0142.<br \/>\n&#8211; na poziomie C1: 380,00 z\u0142.<\/span><\/p>\n<table class=\" aligncenter\" style=\"border-style: groove; border-color: #000000; width: 76.6675%; height: 255px;\">\n<tbody>\n<tr style=\"height: 173px;\">\n<td style=\"border-style: groove; border-color: #000000; vertical-align: top; height: 173px;\"><span style=\"font-size: 12pt;\">Regulowanie nale\u017cno\u015bci przez kandydat\u00f3w:<\/span><\/td>\n<td style=\"border-style: groove; border-color: #000000; height: 173px;\"><span style=\"font-size: 12pt;\">Uniwersytet \u015al\u0105ski w Katowicach<\/span><br \/>\n<span style=\"font-size: 12pt;\">ul. Bankowa 12<\/span><br \/>\n<span style=\"font-size: 12pt;\">40-007 Katowice<br \/>\n<\/span><span style=\"font-size: 12pt;\"><strong>nr konta: 34 1050 1214 1000 0007 0131 0369<\/strong><\/span><span style=\"font-size: 12pt;\">Tytu\u0142 przelewu:<br \/>\n<strong>SPNJO EC B2 Nazwisko i imi\u0119 kandydata<br \/>\n<\/strong>lub<\/span><br \/>\n<span style=\"font-size: 12pt;\"><strong>SPNJO EC C1 Nazwisko i imi\u0119 kandydata<\/strong><\/span><\/td>\n<\/tr>\n<tr style=\"height: 41px;\">\n<td style=\"border-style: groove; border-color: #000000; height: 41px;\"><span style=\"font-size: 12pt;\">Termin regulowania nale\u017cno\u015bci przez kandydat\u00f3w:<\/span><\/td>\n<td style=\"border-style: groove; border-color: #000000; height: 41px;\"><span style=\"font-size: 12pt;\">do tygodnia od dokonania rejestracji<\/span><\/td>\n<\/tr>\n<tr style=\"height: 41px;\">\n<td style=\"border-style: groove; border-color: #000000; height: 41px;\"><span style=\"font-size: 12pt;\">Potwierdzenie dokonania wp\u0142aty:<\/span><\/td>\n<td style=\"border-style: groove; border-color: #000000; height: 41px;\"><span style=\"font-size: 12pt;\">Prosimy o przes\u0142anie informacji o dokonaniu wp\u0142aty na adres:\u00a0<a href=\"mailto:certyfikatyspnjo@us.edu.pl\">certyfikatyspnjo@us.edu.pl<\/a><\/span><\/td>\n<\/tr>\n<\/tbody>\n<\/table>\n<p>&nbsp;<\/p>\n<p><span style=\"font-size: 12pt;\">Odp\u0142atno\u015b\u0107 za wydanie akademickiego certyfikatu znajomo\u015bci j\u0119zyka obcego (dla student\u00f3w przyst\u0119puj\u0105cych nieodp\u0142atnie):<br \/>\n<\/span><\/p>\n<p><span style=\"font-size: 12pt;\">&#8211; wysoko\u015b\u0107 op\u0142aty: 40,00 z\u0142.<\/span><\/p>\n<table class=\" aligncenter\" style=\"border-style: groove; border-color: #000000; width: 76.6675%; height: 255px;\">\n<tbody>\n<tr style=\"height: 173px;\">\n<td style=\"border-style: groove; border-color: #000000; vertical-align: top; height: 173px;\"><span style=\"font-size: 12pt;\">Regulowanie nale\u017cno\u015bci przez kandydat\u00f3w:<\/span><\/td>\n<td style=\"border-style: groove; border-color: #000000; height: 173px;\"><span style=\"font-size: 12pt;\">Uniwersytet \u015al\u0105ski w Katowicach<\/span><br \/>\n<span style=\"font-size: 12pt;\">ul. Bankowa 12<\/span><br \/>\n<span style=\"font-size: 12pt;\">40-007 Katowice<br \/>\n<\/span><span style=\"font-size: 12pt;\"><strong>nr konta: 34 1050 1214 1000 0007 0131 0369<\/strong><\/span><span style=\"font-size: 12pt;\">Tytu\u0142 przelewu:<br \/>\n<strong>SPNJO EC B2 CERTYFIKAT Nazwisko i imi\u0119<br \/>\n<\/strong>lub<\/span><br \/>\n<span style=\"font-size: 12pt;\"><strong>SPNJO EC C1 CERTYFIKAT Nazwisko i imi\u0119<\/strong><\/span><\/td>\n<\/tr>\n<tr style=\"height: 41px;\">\n<td style=\"border-style: groove; border-color: #000000; height: 41px;\"><span style=\"font-size: 12pt;\">Termin regulowania nale\u017cno\u015bci przez kandydat\u00f3w:<\/span><\/td>\n<td style=\"border-style: groove; border-color: #000000; height: 41px;\"><span style=\"font-size: 16px;\">po zdanym egzaminie <em>(termin zostanie podany p\u00f3\u017aniej)<\/em><\/span><\/td>\n<\/tr>\n<tr style=\"height: 41px;\">\n<td style=\"border-style: groove; border-color: #000000; height: 41px;\"><span style=\"font-size: 12pt;\">Potwierdzenie dokonania wp\u0142aty:<\/span><\/td>\n<td style=\"border-style: groove; border-color: #000000; height: 41px;\"><span style=\"font-size: 16px;\">Prosimy o przed\u0142o\u017cenie dowodu wp\u0142aty w Sekretariacie SPNJO<br \/>\n&#8211; godziny pracy <a href=\"https:\/\/us.edu.pl\/kolegium\/spnjo\/sekretariat\/\">TUTAJ<\/a><\/span><\/td>\n<\/tr>\n<\/tbody>\n<\/table>\n<p>&nbsp;<\/p>\n<p>[\/vc_column_text][\/vc_column][\/vc_row]<\/p>","protected":false},"excerpt":{"rendered":"<p>[vc_row el_class=&#8221;container&#8221;][vc_column][vc_column_text]Odp\u0142atno\u015b\u0107 za egzamin certyfikuj\u0105cy z j\u0119zyka angielskiego (w tym wydanie akademickiego certyfikatu znajomo\u015bci j\u0119zyka obcego): &#8211; na poziomie B2: 350,00 z\u0142. &#8211; na poziomie C1: 380,00 z\u0142. Regulowanie nale\u017cno\u015bci przez kandydat\u00f3w: Uniwersytet \u015al\u0105ski w Katowicach ul. Bankowa 12 40-007 Katowice nr konta: 34 1050 1214 1000 0007 0131 0369Tytu\u0142 przelewu: SPNJO EC B2 Nazwisko [&#8230;]<\/p>\n<p><a class=\"btn btn-secondary understrap-read-more-link\" href=\"https:\/\/us.edu.pl\/kolegium\/spnjo\/poza-lektoratem\/certyfikaty\/cennik-ec\/\">Read More&#8230;<\/a><\/p>\n","protected":false},"author":3369,"featured_media":0,"parent":147,"menu_order":0,"comment_status":"closed","ping_status":"closed","template":"","meta":{"_expiration-date-status":"","_expiration-date":0,"_expiration-date-type":"","_expiration-date-categories":[],"_expiration-date-options":[]},"acf":[],"_links":{"self":[{"href":"https:\/\/us.edu.pl\/kolegium\/spnjo\/wp-json\/wp\/v2\/pages\/1433"}],"collection":[{"href":"https:\/\/us.edu.pl\/kolegium\/spnjo\/wp-json\/wp\/v2\/pages"}],"about":[{"href":"https:\/\/us.edu.pl\/kolegium\/spnjo\/wp-json\/wp\/v2\/types\/page"}],"author":[{"embeddable":true,"href":"https:\/\/us.edu.pl\/kolegium\/spnjo\/wp-json\/wp\/v2\/users\/3369"}],"replies":[{"embeddable":true,"href":"https:\/\/us.edu.pl\/kolegium\/spnjo\/wp-json\/wp\/v2\/comments?post=1433"}],"version-history":[{"count":11,"href":"https:\/\/us.edu.pl\/kolegium\/spnjo\/wp-json\/wp\/v2\/pages\/1433\/revisions"}],"predecessor-version":[{"id":3328,"href":"https:\/\/us.edu.pl\/kolegium\/spnjo\/wp-json\/wp\/v2\/pages\/1433\/revisions\/3328"}],"up":[{"embeddable":true,"href":"https:\/\/us.edu.pl\/kolegium\/spnjo\/wp-json\/wp\/v2\/pages\/147"}],"wp:attachment":[{"href":"https:\/\/us.edu.pl\/kolegium\/spnjo\/wp-json\/wp\/v2\/media?parent=1433"}],"curies":[{"name":"wp","href":"https:\/\/api.w.org\/{rel}","templated":true}]}}