{"id":1439,"date":"2023-07-18T14:04:25","date_gmt":"2023-07-18T12:04:25","guid":{"rendered":"https:\/\/us.edu.pl\/kolegium\/spnjo\/?page_id=1439"},"modified":"2026-04-10T11:52:25","modified_gmt":"2026-04-10T09:52:25","slug":"ustny-ec","status":"publish","type":"page","link":"https:\/\/us.edu.pl\/kolegium\/spnjo\/poza-lektoratem\/certyfikaty\/ustny-ec\/","title":{"rendered":"ustny EC"},"content":{"rendered":"<p>[vc_row el_class=&#8221;container&#8221;][vc_column][vc_column_text]<\/p>\n<div class=\"vc_row wpb_row vc_row-fluid vc_custom_1689682322693\">\n<div class=\"wpb_column vc_column_container vc_col-sm-12\">\n<div class=\"vc_column-inner\">\n<div class=\"wpb_wrapper\">\n<div class=\"wpb_text_column wpb_content_element \">\n<div class=\"wpb_wrapper\">\n<ul>\n<li>Cz\u0119\u015b\u0107 ustna:\n<ul>\n<li>DATA:\u00a0<strong>14.05.2026 r.<\/strong>\u00a0od godz.\u00a0<strong>9:00.<\/strong><\/li>\n<li>Miejsce:\u00a0<strong>SPNJO; ul. Bankowa 14<\/strong><\/li>\n<\/ul>\n<\/li>\n<\/ul>\n<p>&nbsp;<\/p>\n<hr \/>\n<p><strong>Informacje organizacyjne<\/strong><\/p>\n<p>1. W czasie egzaminu telefony kom\u00f3rkowe musz\u0105 by\u0107 wy\u0142\u0105czone &#8211; niestosowanie si\u0119 do tego punktu regulaminu spowoduje usuni\u0119cie kandydata z sali egzaminacyjnej.<\/p>\n<p>2. Kandydat musi zdoby\u0107 minimum 60% punkt\u00f3w z cz\u0119\u015bci pisemnej i 60% z cz\u0119\u015bci ustnej, aby zda\u0107 ca\u0142y egzamin.<\/p>\n<p>&nbsp;<\/p>\n<p>&nbsp;<\/p>\n<\/div>\n<\/div>\n<\/div>\n<\/div>\n<\/div>\n<\/div>\n<p>[\/vc_column_text][\/vc_column][\/vc_row]<\/p>","protected":false},"excerpt":{"rendered":"<p>[vc_row el_class=&#8221;container&#8221;][vc_column][vc_column_text] Cz\u0119\u015b\u0107 ustna: DATA:\u00a014.05.2026 r.\u00a0od godz.\u00a09:00. Miejsce:\u00a0SPNJO; ul. Bankowa 14 &nbsp; Informacje organizacyjne 1. W czasie egzaminu telefony kom\u00f3rkowe musz\u0105 by\u0107 wy\u0142\u0105czone &#8211; niestosowanie si\u0119 do tego punktu regulaminu spowoduje usuni\u0119cie kandydata z sali egzaminacyjnej. 2. Kandydat musi zdoby\u0107 minimum 60% punkt\u00f3w z cz\u0119\u015bci pisemnej i 60% z cz\u0119\u015bci ustnej, aby zda\u0107 ca\u0142y egzamin. [&#8230;]<\/p>\n<p><a class=\"btn btn-secondary understrap-read-more-link\" href=\"https:\/\/us.edu.pl\/kolegium\/spnjo\/poza-lektoratem\/certyfikaty\/ustny-ec\/\">Read More&#8230;<\/a><\/p>\n","protected":false},"author":3369,"featured_media":0,"parent":147,"menu_order":0,"comment_status":"closed","ping_status":"closed","template":"","meta":{"_expiration-date-status":"","_expiration-date":0,"_expiration-date-type":"","_expiration-date-categories":[],"_expiration-date-options":[]},"acf":[],"_links":{"self":[{"href":"https:\/\/us.edu.pl\/kolegium\/spnjo\/wp-json\/wp\/v2\/pages\/1439"}],"collection":[{"href":"https:\/\/us.edu.pl\/kolegium\/spnjo\/wp-json\/wp\/v2\/pages"}],"about":[{"href":"https:\/\/us.edu.pl\/kolegium\/spnjo\/wp-json\/wp\/v2\/types\/page"}],"author":[{"embeddable":true,"href":"https:\/\/us.edu.pl\/kolegium\/spnjo\/wp-json\/wp\/v2\/users\/3369"}],"replies":[{"embeddable":true,"href":"https:\/\/us.edu.pl\/kolegium\/spnjo\/wp-json\/wp\/v2\/comments?post=1439"}],"version-history":[{"count":11,"href":"https:\/\/us.edu.pl\/kolegium\/spnjo\/wp-json\/wp\/v2\/pages\/1439\/revisions"}],"predecessor-version":[{"id":4582,"href":"https:\/\/us.edu.pl\/kolegium\/spnjo\/wp-json\/wp\/v2\/pages\/1439\/revisions\/4582"}],"up":[{"embeddable":true,"href":"https:\/\/us.edu.pl\/kolegium\/spnjo\/wp-json\/wp\/v2\/pages\/147"}],"wp:attachment":[{"href":"https:\/\/us.edu.pl\/kolegium\/spnjo\/wp-json\/wp\/v2\/media?parent=1439"}],"curies":[{"name":"wp","href":"https:\/\/api.w.org\/{rel}","templated":true}]}}