{"id":144,"date":"2021-07-07T11:23:53","date_gmt":"2021-07-07T09:23:53","guid":{"rendered":"https:\/\/us.edu.pl\/kolegium\/spnjo\/?page_id=144"},"modified":"2026-02-10T11:21:36","modified_gmt":"2026-02-10T10:21:36","slug":"kursy","status":"publish","type":"page","link":"https:\/\/us.edu.pl\/kolegium\/spnjo\/poza-lektoratem\/kursy\/","title":{"rendered":"kursy"},"content":{"rendered":"<p>[vc_row el_class=&#8221;container&#8221;][vc_column][vc_column_text]<\/p>\n<div dir=\"auto\" style=\"text-align: center;\">\n<p><strong>ZAPRASZAMY NA KURSY J\u0118ZYKOWE<\/strong><\/p>\n<\/div>\n<p style=\"text-align: center;\">Zaj\u0119cia prowadzone <strong style=\"text-align: center;\">ONLINE<\/strong> na platforma <strong style=\"text-align: center;\">MS TEAMS<\/strong><\/p>\n<div dir=\"auto\" style=\"text-align: center;\">\n<p><strong>EDYCJA WIOSNA\u00a0<\/strong><strong>2026 <\/strong><em>(pe\u0142na oferta w zak\u0142adce harmonogram)<\/em><\/p>\n<p>REKRUTACJA: <strong>od 16 lutego do 6 marca<\/strong><\/p>\n<p>Szczeg\u00f3\u0142y pod telefonem: <strong>505 125 145<br \/>\n<\/strong>Zapisy mailowo: <a href=\"mailto:kursyspnjo@us.edu.pl\"><strong>kursyspnjo@us.edu.pl<\/strong><\/a><\/p>\n<\/div>\n<p>[\/vc_column_text][\/vc_column][\/vc_row][vc_row el_class=&#8221;container&#8221;][vc_column]\r\n                <div class=\"tiles-section\" style=\"background: #002E5A\">\r\n                    <div class=\"container\">\r\n                        <h3 class=\"page-title\"><\/h3>\r\n                        <div class=\"tiles tiles-6\">\r\n                            <a href=\"https:\/\/us.edu.pl\/kolegium\/spnjo\/poza-lektoratem\/kursy\/opisy\/\" class=\"tile tile_ justify-content-center\" style=\"background-color: #ffffff; font-weight: ; color: #002E5A;  \">\r\n                                \r\n                                   \r\n                               \r\n                                <div class=\"tile__name\">opisy kurs\u00f3w<\/div>\r\n                            <\/a>\r\n                            <a href=\"https:\/\/us.edu.pl\/kolegium\/spnjo\/poza-lektoratem\/kursy\/harmonogram\/\" class=\"tile tile_ justify-content-center\" style=\"background-color: #ffffff; font-weight: ; color: #002E5A;  \">\r\n                                \r\n                                   \r\n                               \r\n                                <div class=\"tile__name\">Harmonogram - wiosna 2026<\/div>\r\n                            <\/a>\r\n                            <a href=\"https:\/\/us.edu.pl\/kolegium\/spnjo\/poza-lektoratem\/kursy\/cennik\/\" class=\"tile tile_ justify-content-center\" style=\"background-color: #ffffff; font-weight: ; color: #002E5A;  \">\r\n                                \r\n                                   \r\n                               \r\n                                <div class=\"tile__name\">cennik<\/div>\r\n                            <\/a>\r\n                            <a href=\"https:\/\/us.edu.pl\/kolegium\/spnjo\/poza-lektoratem\/kursy\/zapisz-sie\/\" class=\"tile tile_ justify-content-center\" style=\"background-color: #ffffff; font-weight: ; color: #002E5A;  \">\r\n                                \r\n                                   \r\n                               \r\n                                <div class=\"tile__name\">zapisz si\u0119<\/div>\r\n                            <\/a>\r\n                            <a href=\"https:\/\/us.edu.pl\/kolegium\/spnjo\/poza-lektoratem\/kursy\/organizacja\/\" class=\"tile tile_ justify-content-center\" style=\"background-color: #ffffff; font-weight: ; color: #002E5A;  \">\r\n                                \r\n                                   \r\n                               \r\n                                <div class=\"tile__name\">dokumenty<\/div>\r\n                            <\/a>\r\n                            <a href=\"https:\/\/us.edu.pl\/kolegium\/spnjo\/kontakt\/kontakt-kursy\/\" class=\"tile tile_ justify-content-center\" style=\"background-color: #ffffff; font-weight: ; color: #002E5A;  \">\r\n                                \r\n                                   \r\n                               \r\n                                <div class=\"tile__name\">kontakt<\/div>\r\n                            <\/a><\/div>\r\n                    <\/div>\r\n                <\/div>[\/vc_column][\/vc_row][vc_column][\/vc_column]<\/p>","protected":false},"excerpt":{"rendered":"<p>[vc_row el_class=&#8221;container&#8221;][vc_column][vc_column_text] ZAPRASZAMY NA KURSY J\u0118ZYKOWE Zaj\u0119cia prowadzone ONLINE na platforma MS TEAMS EDYCJA WIOSNA\u00a02026 (pe\u0142na oferta w zak\u0142adce harmonogram) REKRUTACJA: od 16 lutego do 6 marca Szczeg\u00f3\u0142y pod telefonem: 505 125 145 Zapisy mailowo: kursyspnjo@us.edu.pl [\/vc_column_text][\/vc_column][\/vc_row][vc_row el_class=&#8221;container&#8221;][vc_column][\/vc_column][\/vc_row][vc_column][\/vc_column] [&#8230;]<\/p>\n<p><a class=\"btn btn-secondary understrap-read-more-link\" href=\"https:\/\/us.edu.pl\/kolegium\/spnjo\/poza-lektoratem\/kursy\/\">Read More&#8230;<\/a><\/p>\n","protected":false},"author":25,"featured_media":0,"parent":90,"menu_order":1,"comment_status":"closed","ping_status":"closed","template":"","meta":{"_expiration-date-status":"saved","_expiration-date":0,"_expiration-date-type":"","_expiration-date-categories":[],"_expiration-date-options":[]},"acf":[],"_links":{"self":[{"href":"https:\/\/us.edu.pl\/kolegium\/spnjo\/wp-json\/wp\/v2\/pages\/144"}],"collection":[{"href":"https:\/\/us.edu.pl\/kolegium\/spnjo\/wp-json\/wp\/v2\/pages"}],"about":[{"href":"https:\/\/us.edu.pl\/kolegium\/spnjo\/wp-json\/wp\/v2\/types\/page"}],"author":[{"embeddable":true,"href":"https:\/\/us.edu.pl\/kolegium\/spnjo\/wp-json\/wp\/v2\/users\/25"}],"replies":[{"embeddable":true,"href":"https:\/\/us.edu.pl\/kolegium\/spnjo\/wp-json\/wp\/v2\/comments?post=144"}],"version-history":[{"count":11,"href":"https:\/\/us.edu.pl\/kolegium\/spnjo\/wp-json\/wp\/v2\/pages\/144\/revisions"}],"predecessor-version":[{"id":4501,"href":"https:\/\/us.edu.pl\/kolegium\/spnjo\/wp-json\/wp\/v2\/pages\/144\/revisions\/4501"}],"up":[{"embeddable":true,"href":"https:\/\/us.edu.pl\/kolegium\/spnjo\/wp-json\/wp\/v2\/pages\/90"}],"wp:attachment":[{"href":"https:\/\/us.edu.pl\/kolegium\/spnjo\/wp-json\/wp\/v2\/media?parent=144"}],"curies":[{"name":"wp","href":"https:\/\/api.w.org\/{rel}","templated":true}]}}