{"id":1444,"date":"2023-07-18T14:09:33","date_gmt":"2023-07-18T12:09:33","guid":{"rendered":"https:\/\/us.edu.pl\/kolegium\/spnjo\/?page_id=1444"},"modified":"2026-04-17T13:18:10","modified_gmt":"2026-04-17T11:18:10","slug":"pisemny-ec","status":"publish","type":"page","link":"https:\/\/us.edu.pl\/kolegium\/spnjo\/poza-lektoratem\/certyfikaty\/pisemny-ec\/","title":{"rendered":"pisemny EC"},"content":{"rendered":"<p>[vc_row el_class=&#8221;container&#8221;][vc_column][vc_column_text]<\/p>\n<p>Cz\u0119\u015b\u0107 pisemna:<\/p>\n<p>J\u0119zyk angielski poziom B2<\/p>\n<ul>\n<li>DATA: <strong>11.05.2026 r.\u00a0<\/strong>godz.\u00a0<strong>9:00<\/strong><\/li>\n<li>Miejsce: Ul. Bankowa 14 s. 227<\/li>\n<li>Lista: <em>wkr\u00f3tce<\/em><\/li>\n<\/ul>\n<p>&nbsp;<\/p>\n<p>J\u0119zyk angielski poziom C1<\/p>\n<ul>\n<li>DATA: <strong>11.05.2026 <\/strong><strong>r.<\/strong>godz. <strong>9:00<\/strong><\/li>\n<li>Miejsce: Ul. Bankowa 14 s. 357<\/li>\n<li>Lista: <em>wkr\u00f3tce<\/em><\/li>\n<\/ul>\n<p>J\u0119zyk niemiecki poziom B2<\/p>\n<ul>\n<li>DATA: <strong>11.05.2026 <\/strong>godz.<b> <strong>9:00<\/strong><\/b><\/li>\n<li>Miejsce: ul. Bankowa 14 s. 360<\/li>\n<li>Lista: <em>wkr\u00f3tce<\/em><\/li>\n<\/ul>\n<p>J\u0119zyk francuski poziom B2<\/p>\n<ul>\n<li>DATA: <strong>11.05.2026 <\/strong>godz. <strong>9:00<\/strong><\/li>\n<li>Miejsce: ul. Bankowa 14 s. 354<\/li>\n<li>Lista: <em>wkr\u00f3tce<\/em><\/li>\n<\/ul>\n<p>J\u0119zyk rosyjski poziom B2<\/p>\n<ul>\n<li>DATA: <strong>11.05.2026 <\/strong>godz. <strong>9:00<\/strong><\/li>\n<li>Miejsce: ul. Bankowa 14 s. 371<\/li>\n<li>Lista: <em>wkr\u00f3tce<\/em><\/li>\n<\/ul>\n<p>&nbsp;<\/p>\n<hr \/>\n<p><strong>Informacje organizacyjne<\/strong><\/p>\n<p>1. Kandydat przyst\u0119puj\u0105cy do egzaminu powinien zg\u0142osi\u0107 si\u0119 30 minut przed wyznaczon\u0105 godzin\u0105 egzaminu. Przed wej\u015bciem na sal\u0119 egzaminacyjn\u0105 nale\u017cy okaza\u0107 dow\u00f3d to\u017csamo\u015bci ze zdj\u0119ciem.<\/p>\n<p>2. W czasie egzaminu mo\u017cna korzysta\u0107 wy\u0142\u0105cznie z przybor\u00f3w do pisania. Telefony kom\u00f3rkowe musz\u0105 by\u0107 wy\u0142\u0105czone &#8211; niestosowanie si\u0119 do tego punktu regulaminu spowoduje usuni\u0119cie kandydata z sali egzaminacyjnej.<\/p>\n<p>3. Podczas trwania egzaminu nie mo\u017cna opuszcza\u0107 sali. Wyj\u015bcie z sali egzaminacyjnej oznacza zako\u0144czenie egzaminu pisemnego.<\/p>\n<p>4. Kandydat\u00a0 musi zdoby\u0107 minimum 60% punkt\u00f3w z cz\u0119\u015bci pisemnej, aby m\u00f3g\u0142 zosta\u0107 dopuszczony do cz\u0119\u015bci ustnej.<\/p>\n<p>[\/vc_column_text][\/vc_column][\/vc_row]<\/p>","protected":false},"excerpt":{"rendered":"<p>[vc_row el_class=&#8221;container&#8221;][vc_column][vc_column_text] Cz\u0119\u015b\u0107 pisemna: J\u0119zyk angielski poziom B2 DATA: 11.05.2026 r.\u00a0godz.\u00a09:00 Miejsce: Ul. Bankowa 14 s. 227 Lista: wkr\u00f3tce &nbsp; J\u0119zyk angielski poziom C1 DATA: 11.05.2026 r.godz. 9:00 Miejsce: Ul. Bankowa 14 s. 357 Lista: wkr\u00f3tce J\u0119zyk niemiecki poziom B2 DATA: 11.05.2026 godz. 9:00 Miejsce: ul. Bankowa 14 s. 360 Lista: wkr\u00f3tce J\u0119zyk francuski poziom [&#8230;]<\/p>\n<p><a class=\"btn btn-secondary understrap-read-more-link\" href=\"https:\/\/us.edu.pl\/kolegium\/spnjo\/poza-lektoratem\/certyfikaty\/pisemny-ec\/\">Read More&#8230;<\/a><\/p>\n","protected":false},"author":3369,"featured_media":0,"parent":147,"menu_order":0,"comment_status":"closed","ping_status":"closed","template":"","meta":{"_expiration-date-status":"","_expiration-date":0,"_expiration-date-type":"","_expiration-date-categories":[],"_expiration-date-options":[]},"acf":[],"_links":{"self":[{"href":"https:\/\/us.edu.pl\/kolegium\/spnjo\/wp-json\/wp\/v2\/pages\/1444"}],"collection":[{"href":"https:\/\/us.edu.pl\/kolegium\/spnjo\/wp-json\/wp\/v2\/pages"}],"about":[{"href":"https:\/\/us.edu.pl\/kolegium\/spnjo\/wp-json\/wp\/v2\/types\/page"}],"author":[{"embeddable":true,"href":"https:\/\/us.edu.pl\/kolegium\/spnjo\/wp-json\/wp\/v2\/users\/3369"}],"replies":[{"embeddable":true,"href":"https:\/\/us.edu.pl\/kolegium\/spnjo\/wp-json\/wp\/v2\/comments?post=1444"}],"version-history":[{"count":11,"href":"https:\/\/us.edu.pl\/kolegium\/spnjo\/wp-json\/wp\/v2\/pages\/1444\/revisions"}],"predecessor-version":[{"id":4601,"href":"https:\/\/us.edu.pl\/kolegium\/spnjo\/wp-json\/wp\/v2\/pages\/1444\/revisions\/4601"}],"up":[{"embeddable":true,"href":"https:\/\/us.edu.pl\/kolegium\/spnjo\/wp-json\/wp\/v2\/pages\/147"}],"wp:attachment":[{"href":"https:\/\/us.edu.pl\/kolegium\/spnjo\/wp-json\/wp\/v2\/media?parent=1444"}],"curies":[{"name":"wp","href":"https:\/\/api.w.org\/{rel}","templated":true}]}}