{"id":1449,"date":"2023-07-18T14:28:11","date_gmt":"2023-07-18T12:28:11","guid":{"rendered":"https:\/\/us.edu.pl\/kolegium\/spnjo\/?page_id=1449"},"modified":"2025-12-11T18:59:42","modified_gmt":"2025-12-11T17:59:42","slug":"rejestracja-ec","status":"publish","type":"page","link":"https:\/\/us.edu.pl\/kolegium\/spnjo\/poza-lektoratem\/certyfikaty\/rejestracja-ec\/","title":{"rendered":"rejestracja EC"},"content":{"rendered":"<p>[vc_row el_class=&#8221;container&#8221;][vc_column][vc_column_text]<span style=\"font-size: 12pt;\">Na egzaminy certyfikuj\u0105ce mo\u017cna zapisa\u0107 si\u0119 przez system rejestracji U\u015a. Nie wymaga on posiadania specjalnego konta\/logowania si\u0119.<u><br \/>\n<\/u><\/span><\/p>\n<p><span style=\"font-size: 12pt;\">Formularze zapisu na:<\/span><\/p>\n<p><span style=\"font-size: 12pt;\">&#8211; <i>odp\u0142atne<\/i> &#8211; dla wszystkich zainteresowanych;<\/span><br \/>\n<span style=\"font-size: 12pt;\">&#8211; <i>nieodp\u0142atne<\/i> &#8211; dla student\u00f3w ko\u0144cz\u0105cych lektorat w roku akademickim 2025\/2026.<\/span><\/p>\n<table class=\" aligncenter\" style=\"border-style: groove; border-color: #000000; width: 46.1745%; height: 118px;\">\n<tbody>\n<tr style=\"height: 20px;\">\n<td style=\"border-style: groove; border-color: #000000; height: 20px;\"><span style=\"font-size: 12pt;\">Termin rejestracji:<\/span><\/td>\n<td style=\"border-style: groove; border-color: #000000; height: 20px;\"><span style=\"font-size: 12pt;\">Data i LINK<\/span><\/td>\n<\/tr>\n<tr style=\"height: 20px;\">\n<td style=\"border-style: groove; border-color: #000000; height: 20px;\"><span style=\"font-size: 12pt;\">j\u0119zyk angielski poziom B2<br \/>\n<\/span><\/td>\n<td style=\"border-style: groove; border-color: #000000; height: 98px;\" rowspan=\"5\"><span style=\"font-size: 12pt;\"><span style=\"font-size: 12pt;\"><strong>TERMIN: <\/strong><\/span><\/span>REJESTRACJA; od 18.12.2025 godz. 13.00 do 07.01.2026 godz. 23.59<br \/>\n<span style=\"font-size: 12pt;\"><br \/>\n<strong>LINK:<\/strong> <a href=\"https:\/\/www.formularze.us.edu.pl\/site\/index\/499\">https:\/\/www.formularze.us.edu.pl\/site\/index\/499<\/a><\/span><\/td>\n<\/tr>\n<tr style=\"height: 20px;\">\n<td style=\"border-style: groove; border-color: #000000; height: 18px;\"><span style=\"font-size: 12pt;\">j\u0119zyk angielski poziom C1<\/span><\/td>\n<\/tr>\n<tr style=\"height: 20px;\">\n<td style=\"border-style: groove; border-color: #000000; height: 20px;\"><span style=\"font-size: 12pt;\">j\u0119zyk francuski poziom B2<\/span><\/td>\n<\/tr>\n<tr style=\"height: 20px;\">\n<td style=\"border-style: groove; border-color: #000000; height: 20px;\"><span style=\"font-size: 12pt;\">j\u0119zyk niemiecki poziom B2<\/span><\/td>\n<\/tr>\n<tr style=\"height: 20px;\">\n<td style=\"border-style: groove; border-color: #000000; height: 20px;\"><span style=\"font-size: 12pt;\">j\u0119zyk rosyjski poziom B2<\/span><\/td>\n<\/tr>\n<\/tbody>\n<\/table>\n<p>[\/vc_column_text][\/vc_column][\/vc_row][vc_row][vc_column][vc_column_text][\/vc_column_text][\/vc_column][\/vc_row]<\/p>","protected":false},"excerpt":{"rendered":"<p>[vc_row el_class=&#8221;container&#8221;][vc_column][vc_column_text]Na egzaminy certyfikuj\u0105ce mo\u017cna zapisa\u0107 si\u0119 przez system rejestracji U\u015a. Nie wymaga on posiadania specjalnego konta\/logowania si\u0119. Formularze zapisu na: &#8211; odp\u0142atne &#8211; dla wszystkich zainteresowanych; &#8211; nieodp\u0142atne &#8211; dla student\u00f3w ko\u0144cz\u0105cych lektorat w roku akademickim 2025\/2026. Termin rejestracji: Data i LINK j\u0119zyk angielski poziom B2 TERMIN: REJESTRACJA; od 18.12.2025 godz. 13.00 do 07.01.2026 [&#8230;]<\/p>\n<p><a class=\"btn btn-secondary understrap-read-more-link\" href=\"https:\/\/us.edu.pl\/kolegium\/spnjo\/poza-lektoratem\/certyfikaty\/rejestracja-ec\/\">Read More&#8230;<\/a><\/p>\n","protected":false},"author":3369,"featured_media":0,"parent":147,"menu_order":0,"comment_status":"closed","ping_status":"closed","template":"","meta":{"_expiration-date-status":"","_expiration-date":0,"_expiration-date-type":"","_expiration-date-categories":[],"_expiration-date-options":[]},"acf":[],"_links":{"self":[{"href":"https:\/\/us.edu.pl\/kolegium\/spnjo\/wp-json\/wp\/v2\/pages\/1449"}],"collection":[{"href":"https:\/\/us.edu.pl\/kolegium\/spnjo\/wp-json\/wp\/v2\/pages"}],"about":[{"href":"https:\/\/us.edu.pl\/kolegium\/spnjo\/wp-json\/wp\/v2\/types\/page"}],"author":[{"embeddable":true,"href":"https:\/\/us.edu.pl\/kolegium\/spnjo\/wp-json\/wp\/v2\/users\/3369"}],"replies":[{"embeddable":true,"href":"https:\/\/us.edu.pl\/kolegium\/spnjo\/wp-json\/wp\/v2\/comments?post=1449"}],"version-history":[{"count":11,"href":"https:\/\/us.edu.pl\/kolegium\/spnjo\/wp-json\/wp\/v2\/pages\/1449\/revisions"}],"predecessor-version":[{"id":4381,"href":"https:\/\/us.edu.pl\/kolegium\/spnjo\/wp-json\/wp\/v2\/pages\/1449\/revisions\/4381"}],"up":[{"embeddable":true,"href":"https:\/\/us.edu.pl\/kolegium\/spnjo\/wp-json\/wp\/v2\/pages\/147"}],"wp:attachment":[{"href":"https:\/\/us.edu.pl\/kolegium\/spnjo\/wp-json\/wp\/v2\/media?parent=1449"}],"curies":[{"name":"wp","href":"https:\/\/api.w.org\/{rel}","templated":true}]}}