{"id":147,"date":"2021-07-07T11:26:13","date_gmt":"2021-07-07T09:26:13","guid":{"rendered":"https:\/\/us.edu.pl\/kolegium\/spnjo\/?page_id=147"},"modified":"2025-07-22T15:04:46","modified_gmt":"2025-07-22T13:04:46","slug":"certyfikaty","status":"publish","type":"page","link":"https:\/\/us.edu.pl\/kolegium\/spnjo\/poza-lektoratem\/certyfikaty\/","title":{"rendered":"egzamin certyfikuj\u0105cy"},"content":{"rendered":"<p>[vc_row el_class=&#8221;container&#8221;][vc_column]\r\n                <div class=\"text-modules\">\r\n                    <div class=\"container\">\r\n                        \r\n                        <div class=\"text-modules__content\"><\/p>\n<p style=\"text-align: center;\"><strong>Egzaminy certyfikuj\u0105ce bieg\u0142o\u015b\u0107 j\u0119zykow\u0105<br \/>\n<\/strong><\/p>\n<p>\n<\/div>\r\n                    <\/div>\r\n                <\/div>\r\n                <div class=\"tiles-section\" style=\"background: #002E5A\">\r\n                    <div class=\"container\">\r\n                        <h3 class=\"page-title\"><\/h3>\r\n                        <div class=\"tiles tiles-4\">\r\n                            <a href=\"https:\/\/us.edu.pl\/kolegium\/spnjo\/poza-lektoratem\/certyfikaty\/o-egzaminie-ec\/\" class=\"tile tile_ justify-content-center\" style=\"background-color: #ffffff; font-weight: ; color: #002E5A;  \">\r\n                                \r\n                                   \r\n                               \r\n                                <div class=\"tile__name\">o egzaminie<\/div>\r\n                            <\/a>\r\n                            <a href=\"https:\/\/us.edu.pl\/kolegium\/spnjo\/format-egzaminu-certyfikujacego\/\" class=\"tile tile_ justify-content-center\" style=\"background-color: #ffffff; font-weight: ; color: #002E5A;  \">\r\n                                \r\n                                   \r\n                               \r\n                                <div class=\"tile__name\">format<\/div>\r\n                            <\/a>\r\n                            <a href=\"https:\/\/us.edu.pl\/kolegium\/spnjo\/poza-lektoratem\/certyfikaty\/rejestracja-ec\/\" class=\"tile tile_ justify-content-center\" style=\"background-color: #ffffff; font-weight: ; color: #002E5A;  \">\r\n                                \r\n                                   \r\n                               \r\n                                <div class=\"tile__name\">rejestracja<\/div>\r\n                            <\/a>\r\n                            <a href=\"https:\/\/us.edu.pl\/kolegium\/spnjo\/poza-lektoratem\/certyfikaty\/probne-ec\/\" class=\"tile tile_ justify-content-center\" style=\"background-color: #ffffff; font-weight: ; color: #002E5A;  \">\r\n                                \r\n                                   \r\n                               \r\n                                <div class=\"tile__name\">przyk\u0142adowe egzaminy<\/div>\r\n                            <\/a>\r\n                            <a href=\"https:\/\/us.edu.pl\/kolegium\/spnjo\/poza-lektoratem\/certyfikaty\/pisemny-ec\/\" class=\"tile tile_ justify-content-center\" style=\"background-color: #ffffff; font-weight: ; color: #002E5A;  \">\r\n                                \r\n                                   \r\n                               \r\n                                <div class=\"tile__name\">cz\u0119\u015b\u0107 pisemna<\/div>\r\n                            <\/a>\r\n                            <a href=\"https:\/\/us.edu.pl\/kolegium\/spnjo\/poza-lektoratem\/certyfikaty\/ustny-ec\/\" class=\"tile tile_ justify-content-center\" style=\"background-color: #ffffff; font-weight: ; color: #002E5A;  \">\r\n                                \r\n                                   \r\n                               \r\n                                <div class=\"tile__name\">cz\u0119\u015b\u0107 ustna<\/div>\r\n                            <\/a>\r\n                            <a href=\"https:\/\/us.edu.pl\/kolegium\/spnjo\/poza-lektoratem\/certyfikaty\/wyniki-koncowe\/\" class=\"tile tile_ justify-content-center\" style=\"background-color: #ffffff; font-weight: ; color: #002E5A;  \">\r\n                                \r\n                                   \r\n                               \r\n                                <div class=\"tile__name\">WYNIKI KO\u0143COWE<\/div>\r\n                            <\/a>\r\n                            <a href=\"https:\/\/us.edu.pl\/kolegium\/spnjo\/poza-lektoratem\/certyfikaty\/cennik-ec\/\" class=\"tile tile_ justify-content-center\" style=\"background-color: #ffffff; font-weight: ; color: #002E5A;  \">\r\n                                \r\n                                   \r\n                               \r\n                                <div class=\"tile__name\">cennik<\/div>\r\n                            <\/a>\r\n                            <a href=\"https:\/\/us.edu.pl\/kolegium\/spnjo\/kontakt\/kontakt-egzaminy-certyfikujace\/\" class=\"tile tile_ justify-content-center\" style=\"background-color: #ffffff; font-weight: ; color: #002E5A;  \">\r\n                                \r\n                                   \r\n                               \r\n                                <div class=\"tile__name\">kontakt<\/div>\r\n                            <\/a><\/div>\r\n                    <\/div>\r\n                <\/div>[\/vc_column][\/vc_row][vc_column][\/vc_column]<\/p>","protected":false},"excerpt":{"rendered":"<p>[vc_row el_class=&#8221;container&#8221;][vc_column][\/vc_column][\/vc_row][vc_column][\/vc_column] [&#8230;]<\/p>\n<p><a class=\"btn btn-secondary understrap-read-more-link\" href=\"https:\/\/us.edu.pl\/kolegium\/spnjo\/poza-lektoratem\/certyfikaty\/\">Read More&#8230;<\/a><\/p>\n","protected":false},"author":25,"featured_media":0,"parent":90,"menu_order":2,"comment_status":"closed","ping_status":"closed","template":"","meta":{"_expiration-date-status":"saved","_expiration-date":0,"_expiration-date-type":"","_expiration-date-categories":[],"_expiration-date-options":[]},"acf":[],"_links":{"self":[{"href":"https:\/\/us.edu.pl\/kolegium\/spnjo\/wp-json\/wp\/v2\/pages\/147"}],"collection":[{"href":"https:\/\/us.edu.pl\/kolegium\/spnjo\/wp-json\/wp\/v2\/pages"}],"about":[{"href":"https:\/\/us.edu.pl\/kolegium\/spnjo\/wp-json\/wp\/v2\/types\/page"}],"author":[{"embeddable":true,"href":"https:\/\/us.edu.pl\/kolegium\/spnjo\/wp-json\/wp\/v2\/users\/25"}],"replies":[{"embeddable":true,"href":"https:\/\/us.edu.pl\/kolegium\/spnjo\/wp-json\/wp\/v2\/comments?post=147"}],"version-history":[{"count":10,"href":"https:\/\/us.edu.pl\/kolegium\/spnjo\/wp-json\/wp\/v2\/pages\/147\/revisions"}],"predecessor-version":[{"id":3972,"href":"https:\/\/us.edu.pl\/kolegium\/spnjo\/wp-json\/wp\/v2\/pages\/147\/revisions\/3972"}],"up":[{"embeddable":true,"href":"https:\/\/us.edu.pl\/kolegium\/spnjo\/wp-json\/wp\/v2\/pages\/90"}],"wp:attachment":[{"href":"https:\/\/us.edu.pl\/kolegium\/spnjo\/wp-json\/wp\/v2\/media?parent=147"}],"curies":[{"name":"wp","href":"https:\/\/api.w.org\/{rel}","templated":true}]}}