{"id":149,"date":"2021-07-07T11:27:11","date_gmt":"2021-07-07T09:27:11","guid":{"rendered":"https:\/\/us.edu.pl\/kolegium\/spnjo\/?page_id=149"},"modified":"2026-04-16T11:59:56","modified_gmt":"2026-04-16T09:59:56","slug":"wydarzenia","status":"publish","type":"page","link":"https:\/\/us.edu.pl\/kolegium\/spnjo\/poza-lektoratem\/wydarzenia\/","title":{"rendered":"wydarzenia"},"content":{"rendered":"<p>[vc_row el_class=&#8221;container&#8221;][vc_column][vc_column_text]<\/p>\n<p style=\"text-align: center;\">Studium Praktycznej Nauki J\u0119zyk\u00f3w Obcych Uniwersytetu \u015al\u0105skiego w Katowicach zaprasza na konferencj\u0119 naukowo-dydaktyczn\u0105 pt.<\/p>\n<h1 style=\"text-align: center;\">&#8222;Glottodydaktyk wobec wyzwa\u0144 wsp\u00f3\u0142czesno\u015bci: nowe role, kompetencje, perspektywy&#8221;<\/h1>\n<p style=\"text-align: center;\"><span class=\"palette-color4-4\">Katowice, 6<\/span><span class=\"palette-color4-4\"> marca 2026 r.<\/span><\/p>\n<p style=\"text-align: center;\">Szczeg\u00f3\u0142owe informacje o konferencji:<\/p>\n<p style=\"text-align: center;\"><a href=\"https:\/\/konferencjaspnjo.us.edu.pl\/\">https:\/\/konferencjaspnjo.us.edu.pl\/<\/a><\/p>\n<p style=\"text-align: center;\">Rejestracja na konferencj\u0119:<\/p>\n<p style=\"text-align: center;\"><a href=\"https:\/\/formularze.us.edu.pl\/site\/index\/1061\">https:\/\/formularze.us.edu.pl\/site\/index\/1061<\/a><\/p>\n<p>[\/vc_column_text][\/vc_column][\/vc_row][vc_row el_class=&#8221;container&#8221;][vc_column][vc_column_text]<img class=\"alignnone wp-image-4319 size-full\" src=\"https:\/\/us.edu.pl\/kolegium\/spnjo\/wp-content\/uploads\/sites\/65\/Bez-kategorii\/Konferencja-2026-plakat1-1-scaled.jpg\" alt=\"\" width=\"1829\" height=\"2560\" srcset=\"https:\/\/us.edu.pl\/kolegium\/spnjo\/wp-content\/uploads\/sites\/65\/Bez-kategorii\/Konferencja-2026-plakat1-1-scaled.jpg 1829w, https:\/\/us.edu.pl\/kolegium\/spnjo\/wp-content\/uploads\/sites\/65\/Bez-kategorii\/Konferencja-2026-plakat1-1-214x300.jpg 214w, https:\/\/us.edu.pl\/kolegium\/spnjo\/wp-content\/uploads\/sites\/65\/Bez-kategorii\/Konferencja-2026-plakat1-1-731x1024.jpg 731w, https:\/\/us.edu.pl\/kolegium\/spnjo\/wp-content\/uploads\/sites\/65\/Bez-kategorii\/Konferencja-2026-plakat1-1-768x1075.jpg 768w, https:\/\/us.edu.pl\/kolegium\/spnjo\/wp-content\/uploads\/sites\/65\/Bez-kategorii\/Konferencja-2026-plakat1-1-1097x1536.jpg 1097w, https:\/\/us.edu.pl\/kolegium\/spnjo\/wp-content\/uploads\/sites\/65\/Bez-kategorii\/Konferencja-2026-plakat1-1-1463x2048.jpg 1463w, https:\/\/us.edu.pl\/kolegium\/spnjo\/wp-content\/uploads\/sites\/65\/Bez-kategorii\/Konferencja-2026-plakat1-1-411x575.jpg 411w\" sizes=\"(max-width: 1829px) 100vw, 1829px\" \/>[\/vc_column_text][\/vc_column][\/vc_row][vc_row][vc_column]\r\n                <div class=\"tiles-section\" style=\"background: \">\r\n                    <div class=\"container\">\r\n                        <h3 class=\"page-title\"><\/h3>\r\n                        <div class=\"tiles tiles-3\">\r\n                            <a href=\"https:\/\/konferencjaspnjo.us.edu.pl\/about-us\/\" class=\"tile tile_ justify-content-center\" style=\"background-color: #002E5A; font-weight: ; color: #ffffff;  \">\r\n                                \r\n                                   \r\n                               \r\n                                <div class=\"tile__name\">o konferencji<\/div>\r\n                            <\/a>\r\n                            <a href=\"https:\/\/konferencjaspnjo.us.edu.pl\/registrationform\/\" class=\"tile tile_ justify-content-center\" style=\"background-color: #002E5A; font-weight: ; color: #ffffff;  \">\r\n                                \r\n                                   \r\n                               \r\n                                <div class=\"tile__name\">rejestracja<\/div>\r\n                            <\/a>\r\n                            <a href=\"https:\/\/konferencjaspnjo.us.edu.pl\/commitee\/\" class=\"tile tile_ justify-content-center\" style=\"background-color: #002E5A; font-weight: ; color: #ffffff;  \">\r\n                                \r\n                                   \r\n                               \r\n                                <div class=\"tile__name\">komitet<\/div>\r\n                            <\/a>\r\n                            <a href=\"https:\/\/konferencjaspnjo.us.edu.pl\/speakers\/\" class=\"tile tile_ justify-content-center\" style=\"background-color: #002E5A; font-weight: ; color: #ffffff;  \">\r\n                                \r\n                                   \r\n                               \r\n                                <div class=\"tile__name\">prelegenci<\/div>\r\n                            <\/a>\r\n                            <a href=\"https:\/\/konferencjaspnjo.us.edu.pl\/news\/\" class=\"tile tile_ justify-content-center\" style=\"background-color: #002E5A; font-weight: ; color: #ffffff;  \">\r\n                                \r\n                                   \r\n                               \r\n                                <div class=\"tile__name\">aktualno\u015bci<\/div>\r\n                            <\/a>\r\n                            <a href=\"https:\/\/konferencjaspnjo.us.edu.pl\/contact-us\/\" class=\"tile tile_ justify-content-center\" style=\"background-color: #002E5A; font-weight: ; color: #ffffff;  \">\r\n                                \r\n                                   \r\n                               \r\n                                <div class=\"tile__name\">kontakt<\/div>\r\n                            <\/a>\r\n                            <a href=\"https:\/\/konferencjaspnjo.us.edu.pl\/conference-sponsors\/\" class=\"tile tile_ justify-content-center\" style=\"background-color: #002E5A; font-weight: ; color: #ffffff;  \">\r\n                                \r\n                                   \r\n                               \r\n                                <div class=\"tile__name\">sponsorzy i patroni<\/div>\r\n                            <\/a>\r\n                            <a href=\"https:\/\/konferencjaspnjo.us.edu.pl\/publikacja\/\" class=\"tile tile_ justify-content-center\" style=\"background-color: #002E5A; font-weight: ; color: #ffffff;  \">\r\n                                \r\n                                   \r\n                               \r\n                                <div class=\"tile__name\">publikacje<\/div>\r\n                            <\/a>\r\n                            <a href=\"https:\/\/konferencjaspnjo.us.edu.pl\/english\/\" class=\"tile tile_ justify-content-center\" style=\"background-color: #002E5A; font-weight: ; color: #ffffff;  \">\r\n                                \r\n                                   \r\n                               \r\n                                <div class=\"tile__name\">english<\/div>\r\n                            <\/a><\/div>\r\n                    <\/div>\r\n                <\/div>[\/vc_column][\/vc_row]<\/p>","protected":false},"excerpt":{"rendered":"<p>[vc_row el_class=&#8221;container&#8221;][vc_column][vc_column_text] Studium Praktycznej Nauki J\u0119zyk\u00f3w Obcych Uniwersytetu \u015al\u0105skiego w Katowicach zaprasza na konferencj\u0119 naukowo-dydaktyczn\u0105 pt. &#8222;Glottodydaktyk wobec wyzwa\u0144 wsp\u00f3\u0142czesno\u015bci: nowe role, kompetencje, perspektywy&#8221; Katowice, 6 marca 2026 r. Szczeg\u00f3\u0142owe informacje o konferencji: https:\/\/konferencjaspnjo.us.edu.pl\/ Rejestracja na konferencj\u0119: https:\/\/formularze.us.edu.pl\/site\/index\/1061 [\/vc_column_text][\/vc_column][\/vc_row][vc_row el_class=&#8221;container&#8221;][vc_column][vc_column_text][\/vc_column_text][\/vc_column][\/vc_row][vc_row][vc_column][\/vc_column][\/vc_row] [&#8230;]<\/p>\n<p><a class=\"btn btn-secondary understrap-read-more-link\" href=\"https:\/\/us.edu.pl\/kolegium\/spnjo\/poza-lektoratem\/wydarzenia\/\">Read More&#8230;<\/a><\/p>\n","protected":false},"author":25,"featured_media":0,"parent":90,"menu_order":3,"comment_status":"closed","ping_status":"closed","template":"","meta":{"_expiration-date-status":"saved","_expiration-date":0,"_expiration-date-type":"","_expiration-date-categories":[],"_expiration-date-options":[]},"acf":[],"_links":{"self":[{"href":"https:\/\/us.edu.pl\/kolegium\/spnjo\/wp-json\/wp\/v2\/pages\/149"}],"collection":[{"href":"https:\/\/us.edu.pl\/kolegium\/spnjo\/wp-json\/wp\/v2\/pages"}],"about":[{"href":"https:\/\/us.edu.pl\/kolegium\/spnjo\/wp-json\/wp\/v2\/types\/page"}],"author":[{"embeddable":true,"href":"https:\/\/us.edu.pl\/kolegium\/spnjo\/wp-json\/wp\/v2\/users\/25"}],"replies":[{"embeddable":true,"href":"https:\/\/us.edu.pl\/kolegium\/spnjo\/wp-json\/wp\/v2\/comments?post=149"}],"version-history":[{"count":8,"href":"https:\/\/us.edu.pl\/kolegium\/spnjo\/wp-json\/wp\/v2\/pages\/149\/revisions"}],"predecessor-version":[{"id":4595,"href":"https:\/\/us.edu.pl\/kolegium\/spnjo\/wp-json\/wp\/v2\/pages\/149\/revisions\/4595"}],"up":[{"embeddable":true,"href":"https:\/\/us.edu.pl\/kolegium\/spnjo\/wp-json\/wp\/v2\/pages\/90"}],"wp:attachment":[{"href":"https:\/\/us.edu.pl\/kolegium\/spnjo\/wp-json\/wp\/v2\/media?parent=149"}],"curies":[{"name":"wp","href":"https:\/\/api.w.org\/{rel}","templated":true}]}}