{"id":1692,"date":"2023-09-29T15:54:46","date_gmt":"2023-09-29T13:54:46","guid":{"rendered":"https:\/\/us.edu.pl\/kolegium\/spnjo\/?page_id=1692"},"modified":"2026-01-26T08:07:40","modified_gmt":"2026-01-26T07:07:40","slug":"wyniki-koncowe","status":"publish","type":"page","link":"https:\/\/us.edu.pl\/kolegium\/spnjo\/poza-lektoratem\/certyfikaty\/wyniki-koncowe\/","title":{"rendered":"wyniki ko\u0144cowe"},"content":{"rendered":"<p>[vc_row el_class=&#8221;container&#8221;][vc_column][vc_column_text]<\/p>\n<div class=\"vc_row wpb_row vc_row-fluid vc_custom_1689682322693\">\n<div class=\"wpb_column vc_column_container vc_col-sm-12\">\n<div class=\"vc_column-inner\">\n<div class=\"wpb_wrapper\">\n<div class=\"wpb_text_column wpb_content_element \">\n<div class=\"wpb_wrapper\">\n<p>Wyniki ko\u0144cowe:<\/p>\n<ul>\n<li><a href=\"https:\/\/us.edu.pl\/kolegium\/spnjo\/wp-content\/uploads\/sites\/65\/Bez-kategorii\/2026.01-WYNIKI-KONCOWE-Jezyk-angielski-B2.pdf\" class=\"mtli_attachment mtli_pdf\">J\u0119zyk angielski B2<\/a><\/li>\n<li><a href=\"https:\/\/us.edu.pl\/kolegium\/spnjo\/wp-content\/uploads\/sites\/65\/Bez-kategorii\/2026.01-WYNIKI-KONCOWE-Jezyk-angielski-C1.pdf\" class=\"mtli_attachment mtli_pdf\">J\u0119zyk angielski C1<\/a><\/li>\n<\/ul>\n<p>&nbsp;<\/p>\n<hr \/>\n<p><em><strong>Zwolnienie z uczestnictwa w zaj\u0119ciach lektoratowych oraz z egzaminu ko\u0144cz\u0105cego lektorat nast\u0119puje po przed\u0142o\u017ceniu w SPNJO Akademickiego certyfikatu<\/strong><\/em><strong><em> znajomo\u015bci j\u0119zyka obcego.<\/em><\/strong><\/p>\n<p>Dla os\u00f3b podchodz\u0105cych do egzaminu odp\u0142atnie: certyfikat w cenie op\u0142aty za egzamin.<\/p>\n<p>Uczestnik, kt\u00f3ry uzyska\u0142 pozytywny wynik z egzaminu certyfikuj\u0105cego B2 lub C1 i chce otrzyma\u0107 certyfikat U\u015a, jest zobowi\u0105zany do zg\u0142oszenia si\u0119 w Sekretariacie Studium.<\/p>\n<\/div>\n<p>Szczeg\u00f3\u0142y: <a href=\"https:\/\/us.edu.pl\/kolegium\/spnjo\/poza-lektoratem\/certyfikaty\/cennik-ec\/\">https:\/\/us.edu.pl\/kolegium\/spnjo\/poza-lektoratem\/certyfikaty\/cennik-ec\/<\/a><\/p>\n<\/div>\n<\/div>\n<\/div>\n<\/div>\n<\/div>\n<p>[\/vc_column_text][\/vc_column][\/vc_row]<\/p>","protected":false},"excerpt":{"rendered":"<p>[vc_row el_class=&#8221;container&#8221;][vc_column][vc_column_text] Wyniki ko\u0144cowe: J\u0119zyk angielski B2 J\u0119zyk angielski C1 &nbsp; Zwolnienie z uczestnictwa w zaj\u0119ciach lektoratowych oraz z egzaminu ko\u0144cz\u0105cego lektorat nast\u0119puje po przed\u0142o\u017ceniu w SPNJO Akademickiego certyfikatu znajomo\u015bci j\u0119zyka obcego. Dla os\u00f3b podchodz\u0105cych do egzaminu odp\u0142atnie: certyfikat w cenie op\u0142aty za egzamin. Uczestnik, kt\u00f3ry uzyska\u0142 pozytywny wynik z egzaminu certyfikuj\u0105cego B2 lub C1 [&#8230;]<\/p>\n<p><a class=\"btn btn-secondary understrap-read-more-link\" href=\"https:\/\/us.edu.pl\/kolegium\/spnjo\/poza-lektoratem\/certyfikaty\/wyniki-koncowe\/\">Read More&#8230;<\/a><\/p>\n","protected":false},"author":3369,"featured_media":0,"parent":147,"menu_order":0,"comment_status":"closed","ping_status":"closed","template":"","meta":{"_expiration-date-status":"","_expiration-date":0,"_expiration-date-type":"","_expiration-date-categories":[],"_expiration-date-options":[]},"acf":[],"_links":{"self":[{"href":"https:\/\/us.edu.pl\/kolegium\/spnjo\/wp-json\/wp\/v2\/pages\/1692"}],"collection":[{"href":"https:\/\/us.edu.pl\/kolegium\/spnjo\/wp-json\/wp\/v2\/pages"}],"about":[{"href":"https:\/\/us.edu.pl\/kolegium\/spnjo\/wp-json\/wp\/v2\/types\/page"}],"author":[{"embeddable":true,"href":"https:\/\/us.edu.pl\/kolegium\/spnjo\/wp-json\/wp\/v2\/users\/3369"}],"replies":[{"embeddable":true,"href":"https:\/\/us.edu.pl\/kolegium\/spnjo\/wp-json\/wp\/v2\/comments?post=1692"}],"version-history":[{"count":10,"href":"https:\/\/us.edu.pl\/kolegium\/spnjo\/wp-json\/wp\/v2\/pages\/1692\/revisions"}],"predecessor-version":[{"id":4461,"href":"https:\/\/us.edu.pl\/kolegium\/spnjo\/wp-json\/wp\/v2\/pages\/1692\/revisions\/4461"}],"up":[{"embeddable":true,"href":"https:\/\/us.edu.pl\/kolegium\/spnjo\/wp-json\/wp\/v2\/pages\/147"}],"wp:attachment":[{"href":"https:\/\/us.edu.pl\/kolegium\/spnjo\/wp-json\/wp\/v2\/media?parent=1692"}],"curies":[{"name":"wp","href":"https:\/\/api.w.org\/{rel}","templated":true}]}}