{"id":1834,"date":"2023-12-20T15:01:53","date_gmt":"2023-12-20T14:01:53","guid":{"rendered":"https:\/\/us.edu.pl\/kolegium\/spnjo\/?page_id=1834"},"modified":"2025-11-26T10:42:57","modified_gmt":"2025-11-26T09:42:57","slug":"rejestracja-ep","status":"publish","type":"page","link":"https:\/\/us.edu.pl\/kolegium\/spnjo\/lektorat\/egzaminy\/egzamin-poswiadczajacy\/rejestracja-ep\/","title":{"rendered":"rejestracja EP"},"content":{"rendered":"<p>[vc_row el_class=&#8221;container&#8221;][vc_column][vc_column_text]Rejestracja na egzamin po\u015bwiadczaj\u0105cy prowadzona jest w serwisie USOWSweb przez kalendarz rejestracji SPNJO.<\/p>\n<p>Ka\u017cda osoba studiuj\u0105ca w Uniwersytecie \u015al\u0105skim, kt\u00f3ra w roku akademickim 2023\/24, 2024\/25 i 2025\/26 podj\u0119\u0142a studia 1-go stopnia lub jednolite magisterskie na kierunku obj\u0119tym Now\u0105 Koncepcj\u0105 Studi\u00f3w otrzymuje uprawnienia, kt\u00f3re mo\u017ce wykorzysta\u0107 do rejestracji\u00a0 na egzamin po\u015bwiadczaj\u0105cy na poziomie B2 z wybranego przez siebie j\u0119zyka.<\/p>\n<p><strong>STUDENCI STUDI\u00d3W STACJONARNYCH:<\/strong><\/p>\n<p><strong>Termin rejestracji na egzamin po\u015bwiadczaj\u0105cy na poziomie B2<\/strong>:<\/p>\n<p><em>I tura &#8211; dla student\u00f3w III roku:\u00a0<\/em><em>od 01.12.2025 r. godz.: 13:00 do 14.12.2025 r. godz.: 23:55<br \/>\nII tura &#8211; dla student\u00f3w I, II i III roku: od 17.12.2025 r. godz.: 13:00 do 15.01.2026 r. godz.: 23:55<br \/>\n<\/em><\/p>\n<p><strong>Link do rejestracji<\/strong>: <a href=\"https:\/\/usosweb.us.edu.pl\/kontroler.php?_action=katalog2\/przedmioty\/szukajPrzedmiotu&amp;method=rej&amp;rej_kod=31-S1-EgzP-B2-25%2F26Z&amp;callback=g_bd9b9c6d\">https:\/\/usosweb.us.edu.pl\/kontroler.php?_action=katalog2\/przedmioty\/szukajPrzedmiotu&amp;method=rej&amp;rej_kod=31-S1-EgzP-B2-25%2F26Z&amp;callback=g_bd9b9c6d<\/a><\/p>\n<p><strong>Termin rejestracji na egzamin po\u015bwiadczaj\u0105cy na poziomie C1<\/strong>:<\/p>\n<p><em>I tura &#8211; dla student\u00f3w III roku:\u00a0<\/em><em>od 01.12.2025 r. godz.: 13:00 do 14.12.2025 r. godz.: 23:55<br \/>\nII tura &#8211; dla student\u00f3w I, II i III roku: od 17.12.2025 r. godz.: 13:00 do 15.01.2026 r. godz.: 23:55<\/em><\/p>\n<p><strong>Link do rejestracji<\/strong>: <a href=\"https:\/\/usosweb.us.edu.pl\/kontroler.php?_action=katalog2\/przedmioty\/szukajPrzedmiotu&amp;method=rej&amp;rej_kod=31-S1-EgzP-C1-25%2F26Z&amp;callback=g_d57435de\">https:\/\/usosweb.us.edu.pl\/kontroler.php?_action=katalog2\/przedmioty\/szukajPrzedmiotu&amp;method=rej&amp;rej_kod=31-S1-EgzP-C1-25%2F26Z&amp;callback=g_d57435de<\/a><\/p>\n<p>&nbsp;<\/p>\n<p><strong>STUDENCI STUDI\u00d3W NIESTACJONARNYCH:<\/strong><\/p>\n<p><strong>Termin rejestracji na egzamin po\u015bwiadczaj\u0105cy na poziomie B2<\/strong>:<\/p>\n<p><em>I tura &#8211; dla student\u00f3w I, II i III roku: <\/em><em>od 01.12.2025 r. godz.: 13:00 do 15.01.2026 r. godz.: 23:55<br \/>\n<\/em><\/p>\n<p><strong>Link do rejestracji<\/strong>: <a href=\"https:\/\/usosweb.us.edu.pl\/kontroler.php?_action=katalog2\/przedmioty\/szukajPrzedmiotu&amp;method=rej&amp;rej_kod=31-N1-EgzP-B2-25%2F26Z&amp;callback=g_88678d3c\">https:\/\/usosweb.us.edu.pl\/kontroler.php?_action=katalog2\/przedmioty\/szukajPrzedmiotu&amp;method=rej&amp;rej_kod=31-N1-EgzP-B2-25%2F26Z&amp;callback=g_88678d3c<\/a><\/p>\n<p><strong>Termin rejestracji na egzamin po\u015bwiadczaj\u0105cy na poziomie C1<\/strong>:<\/p>\n<p><em>I tura &#8211; dla student\u00f3w I, II i III roku: <\/em><em>od 01.12.2025 r. godz.: 13:00 do 15.01.2026 r. godz.: 23:55<\/em><\/p>\n<p><strong>Link do rejestracji<\/strong>: <a href=\"https:\/\/usosweb.us.edu.pl\/kontroler.php?_action=katalog2\/przedmioty\/szukajPrzedmiotu&amp;method=rej&amp;rej_kod=31-N1-EgzP-C1-25%2F26Z&amp;callback=g_e7673771\">https:\/\/usosweb.us.edu.pl\/kontroler.php?_action=katalog2\/przedmioty\/szukajPrzedmiotu&amp;method=rej&amp;rej_kod=31-N1-EgzP-C1-25%2F26Z&amp;callback=g_e7673771<\/a><\/p>\n<p>&nbsp;<\/p>\n<p>Kontakt: <a href=\"mailto:poswiadczenia.spnjo@us.edu.pl\">poswiadczenia.spnjo@us.edu.pl<\/a>[\/vc_column_text][\/vc_column][\/vc_row]<\/p>","protected":false},"excerpt":{"rendered":"<p>[vc_row el_class=&#8221;container&#8221;][vc_column][vc_column_text]Rejestracja na egzamin po\u015bwiadczaj\u0105cy prowadzona jest w serwisie USOWSweb przez kalendarz rejestracji SPNJO. Ka\u017cda osoba studiuj\u0105ca w Uniwersytecie \u015al\u0105skim, kt\u00f3ra w roku akademickim 2023\/24, 2024\/25 i 2025\/26 podj\u0119\u0142a studia 1-go stopnia lub jednolite magisterskie na kierunku obj\u0119tym Now\u0105 Koncepcj\u0105 Studi\u00f3w otrzymuje uprawnienia, kt\u00f3re mo\u017ce wykorzysta\u0107 do rejestracji\u00a0 na egzamin po\u015bwiadczaj\u0105cy na poziomie B2 z [&#8230;]<\/p>\n<p><a class=\"btn btn-secondary understrap-read-more-link\" href=\"https:\/\/us.edu.pl\/kolegium\/spnjo\/lektorat\/egzaminy\/egzamin-poswiadczajacy\/rejestracja-ep\/\">Read More&#8230;<\/a><\/p>\n","protected":false},"author":3369,"featured_media":0,"parent":1828,"menu_order":2,"comment_status":"closed","ping_status":"closed","template":"","meta":{"_expiration-date-status":"","_expiration-date":0,"_expiration-date-type":"","_expiration-date-categories":[],"_expiration-date-options":[]},"acf":[],"_links":{"self":[{"href":"https:\/\/us.edu.pl\/kolegium\/spnjo\/wp-json\/wp\/v2\/pages\/1834"}],"collection":[{"href":"https:\/\/us.edu.pl\/kolegium\/spnjo\/wp-json\/wp\/v2\/pages"}],"about":[{"href":"https:\/\/us.edu.pl\/kolegium\/spnjo\/wp-json\/wp\/v2\/types\/page"}],"author":[{"embeddable":true,"href":"https:\/\/us.edu.pl\/kolegium\/spnjo\/wp-json\/wp\/v2\/users\/3369"}],"replies":[{"embeddable":true,"href":"https:\/\/us.edu.pl\/kolegium\/spnjo\/wp-json\/wp\/v2\/comments?post=1834"}],"version-history":[{"count":10,"href":"https:\/\/us.edu.pl\/kolegium\/spnjo\/wp-json\/wp\/v2\/pages\/1834\/revisions"}],"predecessor-version":[{"id":4357,"href":"https:\/\/us.edu.pl\/kolegium\/spnjo\/wp-json\/wp\/v2\/pages\/1834\/revisions\/4357"}],"up":[{"embeddable":true,"href":"https:\/\/us.edu.pl\/kolegium\/spnjo\/wp-json\/wp\/v2\/pages\/1828"}],"wp:attachment":[{"href":"https:\/\/us.edu.pl\/kolegium\/spnjo\/wp-json\/wp\/v2\/media?parent=1834"}],"curies":[{"name":"wp","href":"https:\/\/api.w.org\/{rel}","templated":true}]}}