{"id":1838,"date":"2023-12-20T15:06:52","date_gmt":"2023-12-20T14:06:52","guid":{"rendered":"https:\/\/us.edu.pl\/kolegium\/spnjo\/?page_id=1838"},"modified":"2026-04-20T10:18:02","modified_gmt":"2026-04-20T08:18:02","slug":"czesc-ustna-ep","status":"publish","type":"page","link":"https:\/\/us.edu.pl\/kolegium\/spnjo\/lektorat\/egzaminy\/egzamin-poswiadczajacy\/czesc-ustna-ep\/","title":{"rendered":"cz\u0119\u015b\u0107 ustna EP"},"content":{"rendered":"<p>[vc_row el_class=&#8221;container&#8221;][vc_column][vc_column_text]<span style=\"font-size: 12pt;\"><span style=\"text-decoration: underline; color: #ff6600;\"><strong>WA\u017bNE!<\/strong><\/span><em><br \/>\n<\/em>Na ustn\u0105 cz\u0119\u015b\u0107 egzaminu b\u0119d\u0105 obowi\u0105zywa\u0142y samodzielne zapisy.<br \/>\nOsoby, kt\u00f3re otrzymaj\u0105 pozytywny wynik z cz\u0119\u015bci pisemnej zostan\u0105 zapisane na kursu na platformie Moodle gdzie b\u0119dzie mo\u017cna wybra\u0107 termin egzaminu ustnego spo\u015br\u00f3d dost\u0119pnych opcji. <\/span><\/p>\n<p><span style=\"font-size: 12pt;\">Rejestracja ruszy: <em><strong><span class=\"\">informacja wkr\u00f3tce<\/span><\/strong><\/em><\/span><\/p>\n<p><span style=\"font-size: 12pt;\">Jak utworzy\u0107 konto na platformie Moodle &#8211; SPNJO?<\/span><\/p>\n<p><span style=\"font-size: 12pt;\">&#8211; wejd\u017a w link: <a href=\"https:\/\/el.us.edu.pl\/spnjo\/\">https:\/\/el.us.edu.pl\/spnjo\/<br \/>\n<\/a>&#8211; zaloguj si\u0119 poprzez Centralny System Uwierzytelniania (jak na USOS)<\/span><\/p>\n<hr \/>\n<p>[\/vc_column_text][\/vc_column][\/vc_row][vc_row el_class=&#8221;container&#8221;][vc_column width=&#8221;1\/2&#8243;][vc_column_text]<span style=\"font-size: 12pt;\"><strong>STUDENCI STUDI\u00d3W STACJONARNYCH<\/strong><\/span><\/p>\n<p>&nbsp;<\/p>\n<p><strong>Kampus Katowice:<\/strong><\/p>\n<p><strong>Termin:<\/strong> <em><strong>22-23.06.2026 r. <\/strong>godz.: wg zapis\u00f3w<\/em><\/p>\n<p><strong>Miejsce przeprowadzenia egzaminu ustnego:<\/strong><\/p>\n<p>Katowice: <strong>WN\u015aiT<\/strong>, ul. Bankowa 14 s. <em>wg zapis\u00f3w<\/em>[\/vc_column_text][\/vc_column][vc_column width=&#8221;1\/2&#8243;][vc_column_text]<span style=\"font-size: 12pt;\"><strong>STUDENCI STUDI\u00d3W NIESTACJONARNYCH:<\/strong><\/span><\/p>\n<p>&nbsp;<\/p>\n<p>&nbsp;<\/p>\n<p><strong>Termin:<\/strong> <em><strong>20.06.2026 r. <\/strong>godz.: po cz\u0119\u015bci pisemnej\u00a0<\/em><\/p>\n<p><strong>Miejsce przeprowadzenia egzaminu ustnego:<\/strong><\/p>\n<p>Katowice: <em>wkr\u00f3tce<\/em>[\/vc_column_text][\/vc_column][\/vc_row][vc_row el_class=&#8221;container&#8221;][vc_column][vc_column_text]<\/p>\n<hr \/>\n<p><strong>Wa\u017cne informacje<\/strong><\/p>\n<p>Warunkiem przyst\u0105pienia do\u00a0egzaminu ustnego jest uzyskanie przez kandydata minimum 60% punkt\u00f3w z\u00a0egzaminu pisemnego.<\/p>\n<p>Egzamin uwa\u017ca si\u0119 za zdany, gdy kandydat uzyska \u0142\u0105cznie minimum 60% wszystkich punkt\u00f3w z egzaminu pisemnego i egzaminu ustnego.<\/p>\n<p>Kandydat przyst\u0119puj\u0105cy do egzaminu ustnego powinien:<\/p>\n<ul>\n<li>zg\u0142osi\u0107 si\u0119 na egzamin 15 minut przed rozpocz\u0119ciem egzaminu;<\/li>\n<li>przed wej\u015bciem na sal\u0119 egzaminacyjn\u0105 okaza\u0107 dow\u00f3d to\u017csamo\u015bci ze zdj\u0119ciem.<\/li>\n<\/ul>\n<p>[\/vc_column_text][\/vc_column][\/vc_row]<\/p>","protected":false},"excerpt":{"rendered":"<p>[vc_row el_class=&#8221;container&#8221;][vc_column][vc_column_text]WA\u017bNE! Na ustn\u0105 cz\u0119\u015b\u0107 egzaminu b\u0119d\u0105 obowi\u0105zywa\u0142y samodzielne zapisy. Osoby, kt\u00f3re otrzymaj\u0105 pozytywny wynik z cz\u0119\u015bci pisemnej zostan\u0105 zapisane na kursu na platformie Moodle gdzie b\u0119dzie mo\u017cna wybra\u0107 termin egzaminu ustnego spo\u015br\u00f3d dost\u0119pnych opcji. Rejestracja ruszy: informacja wkr\u00f3tce Jak utworzy\u0107 konto na platformie Moodle &#8211; SPNJO? &#8211; wejd\u017a w link: https:\/\/el.us.edu.pl\/spnjo\/ &#8211; zaloguj si\u0119 [&#8230;]<\/p>\n<p><a class=\"btn btn-secondary understrap-read-more-link\" href=\"https:\/\/us.edu.pl\/kolegium\/spnjo\/lektorat\/egzaminy\/egzamin-poswiadczajacy\/czesc-ustna-ep\/\">Read More&#8230;<\/a><\/p>\n","protected":false},"author":3369,"featured_media":0,"parent":1828,"menu_order":4,"comment_status":"closed","ping_status":"closed","template":"","meta":{"_expiration-date-status":"","_expiration-date":0,"_expiration-date-type":"","_expiration-date-categories":[],"_expiration-date-options":[]},"acf":[],"_links":{"self":[{"href":"https:\/\/us.edu.pl\/kolegium\/spnjo\/wp-json\/wp\/v2\/pages\/1838"}],"collection":[{"href":"https:\/\/us.edu.pl\/kolegium\/spnjo\/wp-json\/wp\/v2\/pages"}],"about":[{"href":"https:\/\/us.edu.pl\/kolegium\/spnjo\/wp-json\/wp\/v2\/types\/page"}],"author":[{"embeddable":true,"href":"https:\/\/us.edu.pl\/kolegium\/spnjo\/wp-json\/wp\/v2\/users\/3369"}],"replies":[{"embeddable":true,"href":"https:\/\/us.edu.pl\/kolegium\/spnjo\/wp-json\/wp\/v2\/comments?post=1838"}],"version-history":[{"count":10,"href":"https:\/\/us.edu.pl\/kolegium\/spnjo\/wp-json\/wp\/v2\/pages\/1838\/revisions"}],"predecessor-version":[{"id":4607,"href":"https:\/\/us.edu.pl\/kolegium\/spnjo\/wp-json\/wp\/v2\/pages\/1838\/revisions\/4607"}],"up":[{"embeddable":true,"href":"https:\/\/us.edu.pl\/kolegium\/spnjo\/wp-json\/wp\/v2\/pages\/1828"}],"wp:attachment":[{"href":"https:\/\/us.edu.pl\/kolegium\/spnjo\/wp-json\/wp\/v2\/media?parent=1838"}],"curies":[{"name":"wp","href":"https:\/\/api.w.org\/{rel}","templated":true}]}}