{"id":1840,"date":"2023-12-20T15:10:53","date_gmt":"2023-12-20T14:10:53","guid":{"rendered":"https:\/\/us.edu.pl\/kolegium\/spnjo\/?page_id=1840"},"modified":"2025-11-26T10:35:13","modified_gmt":"2025-11-26T09:35:13","slug":"wyniki-koncowe-ep","status":"publish","type":"page","link":"https:\/\/us.edu.pl\/kolegium\/spnjo\/lektorat\/egzaminy\/egzamin-poswiadczajacy\/wyniki-koncowe-ep\/","title":{"rendered":"wyniki ko\u0144cowe EP"},"content":{"rendered":"<p>[vc_row el_class=&#8221;container&#8221;][vc_column][vc_column_text]<strong>Wyniki<\/strong><\/p>\n<p>Og\u00f3lne wyniki egzaminu <strong>umieszczane s\u0105 w systemie USOS.<\/strong><\/p>\n<p>Pozytywny wynik egzaminu\u00a0 jest po\u015bwiadczeniem osi\u0105gni\u0119cia przez osob\u0119 studiuj\u0105c\u0105 poziomu bieg\u0142o\u015bci j\u0119zykowej B2 z j\u0119zyka obcego zgodnie z okre\u015blonymi standardami Europejskiego Systemu Opisu Kszta\u0142cenia J\u0119zykowego (ESOKJ).<\/p>\n<p>&nbsp;<\/p>\n<p><strong>Dalszy rozw\u00f3j j\u0119zykowy:<br \/>\n<\/strong><\/p>\n<p>Osoby studiuj\u0105ce, kt\u00f3re uzyska\u0142y wynik pozytywny z egzaminu po\u015bwiadczaj\u0105cego kompetencje j\u0119zykowe na poziomie B2, maj\u0105 prawo do nieodp\u0142atnego:<\/p>\n<p>1) uczestnictwa w oferowanych przez SPNJO zaj\u0119ciach lektoratu z tego j\u0119zyka obcego na wy\u017cszym poziomie (C1 lub C2) lub zaj\u0119ciach z zakresu j\u0119zyka specjalistycznego;<\/p>\n<p>2) uczestnictwa w oferowanych przez SPNJO zaj\u0119ciach lektoratu z innego j\u0119zyka obcego na poziomie A1, A1\/A2, A2\/B1, B1\/B2 lub B2;<\/p>\n<p>3) uczestnictwa w innych zaj\u0119ciach oferowanych w Uczelni, w szczeg\u00f3lno\u015bci prowadzonych w j\u0119zyku obcym.<\/p>\n<p>[\/vc_column_text][\/vc_column][\/vc_row]<\/p>","protected":false},"excerpt":{"rendered":"<p>[vc_row el_class=&#8221;container&#8221;][vc_column][vc_column_text]Wyniki Og\u00f3lne wyniki egzaminu umieszczane s\u0105 w systemie USOS. Pozytywny wynik egzaminu\u00a0 jest po\u015bwiadczeniem osi\u0105gni\u0119cia przez osob\u0119 studiuj\u0105c\u0105 poziomu bieg\u0142o\u015bci j\u0119zykowej B2 z j\u0119zyka obcego zgodnie z okre\u015blonymi standardami Europejskiego Systemu Opisu Kszta\u0142cenia J\u0119zykowego (ESOKJ). &nbsp; Dalszy rozw\u00f3j j\u0119zykowy: Osoby studiuj\u0105ce, kt\u00f3re uzyska\u0142y wynik pozytywny z egzaminu po\u015bwiadczaj\u0105cego kompetencje j\u0119zykowe na poziomie B2, maj\u0105 [&#8230;]<\/p>\n<p><a class=\"btn btn-secondary understrap-read-more-link\" href=\"https:\/\/us.edu.pl\/kolegium\/spnjo\/lektorat\/egzaminy\/egzamin-poswiadczajacy\/wyniki-koncowe-ep\/\">Read More&#8230;<\/a><\/p>\n","protected":false},"author":3369,"featured_media":0,"parent":1828,"menu_order":5,"comment_status":"closed","ping_status":"closed","template":"","meta":{"_expiration-date-status":"","_expiration-date":0,"_expiration-date-type":"","_expiration-date-categories":[],"_expiration-date-options":[]},"acf":[],"_links":{"self":[{"href":"https:\/\/us.edu.pl\/kolegium\/spnjo\/wp-json\/wp\/v2\/pages\/1840"}],"collection":[{"href":"https:\/\/us.edu.pl\/kolegium\/spnjo\/wp-json\/wp\/v2\/pages"}],"about":[{"href":"https:\/\/us.edu.pl\/kolegium\/spnjo\/wp-json\/wp\/v2\/types\/page"}],"author":[{"embeddable":true,"href":"https:\/\/us.edu.pl\/kolegium\/spnjo\/wp-json\/wp\/v2\/users\/3369"}],"replies":[{"embeddable":true,"href":"https:\/\/us.edu.pl\/kolegium\/spnjo\/wp-json\/wp\/v2\/comments?post=1840"}],"version-history":[{"count":7,"href":"https:\/\/us.edu.pl\/kolegium\/spnjo\/wp-json\/wp\/v2\/pages\/1840\/revisions"}],"predecessor-version":[{"id":4352,"href":"https:\/\/us.edu.pl\/kolegium\/spnjo\/wp-json\/wp\/v2\/pages\/1840\/revisions\/4352"}],"up":[{"embeddable":true,"href":"https:\/\/us.edu.pl\/kolegium\/spnjo\/wp-json\/wp\/v2\/pages\/1828"}],"wp:attachment":[{"href":"https:\/\/us.edu.pl\/kolegium\/spnjo\/wp-json\/wp\/v2\/media?parent=1840"}],"curies":[{"name":"wp","href":"https:\/\/api.w.org\/{rel}","templated":true}]}}