{"id":1863,"date":"2023-12-21T08:44:33","date_gmt":"2023-12-21T07:44:33","guid":{"rendered":"https:\/\/us.edu.pl\/kolegium\/spnjo\/?page_id=1863"},"modified":"2025-11-26T10:36:30","modified_gmt":"2025-11-26T09:36:30","slug":"kontakt-egzaminy-poswiadczajace","status":"publish","type":"page","link":"https:\/\/us.edu.pl\/kolegium\/spnjo\/kontakt\/kontakt-egzaminy-poswiadczajace\/","title":{"rendered":"kontakt egzaminy po\u015bwiadczaj\u0105ce"},"content":{"rendered":"<p>[vc_row el_class=&#8221;container&#8221;][vc_column][vc_column_text]<\/p>\n<div class=\"vc_row wpb_row vc_row-fluid vc_custom_1686573106236\">\n<div class=\"wpb_column vc_column_container vc_col-sm-12\">\n<div class=\"vc_column-inner\">\n<div class=\"wpb_wrapper\">\n<div class=\"wpb_text_column wpb_content_element \">\n<div class=\"wpb_wrapper\">\n<div class=\"vc_row wpb_row vc_row-fluid vc_custom_1703144668387\">\n<div class=\"wpb_column vc_column_container vc_col-sm-12\">\n<div class=\"vc_column-inner\">\n<div class=\"wpb_wrapper\">\n<div class=\"wpb_text_column wpb_content_element \">\n<div class=\"wpb_wrapper\">\n<div class=\"vc_row wpb_row vc_row-fluid vc_custom_1686573106236\">\n<div class=\"wpb_column vc_column_container vc_col-sm-12\">\n<div class=\"vc_column-inner\">\n<div class=\"wpb_wrapper\">\n<div class=\"wpb_text_column wpb_content_element \">\n<div class=\"wpb_wrapper\">\n<p><strong>Koordynatorzy Egzamin\u00f3w Po\u015bwiadczaj\u0105cych<\/strong><\/p>\n<p>mgr Kinga P\u00f3\u0142rolniczak<\/p>\n<p>mgr Marcin Gorgol<\/p>\n<p>e-mail: <a href=\"mailto:poswiadczenia.spnjo@us.edu.pl\">poswiadczenia.spnjo@us.edu.pl<\/a><\/p>\n<p>WWW: <a href=\"https:\/\/us.edu.pl\/kolegium\/spnjo\/lektorat\/egzaminy\/egzamin-poswiadczajacy\/\">https:\/\/us.edu.pl\/kolegium\/spnjo\/lektorat\/egzaminy\/egzamin-poswiadczajacy\/<\/a><\/p>\n<\/div>\n<\/div>\n<\/div>\n<\/div>\n<\/div>\n<\/div>\n<\/div>\n<\/div>\n<\/div>\n<\/div>\n<\/div>\n<\/div>\n<\/div>\n<\/div>\n<\/div>\n<\/div>\n<\/div>\n<\/div>\n<p>[\/vc_column_text][\/vc_column][\/vc_row]<\/p>","protected":false},"excerpt":{"rendered":"<p>[vc_row el_class=&#8221;container&#8221;][vc_column][vc_column_text] Koordynatorzy Egzamin\u00f3w Po\u015bwiadczaj\u0105cych mgr Kinga P\u00f3\u0142rolniczak mgr Marcin Gorgol e-mail: poswiadczenia.spnjo@us.edu.pl WWW: https:\/\/us.edu.pl\/kolegium\/spnjo\/lektorat\/egzaminy\/egzamin-poswiadczajacy\/ [\/vc_column_text][\/vc_column][\/vc_row] [&#8230;]<\/p>\n<p><a class=\"btn btn-secondary understrap-read-more-link\" href=\"https:\/\/us.edu.pl\/kolegium\/spnjo\/kontakt\/kontakt-egzaminy-poswiadczajace\/\">Read More&#8230;<\/a><\/p>\n","protected":false},"author":3369,"featured_media":0,"parent":62,"menu_order":4,"comment_status":"closed","ping_status":"closed","template":"","meta":{"_expiration-date-status":"saved","_expiration-date":0,"_expiration-date-type":"","_expiration-date-categories":[],"_expiration-date-options":[]},"acf":[],"_links":{"self":[{"href":"https:\/\/us.edu.pl\/kolegium\/spnjo\/wp-json\/wp\/v2\/pages\/1863"}],"collection":[{"href":"https:\/\/us.edu.pl\/kolegium\/spnjo\/wp-json\/wp\/v2\/pages"}],"about":[{"href":"https:\/\/us.edu.pl\/kolegium\/spnjo\/wp-json\/wp\/v2\/types\/page"}],"author":[{"embeddable":true,"href":"https:\/\/us.edu.pl\/kolegium\/spnjo\/wp-json\/wp\/v2\/users\/3369"}],"replies":[{"embeddable":true,"href":"https:\/\/us.edu.pl\/kolegium\/spnjo\/wp-json\/wp\/v2\/comments?post=1863"}],"version-history":[{"count":6,"href":"https:\/\/us.edu.pl\/kolegium\/spnjo\/wp-json\/wp\/v2\/pages\/1863\/revisions"}],"predecessor-version":[{"id":4353,"href":"https:\/\/us.edu.pl\/kolegium\/spnjo\/wp-json\/wp\/v2\/pages\/1863\/revisions\/4353"}],"up":[{"embeddable":true,"href":"https:\/\/us.edu.pl\/kolegium\/spnjo\/wp-json\/wp\/v2\/pages\/62"}],"wp:attachment":[{"href":"https:\/\/us.edu.pl\/kolegium\/spnjo\/wp-json\/wp\/v2\/media?parent=1863"}],"curies":[{"name":"wp","href":"https:\/\/api.w.org\/{rel}","templated":true}]}}