{"id":253,"date":"2021-08-10T11:20:33","date_gmt":"2021-08-10T09:20:33","guid":{"rendered":"https:\/\/us.edu.pl\/kolegium\/spnjo\/?page_id=253"},"modified":"2025-11-24T13:06:03","modified_gmt":"2025-11-24T12:06:03","slug":"faq-diagnoza-jezykowa","status":"publish","type":"page","link":"https:\/\/us.edu.pl\/kolegium\/spnjo\/lektorat\/faq\/faq-diagnoza-jezykowa\/","title":{"rendered":"FAQ diagnoza j\u0119zykowa"},"content":{"rendered":"<p>[vc_row el_class=&#8221;container&#8221;][vc_column][vc_column_text]<\/p>\n<p>&nbsp;<\/p>\n<p><span style=\"font-size: 14pt;\"><strong><em>1. Czy musz\u0119 wykona\u0107 diagnoz\u0119 j\u0119zykow\u0105?<\/em><\/strong><\/span><\/p>\n<p>Tak, <strong>je\u015bli chcesz kontynuowa\u0107 nauk\u0119 j\u0119zyka obcego, kt\u00f3ry ju\u017c znasz<\/strong>, musisz wykona\u0107 diagnoz\u0119, kt\u00f3ra znajduje si\u0119 na stronie <a href=\"https:\/\/el.us.edu.pl\/spnjo\">https:\/\/el.us.edu.pl\/spnjo<\/a>. Diagnoz\u0119 nale\u017cy wykona\u0107 <strong>przed rozpocz\u0119ciem 1. tury rejestracji<\/strong>.<\/p>\n<p><strong>Wyj\u0105tek:<\/strong><br \/>\nJe\u015bli zapisujesz si\u0119 na <strong>grup\u0119 pocz\u0105tkuj\u0105c\u0105 (A1)<\/strong> z j\u0119zyka, kt\u00f3rego dopiero zaczynasz si\u0119 uczy\u0107, <strong>nie musisz wykonywa\u0107 testu<\/strong>.<\/p>\n<p>&nbsp;<\/p>\n<p><span style=\"font-size: 14pt;\"><strong><em>2. Wykona\u0142_m test z j\u0119zyka, kt\u00f3ry znam, ale mam zamiar rozpocz\u0105\u0107 nauk\u0119 nowego j\u0119zyka (grupa pocz\u0105tkuj\u0105ca). Czy w takim wypadku tak\u017ce powinienem wykonywa\u0107 test poziomuj\u0105cy z tego j\u0119zyka?<\/em><\/strong><\/span><\/p>\n<p>Nie.<br \/>\n<strong>Zapisanie si\u0119 na grup\u0119 pocz\u0105tkuj\u0105c\u0105 (A1) nie wymaga testu poziomuj\u0105cego.<\/strong><\/p>\n<p>&nbsp;<\/p>\n<p><span style=\"font-size: 14pt;\"><strong><em>3. Zaliczy\u0142_m lektorat na U\u015a, czy musz\u0119 wykona\u0107 diagnoz\u0119 j\u0119zykow\u0105?<\/em><\/strong><\/span><\/p>\n<p>Nie, je\u015bli zamierzasz zapisa\u0107 si\u0119 na poziom, z kt\u00f3rego mo\u017cesz zosta\u0107 zwolniony\/a.<\/p>\n<ul>\n<li>Je\u015bli uko\u0144czy\u0142_\u015b lektorat na<strong> poziomach B2 i C1.<\/strong><\/li>\n<li>Je\u015bli uko\u0144czy\u0142_\u015b lektorat na poziomie <strong>B1\/B2 i zdawa\u0142_\u015b egzamin ko\u0144cz\u0105cy po lektoracie w U\u015a<\/strong>, mo\u017cesz zapisa\u0107 si\u0119 do <strong>grupy zwalniaj\u0105cej na poziomie B2<\/strong>.<\/li>\n<\/ul>\n<p>W rejestracji nale\u017cy wybra\u0107 <strong>grup\u0119 nr 1 &#8211; grup\u0119 dla os\u00f3b zwolnionych<\/strong>. Pod koniec semestru odpowiednia ocena zostanie automatycznie uzupe\u0142niona.<\/p>\n<p><span style=\"font-size: 12pt;\"><br \/>\n<\/span>[\/vc_column_text][\/vc_column][\/vc_row]<\/p>","protected":false},"excerpt":{"rendered":"<p>[vc_row el_class=&#8221;container&#8221;][vc_column][vc_column_text] &nbsp; 1. Czy musz\u0119 wykona\u0107 diagnoz\u0119 j\u0119zykow\u0105? Tak, je\u015bli chcesz kontynuowa\u0107 nauk\u0119 j\u0119zyka obcego, kt\u00f3ry ju\u017c znasz, musisz wykona\u0107 diagnoz\u0119, kt\u00f3ra znajduje si\u0119 na stronie https:\/\/el.us.edu.pl\/spnjo. Diagnoz\u0119 nale\u017cy wykona\u0107 przed rozpocz\u0119ciem 1. tury rejestracji. Wyj\u0105tek: Je\u015bli zapisujesz si\u0119 na grup\u0119 pocz\u0105tkuj\u0105c\u0105 (A1) z j\u0119zyka, kt\u00f3rego dopiero zaczynasz si\u0119 uczy\u0107, nie musisz wykonywa\u0107 testu. [&#8230;]<\/p>\n<p><a class=\"btn btn-secondary understrap-read-more-link\" href=\"https:\/\/us.edu.pl\/kolegium\/spnjo\/lektorat\/faq\/faq-diagnoza-jezykowa\/\">Read More&#8230;<\/a><\/p>\n","protected":false},"author":3369,"featured_media":0,"parent":140,"menu_order":1,"comment_status":"closed","ping_status":"closed","template":"","meta":{"_expiration-date-status":"saved","_expiration-date":0,"_expiration-date-type":"","_expiration-date-categories":[],"_expiration-date-options":[]},"acf":[],"_links":{"self":[{"href":"https:\/\/us.edu.pl\/kolegium\/spnjo\/wp-json\/wp\/v2\/pages\/253"}],"collection":[{"href":"https:\/\/us.edu.pl\/kolegium\/spnjo\/wp-json\/wp\/v2\/pages"}],"about":[{"href":"https:\/\/us.edu.pl\/kolegium\/spnjo\/wp-json\/wp\/v2\/types\/page"}],"author":[{"embeddable":true,"href":"https:\/\/us.edu.pl\/kolegium\/spnjo\/wp-json\/wp\/v2\/users\/3369"}],"replies":[{"embeddable":true,"href":"https:\/\/us.edu.pl\/kolegium\/spnjo\/wp-json\/wp\/v2\/comments?post=253"}],"version-history":[{"count":11,"href":"https:\/\/us.edu.pl\/kolegium\/spnjo\/wp-json\/wp\/v2\/pages\/253\/revisions"}],"predecessor-version":[{"id":4347,"href":"https:\/\/us.edu.pl\/kolegium\/spnjo\/wp-json\/wp\/v2\/pages\/253\/revisions\/4347"}],"up":[{"embeddable":true,"href":"https:\/\/us.edu.pl\/kolegium\/spnjo\/wp-json\/wp\/v2\/pages\/140"}],"wp:attachment":[{"href":"https:\/\/us.edu.pl\/kolegium\/spnjo\/wp-json\/wp\/v2\/media?parent=253"}],"curies":[{"name":"wp","href":"https:\/\/api.w.org\/{rel}","templated":true}]}}