{"id":261,"date":"2021-08-10T11:35:04","date_gmt":"2021-08-10T09:35:04","guid":{"rendered":"https:\/\/us.edu.pl\/kolegium\/spnjo\/?page_id=261"},"modified":"2025-12-05T14:45:55","modified_gmt":"2025-12-05T13:45:55","slug":"faq-rejestracja","status":"publish","type":"page","link":"https:\/\/us.edu.pl\/kolegium\/spnjo\/lektorat\/faq\/faq-rejestracja\/","title":{"rendered":"FAQ rejestracja"},"content":{"rendered":"<p>[vc_row el_class=&#8221;container&#8221;][vc_column][vc_column_text]<\/p>\n<ol>\n<li><span style=\"font-size: 12pt;\"><em><strong>Jak mog\u0119 si\u0119 zarejestrowa\u0107 na zaj\u0119cia?<br \/>\n<\/strong><\/em><\/span><br \/>\n<span style=\"font-size: 12pt;\">&#8211; wejd\u017a na stron\u0119 USOSweb: <a href=\"https:\/\/usosweb.us.edu.pl\">https:\/\/usosweb.us.edu.pl,<\/a><\/span><br \/>\n<span style=\"font-size: 12pt;\">&#8211; zaloguj si\u0119 przez system uwierzytelniania uczelni (to Twoje konto studenckie),<\/span><br \/>\n<span style=\"font-size: 12pt;\">&#8211; w menu wybierz: <strong data-start=\"1240\" data-end=\"1294\">DLA STUDENT\u00d3W \u2192 Rejestracja \u2192 Rejestracje \u017cetonowe<\/strong>,<strong data-start=\"1240\" data-end=\"1294\"><br \/>\n<\/strong>&#8211; na li\u015bcie zobaczysz dost\u0119pne rejestracje &#8211; czyli przedmioty, na kt\u00f3re mo\u017cesz si\u0119 zapisa\u0107. Je\u015bli rejestracja jest aktywna &#8211; kliknij nazw\u0119 lub \u201ePrzejd\u017a do rejestracji\u201d.<\/span><br \/>\n<span style=\"font-size: 12pt;\">&#8211; wybierz interesuj\u0105cy Ci\u0119 przedmiot\/grup\u0119. Mo\u017cesz filtrowa\u0107 ofert\u0119 (np. dzie\u0144 tygodnia, zaj\u0119cia, grupy dedykowane),<\/span><br \/>\n<span style=\"font-size: 12pt;\">&#8211; dodaj przedmiot do \u201ekoszyka rejestracji \u017cetonowych\u201d &#8211; kliknij ikon\u0119 koszyka przy danej grupie. To z\u0142o\u017cy Twoj\u0105 pro\u015bb\u0119 o zapis.<\/span><br \/>\n<span style=\"font-size: 12pt;\">&#8211; poczekaj na zako\u0144czenie bie\u017c\u0105cej mikrotury &#8211; system wtedy przypisze student\u00f3w do grup. Je\u015bli w grupie Twoja pro\u015bba zostanie zaakceptowana, zobaczysz to w zak\u0142adce \u201eMoje rejestracje\u201d,<\/span><br \/>\n<span style=\"font-size: 12pt;\"><span style=\"font-size: 12pt;\">&#8211; je\u015bli zapis si\u0119 uda\u0142 &#8211; przedmiot pojawi si\u0119 w Twoich rejestracjach i automatycznie zniknie z koszyka.<\/span><\/span><span style=\"font-size: 12pt;\"><span style=\"font-size: 12pt;\">Link do pe\u0142nej instrukcji znajduje si\u0119 <a href=\"https:\/\/usosweb.us.edu.pl\/userfiles\/file\/USOSweb_rejestracje_zetonowe.pdf\" class=\"mtli_attachment mtli_pdf\">TUTAJ<\/a>.<br \/>\n<span style=\"color: #ffffff;\">.<\/span><\/span><\/span><\/li>\n<li><span style=\"font-size: 12pt;\"><span style=\"font-size: 12pt;\"><span style=\"font-size: 12pt;\"><em><em><em><strong>Jak mog\u0119 wyrejestrowa\u0107 si\u0119 z grupy lektoratowej?<br \/>\nJak mog\u0119 przerejestrowa\u0107 si\u0119 do innej grupy?<\/strong><\/em><\/em><\/em><\/span><\/span><\/span><span style=\"font-size: 12pt;\">&#8211; zaloguj si\u0119 na USOSweb: przejd\u017a na stron\u0119, zaloguj si\u0119 przez swoje konto studenckie,<\/span><br \/>\n<span style=\"font-size: 12pt;\">&#8211; wybierz w menu: <strong>DLA STUDENT\u00d3W \u2192 Rejestracja \u2192 Rejestracje \u017cetonowe<\/strong>,<\/span><br \/>\n<span style=\"font-size: 12pt;\">&#8211; przejd\u017a do \u201ekoszyka rejestracji \u017cetonowych\u201d to miejsce, gdzie widzisz wszystkie swoje bie\u017c\u0105ce zapisy \/ pro\u015bby o zapisu,<\/span><br \/>\n<span style=\"font-size: 12pt;\">&#8211; sekcji z przedmiotami \/ grupami znajd\u017a przedmiot\/grup\u0119, z kt\u00f3rej chcesz si\u0119 wypisa\u0107,<\/span><br \/>\n<span style=\"font-size: 12pt;\">&#8211; kliknij ikon\u0119 koszyka odpowiedzialn\u0105 za wypisanie (<strong>czerwony koszyk<\/strong>)<\/span><br \/>\n<span style=\"font-size: 12pt;\"><span style=\"font-size: 12pt;\">&#8211; potwierd\u017a ch\u0119\u0107 wyrejestrowania.<br \/>\n<\/span><\/span><span style=\"font-size: 12pt;\"><strong><u>Po tym:<\/u><\/strong><\/span><br \/>\n<span style=\"font-size: 12pt;\">\u017beton, je\u015bli by\u0142 zu\u017cyty przy zapisie \u2014 wraca do Twojego \u201ekoszyka \u017ceton\u00f3w\u201d. Dzi\u0119ki temu mo\u017cesz u\u017cy\u0107 go do zapisania si\u0119 na inny lektorat \/ grup\u0119.<\/span><\/li>\n<\/ol>\n<p>&nbsp;<\/p>\n<p>[\/vc_column_text][\/vc_column][\/vc_row]<\/p>","protected":false},"excerpt":{"rendered":"<p>[vc_row el_class=&#8221;container&#8221;][vc_column][vc_column_text] Jak mog\u0119 si\u0119 zarejestrowa\u0107 na zaj\u0119cia? &#8211; wejd\u017a na stron\u0119 USOSweb: https:\/\/usosweb.us.edu.pl, &#8211; zaloguj si\u0119 przez system uwierzytelniania uczelni (to Twoje konto studenckie), &#8211; w menu wybierz: DLA STUDENT\u00d3W \u2192 Rejestracja \u2192 Rejestracje \u017cetonowe, &#8211; na li\u015bcie zobaczysz dost\u0119pne rejestracje &#8211; czyli przedmioty, na kt\u00f3re mo\u017cesz si\u0119 zapisa\u0107. Je\u015bli rejestracja jest aktywna &#8211; [&#8230;]<\/p>\n<p><a class=\"btn btn-secondary understrap-read-more-link\" href=\"https:\/\/us.edu.pl\/kolegium\/spnjo\/lektorat\/faq\/faq-rejestracja\/\">Read More&#8230;<\/a><\/p>\n","protected":false},"author":3369,"featured_media":0,"parent":140,"menu_order":2,"comment_status":"closed","ping_status":"closed","template":"","meta":{"_expiration-date-status":"saved","_expiration-date":0,"_expiration-date-type":"","_expiration-date-categories":[],"_expiration-date-options":[]},"acf":[],"_links":{"self":[{"href":"https:\/\/us.edu.pl\/kolegium\/spnjo\/wp-json\/wp\/v2\/pages\/261"}],"collection":[{"href":"https:\/\/us.edu.pl\/kolegium\/spnjo\/wp-json\/wp\/v2\/pages"}],"about":[{"href":"https:\/\/us.edu.pl\/kolegium\/spnjo\/wp-json\/wp\/v2\/types\/page"}],"author":[{"embeddable":true,"href":"https:\/\/us.edu.pl\/kolegium\/spnjo\/wp-json\/wp\/v2\/users\/3369"}],"replies":[{"embeddable":true,"href":"https:\/\/us.edu.pl\/kolegium\/spnjo\/wp-json\/wp\/v2\/comments?post=261"}],"version-history":[{"count":10,"href":"https:\/\/us.edu.pl\/kolegium\/spnjo\/wp-json\/wp\/v2\/pages\/261\/revisions"}],"predecessor-version":[{"id":4377,"href":"https:\/\/us.edu.pl\/kolegium\/spnjo\/wp-json\/wp\/v2\/pages\/261\/revisions\/4377"}],"up":[{"embeddable":true,"href":"https:\/\/us.edu.pl\/kolegium\/spnjo\/wp-json\/wp\/v2\/pages\/140"}],"wp:attachment":[{"href":"https:\/\/us.edu.pl\/kolegium\/spnjo\/wp-json\/wp\/v2\/media?parent=261"}],"curies":[{"name":"wp","href":"https:\/\/api.w.org\/{rel}","templated":true}]}}