{"id":269,"date":"2021-08-10T12:32:00","date_gmt":"2021-08-10T10:32:00","guid":{"rendered":"https:\/\/us.edu.pl\/kolegium\/spnjo\/?page_id=269"},"modified":"2025-07-25T13:52:26","modified_gmt":"2025-07-25T11:52:26","slug":"faq-lektorat","status":"publish","type":"page","link":"https:\/\/us.edu.pl\/kolegium\/spnjo\/lektorat\/faq\/faq-lektorat\/","title":{"rendered":"FAQ lektorat"},"content":{"rendered":"<p><span style=\"font-size: 12pt;\">[vc_row el_class=&#8221;container&#8221;][vc_column][vc_column_text]<\/span><\/p>\n<ol>\n<li><span style=\"font-size: 12pt;\"><strong><em>Czy mog\u0119 przepisa\u0107 ocen\u0119 z lektoratu otrzyman\u0105 na innej Uczelni ni\u017c U\u015a, jak mam to zrobi\u0107?<br \/>\n<\/em><\/strong>Decyzj\u0119 o uznaniu zaliczonych wcze\u015bniej modu\u0142\u00f3w w jednostce innej ni\u017c U\u015a mog\u0105 podj\u0105\u0107 w\u0142adze dzieka\u0144skie,\u00a0 nale\u017cy\u00a0 z\u0142o\u017cy\u0107 u Dziekana podanie o zaliczenie\u00a0 lektoratu z j\u0119zyka angielskiego (liczb\u0119 zaliczonych przez modu\u0142\u00f3w j\u0119zykowych oraz informacj\u0119, czy ko\u0144czy\u0142y si\u0119 one zaliczeniem czy egzaminem oraz do\u0142\u0105czy\u0107 \u00a0wykaz ocen uzyskanych w poszczeg\u00f3lnych semestrach.<\/span><\/li>\n<\/ol>\n<ol start=\"2\">\n<li><span style=\"font-size: 12pt;\"><strong><em>Chc\u0119 przepisa\u0107 ocen\u0119 z lektoratu na podstawie certyfikatu zamieszczonego w wykazie certyfikat\u00f3w zwalniaj\u0105cych z lektoratu, jak mam to zrobi\u0107?<br \/>\n<\/em><\/strong>Osoby ubiegaj\u0105ce si\u0119 o zwolnienie z lektoratu na podstawie certyfikatu powinny zmie\u015bci\u0107 zdj\u0119cie lub skan certyfikatu w ankiecie do testu poziomuj\u0105cego (nie musz\u0105 wykonywa\u0107 testu poziomuj\u0105cego), a nast\u0119pnie zapisa\u0107 si\u0119 do grupy nr 1 dla os\u00f3b zwolnionych z lektoratu na danym poziomie.<\/span><\/li>\n<\/ol>\n<ol start=\"3\">\n<li><span style=\"font-size: 12pt;\"><em><strong>Czy mog\u0119 przepisa\u0107 ocen\u0119 na studiach II stopnia, je\u015bli uko\u0144czy\u0142em\/\u0142am lektorat w U\u015a na studiach I stopnia?<\/strong><br \/>\n<\/em>Uzyskanie oceny na\u00a0 studiach I stopnia nie upowa\u017cnia do zaliczenia lektoratu na studiach II stopnia. Uczestnictwo jest obowi\u0105zkowe.<\/span><\/li>\n<\/ol>\n<ol start=\"4\">\n<li><span style=\"font-size: 12pt;\"><strong><em>Czy mog\u0119 przepisa\u0107 ocen\u0119, gdy ucz\u0119szczamy na dwa kierunki w U\u015a?<br \/>\n<\/em><\/strong>Jako student\/ka \u00a0I roku nale\u017cy zarejestrowa\u0107 si\u0119 do grupy i ucz\u0119szcza\u0107 na zaj\u0119cia, \u00a0jako student\/ka drugiego kierunku nale\u017cy zwr\u00f3ci\u0107 si\u0119 do SPNJO (<a href=\"mailto:lektoraty@us.edu.pl\">lektoraty@us.edu.pl<\/a>) o przyznanie drugiego \u017cetonu i zarejestrowa\u0107 si\u0119 w ramach 1. tury logowania do grupy nr 1 na danym poziomie; to konieczne dla prawid\u0142owego rozliczenia na tym kierunku; pod koniec semestru uzyskana ocena zostaje przepisana do protoko\u0142u na podstawie oceny uzyskanej na pierwszym kierunku.<\/span><\/li>\n<\/ol>\n<ol start=\"5\">\n<li><span style=\"font-size: 12pt;\"><strong><em>Czy mog\u0119 zmieni\u0107 j\u0119zyka lektoratu?<br \/>\n<\/em><\/strong>Zmiana j\u0119zyka jest mo\u017cliwa w ci\u0105gu pierwszy 3 tygodni od rozpocz\u0119cia zaj\u0119\u0107 lektoratu.<\/span><\/li>\n<\/ol>\n<ol start=\"6\">\n<li><span style=\"font-size: 12pt;\"><strong><em>Co zrobi\u0107, gdy w grupie nie ma wolnych miejsc?<br \/>\n<\/em><\/strong>Lektoraty realizowane s\u0105 w tzw. pasmach, czyli grupy j\u0119zykowe dost\u0119pne s\u0105 dla student\u00f3w wielu kierunk\u00f3w nale\u017c\u0105cych do tego samego pasma. Nale\u017cy wybra\u0107 jak\u0105kolwiek grup\u0119 j\u0119zyka obcego o docelowym poziomie zaawansowania dla danego semestru. Nie trzeba kierowa\u0107 \u017cadnego wniosku do SPNJO, wystarczy wybra\u0107 grup\u0119, kt\u00f3rej harmonogram b\u0119dzie odpowiada\u0142\u00a0 kierunkowemu planowi zaj\u0119\u0107.<\/span><\/li>\n<\/ol>\n<ol start=\"7\">\n<li><span style=\"font-size: 12pt;\"><strong><em>Czy na studiach II stopnia obowi\u0105zuje egzamin po lektoracie w takim samym formacie jak na studiach I stopnia?<br \/>\n<\/em><\/strong>Nie, obowi\u0105zuje forma i zasady ustalone przez prowadz\u0105cego w sylabusie.<\/span><\/li>\n<\/ol>\n<ol start=\"8\">\n<li><span style=\"font-size: 12pt;\"><strong><em>Kiedy student mo\u017ce przyst\u0105pi\u0107 do egzaminu?<br \/>\n<\/em><\/strong>Do egzaminu przyst\u0119puje student, kt\u00f3ry uzyska\u0142 zaliczenie wszystkich\u00a0 modu\u0142\u00f3w j\u0119zyk obcy na ocen\u0119 pozytywn\u0105.<\/span><\/li>\n<\/ol>\n<ol start=\"10\">\n<li><span style=\"font-size: 12pt;\"><span style=\"font-size: 12pt;\"><strong><em>Jak wygl\u0105da sytuacja studenta, kt\u00f3ry ma w sesji egzamin a nie uzyska\u0142 zaliczenia?<br \/>\n<\/em><\/strong>Je\u017celi student nie uzyska\u0142 zaliczenia w pierwszym terminie, otrzymuje ocen\u0119 2,0 oraz ocen\u0119 2,0 w pierwszym terminie egzaminu. Chc\u0105c podej\u015b\u0107 do egzaminu stara si\u0119 uzyska\u0107 zaliczenie w drugim terminie i korzysta z prawa zdawania egzaminu w 2. Terminie. Uzyskuje w\u00f3wczas ocen\u0119 ko\u0144cow\u0105 b\u0119d\u0105c\u0105 \u015bredni\u0105 arytmetyczn\u0105 ocen. Je\u015bli ocena z egzaminu poprawkowego jest pozytywna, to pomimo \u015bredniej poni\u017cej 3,0, student uzyskuje ocen\u0119 dostateczn\u0105 jako OKM.<\/p>\n<p><\/span><\/span><\/li>\n<li><span style=\"font-size: 12pt;\"><em><strong>Jak wygl\u0105da sytuacja studenta w przypadku uzyskania oceny ndst podczas egzaminu poprawkowego?<\/strong><\/em><\/span><br \/>\n<span style=\"font-size: 12pt;\">Zgodnie z \u00a7 28.1 obowi\u0105zuj\u0105cego Regulaminu studi\u00f3w w Uniwersytecie \u015al\u0105skim:<\/span><br \/>\n<span style=\"font-size: 12pt;\"><span style=\"font-size: 12pt;\">\u201eNa umotywowany wniosek studenta, z\u0142o\u017cony w ci\u0105gu 5 dni roboczych od daty og\u0142oszenia wyniku egzaminu poprawkowego lub ostatniego terminu zaliczenia, dziekan w uzasadnionych przypadkach mo\u017ce zarz\u0105dzi\u0107 zaliczenie komisyjne lub egzamin komisyjny, kt\u00f3re winny odby\u0107 si\u0119 w mo\u017cliwie najkr\u00f3tszym terminie.\u201d<\/p>\n<p><\/span><\/span><\/li>\n<li><span style=\"font-size: 12pt;\"><em><strong>Jaki akt prawny okre\u015bla zasady organizacji lektorat\u00f3w oraz po\u015bwiadczania kompetencji j\u0119zykowych w U\u015a?<br \/>\n<\/strong><\/em>Tryb organizacji kszta\u0142cenia j\u0119zykowego oraz po\u015bwiadczania kompetencji j\u0119zykowych reguluje Zarz\u0105dzenie Rektora nr 182\/2023.<\/span><br \/>\n<span style=\"font-size: 12pt;\"><strong><br \/>\n<\/strong><\/span><\/li>\n<li><span style=\"font-size: 12pt;\"><span style=\"font-size: 12pt;\"><em><strong>Czy wykonanie testu diagnostycznego jest obowi\u0105zkowe?<br \/>\n<\/strong><\/em>Tak. Diagnoza j\u0119zykowa pozwala osobie studiuj\u0105cej racjonalnie wybra\u0107 \u015bcie\u017ck\u0119 kszta\u0142cenia j\u0119zykowego w U\u015a.<\/p>\n<p><\/span><\/span><\/li>\n<li><span style=\"font-size: 12pt;\"><strong><em>Gdzie mog\u0119 uzyska\u0107 informacje o mo\u017cliwo\u015bciach wyboru optymalnej \u015bcie\u017cki kszta\u0142cenia j\u0119zykowego na podstawie wynik\u00f3w Diagnozy J\u0119zykowej?<\/em><br \/>\n<\/strong>Informacji tych udzielaj\u0105 pracownicy\u00a0 odbywaj\u0105cy dy\u017cury w Punkcie Konsultacyjnym w SPNJO (s. 358) oraz lektorzy SPNJO.<\/span><br \/>\n<span style=\"font-size: 12pt;\"><strong><br \/>\n<\/strong><\/span><\/li>\n<li><span style=\"font-size: 12pt;\"><span style=\"font-size: 12pt;\"><em><strong>Jaki j\u0119zyk lektoratu mog\u0119 wybra\u0107 w U\u015a?<br \/>\n<\/strong><\/em>S\u0105 kierunki, na kt\u00f3rych wymaganym j\u0119zykiem lektoratu jest j\u0119zyk angielski. Na pozosta\u0142ych kierunkach\u00a0 osoby studiuj\u0105ce wybieraj\u0105 dowolny j\u0119zyk z oferty lektoratowej SPNJO.<\/p>\n<p><\/span><\/span><\/li>\n<li><span style=\"font-size: 12pt;\"><span style=\"font-size: 12pt;\"><em><strong>Czy mog\u0119 co semestr zmienia\u0107 j\u0119zyk, a co za tym idzie, czasami poziom lektoratu?<br \/>\n<\/strong><\/em>Tak. Po uko\u0144czeniu semestru\u00a0 osoba studiuj\u0105ca mo\u017ce swobodnie zmieni\u0107 j\u0119zyk lektoratu. Do czasu uzyskania po\u015bwiadczenia zalecana jest jednak realizacja lektoratu z j\u0119zyka i na poziomie docelowym po\u015bwiadczenia.<\/p>\n<p><\/span><\/span><\/li>\n<li><span style=\"font-size: 12pt;\"><span style=\"font-size: 12pt;\"><em><strong>Czy rejestracja na lektorat jest obowi\u0105zkowa?<br \/>\n<\/strong><\/em>Tak. Na lektorat obowi\u0105zkowo rejestruj\u0105 si\u0119 zar\u00f3wno\u00a0 osoby, kt\u00f3re uzyska\u0142y ju\u017c po\u015bwiadczenie B2 (grupy nr 1 dla os\u00f3b zwolnionych) oraz te, kt\u00f3re nie uzyska\u0142y jeszcze po\u015bwiadczenia.<\/span><\/span><\/li>\n<li><span style=\"font-size: 12pt;\"><span style=\"font-size: 12pt;\"><em><strong>Czy przed uzyskaniem po\u015bwiadczenia znajomo\u015bci j\u0119zyka na poziomie B2 mam obowi\u0105zek obowi\u0105zek rejestracji na lektorat?<br \/>\n<\/strong><\/em>Tak. Przed uzyskaniem po\u015bwiadczenia B2 ka\u017cda osoba studiuj\u0105ca ma obowi\u0105zek zrejestracji na lektorat i, co bardzo wa\u017cne,\u00a0 ucz\u0119szczania na zaj\u0119cia.<\/p>\n<p><\/span><\/span><\/li>\n<li><span style=\"font-size: 12pt;\"><span style=\"font-size: 12pt;\"><em><strong>Czy po uzyskaniu po\u015bwiadczenia rejestracja na lektorat jest wci\u0105\u017c obowi\u0105zkowa?<br \/>\n<\/strong><\/em>Tak. Osoby, kt\u00f3re uzyska\u0142y ju\u017c po\u015bwiadczenie B2\u00a0 rejestruj\u0105 si\u0119 grupy nr 1 dla os\u00f3b zwolnionych z lekotratu. Osoby te mog\u0105 te\u017c\u00a0 skorzysta\u0107 z\u00a0 dodatkowego \u017cetonu i zapisa\u0107 si\u0119 na inny lektorat.<\/p>\n<p><\/span><\/span><\/li>\n<li><span style=\"font-size: 12pt;\"><span style=\"font-size: 12pt;\"><em><strong>Czy na lektorat\u00a0 j\u0119zyka innego ni\u017c angielski mog\u0119 zapisa\u0107 si\u0119 dopiero po po\u015bwiadczeniu kompetencji\u00a0 j\u0119zykowych z j\u0119zyka angielskiego na poziomie B2?<br \/>\n<\/strong><\/em>Nie. Osoba studiuj\u0105ca mo\u017ce zapisa\u0107 si\u0119 na lektorat j\u0119zyka innego ni\u017c angielski (poziomy A1-B2) niezale\u017cnie od tego, czy\u00a0 ju\u017c\u00a0 jest posiadaczem po\u015bwiadczenia kompetencji j\u0119zykowych na poziomie B2, czy dopiero zamierza uzyska\u0107 takie po\u015bwiadczenie w toku studi\u00f3w.<\/p>\n<p><\/span><\/span><\/li>\n<li><span style=\"font-size: 12pt;\"><span style=\"font-size: 12pt;\"><em><strong>Czy po uzyskaniu po\u015bwiadczenia znajomo\u015bci j\u0119zyka obcego na poziomie B2 mog\u0119\u00a0 przeznaczy\u0107 niewykorzystane semestry lektoratu na nauk\u0119 innego j\u0119zyka obcego lub doskonalenie znajomo\u015bci po\u015bwiadczonego j\u0119zyka\u00a0 w grupach\u00a0 C1?<br \/>\n<\/strong><\/em>Tak. Mo\u017cna wybra\u0107 dowolny j\u0119zyk z oferty lektoratowej SPNJO.<\/p>\n<p><\/span><\/span><\/li>\n<li><span style=\"font-size: 12pt;\"><em><strong>Czy wszyscy studenci zdaj\u0105 egzamin po uko\u0144czeniu 4 semestr\u00f3w lektoratu?<br \/>\n<\/strong><\/em>Nie, tylko ci, kt\u00f3rych siatka studi\u00f3w przewiduje taki egzamin. Dotyczy to student\u00f3w wybranych kierunk\u00f3w, kt\u00f3rzy rozpocz\u0119li studia przed rokiem 2025\/2026.<\/p>\n<p><\/span><\/li>\n<li><span style=\"font-size: 12pt;\"><em><strong>Czy osoby, kt\u00f3re rozpocz\u0119\u0142y studia w roku 2025\/2026, zdaj\u0105 obowi\u0105zkowy egzamin po czwartym semestrze lektoratu?<br \/>\n<\/strong><\/em>Nie. Siatka studi\u00f3w rozpocz\u0119tych w roku 2025\/2026 nie przewiduje egzaminu ko\u0144cz\u0105cego lektorat.<\/span><\/li>\n<\/ol>\n<p>&nbsp;<\/p>\n<p>&nbsp;<\/p>\n<p><span style=\"font-size: 12pt;\">[\/vc_column_text][\/vc_column][\/vc_row]<\/span><\/p>","protected":false},"excerpt":{"rendered":"<p>[vc_row el_class=&#8221;container&#8221;][vc_column][vc_column_text] Czy mog\u0119 przepisa\u0107 ocen\u0119 z lektoratu otrzyman\u0105 na innej Uczelni ni\u017c U\u015a, jak mam to zrobi\u0107? Decyzj\u0119 o uznaniu zaliczonych wcze\u015bniej modu\u0142\u00f3w w jednostce innej ni\u017c U\u015a mog\u0105 podj\u0105\u0107 w\u0142adze dzieka\u0144skie,\u00a0 nale\u017cy\u00a0 z\u0142o\u017cy\u0107 u Dziekana podanie o zaliczenie\u00a0 lektoratu z j\u0119zyka angielskiego (liczb\u0119 zaliczonych przez modu\u0142\u00f3w j\u0119zykowych oraz informacj\u0119, czy ko\u0144czy\u0142y si\u0119 one [&#8230;]<\/p>\n<p><a class=\"btn btn-secondary understrap-read-more-link\" href=\"https:\/\/us.edu.pl\/kolegium\/spnjo\/lektorat\/faq\/faq-lektorat\/\">Read More&#8230;<\/a><\/p>\n","protected":false},"author":3369,"featured_media":0,"parent":140,"menu_order":3,"comment_status":"closed","ping_status":"closed","template":"","meta":{"_expiration-date-status":"saved","_expiration-date":0,"_expiration-date-type":"","_expiration-date-categories":[],"_expiration-date-options":[]},"acf":[],"_links":{"self":[{"href":"https:\/\/us.edu.pl\/kolegium\/spnjo\/wp-json\/wp\/v2\/pages\/269"}],"collection":[{"href":"https:\/\/us.edu.pl\/kolegium\/spnjo\/wp-json\/wp\/v2\/pages"}],"about":[{"href":"https:\/\/us.edu.pl\/kolegium\/spnjo\/wp-json\/wp\/v2\/types\/page"}],"author":[{"embeddable":true,"href":"https:\/\/us.edu.pl\/kolegium\/spnjo\/wp-json\/wp\/v2\/users\/3369"}],"replies":[{"embeddable":true,"href":"https:\/\/us.edu.pl\/kolegium\/spnjo\/wp-json\/wp\/v2\/comments?post=269"}],"version-history":[{"count":9,"href":"https:\/\/us.edu.pl\/kolegium\/spnjo\/wp-json\/wp\/v2\/pages\/269\/revisions"}],"predecessor-version":[{"id":4087,"href":"https:\/\/us.edu.pl\/kolegium\/spnjo\/wp-json\/wp\/v2\/pages\/269\/revisions\/4087"}],"up":[{"embeddable":true,"href":"https:\/\/us.edu.pl\/kolegium\/spnjo\/wp-json\/wp\/v2\/pages\/140"}],"wp:attachment":[{"href":"https:\/\/us.edu.pl\/kolegium\/spnjo\/wp-json\/wp\/v2\/media?parent=269"}],"curies":[{"name":"wp","href":"https:\/\/api.w.org\/{rel}","templated":true}]}}