{"id":290,"date":"2021-08-10T13:48:51","date_gmt":"2021-08-10T11:48:51","guid":{"rendered":"https:\/\/us.edu.pl\/kolegium\/spnjo\/?page_id=290"},"modified":"2025-04-03T14:27:52","modified_gmt":"2025-04-03T12:27:52","slug":"kontakt-jezyk-angielski","status":"publish","type":"page","link":"https:\/\/us.edu.pl\/kolegium\/spnjo\/kontakt\/kontakt-lektorzy\/kontakt-jezyk-angielski\/","title":{"rendered":"kontakt j\u0119zyk angielski"},"content":{"rendered":"<p>[vc_row el_class=&#8221;container&#8221;][vc_column][vc_column_text]<\/p>\n<div class=\"wpb_wrapper\">\n<p>KIEROWNIK ZESPO\u0141U: <a href=\"https:\/\/usosweb.us.edu.pl\/kontroler.php?_action=katalog2\/osoby\/pokazOsobe&amp;os_id=5950\">mgr Lucyna Niedobecka<\/a><\/p>\n<p>&nbsp;<\/p>\n<p><a href=\"https:\/\/usosweb.us.edu.pl\/kontroler.php?_action=katalog2\/osoby\/pokazOsobe&amp;os_id=8181\">mgr Katarzyna Bana\u015b \u2013 Sieradzka<\/a><\/p>\n<p><a href=\"https:\/\/usosweb.us.edu.pl\/kontroler.php?_action=katalog2\/osoby\/pokazOsobe&amp;os_id=95415\">mgr Agata Ciencia\u0142a<\/a><\/p>\n<p><a href=\"https:\/\/usosweb.us.edu.pl\/kontroler.php?_action=katalog2\/osoby\/pokazOsobe&amp;os_id=95514\">mgr Zdzis\u0142aw Ciuk<\/a><\/p>\n<p><a href=\"https:\/\/usosweb.us.edu.pl\/kontroler.php?_action=katalog2\/osoby\/pokazOsobe&amp;os_id=168785\">mgr Katarzyna Faliszewska-\u0141ukasik<\/a><\/p>\n<p><a href=\"https:\/\/usosweb.us.edu.pl\/kontroler.php?_action=katalog2\/osoby\/pokazOsobe&amp;os_id=95368\">mgr Krzysztof Franek<\/a><\/p>\n<p><a href=\"https:\/\/usosweb.us.edu.pl\/kontroler.php?_action=katalog2\/osoby\/pokazOsobe&amp;os_id=8218\">mgr Marcin Gorgol<\/a><\/p>\n<p><a href=\"https:\/\/usosweb.us.edu.pl\/kontroler.php?_action=katalog2\/osoby\/pokazOsobe&amp;os_id=7683\">mgr Katarzyna Gronowska<\/a><\/p>\n<p><a href=\"https:\/\/usosweb.us.edu.pl\/kontroler.php?_action=katalog2\/osoby\/pokazOsobe&amp;os_id=6076\">mgr Joanna Jakubiec \u2013Bontko<\/a><\/p>\n<p><a href=\"https:\/\/usosweb.us.edu.pl\/kontroler.php?_action=katalog2\/osoby\/pokazOsobe&amp;os_id=5800\">dr Tomasz Jarczyk<\/a><\/p>\n<p><a href=\"https:\/\/usosweb.us.edu.pl\/kontroler.php?_action=katalog2\/osoby\/pokazOsobe&amp;os_id=7575\">dr Ryszard Kalamarz, prof. U\u015a<\/a><\/p>\n<p><a href=\"https:\/\/usosweb.us.edu.pl\/kontroler.php?_action=katalog2\/osoby\/pokazOsobe&amp;os_id=7468\">mgr Liliana Ka\u0142afatiuk<\/a><\/p>\n<p><a href=\"https:\/\/usosweb.us.edu.pl\/kontroler.php?_action=katalog2\/osoby\/pokazOsobe&amp;os_id=7599\">mgr Ewa Karolczak \u2013 Wawrza\u0142a<\/a><\/p>\n<p><a href=\"https:\/\/usosweb.us.edu.pl\/kontroler.php?_action=katalog2\/osoby\/pokazOsobe&amp;os_id=238485\">mgr Justyna Kendik \u2013 Gut<\/a><\/p>\n<p><a href=\"https:\/\/usosweb.us.edu.pl\/kontroler.php?_action=katalog2\/osoby\/pokazOsobe&amp;os_id=6056\">mgr Katarzyna Kiszka<\/a><\/p>\n<p><a href=\"https:\/\/usosweb.us.edu.pl\/kontroler.php?_action=katalog2\/osoby\/pokazOsobe&amp;os_id=5890\">mgr Anna Kluczka<\/a><\/p>\n<p><a href=\"https:\/\/usosweb.us.edu.pl\/kontroler.php?_action=katalog2\/osoby\/pokazOsobe&amp;os_id=7294\">mgr Marzena Maciejko<\/a><\/p>\n<p><a href=\"https:\/\/usosweb.us.edu.pl\/kontroler.php?_action=katalog2\/osoby\/pokazOsobe&amp;os_id=8291\">dr Bogdan Moczko<\/a><\/p>\n<p><a href=\"https:\/\/usosweb.us.edu.pl\/kontroler.php?_action=katalog2\/osoby\/pokazOsobe&amp;os_id=5950\">mgr Lucyna Niedobecka<\/a><\/p>\n<p><a href=\"https:\/\/usosweb.us.edu.pl\/kontroler.php?_action=katalog2\/osoby\/pokazOsobe&amp;os_id=185963\">mgr Kinga P\u00f3\u0142rolniczak<\/a><\/p>\n<p><a href=\"https:\/\/usosweb.us.edu.pl\/kontroler.php?_action=katalog2\/osoby\/pokazOsobe&amp;os_id=6140\">mgr Jadwiga Pu\u0142awska<\/a><\/p>\n<p><a href=\"https:\/\/usosweb.us.edu.pl\/kontroler.php?_action=katalog2\/osoby\/pokazOsobe&amp;os_id=8231\">mgr Katarzyna Radzi\u0119da<\/a><\/p>\n<p><a href=\"https:\/\/usosweb.us.edu.pl\/kontroler.php?_action=katalog2\/osoby\/pokazOsobe&amp;os_id=95397\">dr Maria Stec, prof. U\u015a<\/a><\/p>\n<p><a href=\"https:\/\/usosweb.us.edu.pl\/kontroler.php?_action=katalog2\/osoby\/pokazOsobe&amp;os_id=205170\">mgr Natalia Szkop<\/a><\/p>\n<p><a href=\"https:\/\/usosweb.us.edu.pl\/kontroler.php?_action=katalog2\/osoby\/pokazOsobe&amp;os_id=6090\">mgr Iwona Wi\u0105k \u2013 Domka<\/a><\/p>\n<p><a href=\"https:\/\/usosweb.us.edu.pl\/kontroler.php?_action=katalog2\/osoby\/pokazOsobe&amp;os_id=122948\">dr Ma\u0142gorzata Wronka<\/a><\/p>\n<p>[\/vc_column_text][\/vc_column][\/vc_row][vc_row][vc_column][vc_column_text]<\/p>\n<\/div>\n<p>[\/vc_column_text][\/vc_column][\/vc_row]<\/p>","protected":false},"excerpt":{"rendered":"<p>[vc_row el_class=&#8221;container&#8221;][vc_column][vc_column_text] KIEROWNIK ZESPO\u0141U: mgr Lucyna Niedobecka &nbsp; mgr Katarzyna Bana\u015b \u2013 Sieradzka mgr Agata Ciencia\u0142a mgr Zdzis\u0142aw Ciuk mgr Katarzyna Faliszewska-\u0141ukasik mgr Krzysztof Franek mgr Marcin Gorgol mgr Katarzyna Gronowska mgr Joanna Jakubiec \u2013Bontko dr Tomasz Jarczyk dr Ryszard Kalamarz, prof. U\u015a mgr Liliana Ka\u0142afatiuk mgr Ewa Karolczak \u2013 Wawrza\u0142a mgr Justyna Kendik \u2013 [&#8230;]<\/p>\n<p><a class=\"btn btn-secondary understrap-read-more-link\" href=\"https:\/\/us.edu.pl\/kolegium\/spnjo\/kontakt\/kontakt-lektorzy\/kontakt-jezyk-angielski\/\">Read More&#8230;<\/a><\/p>\n","protected":false},"author":3369,"featured_media":0,"parent":284,"menu_order":1,"comment_status":"closed","ping_status":"closed","template":"","meta":{"_expiration-date-status":"saved","_expiration-date":0,"_expiration-date-type":"","_expiration-date-categories":[],"_expiration-date-options":[]},"acf":[],"_links":{"self":[{"href":"https:\/\/us.edu.pl\/kolegium\/spnjo\/wp-json\/wp\/v2\/pages\/290"}],"collection":[{"href":"https:\/\/us.edu.pl\/kolegium\/spnjo\/wp-json\/wp\/v2\/pages"}],"about":[{"href":"https:\/\/us.edu.pl\/kolegium\/spnjo\/wp-json\/wp\/v2\/types\/page"}],"author":[{"embeddable":true,"href":"https:\/\/us.edu.pl\/kolegium\/spnjo\/wp-json\/wp\/v2\/users\/3369"}],"replies":[{"embeddable":true,"href":"https:\/\/us.edu.pl\/kolegium\/spnjo\/wp-json\/wp\/v2\/comments?post=290"}],"version-history":[{"count":11,"href":"https:\/\/us.edu.pl\/kolegium\/spnjo\/wp-json\/wp\/v2\/pages\/290\/revisions"}],"predecessor-version":[{"id":3246,"href":"https:\/\/us.edu.pl\/kolegium\/spnjo\/wp-json\/wp\/v2\/pages\/290\/revisions\/3246"}],"up":[{"embeddable":true,"href":"https:\/\/us.edu.pl\/kolegium\/spnjo\/wp-json\/wp\/v2\/pages\/284"}],"wp:attachment":[{"href":"https:\/\/us.edu.pl\/kolegium\/spnjo\/wp-json\/wp\/v2\/media?parent=290"}],"curies":[{"name":"wp","href":"https:\/\/api.w.org\/{rel}","templated":true}]}}