{"id":3104,"date":"2025-03-24T09:49:02","date_gmt":"2025-03-24T08:49:02","guid":{"rendered":"https:\/\/us.edu.pl\/kolegium\/spnjo\/?page_id=3104"},"modified":"2025-04-07T14:38:46","modified_gmt":"2025-04-07T12:38:46","slug":"system-zapewnienia-jakosci-ksztalcenia","status":"publish","type":"page","link":"https:\/\/us.edu.pl\/kolegium\/spnjo\/szjk\/system-zapewnienia-jakosci-ksztalcenia\/","title":{"rendered":"System Zapewnienia Jako\u015bci Kszta\u0142cenia"},"content":{"rendered":"<p>[vc_row el_id=&#8221;container&#8221; el_class=&#8221;container&#8221;][vc_column][vc_column_text]<\/p>\n<p style=\"text-align: left;\"><strong>Procedury\u00a0<\/strong><strong>Systemu Zapewniania Jako\u015bci Kszta\u0142cenia\u00a0<\/strong><strong>w Studium Praktycznej Nauki J\u0119zyk\u00f3w Obcych<\/strong><\/p>\n<p style=\"text-align: left;\"><a href=\"https:\/\/us.edu.pl\/kolegium\/spnjo\/wp-content\/uploads\/sites\/65\/Bez-kategorii\/2022.12.16-WSZJK-PROCEDURY.pdf\" class=\"mtli_attachment mtli_pdf\">Za\u0142\u0105cznik nr 3<\/a> do Procedur Systemu Zapewniania Jako\u015bci Kszta\u0142cenia zaj\u0119\u0107 j\u0119zykowych organizowanych przez SPNJO U\u015a<\/p>\n<p>[\/vc_column_text][\/vc_column][\/vc_row]<\/p>","protected":false},"excerpt":{"rendered":"<p>[vc_row el_id=&#8221;container&#8221; el_class=&#8221;container&#8221;][vc_column][vc_column_text] Procedury\u00a0Systemu Zapewniania Jako\u015bci Kszta\u0142cenia\u00a0w Studium Praktycznej Nauki J\u0119zyk\u00f3w Obcych Za\u0142\u0105cznik nr 3 do Procedur Systemu Zapewniania Jako\u015bci Kszta\u0142cenia zaj\u0119\u0107 j\u0119zykowych organizowanych przez SPNJO U\u015a [\/vc_column_text][\/vc_column][\/vc_row] [&#8230;]<\/p>\n<p><a class=\"btn btn-secondary understrap-read-more-link\" href=\"https:\/\/us.edu.pl\/kolegium\/spnjo\/szjk\/system-zapewnienia-jakosci-ksztalcenia\/\">Read More&#8230;<\/a><\/p>\n","protected":false},"author":3369,"featured_media":0,"parent":3100,"menu_order":0,"comment_status":"closed","ping_status":"closed","template":"","meta":{"_expiration-date-status":"","_expiration-date":0,"_expiration-date-type":"","_expiration-date-categories":[],"_expiration-date-options":[]},"acf":[],"_links":{"self":[{"href":"https:\/\/us.edu.pl\/kolegium\/spnjo\/wp-json\/wp\/v2\/pages\/3104"}],"collection":[{"href":"https:\/\/us.edu.pl\/kolegium\/spnjo\/wp-json\/wp\/v2\/pages"}],"about":[{"href":"https:\/\/us.edu.pl\/kolegium\/spnjo\/wp-json\/wp\/v2\/types\/page"}],"author":[{"embeddable":true,"href":"https:\/\/us.edu.pl\/kolegium\/spnjo\/wp-json\/wp\/v2\/users\/3369"}],"replies":[{"embeddable":true,"href":"https:\/\/us.edu.pl\/kolegium\/spnjo\/wp-json\/wp\/v2\/comments?post=3104"}],"version-history":[{"count":6,"href":"https:\/\/us.edu.pl\/kolegium\/spnjo\/wp-json\/wp\/v2\/pages\/3104\/revisions"}],"predecessor-version":[{"id":3399,"href":"https:\/\/us.edu.pl\/kolegium\/spnjo\/wp-json\/wp\/v2\/pages\/3104\/revisions\/3399"}],"up":[{"embeddable":true,"href":"https:\/\/us.edu.pl\/kolegium\/spnjo\/wp-json\/wp\/v2\/pages\/3100"}],"wp:attachment":[{"href":"https:\/\/us.edu.pl\/kolegium\/spnjo\/wp-json\/wp\/v2\/media?parent=3104"}],"curies":[{"name":"wp","href":"https:\/\/api.w.org\/{rel}","templated":true}]}}