{"id":311,"date":"2021-08-10T15:14:29","date_gmt":"2021-08-10T13:14:29","guid":{"rendered":"https:\/\/us.edu.pl\/kolegium\/spnjo\/?page_id=311"},"modified":"2025-04-07T12:08:09","modified_gmt":"2025-04-07T10:08:09","slug":"kontakt-egzaminy-certyfikujace","status":"publish","type":"page","link":"https:\/\/us.edu.pl\/kolegium\/spnjo\/kontakt\/kontakt-egzaminy-certyfikujace\/","title":{"rendered":"kontakt egzaminy certyfikuj\u0105ce"},"content":{"rendered":"<p>[vc_row el_class=&#8221;container&#8221;][vc_column][vc_column_text]<strong>Koordynatorzy Egzamin\u00f3w Certyfikuj\u0105cych<\/strong><\/p>\n<p>mgr Iwona Wi\u0105k &#8211; Domka<\/p>\n<p>dr Tomasz Jarczyk<\/p>\n<p>e-mail: <a href=\"mailto:certyfikatyspnjo@us.edu.pl\"><span class=\"palette-color4-4\">certyfikatyspnjo@us.edu.pl<\/span><\/a><\/p>\n<p>WWW: <a href=\"https:\/\/us.edu.pl\/kolegium\/spnjo\/poza-lektoratem\/certyfikaty\/\">https:\/\/us.edu.pl\/kolegium\/spnjo\/poza-lektoratem\/certyfikaty\/<\/a>[\/vc_column_text][\/vc_column][\/vc_row]<\/p>","protected":false},"excerpt":{"rendered":"<p>[vc_row el_class=&#8221;container&#8221;][vc_column][vc_column_text]Koordynatorzy Egzamin\u00f3w Certyfikuj\u0105cych mgr Iwona Wi\u0105k &#8211; Domka dr Tomasz Jarczyk e-mail: certyfikatyspnjo@us.edu.pl WWW: https:\/\/us.edu.pl\/kolegium\/spnjo\/poza-lektoratem\/certyfikaty\/[\/vc_column_text][\/vc_column][\/vc_row] [&#8230;]<\/p>\n<p><a class=\"btn btn-secondary understrap-read-more-link\" href=\"https:\/\/us.edu.pl\/kolegium\/spnjo\/kontakt\/kontakt-egzaminy-certyfikujace\/\">Read More&#8230;<\/a><\/p>\n","protected":false},"author":3369,"featured_media":0,"parent":62,"menu_order":4,"comment_status":"closed","ping_status":"closed","template":"","meta":{"_expiration-date-status":"saved","_expiration-date":0,"_expiration-date-type":"","_expiration-date-categories":[],"_expiration-date-options":[]},"acf":[],"_links":{"self":[{"href":"https:\/\/us.edu.pl\/kolegium\/spnjo\/wp-json\/wp\/v2\/pages\/311"}],"collection":[{"href":"https:\/\/us.edu.pl\/kolegium\/spnjo\/wp-json\/wp\/v2\/pages"}],"about":[{"href":"https:\/\/us.edu.pl\/kolegium\/spnjo\/wp-json\/wp\/v2\/types\/page"}],"author":[{"embeddable":true,"href":"https:\/\/us.edu.pl\/kolegium\/spnjo\/wp-json\/wp\/v2\/users\/3369"}],"replies":[{"embeddable":true,"href":"https:\/\/us.edu.pl\/kolegium\/spnjo\/wp-json\/wp\/v2\/comments?post=311"}],"version-history":[{"count":11,"href":"https:\/\/us.edu.pl\/kolegium\/spnjo\/wp-json\/wp\/v2\/pages\/311\/revisions"}],"predecessor-version":[{"id":3284,"href":"https:\/\/us.edu.pl\/kolegium\/spnjo\/wp-json\/wp\/v2\/pages\/311\/revisions\/3284"}],"up":[{"embeddable":true,"href":"https:\/\/us.edu.pl\/kolegium\/spnjo\/wp-json\/wp\/v2\/pages\/62"}],"wp:attachment":[{"href":"https:\/\/us.edu.pl\/kolegium\/spnjo\/wp-json\/wp\/v2\/media?parent=311"}],"curies":[{"name":"wp","href":"https:\/\/api.w.org\/{rel}","templated":true}]}}