{"id":317,"date":"2021-08-10T15:21:44","date_gmt":"2021-08-10T13:21:44","guid":{"rendered":"https:\/\/us.edu.pl\/kolegium\/spnjo\/?page_id=317"},"modified":"2025-04-07T11:48:08","modified_gmt":"2025-04-07T09:48:08","slug":"konferencja-kontakt","status":"publish","type":"page","link":"https:\/\/us.edu.pl\/kolegium\/spnjo\/kontakt\/konferencja-kontakt\/","title":{"rendered":"konferencja kontakt"},"content":{"rendered":"<p>[vc_row el_class=&#8221;container&#8221;][vc_column][vc_column_text]<\/p>\n<p><strong>Komitet Organizacyjny: <\/strong><\/p>\n<p>dr Ryszard Kalamarz, przewodnicz\u0105cy, tel.: 602245982, e-mail: <a href=\"mailto:konferencjaspnjo@us.edu.pl\"><span class=\" link\">konferencjaspnjo@us.edu.pl<\/span><\/a> lub <a href=\"mailto:ryszard.kalamarz@us.edu.pl\"><span class=\" link\">ryszard.kalamarz@us.edu.pl<\/span><\/a><\/p>\n<p>mgr Edyta Po\u0142e\u0107, sekretarz (rozliczenia), tel.: 32 35921817, e-mail: <a href=\"mailto:edyta.polec@us.edu.pl\">edyta.polec@us.edu.pl<\/a><\/p>\n<p>Agata Soko\u0142a, sekretarz (rejestracja), tel.: 32 3592058,\u00a0 e-mail: <a href=\"mailto:spnjo@us.edu.pl\"><span class=\" link\">spnjo@us.edu.pl<\/span><\/a><\/p>\n<p>WWW: <a href=\"http:\/\/www.konferencjaspnjo.us.edu.pl\/\">http:\/\/www.konferencjaspnjo.us.edu.pl\/<\/a><\/p>\n<p>[\/vc_column_text][\/vc_column][\/vc_row]<\/p>","protected":false},"excerpt":{"rendered":"<p>[vc_row el_class=&#8221;container&#8221;][vc_column][vc_column_text] Komitet Organizacyjny: dr Ryszard Kalamarz, przewodnicz\u0105cy, tel.: 602245982, e-mail: konferencjaspnjo@us.edu.pl lub ryszard.kalamarz@us.edu.pl mgr Edyta Po\u0142e\u0107, sekretarz (rozliczenia), tel.: 32 35921817, e-mail: edyta.polec@us.edu.pl Agata Soko\u0142a, sekretarz (rejestracja), tel.: 32 3592058,\u00a0 e-mail: spnjo@us.edu.pl WWW: http:\/\/www.konferencjaspnjo.us.edu.pl\/ [\/vc_column_text][\/vc_column][\/vc_row] [&#8230;]<\/p>\n<p><a class=\"btn btn-secondary understrap-read-more-link\" href=\"https:\/\/us.edu.pl\/kolegium\/spnjo\/kontakt\/konferencja-kontakt\/\">Read More&#8230;<\/a><\/p>\n","protected":false},"author":3369,"featured_media":0,"parent":62,"menu_order":5,"comment_status":"closed","ping_status":"closed","template":"","meta":{"_expiration-date-status":"saved","_expiration-date":0,"_expiration-date-type":"","_expiration-date-categories":[],"_expiration-date-options":[]},"acf":[],"_links":{"self":[{"href":"https:\/\/us.edu.pl\/kolegium\/spnjo\/wp-json\/wp\/v2\/pages\/317"}],"collection":[{"href":"https:\/\/us.edu.pl\/kolegium\/spnjo\/wp-json\/wp\/v2\/pages"}],"about":[{"href":"https:\/\/us.edu.pl\/kolegium\/spnjo\/wp-json\/wp\/v2\/types\/page"}],"author":[{"embeddable":true,"href":"https:\/\/us.edu.pl\/kolegium\/spnjo\/wp-json\/wp\/v2\/users\/3369"}],"replies":[{"embeddable":true,"href":"https:\/\/us.edu.pl\/kolegium\/spnjo\/wp-json\/wp\/v2\/comments?post=317"}],"version-history":[{"count":6,"href":"https:\/\/us.edu.pl\/kolegium\/spnjo\/wp-json\/wp\/v2\/pages\/317\/revisions"}],"predecessor-version":[{"id":3288,"href":"https:\/\/us.edu.pl\/kolegium\/spnjo\/wp-json\/wp\/v2\/pages\/317\/revisions\/3288"}],"up":[{"embeddable":true,"href":"https:\/\/us.edu.pl\/kolegium\/spnjo\/wp-json\/wp\/v2\/pages\/62"}],"wp:attachment":[{"href":"https:\/\/us.edu.pl\/kolegium\/spnjo\/wp-json\/wp\/v2\/media?parent=317"}],"curies":[{"name":"wp","href":"https:\/\/api.w.org\/{rel}","templated":true}]}}