{"id":3772,"date":"2025-07-19T19:00:29","date_gmt":"2025-07-19T17:00:29","guid":{"rendered":"https:\/\/us.edu.pl\/kolegium\/spnjo\/?page_id=3772"},"modified":"2025-07-19T19:09:32","modified_gmt":"2025-07-19T17:09:32","slug":"misja-cele-zadania","status":"publish","type":"page","link":"https:\/\/us.edu.pl\/kolegium\/spnjo\/o-spnjo\/misja-cele-zadania\/","title":{"rendered":"misja, cele, zadania"},"content":{"rendered":"<p>[vc_row el_class=&#8221;container&#8221;][vc_column][vc_column_text]<\/p>\n<p><strong>Studium Praktycznej Nauki J\u0119zyk\u00f3w Obcych Uniwersytetu \u015al\u0105skiego (SPNJO U\u015a)<\/strong> jest kolegium Uniwersytetu \u015al\u0105skiego, mi\u0119dzywydzia\u0142ow\u0105 jednostk\u0105 dzia\u0142aj\u0105c\u0105 nieprzerwanie od 1 pa\u017adziernika 1968 roku. Posiada bogat\u0105 tradycj\u0119 i wieloletnie do\u015bwiadczenie w nauczaniu j\u0119zyk\u00f3w obcych oraz w przeprowadzaniu egzamin\u00f3w j\u0119zykowych. Na tym fundamencie opiera si\u0119 wsp\u00f3\u0142czesna oferta dydaktyczna SPNJO, skierowana zar\u00f3wno do student\u00f3w i pracownik\u00f3w Uniwersytetu, jak i do os\u00f3b spoza \u015brodowiska akademickiego.<\/p>\n<p>SPNJO funkcjonuje zgodnie ze Statutem Uniwersytetu \u015al\u0105skiego i aktywnie wpisuje si\u0119 w realizacj\u0119 jego misji, wspieraj\u0105c proces kszta\u0142cenia j\u0119zykowego jako istotny element rozwoju osobistego i zawodowego. Realizacja tej misji mo\u017cliwa jest dzi\u0119ki:<\/p>\n<ul>\n<li>oferowaniu wysokiej jako\u015bci us\u0142ug edukacyjnych w przyjaznym \u015brodowisku opartym na zasadach r\u00f3wno\u015bci, wsparcia i otwarto\u015bci,<\/li>\n<li>wspieraniu samodzielnego rozwoju j\u0119zykowego os\u00f3b ucz\u0105cych si\u0119,<\/li>\n<li>sta\u0142emu podnoszeniu kompetencji zawodowych kadry dydaktycznej i administracyjnej,<\/li>\n<li>tworzeniu i realizacji program\u00f3w nauczania zgodnych z aktualnymi trendami i podej\u015bciami metodycznymi.<\/li>\n<\/ul>\n<p>Strategicznym celem SPNJO jest utrzymanie i dalsze umacnianie statusu akademickiego centrum nauczania j\u0119zyk\u00f3w obcych, kt\u00f3re \u0142\u0105czy tradycj\u0119 z innowacyjno\u015bci\u0105, odpowiadaj\u0105c na wyzwania wsp\u00f3\u0142czesnej edukacji i potrzeby r\u00f3\u017cnorodnych grup odbiorc\u00f3w.<\/p>\n<p>&nbsp;<\/p>\n<p><strong>Za\u0142o\u017cenia dydaktyczne i podej\u015bcie do uczenia si\u0119<\/strong><\/p>\n<p>Osoby ucz\u0105ce si\u0119 s\u0105 aktywnymi uczestnikami procesu edukacyjnego. To za\u0142o\u017cenie przy\u015bwieca realizacji cel\u00f3w lektor\u00f3w i lektorek obu Zespo\u0142\u00f3w d\u0105\u017c\u0105cych do tego, aby:<\/p>\n<ul>\n<li>jasno okre\u015bla\u0107 cele kurs\u00f3w i zaj\u0119\u0107 oraz oczekiwane efekty kszta\u0142cenia,<\/li>\n<li>dostosowywa\u0107 tre\u015bci i metody nauczania do poziomu oraz potrzeb uczestnik\u00f3w,<\/li>\n<li>zapewnia\u0107 r\u00f3\u017cnorodno\u015b\u0107 form pracy i dynamik\u0119 zaj\u0119\u0107,<\/li>\n<li>tworzy\u0107 \u015brodowisko sprzyjaj\u0105ce wsp\u00f3\u0142pracy, zaanga\u017cowaniu i autonomii,<\/li>\n<li>wspiera\u0107 refleksj\u0119 nad procesem uczenia si\u0119 oraz ocen\u0119 w\u0142asnych post\u0119p\u00f3w,<\/li>\n<li>zapewnia\u0107 regularn\u0105 i konstruktywn\u0105 informacj\u0119 zwrotn\u0105,<\/li>\n<li>zach\u0119ca\u0107 do korzystania z oryginalnych tekst\u00f3w i materia\u0142\u00f3w, r\u00f3wnie\u017c wskazanych przez uczestnik\u00f3w kurs\u00f3w.<\/li>\n<\/ul>\n<p>Istotnym elementem praktyki dydaktycznej lektor\u00f3w i lektorek SPNJO jest r\u00f3wnie\u017c kszta\u0142towanie umiej\u0119tno\u015bci samodzielnego uczenia si\u0119, w tym rozwijanie strategii uczenia si\u0119 j\u0119zyk\u00f3w obcych oraz korzystanie z wiarygodnych \u017ar\u00f3de\u0142 (w tym internetowych), kt\u00f3re wspieraj\u0105 dalszy rozw\u00f3j j\u0119zykowy i zawodowy.<\/p>\n<p><strong>Kadra dydaktyczna<\/strong><\/p>\n<p>Zesp\u00f3\u0142 SPNJO tworzy niemal 50-osobowa kadra akademicka, sk\u0142adaj\u0105ca si\u0119 z do\u015bwiadczonych i wykwalifikowanych specjalist\u00f3w, w wi\u0119kszo\u015bci absolwent\u00f3w Uniwersytetu \u015al\u0105skiego. Nauczyciele j\u0119zyk\u00f3w specjalistycznych wykorzystuj\u0105 mo\u017cliwo\u015bci jakie daje wsp\u00f3\u0142praca z poszczeg\u00f3lnymi wydzia\u0142ami uczelni. Stale podnosz\u0105 swoje kwalifikacje zawodowe \u2013 uczestnicz\u0105 w konferencjach naukowych i szkoleniach, prowadz\u0105 dzia\u0142alno\u015b\u0107 badawcz\u0105 i publikacyjn\u0105 oraz aktywnie rozwijaj\u0105 swoje kompetencje dydaktyczne.<\/p>\n<p><strong>Wsparcie os\u00f3b ze szczeg\u00f3lnymi potrzebami<\/strong><\/p>\n<p>SPNJO wsp\u00f3\u0142pracuje z Centrum Obs\u0142ugi Student\u00f3w i Centrum Dydaktyki Og\u00f3lnouniwersyteckiej . Po przeszkoleniu lektorzy prowadz\u0105 zaj\u0119cia dostosowane do potrzeb os\u00f3b ze specjalnymi potrzebami edukacyjnymi oraz uczestnicz\u0105 w projektowaniu program\u00f3w kszta\u0142cenia i oceniania opartych na zasadach uniwersalnego projektowania dydaktyki. Korzystaj\u0105 przy tym z rekomendacji opracowanych przez specjalist\u00f3w SPNJO w tym zakresie w ramach projektu DUO.<\/p>\n<p><strong>Egzaminy i certyfikacja<\/strong><\/p>\n<p>Zaj\u0119cia j\u0119zykowe prowadzone s\u0105 zgodnie z wymaganiami okre\u015blonymi w Rozporz\u0105dzeniu Ministra Nauki i Szkolnictwa Wy\u017cszego z 14 listopada 2018 r., okre\u015blaj\u0105cym poziomy znajomo\u015bci j\u0119zyka obcego wed\u0142ug Europejskiego Systemu Opisu Kszta\u0142cenia J\u0119zykowego (CEFR\/ESOKJ). SPNJO prowadzi zaj\u0119cia przygotowuj\u0105ce do <strong>egzamin\u00f3w po\u015bwiadczaj\u0105cych<\/strong> bieg\u0142o\u015b\u0107 j\u0119zykow\u0105 na poziomach wymaganych odpowiednio na studiach I i II stopnia oraz jednolitych studiach magisterskich.<\/p>\n<p>Jednostka przeprowadza r\u00f3wnie\u017c egzaminy certyfikuj\u0105ce, kt\u00f3rych pozytywne zaliczenie umo\u017cliwia uzyskanie <strong>Akademickiego Certyfikatu Znajomo\u015bci J\u0119zyka Obcego<\/strong>, a lektorzy SPNJO uczestnicz\u0105 w komisjach egzaminacyjnych w przewodach doktorskich. SPNJO jest jednostk\u0105 organizuj\u0105c\u0105 egzaminy, nad kt\u00f3rymi czuwa <strong>Rada koordynacyjna ds. certyfikacji i po\u015bwiadczania kompetencji j\u0119zykowych.<br \/>\n<\/strong>[\/vc_column_text][\/vc_column][\/vc_row]<\/p>","protected":false},"excerpt":{"rendered":"<p>[vc_row el_class=&#8221;container&#8221;][vc_column][vc_column_text] Studium Praktycznej Nauki J\u0119zyk\u00f3w Obcych Uniwersytetu \u015al\u0105skiego (SPNJO U\u015a) jest kolegium Uniwersytetu \u015al\u0105skiego, mi\u0119dzywydzia\u0142ow\u0105 jednostk\u0105 dzia\u0142aj\u0105c\u0105 nieprzerwanie od 1 pa\u017adziernika 1968 roku. Posiada bogat\u0105 tradycj\u0119 i wieloletnie do\u015bwiadczenie w nauczaniu j\u0119zyk\u00f3w obcych oraz w przeprowadzaniu egzamin\u00f3w j\u0119zykowych. Na tym fundamencie opiera si\u0119 wsp\u00f3\u0142czesna oferta dydaktyczna SPNJO, skierowana zar\u00f3wno do student\u00f3w i pracownik\u00f3w Uniwersytetu, [&#8230;]<\/p>\n<p><a class=\"btn btn-secondary understrap-read-more-link\" href=\"https:\/\/us.edu.pl\/kolegium\/spnjo\/o-spnjo\/misja-cele-zadania\/\">Read More&#8230;<\/a><\/p>\n","protected":false},"author":7245,"featured_media":0,"parent":92,"menu_order":0,"comment_status":"closed","ping_status":"closed","template":"","meta":{"_expiration-date-status":"","_expiration-date":0,"_expiration-date-type":"","_expiration-date-categories":[],"_expiration-date-options":[]},"acf":[],"_links":{"self":[{"href":"https:\/\/us.edu.pl\/kolegium\/spnjo\/wp-json\/wp\/v2\/pages\/3772"}],"collection":[{"href":"https:\/\/us.edu.pl\/kolegium\/spnjo\/wp-json\/wp\/v2\/pages"}],"about":[{"href":"https:\/\/us.edu.pl\/kolegium\/spnjo\/wp-json\/wp\/v2\/types\/page"}],"author":[{"embeddable":true,"href":"https:\/\/us.edu.pl\/kolegium\/spnjo\/wp-json\/wp\/v2\/users\/7245"}],"replies":[{"embeddable":true,"href":"https:\/\/us.edu.pl\/kolegium\/spnjo\/wp-json\/wp\/v2\/comments?post=3772"}],"version-history":[{"count":3,"href":"https:\/\/us.edu.pl\/kolegium\/spnjo\/wp-json\/wp\/v2\/pages\/3772\/revisions"}],"predecessor-version":[{"id":3779,"href":"https:\/\/us.edu.pl\/kolegium\/spnjo\/wp-json\/wp\/v2\/pages\/3772\/revisions\/3779"}],"up":[{"embeddable":true,"href":"https:\/\/us.edu.pl\/kolegium\/spnjo\/wp-json\/wp\/v2\/pages\/92"}],"wp:attachment":[{"href":"https:\/\/us.edu.pl\/kolegium\/spnjo\/wp-json\/wp\/v2\/media?parent=3772"}],"curies":[{"name":"wp","href":"https:\/\/api.w.org\/{rel}","templated":true}]}}