{"id":3811,"date":"2025-07-19T21:16:34","date_gmt":"2025-07-19T19:16:34","guid":{"rendered":"https:\/\/us.edu.pl\/kolegium\/spnjo\/?page_id=3811"},"modified":"2025-07-19T21:16:34","modified_gmt":"2025-07-19T19:16:34","slug":"dyrekcja-zespoly-gremia","status":"publish","type":"page","link":"https:\/\/us.edu.pl\/kolegium\/spnjo\/o-spnjo\/dyrekcja-zespoly-gremia\/","title":{"rendered":"dyrekcja, zespo\u0142y, gremia"},"content":{"rendered":"<p>[vc_row el_class=&#8221;container&#8221;][vc_column][vc_column_text]<\/p>\n<p><strong>DYREKTOR STUDIUM PRAKTYCZNEJ NAUKI J\u0118ZYK\u00d3W OBCYCH<\/strong><br \/>\ndr Ryszard Kalamarz, prof. U\u015a; e-mail: ryszard.kalamarz@us.edu.pl<\/p>\n<p><strong>ZAST\u0118PCA DYREKTORA SPNJO w\u0142a\u015bciwy ds. administracyjnych<\/strong><br \/>\nmgr Agata Adamczyk-Gzara; e-mail: agata.adamczyk-gzara@us.edu.pl<\/p>\n<p><strong>ZAST\u0118PCA DYREKTORA SPNJO w\u0142a\u015bciwy ds. promocji i wsp\u00f3\u0142pracy z otoczeniem<\/strong><br \/>\nmgr Zdzis\u0142aw Ciuk; e-mail: zdzislaw.ciuk@us.edu.pl<\/p>\n<p><strong>ZAST\u0118PCA DYREKTORA SPNJO w\u0142a\u015bciwy ds. studenckich i kszta\u0142cenia<\/strong><br \/>\ndr Justyna Kendik-Gut; e-mail: justyna.kendik-gut@us.edu.pl<\/p>\n<p>&nbsp;<\/p>\n<p><strong>PE\u0141NOMOCNIK DS. JAKO\u015aCI KSZTA\u0141CENIA I AKREDYTACJI w SPNJO<\/strong><br \/>\nmgr Katarzyna Bana\u015b-Sieradzka; e-mail: katarzyna.banas-sieradzka@us.edu.pl<\/p>\n<p>&nbsp;<\/p>\n<p><strong>KIEROWNIK ZESPO\u0141U LEKTOR\u00d3W J\u0118ZYKA ANGIELSKIEGO<\/strong><br \/>\nmgr Lucyna Niedobecka; e-mail: lucyna.niedobecka@us.edu.pl<\/p>\n<p><strong>KIEROWNIK ZESPO\u0141U LEKTOR\u00d3W J\u0118ZYK\u00d3W GERMA\u0143SKICH, ROMA\u0143SKICH, S\u0141OWIA\u0143SKICH I KLASYCZNYCH<\/strong><br \/>\nmgr Ilona Wabik; e-mail: ilona.wabik@us.edu.pl<\/p>\n<p>&nbsp;<\/p>\n<p><strong>KOMISJA DS. STUDENCKICH I KSZTA\u0141CENIA W SPNJO<\/strong><\/p>\n<p>mgr Katarzyna Bana\u015b-Sieradzka \u2013 Przewodnicz\u0105ca<br \/>\nmgr Agata Adamczyk-Gzara \u2013 Cz\u0142onek Komisji<br \/>\ndr Ryszard Kalamarz, prof. U\u015a \u2013 Cz\u0142onek Komisji<br \/>\ndr Justyna Kendik-Gut \u2013 Cz\u0142onek Komisji<\/p>\n<p>&nbsp;<\/p>\n<p><strong>RADA STUDIUM PRAKTYCZNEJ NAUKI J\u0118ZYK\u00d3W OBCYCH<\/strong><\/p>\n<p>dr Ryszard Kalamarz, prof. U\u015a \u2013 Przewodnicz\u0105cy Rady SPNJO, Dyrektor SPNJO<br \/>\nmgr Agata Adamczyk-Gzara \u2013 Cz\u0142onek Rady SPNJO, Z-ca\u00a0 Dyrektora SPNJO<br \/>\nmgr Zdzis\u0142aw Ciuk \u2013 Cz\u0142onek Rady SPNJO, Z-ca\u00a0 Dyrektora SPNJO<br \/>\ndr Tomasz Jarczyk \u2013 Cz\u0142onek Rady SPNJO, Przedstawiciel nauczycieli akademickich Zespo\u0142u lektor\u00f3w j\u0119zyka angielskiego<br \/>\ndr Justyna Kendik-Gut \u2013 Cz\u0142onek Rady SPNJO, Z-ca\u00a0 Dyrektora SPNJO<br \/>\nmgr Ewa Karolczak \u2013 Wawrza\u0142a \u2013 Cz\u0142onek Rady SPNJO, Przedstawiciel nauczycieli akademickich Zespo\u0142u lektor\u00f3w j\u0119zyka angielskiego<br \/>\nmgr Lucyna Niedobecka \u2013 Cz\u0142onek Rady SPNJO, Kierownik Zespo\u0142u lektor\u00f3w j\u0119zyka angielskiego<br \/>\nmgr Joanna So\u0142tysik \u2013 Cz\u0142onek Rady SPNJO, Przedstawiciel nauczycieli akademickich Zespo\u0142u lektor\u00f3w j\u0119zyk\u00f3w germa\u0144skich, roma\u0144skich, s\u0142owia\u0144skich i klasycznych<br \/>\nmgr Ilona Wabik \u2013 Cz\u0142onek Rady SPNJO, Kierownik Zespo\u0142u lektor\u00f3w j\u0119zyk\u00f3w germa\u0144skich, roma\u0144skich, s\u0142owia\u0144skich i klasycznych<\/p>\n<p>&nbsp;<\/p>\n<p><strong>RADA KOORDYNACYJNA DS. PO\u015aWIADCZANIA KOMPETENCJI J\u0118ZYKOWYCH I CERTYFIKACJI:<\/strong><\/p>\n<p>dr hab. Iwona Dronia, prof. U\u015a \u2013 konsultantka metodyczna b\u0119d\u0105ca ekspertk\u0105 ds. certyfikacji;<br \/>\ndr Monika Grotek \u2013 konsultantka metodyczna b\u0119d\u0105ca ekspertk\u0105 ds. certyfikacji;<br \/>\nmgr Agata Adamczyk-Gzara \u2013 przedstawicielka SPNJO rekomendowana przez Rad\u0119 SPNJO;<br \/>\nmgr Katarzyna Bana\u015b-Sieradzka \u2013 przedstawicielka SPNJO rekomendowana przez Rad\u0119 SPNJO;<br \/>\ndr Ryszard Kalamarz, prof. U\u015a \u2013 przedstawiciel SPNJO rekomendowany przez Rad\u0119 SPNJO \u2013 Przewodnicz\u0105cy Rady Koordynacyjnej;<br \/>\nmgr Lucyna Niedobecka \u2013 przedstawicielka SPNJO rekomendowana przez Rad\u0119 SPNJO;<br \/>\ndr Justyna Kendik-Gut \u2013 koordynatorka ds. egzamin\u00f3w po\u015bwiadczaj\u0105cych;<br \/>\nmgr Marcin Gorgol \u2013 koordynator ds. egzamin\u00f3w po\u015bwiadczaj\u0105cych;<br \/>\nmgr Iwona Wi\u0105k-Domka \u2013 koordynatorka ds. egzamin\u00f3w certyfikuj\u0105cych;<br \/>\ndr Tomasz Jarczyk \u2013 koordynator ds. egzamin\u00f3w certyfikuj\u0105cych.<\/p>\n<p>[\/vc_column_text][\/vc_column][\/vc_row]<\/p>","protected":false},"excerpt":{"rendered":"<p>[vc_row el_class=&#8221;container&#8221;][vc_column][vc_column_text] DYREKTOR STUDIUM PRAKTYCZNEJ NAUKI J\u0118ZYK\u00d3W OBCYCH dr Ryszard Kalamarz, prof. U\u015a; e-mail: ryszard.kalamarz@us.edu.pl ZAST\u0118PCA DYREKTORA SPNJO w\u0142a\u015bciwy ds. administracyjnych mgr Agata Adamczyk-Gzara; e-mail: agata.adamczyk-gzara@us.edu.pl ZAST\u0118PCA DYREKTORA SPNJO w\u0142a\u015bciwy ds. promocji i wsp\u00f3\u0142pracy z otoczeniem mgr Zdzis\u0142aw Ciuk; e-mail: zdzislaw.ciuk@us.edu.pl ZAST\u0118PCA DYREKTORA SPNJO w\u0142a\u015bciwy ds. studenckich i kszta\u0142cenia dr Justyna Kendik-Gut; e-mail: justyna.kendik-gut@us.edu.pl &nbsp; [&#8230;]<\/p>\n<p><a class=\"btn btn-secondary understrap-read-more-link\" href=\"https:\/\/us.edu.pl\/kolegium\/spnjo\/o-spnjo\/dyrekcja-zespoly-gremia\/\">Read More&#8230;<\/a><\/p>\n","protected":false},"author":7245,"featured_media":0,"parent":92,"menu_order":0,"comment_status":"closed","ping_status":"closed","template":"","meta":{"_expiration-date-status":"","_expiration-date":0,"_expiration-date-type":"","_expiration-date-categories":[],"_expiration-date-options":[]},"acf":[],"_links":{"self":[{"href":"https:\/\/us.edu.pl\/kolegium\/spnjo\/wp-json\/wp\/v2\/pages\/3811"}],"collection":[{"href":"https:\/\/us.edu.pl\/kolegium\/spnjo\/wp-json\/wp\/v2\/pages"}],"about":[{"href":"https:\/\/us.edu.pl\/kolegium\/spnjo\/wp-json\/wp\/v2\/types\/page"}],"author":[{"embeddable":true,"href":"https:\/\/us.edu.pl\/kolegium\/spnjo\/wp-json\/wp\/v2\/users\/7245"}],"replies":[{"embeddable":true,"href":"https:\/\/us.edu.pl\/kolegium\/spnjo\/wp-json\/wp\/v2\/comments?post=3811"}],"version-history":[{"count":1,"href":"https:\/\/us.edu.pl\/kolegium\/spnjo\/wp-json\/wp\/v2\/pages\/3811\/revisions"}],"predecessor-version":[{"id":3814,"href":"https:\/\/us.edu.pl\/kolegium\/spnjo\/wp-json\/wp\/v2\/pages\/3811\/revisions\/3814"}],"up":[{"embeddable":true,"href":"https:\/\/us.edu.pl\/kolegium\/spnjo\/wp-json\/wp\/v2\/pages\/92"}],"wp:attachment":[{"href":"https:\/\/us.edu.pl\/kolegium\/spnjo\/wp-json\/wp\/v2\/media?parent=3811"}],"curies":[{"name":"wp","href":"https:\/\/api.w.org\/{rel}","templated":true}]}}