{"id":389,"date":"2021-08-13T14:32:07","date_gmt":"2021-08-13T12:32:07","guid":{"rendered":"https:\/\/us.edu.pl\/kolegium\/spnjo\/?page_id=389"},"modified":"2022-05-23T13:00:43","modified_gmt":"2022-05-23T11:00:43","slug":"zasady-uczestnictwa-w-lektoracie-jezyka-specjalistycznego","status":"publish","type":"page","link":"https:\/\/us.edu.pl\/kolegium\/spnjo\/lektorat\/moj-lektorat\/regulaminy\/zasady-uczestnictwa-w-lektoracie-jezyka-specjalistycznego\/","title":{"rendered":"Zasady uczestnictwa w lektoracie j\u0119zyka specjalistycznego"},"content":{"rendered":"<p>[vc_row gap=&#8221;35&#8243;][vc_column][vc_column_text]<\/p>\n<ol>\n<li><span style=\"font-size: 12pt;\"><strong><u>Zasady og\u00f3lne<\/u><\/strong><\/span><\/li>\n<\/ol>\n<p><span style=\"font-size: 12pt;\"><u>1.1.<\/u> W ramach studi\u00f3w I. stopnia\/ jednolitych magisterskich student ma mo\u017cliwo\u015b\u0107 realizacji 2 lub 4 modu\u0142\u00f3w <em>\u201eJ\u0119zyk obcy\u201d &#8211; wersja J\u0119zyk angielski specjalistyczny, J\u0119zyk niemiecki specjalistyczny &#8211; prawniczy<\/em>.<\/span><\/p>\n<p><span style=\"font-size: 12pt;\"><u>1.2.<\/u> Modu\u0142y realizowane\u00a0 s\u0105 na poziomie B2 i C1.<\/span><\/p>\n<p><span style=\"font-size: 12pt;\"><u>1.3.<\/u> Ka\u017cdy modu\u0142 obejmuje 30 godzin zaj\u0119\u0107 + 30 godzin pracy w\u0142asnej studenta. Semestry 1- 3 ko\u0144cz\u0105 si\u0119 \u00a0zaliczeniem, modu\u0142 czwarty zaliczeniem i egzaminem.<\/span><\/p>\n<ol start=\"2\">\n<li><span style=\"font-size: 12pt;\"><strong><u>Warunki rejestracji<\/u><\/strong><\/span><\/li>\n<\/ol>\n<p><span style=\"font-size: 12pt;\">Rejestracja do grup j\u0119zyka specjalistycznego odbywa si\u0119 na zasadach og\u00f3lnych.<\/span><\/p>\n<p><span style=\"font-size: 12pt;\">Grupy j\u0119zyka specjalistycznego oznaczone s\u0105 kodami B2.1S- B2.4ES oraz C1.1S- C1.4ES.<\/span><\/p>\n<ol start=\"3\">\n<li><span style=\"font-size: 12pt;\"><strong><u>Obowi\u0105zek uczestniczenia w zaj\u0119ciach<\/u><\/strong><\/span><\/li>\n<\/ol>\n<p><span style=\"font-size: 12pt;\">Og\u00f3lne zasady dotycz\u0105ce obowi\u0105zku uczestniczenia w zaj\u0119ciach stosuje si\u0119 odpowiednio.<\/span><\/p>\n<ol start=\"4\">\n<li><span style=\"font-size: 12pt;\"><strong><u>Zasady zaliczania modu\u0142\u00f3w<\/u><\/strong><\/span><\/li>\n<\/ol>\n<p><span style=\"font-size: 12pt;\"><u>4.1.<\/u> Na pocz\u0105tku cyklu zaj\u0119\u0107 lektor informuje student\u00f3w o zak\u0142adanych efektach uczenia si\u0119, zasadach zaliczania przedmiotu i warunkach uzyskiwania zaliczenia.<\/span><\/p>\n<p><span style=\"font-size: 12pt;\"><u>4.2.<\/u> Szczeg\u00f3\u0142owe warunki uzyskiwania zaliczenia semestralnego okre\u015bla sylabus zamieszczony w serwisie USOSweb.<\/span><\/p>\n<p><span style=\"font-size: 12pt;\"><u>4.3.<\/u> Przyj\u0119ta w SPNJO skala ocen:<\/span><\/p>\n<p><span style=\"font-size: 12pt;\">90-100% = bdb ( bardzo dobry)<\/span><\/p>\n<p><span style=\"font-size: 12pt;\">84-89% = db+ ( dobry plus)<\/span><\/p>\n<p><span style=\"font-size: 12pt;\">75-83% = db ( dobry)<\/span><\/p>\n<p><span style=\"font-size: 12pt;\">69-74% = dst+ ( dostateczny plus)<\/span><\/p>\n<p><span style=\"font-size: 12pt;\">60-68% = dst ( dostateczny)<\/span><\/p>\n<p><span style=\"font-size: 12pt;\">0-59% = ndst ( niedostateczny)<\/span><\/p>\n<p><span style=\"font-size: 12pt;\"><u>4.4.<\/u> Ocen\u0119 ko\u0144cow\u0105 modu\u0142u ustala si\u0119 wg nast\u0119puj\u0105cych przedzia\u0142\u00f3w:<\/span><\/p>\n<p><span style=\"font-size: 12pt;\">4,75 &#8211; 5,0 \u00a0\u00a0\u00a0= bdb<\/span><\/p>\n<p><span style=\"font-size: 12pt;\">4,25 &#8211; 4,74 \u00a0= db+<\/span><\/p>\n<p><span style=\"font-size: 12pt;\">3,75 &#8211; 4,24 \u00a0= db<\/span><\/p>\n<p><span style=\"font-size: 12pt;\">3,25 &#8211; 3,74 \u00a0= dst+<\/span><\/p>\n<p><span style=\"font-size: 12pt;\">3,0 &#8211;\u00a0\u00a0 3,24 \u00a0= dst<\/span><\/p>\n<p><span style=\"font-size: 12pt;\">&lt; 3,0\u00a0\u00a0\u00a0\u00a0\u00a0\u00a0\u00a0\u00a0\u00a0\u00a0 = ndst<\/span><\/p>\n<p><span style=\"font-size: 12pt;\">Uzyskanie ocen pozytywnych ze wszystkich okre\u015blonych w sylabusie form\u00a0 weryfikacji uprawnia do uzyskania oceny dst (pomimo \u015bredniej ni\u017cszej ni\u017c 3,0).<\/span><\/p>\n<p><span style=\"font-size: 12pt;\">Poprawa ocen ndst odbywa si\u0119 na konsultacjach (<a href=\"https:\/\/us.edu.pl\/kolegium\/spnjo\/lektorzy\/\">informacje o konsultacjach<\/a>).<\/span><\/p>\n<p><span style=\"font-size: 12pt;\">Spos\u00f3b ustalania oceny ko\u0144cowej modu\u0142u w semestrze zaliczeniowym i\u00a0 egzaminacyjnym okre\u015bla sylabus.<\/span><\/p>\n<p><span style=\"font-size: 12pt;\"><u>4.5.<\/u> Egzamin ko\u0144cowy:<\/span><\/p>\n<p><span style=\"font-size: 12pt;\">1) w przypadku studenta, kt\u00f3ry zrealizowa\u0142 4 modu\u0142y j\u0119zyka specjalistycznego, egzamin po 4 semestrze obejmuje efekty uczenia si\u0119\u00a0 wszystkich 4 modu\u0142\u00f3w j\u0119zyka specjalistycznego\u00a0 i\u00a0 sk\u0142ada si\u0119 z cz\u0119\u015bci pisemnej i cz\u0119\u015bci ustnej (ocena ko\u0144cowa to \u015brednia arytmetyczna obu wymienionych cz\u0119\u015bci)<\/span><\/p>\n<p><span style=\"font-size: 12pt;\">2) w przypadku studenta, kt\u00f3ry po dw\u00f3ch semestrach dokona\u0142 <u>zmiany grupy z j\u0119zyka specjalistycznego na grup\u0119 j\u0119zyka og\u00f3lnego<\/u>, egzamin po 4 semestrze obejmuje efekty uczenia si\u0119\u00a0 wszystkich 4 modu\u0142\u00f3w na poziomie docelowym j\u0119zyka og\u00f3lnego (B2 lub C1). Student zobowi\u0105zany jest\u00a0 do uzyskania efekt\u00f3w uczenia si\u0119 modu\u0142\u00f3w 1 i 2 we w\u0142asnym zakresie.<\/span><\/p>\n<ol start=\"5\">\n<li><span style=\"font-size: 12pt;\"><strong><u>Zmiana grupy j\u0119zykowej<\/u><\/strong><\/span><\/li>\n<\/ol>\n<p><span style=\"font-size: 12pt;\"><u>Zmiana grupy j\u0119zyka specjalistycznego<\/u> na <u>grup\u0119 j\u0119zyka og\u00f3lnego<\/u> mo\u017cliwa jest wy\u0142\u0105cznie do 3 tygodni od rozpocz\u0119cia cyklu kszta\u0142cenia j\u0119zykowego przez studenta w ramach Modu\u0142u 1 (semestr 1) oraz w ramach rejestracji na Modu\u0142 3 (semestr 3).<\/span><\/p>\n<p><span style=\"font-size: 12pt;\">Zmiana grupy j\u0119zyka specjalistycznego na grup\u0119 j\u0119zyka og\u00f3lnego w ramach rejestracji na Modu\u0142 2 i\u00a0 4 nie jest mo\u017cliwa.<\/span><\/p>\n<p><span style=\"font-size: 12pt;\">Zmiana <u>grupy j\u0119zyka og\u00f3lnego<\/u> na <u>grup\u0119 j\u0119zyka specjalistycznego<\/u>\u00a0 mo\u017cliwa jest wy\u0142\u0105cznie do 3 tygodni od rozpocz\u0119cia cyklu kszta\u0142cenia j\u0119zykowego przez studenta w ramach Modu\u0142u 1 (semestr 1).<\/span><\/p>\n<p><span style=\"font-size: 12pt;\">Zmiana poziomu w ramach modu\u0142u j\u0119zyka specjalistycznego mo\u017cliwa jest po uzyskaniu opinii prowadz\u0105cego. Zmiana poziomu dokonywana jest na pisemny wniosek.<\/span><\/p>\n<p><span style=\"font-size: 12pt;\">Po up\u0142ywie terminu samodzielnej rejestracji\u00a0 przej\u015bcie do innej grupy lektoratowej nast\u0119puje po uzyskaniu pisemnej zgody obydwu lektor\u00f3w na pisemny wniosek.<\/span><\/p>\n<p><span style=\"font-size: 12pt;\"><strong>* W PRZYPADKU REALIZACJI MODU\u0141U J\u0118ZYK SPECJALISTYCZNY W TRYBIE ON-LINE, ZASADY UCZESTNICTWA W LEKTORACIE OKRE\u015aLAJ\u0104 OBOWI\u0104ZUJ\u0104CE PRZEPISY (ZARZ\u0104DZENIA REKTORA). SZCZEG\u00d3\u0141OWE WARUNKI UCZESTNICTWA W LEKTORACIE J\u0118ZYKA SPECJALISTYCZNEGO, OSI\u0104GANIA I WERYFIKACJI EFEKT\u00d3W UCZENIA SI\u0118 ORAZ UZYSKIWANIA ZALICZENIA W TRYBIE ZDALNYM OKRE\u015aLA SYLABUS.<\/strong><\/span><\/p>\n<p><span style=\"font-size: 12pt;\"><strong><em>We wszelkich kwestiach nieuregulowanych niniejszymi zasadami decyzj\u0119 podejmuje Dyrektor \u00a0SPNJO U\u015a.<\/em><\/strong><\/span>[\/vc_column_text][\/vc_column][\/vc_row]<\/p>","protected":false},"excerpt":{"rendered":"<p>[vc_row gap=&#8221;35&#8243;][vc_column][vc_column_text] Zasady og\u00f3lne 1.1. W ramach studi\u00f3w I. stopnia\/ jednolitych magisterskich student ma mo\u017cliwo\u015b\u0107 realizacji 2 lub 4 modu\u0142\u00f3w \u201eJ\u0119zyk obcy\u201d &#8211; wersja J\u0119zyk angielski specjalistyczny, J\u0119zyk niemiecki specjalistyczny &#8211; prawniczy. 1.2. Modu\u0142y realizowane\u00a0 s\u0105 na poziomie B2 i C1. 1.3. Ka\u017cdy modu\u0142 obejmuje 30 godzin zaj\u0119\u0107 + 30 godzin pracy w\u0142asnej studenta. Semestry [&#8230;]<\/p>\n<p><a class=\"btn btn-secondary understrap-read-more-link\" href=\"https:\/\/us.edu.pl\/kolegium\/spnjo\/lektorat\/moj-lektorat\/regulaminy\/zasady-uczestnictwa-w-lektoracie-jezyka-specjalistycznego\/\">Read More&#8230;<\/a><\/p>\n","protected":false},"author":3369,"featured_media":0,"parent":122,"menu_order":2,"comment_status":"closed","ping_status":"closed","template":"","meta":{"_expiration-date-status":"saved","_expiration-date":0,"_expiration-date-type":"","_expiration-date-categories":[],"_expiration-date-options":[]},"acf":[],"_links":{"self":[{"href":"https:\/\/us.edu.pl\/kolegium\/spnjo\/wp-json\/wp\/v2\/pages\/389"}],"collection":[{"href":"https:\/\/us.edu.pl\/kolegium\/spnjo\/wp-json\/wp\/v2\/pages"}],"about":[{"href":"https:\/\/us.edu.pl\/kolegium\/spnjo\/wp-json\/wp\/v2\/types\/page"}],"author":[{"embeddable":true,"href":"https:\/\/us.edu.pl\/kolegium\/spnjo\/wp-json\/wp\/v2\/users\/3369"}],"replies":[{"embeddable":true,"href":"https:\/\/us.edu.pl\/kolegium\/spnjo\/wp-json\/wp\/v2\/comments?post=389"}],"version-history":[{"count":6,"href":"https:\/\/us.edu.pl\/kolegium\/spnjo\/wp-json\/wp\/v2\/pages\/389\/revisions"}],"predecessor-version":[{"id":430,"href":"https:\/\/us.edu.pl\/kolegium\/spnjo\/wp-json\/wp\/v2\/pages\/389\/revisions\/430"}],"up":[{"embeddable":true,"href":"https:\/\/us.edu.pl\/kolegium\/spnjo\/wp-json\/wp\/v2\/pages\/122"}],"wp:attachment":[{"href":"https:\/\/us.edu.pl\/kolegium\/spnjo\/wp-json\/wp\/v2\/media?parent=389"}],"curies":[{"name":"wp","href":"https:\/\/api.w.org\/{rel}","templated":true}]}}