{"id":391,"date":"2021-08-13T14:41:42","date_gmt":"2021-08-13T12:41:42","guid":{"rendered":"https:\/\/us.edu.pl\/kolegium\/spnjo\/?page_id=391"},"modified":"2022-05-23T13:31:28","modified_gmt":"2022-05-23T11:31:28","slug":"zasady-obowiazujace-na-lektoratach-z-jezykow-obcych-prowadzonych-w-formie-e-learningu-na-wpia","status":"publish","type":"page","link":"https:\/\/us.edu.pl\/kolegium\/spnjo\/lektorat\/moj-lektorat\/regulaminy\/zasady-obowiazujace-na-lektoratach-z-jezykow-obcych-prowadzonych-w-formie-e-learningu-na-wpia\/","title":{"rendered":"Zasady obowi\u0105zuj\u0105ce na lektoratach z j\u0119zyk\u00f3w obcych prowadzonych w formie e-learningu na WPiA"},"content":{"rendered":"<p>[vc_row gap=&#8221;35&#8243;][vc_column][vc_column_text]<span style=\"font-size: 12pt;\"><strong><u>I.\u00a0\u00a0\u00a0 WARUNKI FORMALNE<\/u><\/strong><\/span><\/p>\n<ol>\n<li><span style=\"font-size: 12pt;\">Studenci studi\u00f3w niestacjonarnych na Wydziale Prawa i Administracji realizuj\u0105 dwa modu\u0142y <em>J\u0119zyk obcy<\/em>. Ka\u017cdy modu\u0142 realizowany jest w trybie blended learning z wykorzystaniem kursu e-learningowego na platformie e-learningowej jednostki prowadz\u0105cej lektoraty &#8211; Studium Praktycznej Nauki J\u0119zyk\u00f3w Obcych (<a href=\"http:\/\/el.us.edu.pl\/spnjo\">http:\/\/el.us.edu.pl\/spnjo<\/a>). Prowadz\u0105cy zaj\u0119cia lektor odpowiada za prawid\u0142owy przebieg procesu dydaktycznego na platformie e-learningowej od strony merytorycznej.<\/span><\/li>\n<li><span style=\"font-size: 12pt;\">Nadz\u00f3r techniczny nad prowadzonymi kursami e-learningowymi sprawuje Centrum Kszta\u0142cenia na Odleg\u0142o\u015b\u0107 (<a href=\"http:\/\/www.cko.us.edu.pl\/\">www.cko.us.edu.pl<\/a>). Administrator czuwa nad prawid\u0142owym przebiegiem procesu dydaktycznego na platformie e-learningowej od strony technicznej.<\/span><\/li>\n<li><span style=\"font-size: 12pt;\">W roku akademickim 2021\/2022 na Wydziale Prawa i Administracji na studiach niestacjonarnych realizowane s\u0105 lektoraty z j\u0119zyka angielskiego, francuskiego i niemieckiego.<\/span><\/li>\n<li><span style=\"font-size: 12pt;\">Przed rozpocz\u0119ciem lektoratu Student rozwi\u0105zuje test poziomuj\u0105cy na platformie<\/span><br \/>\n<span style=\"font-size: 12pt;\">e-learningowej <a href=\"http:\/\/el.us.edu.pl\/spnjo\">http:\/\/el.us.edu.pl\/spnjo<\/a>. W tym celu Student rejestruje si\u0119 na tej platformie (instrukcja logowania dost\u0119pna na g\u0142\u00f3wnej stronie platformy) i wybiera w\u0142a\u015bciwy kod dost\u0119pu do testu poziomuj\u0105cego dla student\u00f3w studi\u00f3w niestacjonarnych (lista kod\u00f3w w opisie kursu \u201eTesty poziomuj\u0105ce\u201d), nast\u0119pnie rozwi\u0105zuje test lub testy z j\u0119zyk\u00f3w, kt\u00f3re zna: j\u0119zyka angielskiego, francuskiego lub niemieckiego. Po rozwi\u0105zaniu testu lub test\u00f3w Student zapoznaje si\u0119 z wy\u015bwietlon\u0105 informacj\u0105 zwrotn\u0105, kt\u00f3ra zawiera wynik i wskazanie poziomu docelowego grupy lektoratowej. Student wybiera dowolny j\u0119zyk lektoratu zgodnie ze wskazanym poziomem docelowym grupy w ramach dost\u0119pnej oferty dydaktycznej.<\/span><\/li>\n<li><span style=\"font-size: 12pt;\">Studenci rejestruj\u0105 si\u0119 do grupy zaj\u0119ciowej elektronicznie w serwisie <a href=\"https:\/\/usosweb.us.edu.pl\/kontroler.php?_action=news\/rejestracje\/rejJednostki&amp;jed_org_kod=31\">USOSweb<\/a> (<a href=\"https:\/\/usosweb.us.edu.pl\/kontroler.php?_action=news\/rejestracje\/rejJednostki&amp;jed_org_kod=31\">KALENDARZ REJESTRACJI<\/a>) w zapowiedzianych turach logowania.<\/span><\/li>\n<\/ol>\n<p><span style=\"font-size: 12pt;\">Nad procesem rejestracji czuwa Studium Praktycznej Nauki J\u0119zyk\u00f3w Obcych.<\/span><\/p>\n<ol start=\"6\">\n<li><span style=\"font-size: 12pt;\">Studenci zapoznaj\u0105 si\u0119 z informacj\u0105 dotycz\u0105c\u0105 korzystania z uczelnianej platformy<\/span><br \/>\n<span style=\"font-size: 12pt;\">e-learningowej dost\u0119pnej na stronie Centrum Kszta\u0142cenia na Odleg\u0142o\u015b\u0107 U\u015a <a href=\"http:\/\/cko.us.edu.pl\/faqstudent\/101-lista-pomocy-dla-studenta.html\">http:\/\/cko.us.edu.pl\/faqstudent\/101-lista-pomocy-dla-studenta.html<\/a> i\/lub uczestnicz\u0105<\/span><br \/>\n<span style=\"font-size: 12pt;\">w kr\u00f3tkim szkoleniu w zakresie korzystania z platformy e-learningowej prowadzonym przez pracownika Centrum Kszta\u0142cenia na Odleg\u0142o\u015b\u0107. Informacj\u0119 o spotkaniu przekazuje dziekanat.<\/span><\/li>\n<li><span style=\"font-size: 12pt;\">Student samodzielnie zak\u0142ada konto na platformie e-learningowej <a href=\"http:\/\/el.us.edu.pl\/spnjo\">http:\/\/el.us.edu.pl\/spnjo<\/a> <\/span><span style=\"font-size: 12pt;\">i otrzymuje stosowne automatyczne potwierdzenie od administratora platformy drog\u0105 mailow\u0105.<\/span><\/li>\n<li><span style=\"font-size: 12pt;\">Na pierwszych zaj\u0119ciach z j\u0119zyka obcego Student zapoznaje si\u0119 z sylabusem <\/span><span style=\"font-size: 12pt;\">i w szczeg\u00f3lno\u015bci zasadami uczestnictwa w lektoracie w formie elearningowej oraz warunkami zaliczenia (dost\u0119pne na stronie jednostki oraz na platformie e-learningowej <a href=\"http:\/\/el.us.edu.pl\/spnjo\">http:\/\/el.us.edu.pl\/spnjo<\/a> ), a tak\u017ce otrzymuje od lektora kod dost\u0119pu do konkretnego kursu na platformie e-learningowej <a href=\"http:\/\/el.us.edu.pl\/spnjo\">http:\/\/el.us.edu.pl\/spnjo<\/a>, kt\u00f3rego realizacja jest podstaw\u0105 zaliczenia przedmiotu. Student zarejestrowany do grupy, ale nieobecny na pierwszych zaj\u0119ciach mo\u017ce otrzyma\u0107 has\u0142o dost\u0119pu do kursu kontaktuj\u0105c si\u0119 ze swoim lektorem (drog\u0105 elektroniczn\u0105 lub na konsultacjach &#8211; dane kontaktowe lektora i terminy konsultacji znajduj\u0105 si\u0119 na stronie <a href=\"https:\/\/us.edu.pl\/kolegium\/spnjo\/lektorzy\/\">WWW<\/a>). W kolejnym semestrze obowi\u0105zuje r\u00f3wnie\u017c kod dost\u0119pu do kolejnego kursu <\/span><span style=\"font-size: 12pt;\">e-learningowego, kod przekazuje lektor.<\/span><\/li>\n<li><span style=\"font-size: 12pt;\">Student zapoznaje si\u0119 z pozosta\u0142ymi szczeg\u00f3lnymi warunkami zaj\u0119\u0107 na platformie na stronie konkretnego kursu e-learningowego, do kt\u00f3rego uzyska\u0142 dost\u0119p.<\/span><\/li>\n<\/ol>\n<p>&nbsp;<\/p>\n<p><span style=\"font-size: 12pt;\"><strong><u>III.\u00a0\u00a0\u00a0 PRACA NA PLATFORMIE<\/u><\/strong><\/span><\/p>\n<ol>\n<li><span style=\"font-size: 12pt;\">Student korzysta z kursu e-learningowego obowi\u0105zuj\u0105cego w danym semestrze. Materia\u0142 umieszczony na platformie jest podzielony na cz\u0119\u015bci, kt\u00f3re s\u0105 dost\u0119pne w okre\u015blonych terminach. W trakcie realizacji materia\u0142u na platformie student ma zapewnione wsparcie lektora w r\u00f3\u017cnej formie: synchronicznie, podczas czat\u00f3w na platformie w wyznaczonym terminie oraz podczas zaj\u0119\u0107 (plan zaj\u0119\u0107 na stronie <a href=\"http:\/\/www.wpia.us.edu.pl\/\">www.wpia.us.edu.pl<\/a>) i konsultacji (aktualne konsultacje lektor\u00f3w na stronie <a href=\"http:\/\/www.spnjo.us.edu.pl\">www.spnjo.us.edu.pl<\/a> ), oraz asynchronicznie korzystaj\u0105c z wewn\u0119trznego komunikatora na platformie &#8211; \u201eWiadomo\u015bci\u201d lub za pomoc\u0105 poczty elektronicznej (adres poczty w profilu uczestnika kursu na platformie).<\/span><\/li>\n<li><span style=\"font-size: 12pt;\">Wyznaczone przez lektora terminy wykonania zada\u0144 lub dost\u0119pu do poszczeg\u00f3lnych cz\u0119\u015bci kursu musz\u0105 by\u0107 przestrzegane.<\/span><\/li>\n<\/ol>\n<p><span style=\"font-size: 12pt;\">Studenci, kt\u00f3rzy nie zaloguj\u0105 si\u0119 lub nie wykonaj\u0105 zada\u0144 na platformie w wyznaczonych terminach, trac\u0105 mo\u017cliwo\u015b\u0107 zdobycia za nie punkt\u00f3w przed terminem zaliczenia (ostatnie zaj\u0119cia w semestrze). W uzasadnionych przypadkach dopuszcza si\u0119 mo\u017cliwo\u015b\u0107 nadrobienia zaleg\u0142o\u015bci (patrz \u201eWarunki zaliczenia\u201d punkt 4 i 5).<\/span><\/p>\n<ol start=\"3\">\n<li><span style=\"font-size: 12pt;\">Pozosta\u0142e warunki uczestnictwa w lektoracie okre\u015blaj\u0105 <em>Zasady uczestnictwa w lektoracie<\/em>, dost\u0119pne na stronie <a href=\"http:\/\/www.spnjo.us.edu.pl\">www.spnjo.us.edu.pl<\/a>.<\/span><\/li>\n<\/ol>\n<p>&nbsp;<\/p>\n<p><span style=\"font-size: 12pt;\"><strong><u>III.\u00a0\u00a0\u00a0 WARUNKI ZALICZENIA<\/u><\/strong><\/span><\/p>\n<ol>\n<li><span style=\"font-size: 12pt;\">Warunkiem uzyskania zaliczenia modu\u0142u jest realizacja kursu e-learningowego <\/span><span style=\"font-size: 12pt;\">w okre\u015blonym w regulaminie przedziale procentowym, oraz pozytywny wynik kolokwium zaliczeniowego (na kierunku Prawo w semestrze 2 &#8211; testu egzaminacyjnego).<\/span><\/li>\n<li><span style=\"font-size: 12pt;\">Student otrzymuje ocen\u0119 pozytywn\u0105 po uzyskaniu minimum 51% wszystkich punkt\u00f3w za realizacj\u0119 kursu e-learningowego na platformie, a tak\u017ce minimum 51% z kolokwium zaliczeniowego w formie testu ko\u0144cowego (na kierunku Prawo w semestrze 2 &#8211; testu egzaminacyjnego) na ostatnich zaj\u0119ciach. Warunkiem przyst\u0105pienia do kolokwium zaliczeniowego jest uzyskanie nie mniej ni\u017c 40% punkt\u00f3w za prac\u0119 w ramach kursu <\/span><span style=\"font-size: 12pt;\">e-learningowego. Ko\u0144cow\u0105 ocen\u0105 jest \u015brednia arytmetyczna z obu tych sk\u0142adowych. Spos\u00f3b ustalania oceny ko\u0144cowej modu\u0142u okre\u015bla sylabus.<\/span><\/li>\n<li><span style=\"font-size: 12pt;\">W przypadku uzyskania wyniku na poziomie 40-50% za prac\u0119 na platformie dopuszcza si\u0119 mo\u017cliwo\u015b\u0107 zaliczania zaj\u0119\u0107 wed\u0142ug szczeg\u00f3lnych warunk\u00f3w ustalonych przez lektora. Natomiast osoby, kt\u00f3re uzyska\u0142y wynik poni\u017cej 40%, musz\u0105 ponownie przyst\u0105pi\u0107 do zaliczenia materia\u0142u kursu e-learningowego oraz test ko\u0144cowy w czasie sesji poprawkowej na warunkach okre\u015blonych w punkcie 4 i 5.<\/span><\/li>\n<li><span style=\"font-size: 12pt;\">Niezrealizowanie lub zrealizowanie kursu e-learningowego poni\u017cej wymaganego minimum 40% za prac\u0119 na platformie skutkuje uzyskaniem oceny niedostatecznej z pierwszego terminu zaliczenia. Jednak\u017ce na podstawie \u00a7 20 p. 4 Regulaminu studi\u00f3w w U\u015a osoba przeprowadzaj\u0105ca weryfikacj\u0119 efekt\u00f3w uczenia si\u0119 albo dziekan w uzasadnionych przypadkach mo\u017ce przywr\u00f3ci\u0107 studentowi termin zaliczenia lub egzaminu.<\/span><\/li>\n<li><span style=\"font-size: 12pt;\">Zar\u00f3wno student, kt\u00f3ry uzyska\u0142 z pierwszego terminu zaliczenia ocen\u0119 niedostateczn\u0105, <\/span><span style=\"font-size: 12pt;\">jak i korzystaj\u0105cy z przywr\u00f3cenia terminu przyst\u0119puje do ponownego zaliczenia materia\u0142u kursu e-learningowego, do kt\u00f3rego uzyska dost\u0119p w czasie trwania sesji zaliczeniowej i\/lub sesji poprawkowej. Szczeg\u00f3\u0142owy tryb realizacji kursu, w tym szczeg\u00f3\u0142y dotycz\u0105ce dost\u0119pu do kursu, okre\u015bla lektor.<\/span><\/li>\n<li><span style=\"font-size: 12pt;\">Przepisy Regulaminu Studi\u00f3w w U\u015a dot. egzamin\u00f3w poprawkowych stosuje si\u0119 odpowiednio.<\/span><\/li>\n<\/ol>\n<p>[\/vc_column_text][\/vc_column][\/vc_row]<\/p>","protected":false},"excerpt":{"rendered":"<p>[vc_row gap=&#8221;35&#8243;][vc_column][vc_column_text]I.\u00a0\u00a0\u00a0 WARUNKI FORMALNE Studenci studi\u00f3w niestacjonarnych na Wydziale Prawa i Administracji realizuj\u0105 dwa modu\u0142y J\u0119zyk obcy. Ka\u017cdy modu\u0142 realizowany jest w trybie blended learning z wykorzystaniem kursu e-learningowego na platformie e-learningowej jednostki prowadz\u0105cej lektoraty &#8211; Studium Praktycznej Nauki J\u0119zyk\u00f3w Obcych (http:\/\/el.us.edu.pl\/spnjo). Prowadz\u0105cy zaj\u0119cia lektor odpowiada za prawid\u0142owy przebieg procesu dydaktycznego na platformie e-learningowej od [&#8230;]<\/p>\n<p><a class=\"btn btn-secondary understrap-read-more-link\" href=\"https:\/\/us.edu.pl\/kolegium\/spnjo\/lektorat\/moj-lektorat\/regulaminy\/zasady-obowiazujace-na-lektoratach-z-jezykow-obcych-prowadzonych-w-formie-e-learningu-na-wpia\/\">Read More&#8230;<\/a><\/p>\n","protected":false},"author":3369,"featured_media":0,"parent":122,"menu_order":3,"comment_status":"closed","ping_status":"closed","template":"","meta":{"_expiration-date-status":"saved","_expiration-date":0,"_expiration-date-type":"","_expiration-date-categories":[],"_expiration-date-options":[]},"acf":[],"_links":{"self":[{"href":"https:\/\/us.edu.pl\/kolegium\/spnjo\/wp-json\/wp\/v2\/pages\/391"}],"collection":[{"href":"https:\/\/us.edu.pl\/kolegium\/spnjo\/wp-json\/wp\/v2\/pages"}],"about":[{"href":"https:\/\/us.edu.pl\/kolegium\/spnjo\/wp-json\/wp\/v2\/types\/page"}],"author":[{"embeddable":true,"href":"https:\/\/us.edu.pl\/kolegium\/spnjo\/wp-json\/wp\/v2\/users\/3369"}],"replies":[{"embeddable":true,"href":"https:\/\/us.edu.pl\/kolegium\/spnjo\/wp-json\/wp\/v2\/comments?post=391"}],"version-history":[{"count":6,"href":"https:\/\/us.edu.pl\/kolegium\/spnjo\/wp-json\/wp\/v2\/pages\/391\/revisions"}],"predecessor-version":[{"id":632,"href":"https:\/\/us.edu.pl\/kolegium\/spnjo\/wp-json\/wp\/v2\/pages\/391\/revisions\/632"}],"up":[{"embeddable":true,"href":"https:\/\/us.edu.pl\/kolegium\/spnjo\/wp-json\/wp\/v2\/pages\/122"}],"wp:attachment":[{"href":"https:\/\/us.edu.pl\/kolegium\/spnjo\/wp-json\/wp\/v2\/media?parent=391"}],"curies":[{"name":"wp","href":"https:\/\/api.w.org\/{rel}","templated":true}]}}