{"id":3922,"date":"2025-07-21T19:22:12","date_gmt":"2025-07-21T17:22:12","guid":{"rendered":"https:\/\/us.edu.pl\/kolegium\/spnjo\/?page_id=3922"},"modified":"2025-10-14T01:51:35","modified_gmt":"2025-10-13T23:51:35","slug":"aktywnosc-wspolpraca-rozwoj","status":"publish","type":"page","link":"https:\/\/us.edu.pl\/kolegium\/spnjo\/o-spnjo\/aktywnosc-wspolpraca-rozwoj\/","title":{"rendered":"aktywno\u015b\u0107, wsp\u00f3\u0142praca, rozw\u00f3j"},"content":{"rendered":"<p>[vc_row][vc_column][vc_column_text][\/vc_column_text][\/vc_column][\/vc_row][vc_row][vc_column][vc_column_text][\/vc_column_text][\/vc_column][\/vc_row][vc_row][vc_column][vc_column_text][\/vc_column_text][\/vc_column][\/vc_row][vc_row][vc_column][vc_column_text][\/vc_column_text][\/vc_column][\/vc_row][vc_row][vc_column][vc_column_text][\/vc_column_text][\/vc_column][\/vc_row][vc_row][vc_column][vc_column_text][\/vc_column_text][\/vc_column][\/vc_row][vc_row][vc_column]\r\n                <div class=\"text-modules\">\r\n                    <div class=\"container\">\r\n                        <h3 class=\"page-title text__title\">Poza dydaktyk\u0105<\/h3>\r\n                        <div class=\"text-modules__content\"><p>Poza dydaktyk\u0105 j\u0119zyk\u00f3w obcych Studium Praktycznej Nauki J\u0119zyk\u00f3w Obcych prowadzi r\u00f3\u017cne formy dzia\u0142alno\u015bci w zakresie:<\/p>\n<p>\u2013 wspierania i popularyzowania nauki j\u0119zyk\u00f3w obcych, znajomo\u015bci kultury kraju danego obszaru j\u0119zykowego oraz umiej\u0119tno\u015bci porozumiewania si\u0119 w \u015brodowisku wielokulturowym i r\u00f3\u017cnoj\u0119zycznym,<br \/>\n\u2013 zapewniania warunk\u00f3w doskonalenia kompetencji zawodowych nauczycieli w zakresie nauczania j\u0119zyk\u00f3w obcych,<br \/>\n\u2013 organizowania zaj\u0119\u0107 i warsztat\u00f3w dla szk\u00f3\u0142 oraz wydarze\u0144 propaguj\u0105cych nauk\u0119 j\u0119zyk\u00f3w obcych,<br \/>\n\u2013 organizowania szkole\u0144 i konferencji naukowo-dydaktycznych po\u015bwi\u0119conych nauczaniu j\u0119zyk\u00f3w obcych.<br \/>\n\u2013 zada\u0144 realizowanych na rzecz spo\u0142eczno\u015bci akademickiej i lokalnej.<\/p>\n<\/div>\r\n                    <\/div>\r\n                <\/div>[\/vc_column][\/vc_row][vc_row][vc_column][vc_tta_accordion][vc_tta_section i_type=&#8221;openiconic&#8221; i_icon_openiconic=&#8221;vc-oi vc-oi-chat-inv&#8221; add_icon=&#8221;true&#8221; title=&#8221;Konferencje naukowo-dydaktyczne&#8221; tab_id=&#8221;1753116540201-204c6f18-631b&#8221;]\r\n                <div class=\"text-modules reverse\">\r\n                    <div class=\"container\">\r\n                        <h3 class=\"section-title section-title_border-bottom\">Konferencja naukowo-dydaktyczna<\/h3> <h3 class=\"subtitle text-modules__subtitle\">Glottodydaktyk wobec wyzwa\u0144 wsp\u00f3\u0142czesno\u015bci: nowe role, kompetencje, perspektywy<\/h3>\r\n                        <div class=\"row m-0\">\r\n                            <div class=\"text-modules__content\">\r\n                                SPNJO zaprasza na konferencj\u0119 6 marca 2026 r.<\/p>\n<div class=\"mt-3\"><\/div>\r\n                            <\/div>\r\n                            \r\n                            <div class=\"text-modules__img\"><img src=\"https:\/\/us.edu.pl\/kolegium\/spnjo\/wp-content\/uploads\/sites\/65\/Bez-kategorii\/Konferencja-2026-plakat1-1-scaled.jpg\" alt=\"img\"><\/div>\r\n                        <\/div>\r\n                    <\/div>\r\n                <\/div>[vc_images_carousel images=&#8221;3927,3926,3928,3932,3936,3940,3944,3947,3948,3952&#8243; img_size=&#8221;medium&#8221; title=&#8221;Poprzednie edycje&#8221;][\/vc_tta_section][vc_tta_section i_type=&#8221;openiconic&#8221; i_icon_openiconic=&#8221;vc-oi vc-oi-book&#8221; add_icon=&#8221;true&#8221; title=&#8221;Seria wydawnicza &#8222;Publikacje SPNJO&#8222;&#8221; tab_id=&#8221;1753116540210-f8584eb8-021c&#8221;]\r\n                <div class=\"title-with-link color-blue\" style=\"background: #EBEBEB\">\r\n                    <div class=\"container\">\r\n                        <div class=\"title-with-link-container links-align-left\">\r\n                            <div class=\"title-with-link__title\"><span>Seria wydawnicza WU\u015a<\/span><\/div>\r\n                            <a href=\"https:\/\/monograph.us.edu.pl\/index.php\/wydawnictwo\/catalog\/series\/PSPNJO\" class=\"title-with-link__link\">Dedykowana strona serii<\/a>\r\n                        <\/div>\r\n                    <\/div>\r\n                <\/div>\r\n            \r\n                <div class=\"title-with-link color-white\" style=\"background: #002E5A\">\r\n                    <div class=\"container\">\r\n                        <div class=\"title-with-link-container links-align-left\">\r\n                            <div class=\"title-with-link__title\"><span>Monografie w serii<\/span><\/div>\r\n                            <a href=\"https:\/\/konferencjaspnjo.us.edu.pl\/publikacja\/\" class=\"title-with-link__link\">Strona konferencji<\/a>\r\n                        <\/div>\r\n                    <\/div>\r\n                <\/div>\r\n            [\/vc_tta_section][vc_tta_section i_type=&#8221;openiconic&#8221; i_icon_openiconic=&#8221;vc-oi vc-oi-loop-alt&#8221; add_icon=&#8221;true&#8221; title=&#8221;Europejski Dzie\u0144 J\u0119zyk\u00f3w&#8221; tab_id=&#8221;1753116550300-1fb6c656-8bef&#8221;]\r\n                <div class=\"text-modules reverse\">\r\n                    <div class=\"container\">\r\n                        <h3 class=\"section-title section-title_border-bottom\">Obchody Europejskiego Dnia J\u0119zyk\u00f3w w SPNJO<\/h3> <h3 class=\"subtitle text-modules__subtitle\">26 wrze\u015bnia 2025<\/h3>\r\n                        <div class=\"row m-0\">\r\n                            <div class=\"text-modules__content\">\r\n                                <\/p>\n<p>26 wrze\u015bnia 2025 w siedzibie Studium Praktycznej Nauki J\u0119zyk\u00f3w Obcych w Katowicach przy ulicy Bankowej 14 odb\u0119dzie si\u0119 kolejna edycja Europejskiego Dnia J\u0119zyk\u00f3w \u2013 mi\u0119dzynarodowego \u015bwi\u0119ta, ustanowionego z inicjatywy Rady Europy w 2001 roku.<\/p>\n<p>Wydarzenie jest kierowane do uczni\u00f3w szk\u00f3\u0142 \u015brednich z naszego regionu. W programie zaplanowane s\u0105 wyk\u0142ady, warsztaty i prezentacje. Aktywno\u015bci b\u0119d\u0105 prowadzone przez lektor\u00f3w SPNJO U\u015a po polsku, angielsku, francusku, niemiecku, hiszpa\u0144sku oraz w \u0142acinie. Lekcje pokazowe j\u0119zyk\u00f3w obcych zaplanowane s\u0105 w r\u00f3\u017cnych poziomach bieg\u0142o\u015bci j\u0119zykowej, wzbogacone o elementy kulturowe.<\/p>\n<p>&nbsp;<\/p>\n<p>&nbsp;<\/p>\n<p>&nbsp;<\/p>\n<div class=\"mt-3\"><\/div>\r\n                            <\/div>\r\n                            \r\n                            <div class=\"text-modules__img\"><img src=\"https:\/\/us.edu.pl\/kolegium\/spnjo\/wp-content\/uploads\/sites\/65\/Bez-kategorii\/2025_Europejski_Dzien_Jezykow_US-1_page-0001.jpg\" alt=\"img\"><\/div>\r\n                        <\/div>\r\n                    <\/div>\r\n                <\/div>[\/vc_tta_section][vc_tta_section i_type=&#8221;openiconic&#8221; i_icon_openiconic=&#8221;vc-oi vc-oi-target&#8221; add_icon=&#8221;true&#8221; title=&#8221;\u015al\u0105ski Festiwal Nauki&#8221; tab_id=&#8221;1753116951947-959a4bd8-6c1f&#8221;]\r\n                <div class=\"text-modules \">\r\n                    <div class=\"container\">\r\n                        <h3 class=\"section-title section-title_border-bottom\">\u015al\u0105ski Festiwal Nauki 2025<\/h3> <h3 class=\"subtitle text-modules__subtitle\">Stanowisko pokazowe SPNJO pod tytu\u0142em \u201eWygraj, ucz si\u0119, podr\u00f3\u017cuj i eksperymentuj!\u201d<\/h3>\r\n                        <div class=\"row m-0\">\r\n                            <div class=\"text-modules__content\">\r\n                                Czy marzysz o swobodnym podr\u00f3\u017cowaniu i odkrywaniu \u015bwiata bez barier j\u0119zykowych? A mo\u017ce fascynuje Ci\u0119 historia, sztuka i kultura innych kraj\u00f3w? Zapraszamy na Stoisko J\u0119zykowe, gdzie czekaj\u0105 na Ciebie ekscytuj\u0105ce quizy i konkursy j\u0119zykowe z angielskiego, niemieckiego, rosyjskiego, francuskiego i hiszpa\u0144skiego!<\/p>\n<p>Dlaczego warto wzi\u0105\u0107 udzia\u0142?<\/p>\n<ul>\n<li>Sprawdzisz i rozwiniesz swoje umiej\u0119tno\u015bci j\u0119zykowe w zabawnej atmosferze.<\/li>\n<li>Poznasz fascynuj\u0105ce ciekawostki o kulturze, literaturze, muzyce i zwyczajach r\u00f3\u017cnych kraj\u00f3w.<\/li>\n<li>Wygrasz atrakcyjne nagrody i zdob\u0119dziesz nowe inspiracje do nauki!<\/li>\n<li>Spotkasz pasjonat\u00f3w j\u0119zyk\u00f3w i podr\u00f3\u017cy \u2013 by\u0107 mo\u017ce znajdziesz kompana na swoj\u0105 kolejn\u0105 wypraw\u0119!<\/li>\n<\/ul>\n<p>Nasze konkursy s\u0105 dla wszystkich, bez wzgl\u0119du na wiek i poziom znajomo\u015bci j\u0119zyka! Przyjd\u017a, baw si\u0119 dobrze i przekonaj si\u0119, jak wiele korzy\u015bci daje znajomo\u015b\u0107 j\u0119zyk\u00f3w obcych.<\/p>\n<p>Stanowiska pokazowe SPNJO w poprzednich edycjach \u015al\u0105skiego Festiwalu Nauki<\/p>\n<p>2024: \u201eJ\u0119zyki obce w mie\u015bcie nauki\u201d<\/p>\n<p>2023: \u201eJ\u0119zyki obce dadz\u0105 nam przysz\u0142o\u015b\u0107\u201d<\/p>\n<p>2022: \u201eNieobce j\u0119zyki obce\u201d<\/p>\n<p>2021: \u201eJ\u0119zyki obce na wyci\u0105gni\u0119cie r\u0119ki\u201d<\/p>\n<div class=\"mt-3\"><\/div>\r\n                            <\/div>\r\n                            \r\n                            \r\n                        <\/div>\r\n                    <\/div>\r\n                <\/div>[\/vc_tta_section][vc_tta_section i_type=&#8221;openiconic&#8221; i_icon_openiconic=&#8221;vc-oi vc-oi-award&#8221; add_icon=&#8221;true&#8221; title=&#8221;Indywidualne aktywno\u015bci&#8221; tab_id=&#8221;1753122502596-b888c68f-adb4&#8243;][\/vc_tta_section][\/vc_tta_accordion][\/vc_column][\/vc_row][vc_row][vc_column][vc_column_text][\/vc_column_text][\/vc_column][\/vc_row][vc_row][vc_column][vc_column_text][\/vc_column_text][\/vc_column][\/vc_row][vc_row][vc_column][vc_column_text]<\/p>","protected":false},"excerpt":{"rendered":"<p>[vc_row][vc_column][vc_column_text][\/vc_column_text][\/vc_column][\/vc_row][vc_row][vc_column][vc_column_text][\/vc_column_text][\/vc_column][\/vc_row][vc_row][vc_column][vc_column_text][\/vc_column_text][\/vc_column][\/vc_row][vc_row][vc_column][vc_column_text][\/vc_column_text][\/vc_column][\/vc_row][vc_row][vc_column][vc_column_text][\/vc_column_text][\/vc_column][\/vc_row][vc_row][vc_column][vc_column_text][\/vc_column_text][\/vc_column][\/vc_row][vc_row][vc_column][\/vc_column][\/vc_row][vc_row][vc_column][vc_tta_accordion][vc_tta_section i_type=&#8221;openiconic&#8221; i_icon_openiconic=&#8221;vc-oi vc-oi-chat-inv&#8221; add_icon=&#8221;true&#8221; title=&#8221;Konferencje naukowo-dydaktyczne&#8221; tab_id=&#8221;1753116540201-204c6f18-631b&#8221;][vc_images_carousel images=&#8221;3927,3926,3928,3932,3936,3940,3944,3947,3948,3952&#8243; img_size=&#8221;medium&#8221; title=&#8221;Poprzednie edycje&#8221;][\/vc_tta_section][vc_tta_section i_type=&#8221;openiconic&#8221; i_icon_openiconic=&#8221;vc-oi vc-oi-book&#8221; add_icon=&#8221;true&#8221; title=&#8221;Seria wydawnicza &#8222;Publikacje SPNJO&#8222;&#8221; tab_id=&#8221;1753116540210-f8584eb8-021c&#8221;][\/vc_tta_section][vc_tta_section i_type=&#8221;openiconic&#8221; i_icon_openiconic=&#8221;vc-oi vc-oi-loop-alt&#8221; add_icon=&#8221;true&#8221; title=&#8221;Europejski Dzie\u0144 J\u0119zyk\u00f3w&#8221; tab_id=&#8221;1753116550300-1fb6c656-8bef&#8221;][\/vc_tta_section][vc_tta_section i_type=&#8221;openiconic&#8221; i_icon_openiconic=&#8221;vc-oi vc-oi-target&#8221; add_icon=&#8221;true&#8221; title=&#8221;\u015al\u0105ski Festiwal Nauki&#8221; tab_id=&#8221;1753116951947-959a4bd8-6c1f&#8221;][\/vc_tta_section][vc_tta_section i_type=&#8221;openiconic&#8221; i_icon_openiconic=&#8221;vc-oi vc-oi-award&#8221; add_icon=&#8221;true&#8221; title=&#8221;Indywidualne aktywno\u015bci&#8221; tab_id=&#8221;1753122502596-b888c68f-adb4&#8243;][\/vc_tta_section][\/vc_tta_accordion][\/vc_column][\/vc_row][vc_row][vc_column][vc_column_text][\/vc_column_text][\/vc_column][\/vc_row][vc_row][vc_column][vc_column_text][\/vc_column_text][\/vc_column][\/vc_row][vc_row][vc_column][vc_column_text] [&#8230;]<\/p>\n<p><a class=\"btn btn-secondary understrap-read-more-link\" href=\"https:\/\/us.edu.pl\/kolegium\/spnjo\/o-spnjo\/aktywnosc-wspolpraca-rozwoj\/\">Read More&#8230;<\/a><\/p>\n","protected":false},"author":7245,"featured_media":0,"parent":92,"menu_order":0,"comment_status":"closed","ping_status":"closed","template":"","meta":{"_expiration-date-status":"","_expiration-date":0,"_expiration-date-type":"","_expiration-date-categories":[],"_expiration-date-options":[]},"acf":[],"_links":{"self":[{"href":"https:\/\/us.edu.pl\/kolegium\/spnjo\/wp-json\/wp\/v2\/pages\/3922"}],"collection":[{"href":"https:\/\/us.edu.pl\/kolegium\/spnjo\/wp-json\/wp\/v2\/pages"}],"about":[{"href":"https:\/\/us.edu.pl\/kolegium\/spnjo\/wp-json\/wp\/v2\/types\/page"}],"author":[{"embeddable":true,"href":"https:\/\/us.edu.pl\/kolegium\/spnjo\/wp-json\/wp\/v2\/users\/7245"}],"replies":[{"embeddable":true,"href":"https:\/\/us.edu.pl\/kolegium\/spnjo\/wp-json\/wp\/v2\/comments?post=3922"}],"version-history":[{"count":11,"href":"https:\/\/us.edu.pl\/kolegium\/spnjo\/wp-json\/wp\/v2\/pages\/3922\/revisions"}],"predecessor-version":[{"id":4321,"href":"https:\/\/us.edu.pl\/kolegium\/spnjo\/wp-json\/wp\/v2\/pages\/3922\/revisions\/4321"}],"up":[{"embeddable":true,"href":"https:\/\/us.edu.pl\/kolegium\/spnjo\/wp-json\/wp\/v2\/pages\/92"}],"wp:attachment":[{"href":"https:\/\/us.edu.pl\/kolegium\/spnjo\/wp-json\/wp\/v2\/media?parent=3922"}],"curies":[{"name":"wp","href":"https:\/\/api.w.org\/{rel}","templated":true}]}}