{"id":393,"date":"2021-08-13T14:45:05","date_gmt":"2021-08-13T12:45:05","guid":{"rendered":"https:\/\/us.edu.pl\/kolegium\/spnjo\/?page_id=393"},"modified":"2022-05-23T13:49:13","modified_gmt":"2022-05-23T11:49:13","slug":"zasady-uczestnictwa-w-lektoracie-jezykow-klasycznych-spnjo-us","status":"publish","type":"page","link":"https:\/\/us.edu.pl\/kolegium\/spnjo\/lektorat\/moj-lektorat\/regulaminy\/zasady-uczestnictwa-w-lektoracie-jezykow-klasycznych-spnjo-us\/","title":{"rendered":"Zasady uczestnictwa w lektoracie j\u0119zyk\u00f3w klasycznych SPNJO U\u015a"},"content":{"rendered":"<p><span style=\"font-size: 12pt;\"><strong>ZASADY UCZESTNICTWA W LEKTORACIE J\u0118ZYK\u00d3W KLASYCZNYCH SPNJO U\u015a<\/strong><\/span><\/p>\n<p><span style=\"font-size: 12pt;\">W ramach studi\u00f3w I stopnia oraz jednolitych studi\u00f3w magisterskich student ma obowi\u0105zek realizacji okre\u015blonej liczby modu\u0142\u00f3w kszta\u0142cenia w zakresie j\u0119zyk\u00f3w klasycznych w zale\u017cno\u015bci od kierunku studi\u00f3w<em>.<\/em> Ka\u017cdy modu\u0142 obejmuje odpowiedni\u0105 liczb\u0119 godzin kontaktowych oraz prac\u0119 w\u0142asn\u0105 studenta i ko\u0144czy si\u0119 zaliczeniem na ocen\u0119 lub egzaminem.<\/span><\/p>\n<ol>\n<li><span style=\"font-size: 12pt;\"><strong><u>Obowi\u0105zek uczestniczenia w zaj\u0119ciach<\/u><\/strong><\/span><\/li>\n<\/ol>\n<p><span style=\"font-size: 12pt;\">Obecno\u015b\u0107 studenta na zaj\u0119ciach jest obowi\u0105zkowa. Student ma prawo do 2 nieobecno\u015bci nieusprawiedliwionych przy 30 i 45 godzinach zaj\u0119\u0107 kontaktowych w semestrze, a przy 15 godzinach zaj\u0119\u0107 kontaktowych do 1 nieobecno\u015bci nieusprawiedliwionej\u00a0 w semestrze. Wi\u0119ksza liczba nieobecno\u015bci nieusprawiedliwionych skutkuje uzyskaniem oceny niedostatecznej w pierwszym terminie zaliczenia. Za\u015bwiadczenie usprawiedliwiaj\u0105ce nieobecno\u015b\u0107 nale\u017cy przed\u0142o\u017cy\u0107 lektorowi w terminie do 2 tygodni od ustania jej przyczyny.<\/span><\/p>\n<p><span style=\"font-size: 12pt;\">W przypadku nieobecno\u015bci przekraczaj\u0105cych 60% og\u00f3lnego wymiaru zaj\u0119\u0107 w semestrze, student kierowany jest na powtarzanie modu\u0142u.<\/span><\/p>\n<p><span style=\"font-size: 12pt;\">W uzasadnionych przypadkach (przewlek\u0142a choroba, hospitalizacja, udokumentowane przyczyny losowe itp.) student mo\u017ce z\u0142o\u017cy\u0107 wniosek do Dyrektora SPNJO o wyra\u017cenie zgody na zaliczanie modu\u0142u w drugim terminie. Wniosek musi zawiera\u0107 opini\u0119 lektora oraz dokumentacj\u0119 uzasadniaj\u0105c\u0105 jego z\u0142o\u017cenie.<\/span><\/p>\n<p><span style=\"font-size: 12pt;\">Nieobecno\u015bci na zaj\u0119ciach nie odpracowuje si\u0119.<\/span><\/p>\n<ol start=\"2\">\n<li><span style=\"font-size: 12pt;\"><strong><u>Zasady uzyskiwania zaliczenia<\/u><\/strong><\/span><\/li>\n<\/ol>\n<p><span style=\"font-size: 12pt;\">Informacje o zak\u0142adanych efektach uczenia si\u0119, zasadach zaliczania przedmiotu i warunkach uzyskania zaliczenia znajduj\u0105 si\u0119 w sylabusie umieszczonym w serwisie usosweb.us.edu.pl.<\/span><\/p>\n<p><span style=\"font-size: 12pt;\">Na ocen\u0119 ko\u0144cow\u0105 modu\u0142u (OKM) sk\u0142adaj\u0105 si\u0119 oceny uzyskane z poszczeg\u00f3lnych form weryfikacji w zale\u017cno\u015bci od kierunku studi\u00f3w (szczeg\u00f3\u0142y w poszczeg\u00f3lnych sylabusach).<\/span><\/p>\n<p><span style=\"font-size: 12pt;\">Spos\u00f3b ustalania oceny ko\u0144cowej modu\u0142u w poszczeg\u00f3lnych semestrach okre\u015bla sylabus.<\/span><\/p>\n<p><span style=\"font-size: 12pt;\">Przyj\u0119ta w SPNJO skala ocen (nie dotyczy Wydzia\u0142u Filologicznego \u2013 obowi\u0105zuje skala przyj\u0119ta na Wydziale):<\/span><\/p>\n<p><span style=\"font-size: 12pt;\">90-100% = bdb (bardzo dobry)<\/span><br \/>\n<span style=\"font-size: 12pt;\">84-89% = db+\u00a0\u00a0 (dobry plus)<\/span><br \/>\n<span style=\"font-size: 12pt;\">75-83% = db\u00a0\u00a0\u00a0 (dobry)<\/span><br \/>\n<span style=\"font-size: 12pt;\">69-74% = dst+\u00a0 (dostateczny plus)<\/span><br \/>\n<span style=\"font-size: 12pt;\">60 \u2013 68% = dst\u00a0 (dostateczny)<\/span><br \/>\n<span style=\"font-size: 12pt;\">0 \u2013 59% = ndst (niedostateczny)<\/span><\/p>\n<p><span style=\"font-size: 12pt;\">Ocen\u0119 ko\u0144cow\u0105 modu\u0142u ustala si\u0119 wg nast\u0119puj\u0105cych przedzia\u0142\u00f3w (nie dotyczy Wydzia\u0142u Filologicznego \u2013 obowi\u0105zuje skala przyj\u0119ta na Wydziale):<\/span><\/p>\n<p><span style=\"font-size: 12pt;\">4,75 \u2013 5,0\u00a0\u00a0\u00a0 = bdb<\/span><br \/>\n<span style=\"font-size: 12pt;\">4,25 \u2013 4,74\u00a0 = db+<\/span><br \/>\n<span style=\"font-size: 12pt;\">3,75 \u2013 4,24\u00a0 = db<\/span><br \/>\n<span style=\"font-size: 12pt;\">3,25 \u2013 3,74\u00a0 = dst+<\/span><br \/>\n<span style=\"font-size: 12pt;\">3,0\u00a0 \u2013 3,24\u00a0\u00a0 = dst<\/span><br \/>\n<span style=\"font-size: 12pt;\">&lt; 3,0\u00a0\u00a0\u00a0\u00a0\u00a0\u00a0\u00a0\u00a0\u00a0 = ndst<\/span><\/p>\n<p><span style=\"font-size: 12pt;\">Uzyskanie ocen pozytywnych ze wszystkich okre\u015blonych przez lektora form weryfikacji uprawnia do uzyskania ko\u0144cowej oceny dst (pomimo \u015bredniej ni\u017cszej ni\u017c 3,0).<\/span><\/p>\n<p><span style=\"font-size: 12pt;\">Pozytywne zaliczenie test\u00f3w sprawdzaj\u0105cych umiej\u0119tno\u015bci i wiedz\u0119 jest obowi\u0105zkowe. Tryb zaliczania ocen uzyskanych z innych form weryfikacji okre\u015bla lektor.<\/span><\/p>\n<p><span style=\"font-size: 12pt;\">Poprawa ocen ndst odbywa si\u0119\u00a0 w ustalonym przez lektora terminie.<\/span><\/p>\n<ol start=\"3\">\n<li><span style=\"font-size: 12pt;\"><strong><u>Przenoszenie i uznawanie zaj\u0119\u0107 zaliczonych przez studenta we wcze\u015bniejszych cyklach kszta\u0142cenia.<\/u><\/strong><\/span><\/li>\n<\/ol>\n<p><span style=\"font-size: 12pt;\">Student, kt\u00f3ry na innym kierunku w U\u015a uzyska\u0142 zaliczenie \/ zda\u0142 egzamin z modu\u0142u j\u0119zyka klasycznego, mo\u017ce wnie\u015b\u0107 o przeniesienie oceny na drugim kierunku. Na pierwszych zaj\u0119ciach student zg\u0142asza lektorowi zamiar skorzystania z przeniesienia oceny.<\/span><\/p>\n<p><span style=\"font-size: 12pt;\">Student, kt\u00f3ry zaliczy\u0142 lektorat w uczelni innej ni\u017c U\u015a mo\u017ce wnie\u015b\u0107 o uznanie tego zaliczenia (art. 85. p. 1 \u00a0Ustawy z dnia 20 lipca 2018 r. <em>Prawo o szkolnictwie wy\u017cszym i nauce). <\/em>Wniosek nale\u017cy skierowa\u0107 do w\u0142adz dzieka\u0144skich.<\/span><\/p>\n<p><span style=\"font-size: 12pt;\">Nie przenosi si\u0119 ocen uzyskanych poza systemem szkolnictwa wy\u017cszego.<\/span><\/p>\n<ol start=\"4\">\n<li><span style=\"font-size: 12pt;\"><strong><u>Zmiana grupy<\/u><\/strong><\/span><\/li>\n<\/ol>\n<p><span style=\"font-size: 12pt;\">Przej\u015bcie do innej grupy\u00a0 nast\u0119puje po uzyskaniu przez studenta pisemnej zgody obydwu lektor\u00f3w i jest mo\u017cliwe wy\u0142\u0105cznie do 3 tygodni od rozpocz\u0119cia zaj\u0119\u0107.<\/span><\/p>\n<p><span style=\"font-size: 12pt;\"><strong>Aktualne informacje dotycz\u0105ce\u00a0 zasad uczestnictwa w lektoracie i konsultacji lektor\u00f3w znajduj\u0105 si\u0119 na stronie Studium: <a href=\"http:\/\/spnjo.us.edu.pl\/\">spnjo.us.edu.pl<\/a>.<\/strong><\/span><\/p>","protected":false},"excerpt":{"rendered":"<p>ZASADY UCZESTNICTWA W LEKTORACIE J\u0118ZYK\u00d3W KLASYCZNYCH SPNJO U\u015a W ramach studi\u00f3w I stopnia oraz jednolitych studi\u00f3w magisterskich student ma obowi\u0105zek realizacji okre\u015blonej liczby modu\u0142\u00f3w kszta\u0142cenia w zakresie j\u0119zyk\u00f3w klasycznych w zale\u017cno\u015bci od kierunku studi\u00f3w. Ka\u017cdy modu\u0142 obejmuje odpowiedni\u0105 liczb\u0119 godzin kontaktowych oraz prac\u0119 w\u0142asn\u0105 studenta i ko\u0144czy si\u0119 zaliczeniem na ocen\u0119 lub egzaminem. Obowi\u0105zek uczestniczenia [&#8230;]<\/p>\n<p><a class=\"btn btn-secondary understrap-read-more-link\" href=\"https:\/\/us.edu.pl\/kolegium\/spnjo\/lektorat\/moj-lektorat\/regulaminy\/zasady-uczestnictwa-w-lektoracie-jezykow-klasycznych-spnjo-us\/\">Read More&#8230;<\/a><\/p>\n","protected":false},"author":3369,"featured_media":0,"parent":122,"menu_order":4,"comment_status":"closed","ping_status":"closed","template":"","meta":{"_expiration-date-status":"saved","_expiration-date":0,"_expiration-date-type":"","_expiration-date-categories":[],"_expiration-date-options":[]},"acf":[],"_links":{"self":[{"href":"https:\/\/us.edu.pl\/kolegium\/spnjo\/wp-json\/wp\/v2\/pages\/393"}],"collection":[{"href":"https:\/\/us.edu.pl\/kolegium\/spnjo\/wp-json\/wp\/v2\/pages"}],"about":[{"href":"https:\/\/us.edu.pl\/kolegium\/spnjo\/wp-json\/wp\/v2\/types\/page"}],"author":[{"embeddable":true,"href":"https:\/\/us.edu.pl\/kolegium\/spnjo\/wp-json\/wp\/v2\/users\/3369"}],"replies":[{"embeddable":true,"href":"https:\/\/us.edu.pl\/kolegium\/spnjo\/wp-json\/wp\/v2\/comments?post=393"}],"version-history":[{"count":10,"href":"https:\/\/us.edu.pl\/kolegium\/spnjo\/wp-json\/wp\/v2\/pages\/393\/revisions"}],"predecessor-version":[{"id":636,"href":"https:\/\/us.edu.pl\/kolegium\/spnjo\/wp-json\/wp\/v2\/pages\/393\/revisions\/636"}],"up":[{"embeddable":true,"href":"https:\/\/us.edu.pl\/kolegium\/spnjo\/wp-json\/wp\/v2\/pages\/122"}],"wp:attachment":[{"href":"https:\/\/us.edu.pl\/kolegium\/spnjo\/wp-json\/wp\/v2\/media?parent=393"}],"curies":[{"name":"wp","href":"https:\/\/api.w.org\/{rel}","templated":true}]}}