{"id":3999,"date":"2025-07-25T11:35:52","date_gmt":"2025-07-25T09:35:52","guid":{"rendered":"https:\/\/us.edu.pl\/kolegium\/spnjo\/?page_id=3999"},"modified":"2026-01-19T14:23:36","modified_gmt":"2026-01-19T13:23:36","slug":"akty-prawne","status":"publish","type":"page","link":"https:\/\/us.edu.pl\/kolegium\/spnjo\/akty-prawne\/","title":{"rendered":"akty prawne"},"content":{"rendered":"<p>[vc_row el_class=&#8221;container&#8221;][vc_column][vc_column_text]<span style=\"font-size: 12pt;\"><strong>SPNJO<\/strong><\/span><\/p>\n<ol>\n<li><span style=\"font-size: 12pt;\">REGULAMIN organizacyjny Studium Praktycznej Nauki J\u0119zyk\u00f3w Obcych<\/span><br \/>\n<span style=\"font-size: 12pt;\"><a href=\"https:\/\/us.edu.pl\/kolegium\/spnjo\/wp-content\/uploads\/sites\/65\/Bez-kategorii\/Zalacznik-22-Studium-Praktycznej-Nauki-Jezykow-Obcych.pdf\" class=\"mtli_attachment mtli_pdf\">Za\u0142\u0105cznik nr 22 do Regulaminu organizacyjnego Uniwersytetu \u015al\u0105skiego w Katowicach<\/a><\/span><\/li>\n<li><span style=\"font-size: 12pt;\">Zarz\u0105dzenie nr 182 Rektora Uniwersytetu \u015al\u0105skiego w Katowicach z dnia 29 listopada 2023 r. w sprawie szczeg\u00f3\u0142owych zasad prowadzenia lektorat\u00f3w z j\u0119zyk\u00f3w obcych<\/span><br \/>\n<span style=\"font-size: 12pt;\"><a href=\"https:\/\/aktyprawne.us.edu.pl\/423-lista\/d\/6915\/5\/?reporef=%2F%3Fsearch-global%3DZArz%25c4%2585dzenie%2B182%252f2023\">LINK do Zarz\u0105dzenia 182<\/a><\/span><\/li>\n<\/ol>\n<p>&nbsp;<\/p>\n<p><span style=\"font-size: 12pt;\"><strong>Student<\/strong><\/span><\/p>\n<ol>\n<li><span style=\"font-size: 12pt;\">Regulamin Studi\u00f3w w Uniwersytecie \u015al\u0105skim w Katowicach obowi\u0105zuj\u0105cy od 1 pa\u017adziernika 2024 r.<\/span><br \/>\n<span style=\"font-size: 12pt;\"><a href=\"https:\/\/us.edu.pl\/kolegium\/spnjo\/wp-content\/uploads\/sites\/65\/Bez-kategorii\/Regulamin-studiow-w-Uniwersytecie-Slaskim-w-Katowicach.pdf\" class=\"mtli_attachment mtli_pdf\">LINK do regulaminu Studi\u00f3w w Uniwersytecie \u015al\u0105skim w Katowicach<\/a><\/span><\/li>\n<\/ol>\n<p><span style=\"font-size: 12pt;\"><strong>\u00a0<\/strong><\/span><\/p>\n<p><span style=\"font-size: 12pt;\"><strong>Egzaminy po\u015bwiadczaj\u0105ce\/egzaminy certyfikuj\u0105ce<\/strong><\/span><\/p>\n<ol>\n<li><span style=\"font-size: 12pt;\">Zarz\u0105dzenie nr 33 Rektora Uniwersytetu \u015al\u0105skiego w Katowicach z dnia 7 marca 2024 r. w sprawie certyfikacji i po\u015bwiadczania kompetencji j\u0119zykowych w Uniwersytecie \u015al\u0105skim w Katowicach<\/span><br \/>\n<span style=\"font-size: 12pt;\"><a href=\"https:\/\/aktyprawne.us.edu.pl\/d\/7213\/13\/?ybp_filterId=1&amp;ybp_filterYear=2024&amp;ybp_filterMonth=3&amp;ybp_filterDay=7&amp;ybp_moduleId=1635\">LINK do Zarz\u0105dzenie nr 33<\/a><\/span><\/li>\n<li><span style=\"font-size: 12pt;\">Regulamin egzamin\u00f3w po\u015bwiadczaj\u0105cych kompetencje j\u0119zykowe na poziomie B2 organizowanych w Studium Praktycznej Nauki J\u0119zyk\u00f3w Obcych<\/span><br \/>\n<span style=\"font-size: 12pt;\"><a href=\"https:\/\/us.edu.pl\/kolegium\/spnjo\/wp-content\/uploads\/sites\/65\/Bez-kategorii\/Zalacznik-nr-1-regulamin-egzaminy-poswiadczajace.pdf\" class=\"mtli_attachment mtli_pdf\">LINK do regulaminu &#8211; egzaminy po\u015bwiadczaj\u0105ce<\/a><\/span><\/li>\n<li><span style=\"font-size: 12pt;\">Regulamin egzamin\u00f3w certyfikuj\u0105cych organizowanych w Studium Praktycznej Nauki J\u0119zyk\u00f3w Obcych oraz wydawania Akademickich certyfikat\u00f3w znajomo\u015bci j\u0119zyk\u00f3w obcych Uniwersytetu \u015al\u0105skiego w Katowicach<\/span><br \/>\n<span style=\"font-size: 12pt;\"><a href=\"https:\/\/us.edu.pl\/kolegium\/spnjo\/wp-content\/uploads\/sites\/65\/Bez-kategorii\/Zalacznik-nr-2-regulamin-egzaminy-certyfikujace.pdf\" class=\"mtli_attachment mtli_pdf\">LINK do regulaminu &#8211; egzaminy certyfikuj\u0105ce<\/a><\/span><\/li>\n<li><span style=\"font-size: 12pt;\">Za\u0142\u0105cznik do zarz\u0105dzenia nr 182 Rektora U\u015a z dnia 29 listopada 2023 r. w sprawie szczeg\u00f3\u0142owych zasad prowadzenia lektorat\u00f3w z j\u0119zyk\u00f3w obcych.<\/span><br \/>\n<span style=\"font-size: 12pt;\"><a href=\"https:\/\/aktyprawne.us.edu.pl\/d\/6915\/5\/\">LINK do Zarz\u0105dzenia nr 182<\/a><\/span><br \/>\n<span style=\"font-size: 12pt;\">KATALOG CERTYFIKAT\u00d3W ZWALNIAJ\u0104CYCH Z UCZESTNICTWA W LEKTORACIE: <a href=\"https:\/\/us.edu.pl\/kolegium\/spnjo\/wp-content\/uploads\/sites\/65\/Bez-kategorii\/Zalacznik-do-Zarzadzenia-nr-182-katalog.pdf\" class=\"mtli_attachment mtli_pdf\">LINK do katalogu<\/a><\/span><\/li>\n<\/ol>\n<h3 class=\"page-title text__title\"><span style=\"font-size: 12pt;\">Strategia rozwoju Uniwersytetu \u015al\u0105skiego 2026\u20132029<\/span><\/h3>\n<ol>\n<li><span style=\"font-size: 12pt;\"><a href=\"https:\/\/us.edu.pl\/uczelnia\/o-nas\/strategia\/\"> https:\/\/us.edu.pl\/uczelnia\/o-nas\/strategia\/<\/a><\/span><\/li>\n<li><span style=\"font-size: 12pt;\"><a href=\"https:\/\/aktyprawne.us.edu.pl\/d\/8607\/5\/?tc=17\">Zarz\u0105dzenie nr 191 Rektora Uniwersytetu \u015al\u0105skiego w Katowicach z dnia 3 listopada 2025 r. w sprawie ustalenia Regulaminu Hackathonu 418-Time Game Jam 2025<\/a><\/span><\/li>\n<\/ol>\n<p>[\/vc_column_text][\/vc_column][\/vc_row]<\/p>","protected":false},"excerpt":{"rendered":"<p>[vc_row el_class=&#8221;container&#8221;][vc_column][vc_column_text]SPNJO REGULAMIN organizacyjny Studium Praktycznej Nauki J\u0119zyk\u00f3w Obcych Za\u0142\u0105cznik nr 22 do Regulaminu organizacyjnego Uniwersytetu \u015al\u0105skiego w Katowicach Zarz\u0105dzenie nr 182 Rektora Uniwersytetu \u015al\u0105skiego w Katowicach z dnia 29 listopada 2023 r. w sprawie szczeg\u00f3\u0142owych zasad prowadzenia lektorat\u00f3w z j\u0119zyk\u00f3w obcych LINK do Zarz\u0105dzenia 182 &nbsp; Student Regulamin Studi\u00f3w w Uniwersytecie \u015al\u0105skim w Katowicach [&#8230;]<\/p>\n<p><a class=\"btn btn-secondary understrap-read-more-link\" href=\"https:\/\/us.edu.pl\/kolegium\/spnjo\/akty-prawne\/\">Read More&#8230;<\/a><\/p>\n","protected":false},"author":3369,"featured_media":0,"parent":0,"menu_order":0,"comment_status":"closed","ping_status":"closed","template":"","meta":{"_expiration-date-status":"","_expiration-date":0,"_expiration-date-type":"","_expiration-date-categories":[],"_expiration-date-options":[]},"acf":[],"_links":{"self":[{"href":"https:\/\/us.edu.pl\/kolegium\/spnjo\/wp-json\/wp\/v2\/pages\/3999"}],"collection":[{"href":"https:\/\/us.edu.pl\/kolegium\/spnjo\/wp-json\/wp\/v2\/pages"}],"about":[{"href":"https:\/\/us.edu.pl\/kolegium\/spnjo\/wp-json\/wp\/v2\/types\/page"}],"author":[{"embeddable":true,"href":"https:\/\/us.edu.pl\/kolegium\/spnjo\/wp-json\/wp\/v2\/users\/3369"}],"replies":[{"embeddable":true,"href":"https:\/\/us.edu.pl\/kolegium\/spnjo\/wp-json\/wp\/v2\/comments?post=3999"}],"version-history":[{"count":8,"href":"https:\/\/us.edu.pl\/kolegium\/spnjo\/wp-json\/wp\/v2\/pages\/3999\/revisions"}],"predecessor-version":[{"id":4438,"href":"https:\/\/us.edu.pl\/kolegium\/spnjo\/wp-json\/wp\/v2\/pages\/3999\/revisions\/4438"}],"wp:attachment":[{"href":"https:\/\/us.edu.pl\/kolegium\/spnjo\/wp-json\/wp\/v2\/media?parent=3999"}],"curies":[{"name":"wp","href":"https:\/\/api.w.org\/{rel}","templated":true}]}}