{"id":4011,"date":"2025-07-25T11:44:31","date_gmt":"2025-07-25T09:44:31","guid":{"rendered":"https:\/\/us.edu.pl\/kolegium\/spnjo\/?page_id=4011"},"modified":"2025-07-28T13:24:46","modified_gmt":"2025-07-28T11:24:46","slug":"ids-ios","status":"publish","type":"page","link":"https:\/\/us.edu.pl\/kolegium\/spnjo\/lektorat\/moj-lektorat\/ids-ios\/","title":{"rendered":"IDS\/IOS"},"content":{"rendered":"<p><span style=\"font-size: 12pt;\">[vc_row el_class=&#8221;container&#8221;][vc_column][vc_column_text]<strong>INDYWIDUALNE DOSTOSOWANIE STUDI\u00d3W (IDS)<\/strong><\/span><\/p>\n<p><span style=\"font-size: 12pt;\">Na podstawie przepis\u00f3w Regulaminu studi\u00f3w w U\u015a osoba studiuj\u0105ca ze specjalnymi potrzebami edukacyjnymi mo\u017ce wnosi\u0107 o wydanie decyzji o\u00a0 Indywidualnym Dostosowaniu Studi\u00f3w (IDS) tzn.\u00a0 dostosowaniu organizacji i realizacji procesu dydaktycznego do jej szczeg\u00f3lnej sytuacji.<\/span><\/p>\n<p><span style=\"font-size: 12pt;\">Decyzj\u0119 o przyznaniu IDS podejmuje dziekan.<\/span><\/p>\n<p><span style=\"font-size: 12pt;\"><strong>Szczeg\u00f3\u0142owe zasady przyznawania IDS okre\u015bla Zarz\u0105dzenie rektora U\u015a nr 158\/2024 nr 158.<\/strong><\/span><\/p>\n<p><span style=\"font-size: 12pt;\"><strong>\u00a0<\/strong><\/span><\/p>\n<p><span style=\"font-size: 12pt;\"><strong>Etapy ubiegania si\u0119 o IDS:<\/strong><\/span><\/p>\n<ol>\n<li><span style=\"font-size: 12pt;\">Podanie o IDS mo\u017cna z\u0142o\u017cy\u0107 przez USOSweb w zak\u0142adce \u201ePodania\u201d. Nale\u017cy do\u0142\u0105czy\u0107 dokumentacj\u0119 medyczn\u0105 w formacie PDF.<\/span><br \/>\n<span style=\"font-size: 12pt;\">Wniosek o IDS wraz kart\u0105 informacyjn\u0105 oraz\u00a0 aktualny orzeczeniem o niepe\u0142nosprawno\u015bci lub innym r\u00f3wnowa\u017cnym dokumentem mo\u017cna z\u0142o\u017cy\u0107 r\u00f3wnie\u017c bezpo\u015brednio w Centrum Obs\u0142ugi Studenta.Centrum Obs\u0142ugi Student\u00f3w, ul. Bankowa 12,<\/span><br \/>\n<span style=\"font-size: 12pt;\">40-007 Katowice, pok\u00f3j 0.12 lub 0.14 (rektorat, parter),<\/span><br \/>\n<span style=\"font-size: 12pt;\">Droga elektroniczna:\u00a0 <a href=\"mailto:ids@us.edu.pl\">ids@us.edu.pl<\/a>, w temacie wiadomo\u015bci nale\u017cy wpisa\u0107: \u201eIDS \u2013 imi\u0119 i nazwisko\u201d.<\/span><\/li>\n<\/ol>\n<ol start=\"2\">\n<li><span style=\"font-size: 12pt;\">Nale\u017cy stawi\u0107 si\u0119 na indywidualne spotkanie z przedstawicielami COS i Koordynatorem ds. dostosowania studi\u00f3w swojego wydzia\u0142u. Termin spotkania przekazuj\u0105 osobie studiuj\u0105cej pracownicy COS.Podczas spotkania zostan\u0105 om\u00f3wione potrzeby i mo\u017cliwo\u015bci zwi\u0105zane z IDS oraz ustalone\u00a0 najkorzystniejsze formy wsparcia.<\/span><\/li>\n<\/ol>\n<ol start=\"3\">\n<li><span style=\"font-size: 12pt;\">Przekazanie wniosku do dziekana.<\/span><\/li>\n<\/ol>\n<ol start=\"4\">\n<li><span style=\"font-size: 12pt;\">W terminie 7 dni od otrzymania pozytywnej decyzji o przyznaniu IDS osoba studiuj\u0105ca powinna e-mailem lub osobi\u015bcie przekaza\u0107 Koordynatorowi ds. spraw organizacyjnego wsparcia OzN\/OSP list\u0119 wyk\u0142adowc\u00f3w, z kt\u00f3rymi b\u0119dzie mia\u0142a zaj\u0119cia w danym semestrze i u kt\u00f3rych chce skorzysta\u0107 z IDS. To w\u0142a\u015bnie Koordynator kontaktuje si\u0119 z wyk\u0142adowcami, aby przekaza\u0107 im\u00a0 informacj\u0119 o IDS.<strong>\u00a0<\/strong><\/span><\/li>\n<\/ol>\n<ol start=\"5\">\n<li><span style=\"font-size: 12pt;\">Po potwierdzeniu przez Koordynatora, \u017ce skontaktowa\u0142 si\u0119 z wyk\u0142adowcami, osoba studiuj\u0105ca kontaktuje si\u0119 z nimi, ustala i spisuje z nimi spos\u00f3b realizacji IDS. Orygina\u0142 ustale\u0144 nale\u017cy przekaza\u0107 koordynatorowi ds. wsparcia.<strong>\u00a0<\/strong><\/span><\/li>\n<\/ol>\n<p><span style=\"font-size: 12pt;\"><strong>Osoba studiuj\u0105ca mo\u017ce ubiega\u0107 si\u0119 o r\u00f3\u017cne formy dostosowania procesu kszta\u0142cenia uwarunkowane specyfik\u0105 swojej niepe\u0142nosprawno\u015bci<\/strong>, np.:<\/span><\/p>\n<ul>\n<li><span style=\"font-size: 12pt;\">w\u0142\u0105czenie asystenta osoby studiuj\u0105cej z niepe\u0142nosprawno\u015bci\u0105\/ t\u0142umacza;<\/span><\/li>\n<li><span style=\"font-size: 12pt;\">stosowanie dodatkowych urz\u0105dze\u0144 np. komputera, linijki brajlowskiej, systemu FM;<\/span><\/li>\n<li><span style=\"font-size: 12pt;\">mo\u017cliwo\u015b\u0107 nagrywania przez osob\u0119 studiuj\u0105c\u0105 wyk\u0142ad\u00f3w i zaj\u0119\u0107;<\/span><\/li>\n<li><span style=\"font-size: 12pt;\">mo\u017cliwo\u015b\u0107 otrzymywania od wyk\u0142adowcy materia\u0142\u00f3w dydaktycznych przed rozpocz\u0119ciem zaj\u0119\u0107 lub w dost\u0119pnej formie (np. w formie elektronicznej, z powi\u0119kszon\u0105 czcionk\u0105);<\/span><\/li>\n<li><span style=\"font-size: 12pt;\">mo\u017cliwo\u015b\u0107 zmiany grupy;<\/span><\/li>\n<li><span style=\"font-size: 12pt;\">zwi\u0119kszenie limitu nieobecno\u015bci wraz z mo\u017cliwo\u015bci\u0105 nadrobienia zaleg\u0142o\u015bci na zasadach ustalonych z osobami prowadz\u0105cymi zaj\u0119cia;<\/span><\/li>\n<li><span style=\"font-size: 12pt;\">wyd\u0142u\u017cenie czasu na przygotowanie prac zaliczeniowych, dzielenia ich na mniejsze cz\u0119\u015bci;<\/span><\/li>\n<li><span style=\"font-size: 12pt;\">zamiana aktywno\u015bci werbalnej podczas zaj\u0119\u0107 na pisemn\u0105 form\u0119 zaliczenia;<\/span><\/li>\n<li><span style=\"font-size: 12pt;\">mo\u017cliwo\u015b\u0107 zaliczania materia\u0142u w trybie indywidualnym;<\/span><\/li>\n<li><span style=\"font-size: 12pt;\">wyd\u0142u\u017cenie czasu trwania zalicze\u0144\/egzamin\u00f3w;<\/span><\/li>\n<li><span style=\"font-size: 12pt;\">zastosowanie formy elektronicznej<\/span><\/li>\n<\/ul>\n<p><span style=\"font-size: 12pt;\">i wiele innych.<\/span><\/p>\n<p><span style=\"font-size: 12pt;\">Wszelkich informacji o IDS udziela Centrum Obs\u0142ugi Studenta.<\/span><\/p>\n<p><span style=\"font-size: 12pt;\">Kompleksowe informacje dot. IDS: <a href=\"https:\/\/us.edu.pl\/student\/studia\/tok-studiow-2\/wsparcie-i-fundusze-dostosowanie-do-specjalnych-potrzeb-indywidualne-dostosowanie-studiow\">https:\/\/us.edu.pl\/student\/studia\/tok-studiow-2\/wsparcie-i-fundusze-dostosowanie-do-specjalnych-potrzeb-indywidualne-dostosowanie-studiow<\/a><\/span><\/p>\n<p>&nbsp;<\/p>\n<p style=\"text-align: right;\"><span style=\"font-size: 12pt;\"><em>(\u0179r\u00f3d\u0142o: materia\u0142y COS U\u015a)<\/em><\/span><\/p>\n<p><span style=\"font-size: 12pt;\"><strong>\u00a0<\/strong><\/span><\/p>\n<p><span style=\"font-size: 12pt;\"><strong>\u00a0<\/strong><\/span><\/p>\n<p><span style=\"font-size: 12pt;\"><strong>INDYWIDUALNA ORGANIZACJA STUDI\u00d3W (IOS)<\/strong><\/span><\/p>\n<p><span style=\"font-size: 12pt;\">Na podstawie przepis\u00f3w Regulaminu studi\u00f3w w U\u015a\u00a0 w sytuacji uzasadnionej okoliczno\u015bciami osoba studiuj\u0105ca <strong>\u00a0<\/strong>ma prawo do ubiegania si\u0119 o<strong> Indywidualn\u0105 Organizacj\u0119 Studi\u00f3w (IOS).<\/strong><\/span><\/p>\n<p><span style=\"font-size: 12pt;\">Do szczeg\u00f3lnych okoliczno\u015bci nale\u017c\u0105 m.in.:<\/span><\/p>\n<ul>\n<li><span style=\"font-size: 12pt;\">podj\u0119cie kszta\u0142cenia na wi\u0119cej ni\u017c jednym kierunku studi\u00f3w;<\/span><\/li>\n<li><span style=\"font-size: 12pt;\">prowadzenie aktywnej dzia\u0142alno\u015bci w organach Uniwersytetu, organach samorz\u0105du studenckiego lub organizacjach studenckich;<\/span><\/li>\n<li><span style=\"font-size: 12pt;\">reprezentowanie Uniwersytetu w dyscyplinach sportowych;<\/span><\/li>\n<li><span style=\"font-size: 12pt;\">ci\u0105\u017ca lub\u00a0 fakt posiadania\u00a0 dziecka niezale\u017cnie od jego wieku;<\/span><\/li>\n<li><span style=\"font-size: 12pt;\">przyczyny zdrowotne.<\/span><\/li>\n<\/ul>\n<p><span style=\"font-size: 12pt;\">IOS przyznawany jest\u00a0 na okres jednego semestru.<\/span><\/p>\n<p><span style=\"font-size: 12pt;\">Osoba studiuj\u0105ca ubiegaj\u0105ca si\u0119 o IOS:<\/span><\/p>\n<ul>\n<li><span style=\"font-size: 12pt;\">ustala z prowadz\u0105cymi zaj\u0119cia spos\u00f3b realizacji efekt\u00f3w uczenia si\u0119 oraz warunki i spos\u00f3b ich weryfikacji;<\/span><\/li>\n<li><span style=\"font-size: 12pt;\">przedstawia dziekanowi do zaakceptowania spos\u00f3b oraz warunki weryfikacji efekt\u00f3w uczenia si\u0119\u00a0 uzgodnione z nauczycielami akademickimi\u00a0 w ramach modu\u0142\u00f3w.<\/span><\/li>\n<\/ul>\n<p><span style=\"font-size: 12pt;\">Brak uzgodnienia powoduje obowi\u0105zek uczestnictwa w zaj\u0119ciach na zasadach og\u00f3lnych.<\/span><\/p>\n<p><span style=\"font-size: 12pt;\">Dziekan mo\u017ce cofn\u0105\u0107 zgod\u0119 na IOS, je\u017celi student nie wype\u0142nia ustale\u0144 co do sposobu realizacji efekt\u00f3w uczenia si\u0119.<\/span><\/p>\n<p style=\"text-align: right;\"><span style=\"font-size: 12pt;\"><em>(\u0179r\u00f3d\u0142o: Regulamin studi\u00f3w w U\u015a)<\/em><\/span><\/p>\n<p><span style=\"font-size: 12pt;\">[\/vc_column_text][\/vc_column][\/vc_row]<\/span><\/p>","protected":false},"excerpt":{"rendered":"<p>[vc_row el_class=&#8221;container&#8221;][vc_column][vc_column_text]INDYWIDUALNE DOSTOSOWANIE STUDI\u00d3W (IDS) Na podstawie przepis\u00f3w Regulaminu studi\u00f3w w U\u015a osoba studiuj\u0105ca ze specjalnymi potrzebami edukacyjnymi mo\u017ce wnosi\u0107 o wydanie decyzji o\u00a0 Indywidualnym Dostosowaniu Studi\u00f3w (IDS) tzn.\u00a0 dostosowaniu organizacji i realizacji procesu dydaktycznego do jej szczeg\u00f3lnej sytuacji. Decyzj\u0119 o przyznaniu IDS podejmuje dziekan. Szczeg\u00f3\u0142owe zasady przyznawania IDS okre\u015bla Zarz\u0105dzenie rektora U\u015a nr 158\/2024 [&#8230;]<\/p>\n<p><a class=\"btn btn-secondary understrap-read-more-link\" href=\"https:\/\/us.edu.pl\/kolegium\/spnjo\/lektorat\/moj-lektorat\/ids-ios\/\">Read More&#8230;<\/a><\/p>\n","protected":false},"author":3369,"featured_media":0,"parent":120,"menu_order":0,"comment_status":"closed","ping_status":"closed","template":"","meta":{"_expiration-date-status":"","_expiration-date":0,"_expiration-date-type":"","_expiration-date-categories":[],"_expiration-date-options":[]},"acf":[],"_links":{"self":[{"href":"https:\/\/us.edu.pl\/kolegium\/spnjo\/wp-json\/wp\/v2\/pages\/4011"}],"collection":[{"href":"https:\/\/us.edu.pl\/kolegium\/spnjo\/wp-json\/wp\/v2\/pages"}],"about":[{"href":"https:\/\/us.edu.pl\/kolegium\/spnjo\/wp-json\/wp\/v2\/types\/page"}],"author":[{"embeddable":true,"href":"https:\/\/us.edu.pl\/kolegium\/spnjo\/wp-json\/wp\/v2\/users\/3369"}],"replies":[{"embeddable":true,"href":"https:\/\/us.edu.pl\/kolegium\/spnjo\/wp-json\/wp\/v2\/comments?post=4011"}],"version-history":[{"count":3,"href":"https:\/\/us.edu.pl\/kolegium\/spnjo\/wp-json\/wp\/v2\/pages\/4011\/revisions"}],"predecessor-version":[{"id":4099,"href":"https:\/\/us.edu.pl\/kolegium\/spnjo\/wp-json\/wp\/v2\/pages\/4011\/revisions\/4099"}],"up":[{"embeddable":true,"href":"https:\/\/us.edu.pl\/kolegium\/spnjo\/wp-json\/wp\/v2\/pages\/120"}],"wp:attachment":[{"href":"https:\/\/us.edu.pl\/kolegium\/spnjo\/wp-json\/wp\/v2\/media?parent=4011"}],"curies":[{"name":"wp","href":"https:\/\/api.w.org\/{rel}","templated":true}]}}