{"id":452,"date":"2022-04-01T20:52:35","date_gmt":"2022-04-01T18:52:35","guid":{"rendered":"https:\/\/us.edu.pl\/kolegium\/spnjo\/?page_id=452"},"modified":"2025-07-25T13:56:20","modified_gmt":"2025-07-25T11:56:20","slug":"faq-egzaminy","status":"publish","type":"page","link":"https:\/\/us.edu.pl\/kolegium\/spnjo\/lektorat\/faq\/faq-egzaminy\/","title":{"rendered":"FAQ egzaminy"},"content":{"rendered":"<p>[vc_row el_class=&#8221;container&#8221;][vc_column][vc_column_text]<\/p>\n<ol>\n<li><span style=\"font-size: 12pt;\"><em><strong>Czy na studiach II stopnia obowi\u0105zuje egzamin po lektoracie w takim samym formacie jak na studiach I stopnia?<br \/>\n<\/strong><\/em>Nie, obowi\u0105zuje forma i zasady ustalone przez prowadz\u0105cego w sylabusie.<\/p>\n<p><\/span><\/li>\n<li><span style=\"font-size: 12pt;\"><em><strong>Kiedy student mo\u017ce przyst\u0105pi\u0107 do egzaminu?<br \/>\n<\/strong><\/em>Do egzaminu przyst\u0119puje student, kt\u00f3ry uzyska\u0142 zaliczenie wszystkich\u00a0 modu\u0142\u00f3w j\u0119zyk obcy na ocen\u0119 pozytywn\u0105.<\/p>\n<p><\/span><\/li>\n<li><span style=\"font-size: 12pt;\"><em><strong>Jak wygl\u0105da sytuacja w przypadku nieuzyskania zaliczenia z lektoratu w 1. terminie?<br \/>\n<\/strong><\/em>Nieuzyskanie zaliczenia z lektoratu w 1. terminie skutkuje niedopuszczeniem studenta do egzaminu w 1. terminie i jest r\u00f3wnoznaczne z otrzymaniem oceny niedostatecznej.<\/p>\n<p><\/span><\/li>\n<li><span style=\"font-size: 12pt;\"><em><strong>Jak wygl\u0105da sytuacja studenta, kt\u00f3ry ma w sesji egzamin a nie uzyska\u0142 zaliczenia?<br \/>\n<\/strong><\/em>Je\u017celi student nie uzyska\u0142 zaliczenia w pierwszym terminie, otrzymuje ocen\u0119 2,0 oraz ocen\u0119 2,0 w pierwszym terminie egzaminu. Chc\u0105c podej\u015b\u0107 do egzaminu stara si\u0119 uzyska\u0107 zaliczenie w drugim terminie i korzysta z prawa zdawania egzaminu w 2. Terminie. Uzyskuje w\u00f3wczas ocen\u0119 ko\u0144cow\u0105 b\u0119d\u0105c\u0105 \u015bredni\u0105 arytmetyczn\u0105 ocen. Je\u015bli ocena z egzaminu poprawkowego jest pozytywna, to pomimo \u015bredniej poni\u017cej 3,0, student uzyskuje ocen\u0119 dostateczn\u0105 jako OKM.<\/p>\n<p><\/span><\/li>\n<li><span style=\"font-size: 12pt;\"><em><strong>Jak wygl\u0105da sytuacja studenta w przypadku uzyskania oceny ndst podczas egzaminu poprawkowego?<\/strong><br \/>\n<\/em>Zgodnie z \u00a7 28.1 obowi\u0105zuj\u0105cego Regulaminu studi\u00f3w w Uniwersytecie \u015al\u0105skim: \u201eNa umotywowany wniosek studenta, z\u0142o\u017cony w ci\u0105gu 5 dni roboczych od daty og\u0142oszenia wyniku egzaminu poprawkowego lub ostatniego terminu zaliczenia, dziekan \u00a0w uzasadnionych przypadkach mo\u017ce zarz\u0105dzi\u0107 zaliczenie komisyjne lub egzamin\u00a0 komisyjny, kt\u00f3re winny odby\u0107 si\u0119 w mo\u017cliwie najkr\u00f3tszym terminie.\u201d<\/p>\n<p><\/span><\/li>\n<li><span style=\"font-size: 12pt;\"><em><strong>Do kiedy musz\u0119 po\u015bwiadczy\u0107 osi\u0105gni\u0119cie kompetencji j\u0119zykowych na poziomie B2?<br \/>\n<\/strong><\/em>Osi\u0105gni\u0119cie wymaganego poziomu kompetencji j\u0119zykowych nale\u017cy po\u015bwiadczy\u0107 w czasie trwania studi\u00f3w, lecz nie p\u00f3\u017aniej ni\u017c do ko\u0144ca ostatniego semestru studi\u00f3w.<\/p>\n<p><\/span><\/li>\n<li><span style=\"font-size: 12pt;\"><em><em><strong>Kto organizuje bezp\u0142atne\u00a0 egzaminy po\u015bwiadczaj\u0105ce znajomo\u015b\u0107 j\u0119zyka obcego?<br \/>\n<\/strong><\/em><\/em>SPNJO.<\/p>\n<p><\/span><\/li>\n<li><span style=\"font-size: 12pt;\"><em><strong>Czy SPNJO organizuje odp\u0142atne egzaminy po\u015bwiadczaj\u0105ce?<br \/>\n<\/strong><\/em>Nie. Przepisy U\u015a nie przewiduj\u0105 organizacji odp\u0142atnych egzamin\u00f3w po\u015bwiadczaj\u0105cych.<\/p>\n<p><\/span><\/li>\n<li><span style=\"font-size: 12pt;\"><strong style=\"font-size: 12pt;\"><em>Kto mo\u017ce przyst\u0105pi\u0107 do egzamin\u00f3w po\u015bwiadczaj\u0105cych z j\u0119zyk\u00f3w obcych organizowanych w U\u015a?<\/em><\/strong><br \/>\n<\/span><span style=\"font-size: 12pt;\">Wszystkie osoby studiuj\u0105ce w\u00a0 Uniwersytecie \u015al\u0105skim w Katowicach\u00a0 na\u00a0 studiach I. stopnia i\u00a0 jednolitych magisterskich na kierunkach prowadzonych w ramach Nowej Koncepcji Studi\u00f3w.<\/p>\n<p><\/span><\/li>\n<li><span style=\"font-size: 12pt;\"><strong><em>Studiuj\u0119 w trybie niestacjonarnym. Czy mog\u0119 przyst\u0105pi\u0107 do egzaminu po\u015bwiadczaj\u0105cego z j\u0119zyka obcego?<\/em><br \/>\n<\/strong>Tak. Dla student\u00f3w studi\u00f3w niestacjonarnych egzaminy po\u015bwiadczaj\u0105ce organizowane s\u0105 w terminach dostowanych do tej formy studi\u00f3w.<\/p>\n<p><\/span><\/li>\n<li><span style=\"font-size: 12pt;\"><strong><em>Ile razy w roku przeprowadzany jest egzamin po\u015bwiadczaj\u0105cy?<\/em><br \/>\n<\/strong>Dwa razy. Obecnie egzamin po\u015bwiadczaj\u0105cy przeprowadzany jest w dw\u00f3ch sesjach \u2013 zimowej i letniej w terminach okre\u015blonych w Organizacji roku akademickiego na dany rok. Dodatkowo od wrze\u015bnia 2026 przewiduje si\u0119 przeprowadzenie egzaminu po\u015bwiadczaj\u0105cego r\u00f3wnie\u017c we wrze\u015bniu.<\/p>\n<p><\/span><\/li>\n<li><span style=\"font-size: 12pt;\"><strong><em>Kiedy przeprowadzany jest egzamin po\u015bwiadczaj\u0105cy?<\/em><br \/>\n<\/strong>Ka\u017cdego roku Rektor okre\u015bla w Organizacji roku akademickiego dok\u0142adny termin przeprowadzania egzaminu po\u015bwiadczaj\u0105cego (termin egzaminu pisemnego). Zazwyczaj jest to pierwszy dzie\u0144 sesji egzaminacyjnej. Dodatkowo od wrze\u015bnia 2026 przewiduje si\u0119 przeprowadzenie egzaminu po\u015bwiadczaj\u0105cego r\u00f3wnie\u017c we wrze\u015bniu.<\/p>\n<p><\/span><\/li>\n<li><span style=\"font-size: 12pt;\"><strong><em>Czy egzaminy po\u015bwiadczaj\u0105ce na poziomie B2\u00a0 przeprowadzane s\u0105 wy\u0142\u0105cznie z\u00a0 j\u0119zyka angielskiego?<\/em><br \/>\n<\/strong>Nie, osoba studiuj\u0105ca\u00a0 wybiera j\u0119zyk obcy, kt\u00f3rego znajomo\u015b\u0107 chce po\u015bwiadczy\u0107 na poziomie B2, z oferty egzamin\u00f3w po\u015bwiadczaj\u0105cych organizowanych przez SPNJO.<\/p>\n<p><\/span><\/li>\n<li><span style=\"font-size: 12pt;\"><strong><em>Ile razy w czasie trwania studi\u00f3w mog\u0119 bezp\u0142atnie przyst\u0105pi\u0107 do egzaminu po\u015bwiadczaj\u0105cego?<\/em><br \/>\n<\/strong>Dwa razy.<\/p>\n<p><\/span><\/li>\n<li><span style=\"font-size: 12pt;\"><strong><em>Czy osoba, kt\u00f3ra bezp\u0142atnie przyst\u0105pi\u0142a do egzaminu po\u015bwiadczaj\u0105cego\u00a0 z jednego j\u0119zyka, ma prawo do kolejnego bezp\u0142atnego podej\u015bcia do egzaminu po\u015bwiadczaj\u0105cego z tego samego lub innego j\u0119zyka?<\/em><br \/>\n<\/strong>Tak.<\/p>\n<p><\/span><\/li>\n<li><span style=\"font-size: 12pt;\"><strong><em>Gdzie zgodnie z obowi\u0105zuj\u0105cymi przepisami powinna by\u0107 zamieszczona informacja o terminach egzaminu po\u015bwiadczaj\u0105cego?<\/em><br \/>\n<\/strong>W Organizacji toku akademickiego i na stronie SPNJO.<\/p>\n<p><\/span><\/li>\n<li><span style=\"font-size: 12pt;\"><strong><em>Moje dwukrotne podej\u015bcie do egzaminu po\u015bwiadczaj\u0105cego zako\u0144czy\u0142o si\u0119 niepowodzeniem.\u00a0 Czy mog\u0119 przyst\u0105pi\u0107 kolejny raz do tego egzaminu?<\/em><br \/>\n<\/strong>Nie. W przypadku dwukrotnego otrzymania wyniku negatywnego osoba studiuj\u0105ca mo\u017ce przyst\u0105pi\u0107 odp\u0142atnie wy\u0142\u0105cznie do egzaminu certyfikuj\u0105cego.<\/p>\n<p><\/span><\/li>\n<li><span style=\"font-size: 12pt;\"><strong><em>Czy w przypadku nieusprawiedliwionej nieobecno\u015bci na egzaminie po\u015bwiadczaj\u0105cym podej\u015bcie do egzaminu po\u015bwiadczaj\u0105cego uwa\u017ca si\u0119 za wykorzystane?<\/em><br \/>\n<\/strong>Tak. Przyjmuje si\u0119, \u017ce student wykorzysta\u0142 bezp\u0142atne podej\u015bcie do egzaminu po\u015bwiadczaj\u0105cego.<\/p>\n<p><\/span><\/li>\n<li><span style=\"font-size: 12pt;\"><strong><em>Czy w przypadku usprawiedliwionej nieobecno\u015bci na egzaminie po\u015bwiadczaj\u0105cym podej\u015bcie do egzaminu po\u015bwiadczaj\u0105cego uwa\u017ca si\u0119 za wykorzystane?<\/em><br \/>\n<\/strong>Nie. Po bezzw\u0142ocznym przedstawieniu usprawiedliwienia nieobecno\u015bci osoba studiuj\u0105ca mo\u017ce ubiega\u0107 si\u0119 o dopuszczenie do dodatkowego terminu egzaminu, kt\u00f3ry zostanie og\u0142oszony przez jednostk\u0119 organizuj\u0105c\u0105 egzamin.<\/p>\n<p><\/span><\/li>\n<li><span style=\"font-size: 12pt;\"><strong><em>Kiedy mog\u0119\u00a0 najwcze\u015bniej przyst\u0105pi\u0107 do egzaminu po\u015bwiadczaj\u0105cego?<\/em><br \/>\n<\/strong>Osoba studiuj\u0105ca mo\u017ce przyst\u0105pi\u0107 do egzaminu po\u015bwiadczaj\u0105cego ju\u017c w sesji zimowej\u00a0 I roku studi\u00f3w, jeszcze przed rozpocz\u0119ciem lektoratu.<\/p>\n<p><\/span><\/li>\n<li><span style=\"font-size: 12pt;\"><strong><em>Czy mog\u0119 przyst\u0105pi\u0107 do egzaminu po\u015bwiadczaj\u0105cego z j\u0119zyka obcego wybranego z oferty egzaminacyjnej SPNJO, niezale\u017cnie od wybranego przeze mnie\u00a0 j\u0119zyka obcego na maturze i obecnego j\u0119zyka lektoratu?<\/em><br \/>\n<\/strong>Tak, osoba studiuj\u0105ca ma swobod\u0119 wyboru j\u0119zyka po\u015bwiadczenia z oferty egzamin\u00f3w organizowanych przez SPNJO.<\/p>\n<p><\/span><\/li>\n<li><span style=\"font-size: 12pt;\"><strong><em>Czy, po uzyskaniu oceny pozytywnej z egzaminu po\u015bwiadczaj\u0105cego zaliczonego w ramach pierwszego bezp\u0142atnego podej\u015bcia, mog\u0119 przyst\u0105pi\u0107 kolejny raz bezp\u0142atnie do egzaminu po\u015bwiadczaj\u0105cego w celu uzyskania oceny wy\u017cszej?\u00a0<\/em><br \/>\n<\/strong>Tak, ma takie prawo. Obowi\u0105zuje j\u0105 jednak, tak jak pozosta\u0142e osoby studiuj\u0105ce, limit 2 bezp\u0142atnych podej\u015b\u0107.<\/p>\n<p><\/span><\/li>\n<li><span style=\"font-size: 12pt;\"><strong><em>Czy uczestnictwo w 4 semestrach lektoratu tego samego j\u0119zyka mo\u017ce by\u0107 r\u00f3wnoznaczne z po\u015bwiadczeniem poziomu B2?<\/em><br \/>\n<\/strong>Tak, pod warunkiem, \u017ce osoba studiuj\u0105ca ucz\u0119szcza\u0142a na lektorat na poziomie B2 lub C1 ( nie B1\/B2 lub ni\u017cszym) i uzyska\u0142a \u015bredni\u0105 z ocen ko\u0144cowych z 4 modu\u0142\u00f3w co najmniej 4,5.<\/p>\n<p><\/span><\/li>\n<li><span style=\"font-size: 12pt;\"><strong><em>Czy egzamin po\u015bwiadczaj\u0105cy i certyfikuj\u0105cy to\u00a0 te same egzaminy?<\/em><br \/>\n<\/strong>Nie. Bezp\u0142atny egzamin po\u015bwiadczaj\u0105cy przeznaczony jest wy\u0142\u0105cznie dla student\u00f3w studi\u00f3w 1. stopnia i jednolitych magisterskich. Egzamin\u00a0 certyfikuj\u0105cy jest odp\u0142atny i mog\u0105 przyst\u0105pi\u0107 do niego studenci, pracownicy U\u015a oraz osoby spoza spo\u0142eczno\u015bci akademickiej.<\/p>\n<p><\/span><\/li>\n<li><span style=\"font-size: 12pt;\"><strong><em>Na jakim poziomie przeprowadza si\u0119 egzaminy po\u015bwiadczaj\u0105ce i certyfikuj\u0105ce?<\/em><br \/>\n<\/strong>Z j\u0119zyka angielskiego &#8211; na poziomach B2 i C1. Z innych jezyk\u00f3w &#8211; na poziomie B2.<\/p>\n<p><\/span><\/li>\n<li><span style=\"font-size: 12pt;\"><strong><em>Jakie certyfikaty zewn\u0119trzne znajomo\u015bci j\u0119zyka obcego stanowi\u0105 po\u015bwiadczenie osi\u0105gni\u0119cia poziomu B2?<\/em><br \/>\n<\/strong>Katalog certyfikat\u00f3w po\u015bwiadczaj\u0105cych osi\u0105gni\u0119cie poziomu B2 zamieszczono w Za\u0142\u0105czniku do zarz\u0105dzenia nr 182 Rektora U\u015a z dnia 29 listopada 2023 r. w sprawie szczeg\u00f3\u0142owych zasad prowadzenia lektorat\u00f3w z j\u0119zyk\u00f3w obcych.<\/p>\n<p><\/span><\/li>\n<li><span style=\"font-size: 12pt;\"><em><strong>Czy wszystkie <\/strong>\u00a0<\/em><strong><em>pozauczelniane certyfikaty, za\u015bwiadczenia i\u00a0 \u015bwiadectwa uko\u0144czenia kurs\u00f3w, na kt\u00f3rych figuruje oznaczenie &#8222;B2&#8221; stanowi\u0105 po\u015bwiadczenie osi\u0105gni\u0119cia poziomu B2 wymaganego dla uko\u0144czenia studi\u00f3w 1. stopnia lub studi\u00f3w jednolitych magisterskich?<\/em><br \/>\n<\/strong>Nie. Wy\u0142\u0105cznie certyfikaty i dyplomy wyszczeg\u00f3lnione w Za\u0142\u0105czniku do zarz\u0105dzenia nr 182 Rektora U\u015a z dnia 29 listopada 2023 r. w sprawie szczeg\u00f3\u0142owych zasad prowadzenia lektorat\u00f3w z j\u0119zyk\u00f3w obcych.<\/p>\n<p><\/span><\/li>\n<li><span style=\"font-size: 12pt;\"><strong><em>Czy SPNJO prowadzi rejestr bezp\u0142atnych podej\u015b\u0107 do egzaminu po\u015bwiadczaj\u0105cego, wykorzystanych przez osob\u0119 studiuj\u0105c\u0105?<\/em><br \/>\n<\/strong>Tak. Trzecie bezp\u0142atne przyst\u0105pienie do egzaminu po\u015bwiadczaj\u0105cego nie jest mo\u017cliwe.<\/p>\n<p><\/span><\/li>\n<li><span style=\"font-size: 12pt;\"><strong><em>Jaki poziom znajomo\u015bci j\u0119zyka obcego\u00a0 jest\u00a0 warunkiem uko\u0144czenia studi\u00f3w drugiego stopnia lub jednolitych studi\u00f3w magisterskich?<\/em> <\/strong><\/span><br \/>\n<span style=\"font-size: 12pt;\">Poziom B2+.<\/p>\n<p><\/span><\/li>\n<li><span style=\"font-size: 12pt;\"><strong><em>Co oznacza poziom B2+?<\/em><br \/>\n<\/strong>Poziom B2+ oznacza przyswojenie element\u00f3w j\u0119zyka specjalistycznego w\u0142a\u015bciwego dla danej dziedziny.<\/span><\/li>\n<\/ol>\n<p>[\/vc_column_text][\/vc_column][\/vc_row]<\/p>","protected":false},"excerpt":{"rendered":"<p>[vc_row el_class=&#8221;container&#8221;][vc_column][vc_column_text] Czy na studiach II stopnia obowi\u0105zuje egzamin po lektoracie w takim samym formacie jak na studiach I stopnia? Nie, obowi\u0105zuje forma i zasady ustalone przez prowadz\u0105cego w sylabusie. Kiedy student mo\u017ce przyst\u0105pi\u0107 do egzaminu? Do egzaminu przyst\u0119puje student, kt\u00f3ry uzyska\u0142 zaliczenie wszystkich\u00a0 modu\u0142\u00f3w j\u0119zyk obcy na ocen\u0119 pozytywn\u0105. Jak wygl\u0105da sytuacja w przypadku [&#8230;]<\/p>\n<p><a class=\"btn btn-secondary understrap-read-more-link\" href=\"https:\/\/us.edu.pl\/kolegium\/spnjo\/lektorat\/faq\/faq-egzaminy\/\">Read More&#8230;<\/a><\/p>\n","protected":false},"author":3369,"featured_media":0,"parent":140,"menu_order":4,"comment_status":"closed","ping_status":"closed","template":"","meta":{"_expiration-date-status":"saved","_expiration-date":0,"_expiration-date-type":"","_expiration-date-categories":[],"_expiration-date-options":[]},"acf":[],"_links":{"self":[{"href":"https:\/\/us.edu.pl\/kolegium\/spnjo\/wp-json\/wp\/v2\/pages\/452"}],"collection":[{"href":"https:\/\/us.edu.pl\/kolegium\/spnjo\/wp-json\/wp\/v2\/pages"}],"about":[{"href":"https:\/\/us.edu.pl\/kolegium\/spnjo\/wp-json\/wp\/v2\/types\/page"}],"author":[{"embeddable":true,"href":"https:\/\/us.edu.pl\/kolegium\/spnjo\/wp-json\/wp\/v2\/users\/3369"}],"replies":[{"embeddable":true,"href":"https:\/\/us.edu.pl\/kolegium\/spnjo\/wp-json\/wp\/v2\/comments?post=452"}],"version-history":[{"count":6,"href":"https:\/\/us.edu.pl\/kolegium\/spnjo\/wp-json\/wp\/v2\/pages\/452\/revisions"}],"predecessor-version":[{"id":4091,"href":"https:\/\/us.edu.pl\/kolegium\/spnjo\/wp-json\/wp\/v2\/pages\/452\/revisions\/4091"}],"up":[{"embeddable":true,"href":"https:\/\/us.edu.pl\/kolegium\/spnjo\/wp-json\/wp\/v2\/pages\/140"}],"wp:attachment":[{"href":"https:\/\/us.edu.pl\/kolegium\/spnjo\/wp-json\/wp\/v2\/media?parent=452"}],"curies":[{"name":"wp","href":"https:\/\/api.w.org\/{rel}","templated":true}]}}