{"id":465,"date":"2022-04-04T15:36:28","date_gmt":"2022-04-04T13:36:28","guid":{"rendered":"https:\/\/us.edu.pl\/kolegium\/spnjo\/?page_id=465"},"modified":"2026-02-10T07:50:43","modified_gmt":"2026-02-10T06:50:43","slug":"harmonogram","status":"publish","type":"page","link":"https:\/\/us.edu.pl\/kolegium\/spnjo\/poza-lektoratem\/kursy\/harmonogram\/","title":{"rendered":"harmonogram"},"content":{"rendered":"<p>[vc_row el_class=&#8221;container&#8221;][vc_column css=&#8221;.vc_custom_1741599883568{padding-right: 250px !important;}&#8221;][vc_column_text css=&#8221;.vc_custom_1741599891273{padding-right: 250px !important;}&#8221;]<\/p>\n<div dir=\"auto\" style=\"text-align: center;\">\n<p><strong>Harmonogram kurs\u00f3w j\u0119zykowych SPNJO U\u015a <\/strong><\/p>\n<p><strong>ONLINE<\/strong><strong> platforma MS TEAMS <\/strong><\/p>\n<p><strong>EDYCJA WIOSNA <\/strong><strong>2026<\/strong><\/p>\n<p><strong><u>REKRUTACJA:<\/u> od 16.02.2026 do 06.03.2026<\/strong><strong>\u00a0\u00a0 <\/strong><\/p>\n<p><strong>ZAPISY MAILOWO: <a href=\"mailto:kursyspnjo@us.edu.pl\">kursyspnjo@us.edu.pl<\/a><\/strong><\/p>\n<p><img class=\"alignnone wp-image-4499 size-full\" src=\"https:\/\/us.edu.pl\/kolegium\/spnjo\/wp-content\/uploads\/sites\/65\/Bez-kategorii\/harmonogram-kursow-wiosna-2026.jpg\" alt=\"\" width=\"613\" height=\"713\" srcset=\"https:\/\/us.edu.pl\/kolegium\/spnjo\/wp-content\/uploads\/sites\/65\/Bez-kategorii\/harmonogram-kursow-wiosna-2026.jpg 613w, https:\/\/us.edu.pl\/kolegium\/spnjo\/wp-content\/uploads\/sites\/65\/Bez-kategorii\/harmonogram-kursow-wiosna-2026-258x300.jpg 258w, https:\/\/us.edu.pl\/kolegium\/spnjo\/wp-content\/uploads\/sites\/65\/Bez-kategorii\/harmonogram-kursow-wiosna-2026-494x575.jpg 494w\" sizes=\"(max-width: 613px) 100vw, 613px\" \/><\/p>\n<hr \/>\n<p><span style=\"font-size: 12pt;\"><strong>KONTAKT <\/strong><a href=\"mailto:kursyspnjo@us.edu.pl\">kursyspnjo@us.edu.pl<\/a><strong>,<br \/>\ntel. <\/strong>505-125-145<\/span><\/p>\n<p>Liczebno\u015b\u0107 grupy wymagana do uruchomienia kursu standardowego: 8 os\u00f3b<br \/>\nPROPONUJEMY grupy kameralny: 4-7 os\u00f3b<br \/>\nKursy indywidualne: 1-3 OSOBY<\/p>\n<\/div>\n<p>[\/vc_column_text][\/vc_column][\/vc_row][vc_row][vc_column][vc_column_text]<\/p>\n<p>[\/vc_column_text][\/vc_column][\/vc_row]<\/p>","protected":false},"excerpt":{"rendered":"<p>[vc_row el_class=&#8221;container&#8221;][vc_column css=&#8221;.vc_custom_1741599883568{padding-right: 250px !important;}&#8221;][vc_column_text css=&#8221;.vc_custom_1741599891273{padding-right: 250px !important;}&#8221;] Harmonogram kurs\u00f3w j\u0119zykowych SPNJO U\u015a ONLINE platforma MS TEAMS EDYCJA WIOSNA 2026 REKRUTACJA: od 16.02.2026 do 06.03.2026\u00a0\u00a0 ZAPISY MAILOWO: kursyspnjo@us.edu.pl KONTAKT kursyspnjo@us.edu.pl, tel. 505-125-145 Liczebno\u015b\u0107 grupy wymagana do uruchomienia kursu standardowego: 8 os\u00f3b PROPONUJEMY grupy kameralny: 4-7 os\u00f3b Kursy indywidualne: 1-3 OSOBY [\/vc_column_text][\/vc_column][\/vc_row][vc_row][vc_column][vc_column_text] [\/vc_column_text][\/vc_column][\/vc_row] [&#8230;]<\/p>\n<p><a class=\"btn btn-secondary understrap-read-more-link\" href=\"https:\/\/us.edu.pl\/kolegium\/spnjo\/poza-lektoratem\/kursy\/harmonogram\/\">Read More&#8230;<\/a><\/p>\n","protected":false},"author":3369,"featured_media":0,"parent":144,"menu_order":2,"comment_status":"closed","ping_status":"closed","template":"","meta":{"_expiration-date-status":"saved","_expiration-date":0,"_expiration-date-type":"","_expiration-date-categories":[],"_expiration-date-options":[]},"acf":[],"_links":{"self":[{"href":"https:\/\/us.edu.pl\/kolegium\/spnjo\/wp-json\/wp\/v2\/pages\/465"}],"collection":[{"href":"https:\/\/us.edu.pl\/kolegium\/spnjo\/wp-json\/wp\/v2\/pages"}],"about":[{"href":"https:\/\/us.edu.pl\/kolegium\/spnjo\/wp-json\/wp\/v2\/types\/page"}],"author":[{"embeddable":true,"href":"https:\/\/us.edu.pl\/kolegium\/spnjo\/wp-json\/wp\/v2\/users\/3369"}],"replies":[{"embeddable":true,"href":"https:\/\/us.edu.pl\/kolegium\/spnjo\/wp-json\/wp\/v2\/comments?post=465"}],"version-history":[{"count":10,"href":"https:\/\/us.edu.pl\/kolegium\/spnjo\/wp-json\/wp\/v2\/pages\/465\/revisions"}],"predecessor-version":[{"id":4500,"href":"https:\/\/us.edu.pl\/kolegium\/spnjo\/wp-json\/wp\/v2\/pages\/465\/revisions\/4500"}],"up":[{"embeddable":true,"href":"https:\/\/us.edu.pl\/kolegium\/spnjo\/wp-json\/wp\/v2\/pages\/144"}],"wp:attachment":[{"href":"https:\/\/us.edu.pl\/kolegium\/spnjo\/wp-json\/wp\/v2\/media?parent=465"}],"curies":[{"name":"wp","href":"https:\/\/api.w.org\/{rel}","templated":true}]}}