{"id":471,"date":"2022-04-04T15:43:12","date_gmt":"2022-04-04T13:43:12","guid":{"rendered":"https:\/\/us.edu.pl\/kolegium\/spnjo\/?page_id=471"},"modified":"2025-04-07T12:20:36","modified_gmt":"2025-04-07T10:20:36","slug":"zapisz-sie","status":"publish","type":"page","link":"https:\/\/us.edu.pl\/kolegium\/spnjo\/poza-lektoratem\/kursy\/zapisz-sie\/","title":{"rendered":"zapisz si\u0119"},"content":{"rendered":"<p>[vc_row el_class=&#8221;container&#8221;][vc_column width=&#8221;1\/3&#8243;][vc_column_text]<\/p>\n<p align=\"center\"><strong><span style=\"font-size: 12pt;\">KROK 1<\/span><\/strong><\/p>\n<hr \/>\n<p style=\"text-align: center;\" align=\"center\"><span style=\"font-size: 12pt;\"><span class=\"palette-color4-4\" style=\"font-style: normal; font-family: Arial, sans-serif;\">Wybierz kurs<br \/>\nzapoznaj si\u0119 z<br \/>\n<a href=\"https:\/\/us.edu.pl\/kolegium\/spnjo\/wp-content\/uploads\/sites\/65\/Bez-kategorii\/KURSY-klauzula-RODO.pdf\" class=\"mtli_attachment mtli_pdf\">Klauzul\u0105 informacyjn\u0105<\/a> dotycz\u0105c\u0105 RODO<\/span><\/span><\/p>\n<p style=\"text-align: center;\" align=\"center\"><span style=\"font-size: 12pt;\"><span class=\"palette-color4-4\" style=\"font-style: normal; font-family: Arial, sans-serif;\">Wype\u0142nij dokumenty<br \/>\n<a href=\"https:\/\/us.edu.pl\/kolegium\/spnjo\/wp-content\/uploads\/sites\/65\/Bez-kategorii\/Delaracja-uczestnictwa.docx\" class=\"mtli_attachment mtli_docx\">Deklaracj\u0119 uczestnictwa<\/a>,<br \/>\n<\/span><span class=\"palette-color4-4\" style=\"font-style: normal; font-family: Arial, sans-serif;\"><a href=\"https:\/\/us.edu.pl\/kolegium\/spnjo\/wp-content\/uploads\/sites\/65\/Bez-kategorii\/Oswiadczenie-o-wyrazeniu-zgody.doc\" class=\"mtli_attachment mtli_doc\">Zgod\u0119 na przetwarzanie danych osobowych<\/a><br \/>\n<\/span><span class=\"palette-color4-4\" style=\"font-style: normal; font-family: Arial, sans-serif;\"><a href=\"https:\/\/us.edu.pl\/kolegium\/spnjo\/wp-content\/uploads\/sites\/65\/Bez-kategorii\/Umowa-dla-sluchacza.docx\" class=\"mtli_attachment mtli_docx\">Umow\u0119 dla s\u0142uchacza<\/a><\/span><\/span><\/p>\n<p>[\/vc_column_text][\/vc_column][vc_column width=&#8221;1\/3&#8243;][vc_column_text]<\/p>\n<p align=\"center\"><span style=\"font-size: 12pt;\"><strong>KROK 2<\/strong><\/span><\/p>\n<hr \/>\n<p align=\"center\"><span style=\"font-size: 12pt;\">Wnie\u015b op\u0142at\u0119, jednorazowo, w terminie do dnia poprzedzaj\u0105cego dzie\u0144 rozpocz\u0119cia zaj\u0119\u0107.<\/span><\/p>\n<p align=\"center\"><span style=\"font-size: 12pt;\">P\u0142atno\u015b\u0107 za kurs mo\u017cesz uregulowa\u0107 przelewem:<\/span><\/p>\n<p align=\"center\"><span style=\"font-size: 12pt;\">Uniwersytet \u015al\u0105ski w Katowicach<br \/>\nul. Bankowa 12<br \/>\n40-007 Katowice<\/span><br \/>\n<span class=\"palette-background-color4-4\" style=\"font-size: 12pt;\">34 \u00a01050 \u00a01214 \u00a01000 0007 \u00a00131 0369<br \/>\n<\/span><\/p>\n<p style=\"text-align: left;\" align=\"center\"><span style=\"font-size: 12pt;\"><strong>WA\u017bNE:<br \/>\n<\/strong>Przy dokonywaniu wp\u0142aty w tytule przelewu\/wp\u0142aty nale\u017cy poda\u0107 odpowiedni\u00a0 <strong>KOD KURSU.<\/strong><\/span><br \/>\n<span style=\"font-size: 12pt;\">W zale\u017cno\u015bci od rodzaju wybranego kursu wraz z imieniem i nazwiskiem &#8211; patrz <a href=\"https:\/\/us.edu.pl\/kolegium\/spnjo\/poza-lektoratem\/kursy\/cennik\/\">TABELKA Z OP\u0141ATAMI<\/a>.<\/span><\/p>\n<p>[\/vc_column_text][\/vc_column][vc_column width=&#8221;1\/3&#8243;][vc_column_text]<\/p>\n<p align=\"center\"><strong><span class=\" link\" style=\"font-size: 12pt;\">KROK 3<br \/>\n<\/span><\/strong><\/p>\n<hr \/>\n<p align=\"center\"><span style=\"font-size: 12pt;\">Prze\u015blij<\/span><\/p>\n<p align=\"center\"><span style=\"font-size: 12pt;\">skany wype\u0142nionych dokument\u00f3w<br \/>\n<\/span><span style=\"font-size: 12pt;\">oraz<br \/>\ndow\u00f3d wp\u0142aty<\/span><\/p>\n<p align=\"center\"><span style=\"font-size: 12pt;\">na adres: <a class=\" link\" href=\"mailto:kursyspnjo@us.edu.pl\">kursyspnjo@us.edu.pl<\/a><\/span><\/p>\n<p>[\/vc_column_text][\/vc_column][\/vc_row]<\/p>","protected":false},"excerpt":{"rendered":"<p>[vc_row el_class=&#8221;container&#8221;][vc_column width=&#8221;1\/3&#8243;][vc_column_text] KROK 1 Wybierz kurs zapoznaj si\u0119 z Klauzul\u0105 informacyjn\u0105 dotycz\u0105c\u0105 RODO Wype\u0142nij dokumenty Deklaracj\u0119 uczestnictwa, Zgod\u0119 na przetwarzanie danych osobowych Umow\u0119 dla s\u0142uchacza [\/vc_column_text][\/vc_column][vc_column width=&#8221;1\/3&#8243;][vc_column_text] KROK 2 Wnie\u015b op\u0142at\u0119, jednorazowo, w terminie do dnia poprzedzaj\u0105cego dzie\u0144 rozpocz\u0119cia zaj\u0119\u0107. P\u0142atno\u015b\u0107 za kurs mo\u017cesz uregulowa\u0107 przelewem: Uniwersytet \u015al\u0105ski w Katowicach ul. Bankowa 12 40-007 [&#8230;]<\/p>\n<p><a class=\"btn btn-secondary understrap-read-more-link\" href=\"https:\/\/us.edu.pl\/kolegium\/spnjo\/poza-lektoratem\/kursy\/zapisz-sie\/\">Read More&#8230;<\/a><\/p>\n","protected":false},"author":3369,"featured_media":0,"parent":144,"menu_order":4,"comment_status":"closed","ping_status":"closed","template":"","meta":{"_expiration-date-status":"saved","_expiration-date":0,"_expiration-date-type":"","_expiration-date-categories":[],"_expiration-date-options":[]},"acf":[],"_links":{"self":[{"href":"https:\/\/us.edu.pl\/kolegium\/spnjo\/wp-json\/wp\/v2\/pages\/471"}],"collection":[{"href":"https:\/\/us.edu.pl\/kolegium\/spnjo\/wp-json\/wp\/v2\/pages"}],"about":[{"href":"https:\/\/us.edu.pl\/kolegium\/spnjo\/wp-json\/wp\/v2\/types\/page"}],"author":[{"embeddable":true,"href":"https:\/\/us.edu.pl\/kolegium\/spnjo\/wp-json\/wp\/v2\/users\/3369"}],"replies":[{"embeddable":true,"href":"https:\/\/us.edu.pl\/kolegium\/spnjo\/wp-json\/wp\/v2\/comments?post=471"}],"version-history":[{"count":6,"href":"https:\/\/us.edu.pl\/kolegium\/spnjo\/wp-json\/wp\/v2\/pages\/471\/revisions"}],"predecessor-version":[{"id":3355,"href":"https:\/\/us.edu.pl\/kolegium\/spnjo\/wp-json\/wp\/v2\/pages\/471\/revisions\/3355"}],"up":[{"embeddable":true,"href":"https:\/\/us.edu.pl\/kolegium\/spnjo\/wp-json\/wp\/v2\/pages\/144"}],"wp:attachment":[{"href":"https:\/\/us.edu.pl\/kolegium\/spnjo\/wp-json\/wp\/v2\/media?parent=471"}],"curies":[{"name":"wp","href":"https:\/\/api.w.org\/{rel}","templated":true}]}}