{"id":473,"date":"2022-04-04T15:44:21","date_gmt":"2022-04-04T13:44:21","guid":{"rendered":"https:\/\/us.edu.pl\/kolegium\/spnjo\/?page_id=473"},"modified":"2025-04-07T12:23:13","modified_gmt":"2025-04-07T10:23:13","slug":"organizacja","status":"publish","type":"page","link":"https:\/\/us.edu.pl\/kolegium\/spnjo\/poza-lektoratem\/kursy\/organizacja\/","title":{"rendered":"organizacja"},"content":{"rendered":"<p>[vc_row el_class=&#8221;container&#8221;][vc_column][vc_column_text]<\/p>\n<p style=\"text-align: left;\"><span id=\"page3R_mcid0\" class=\"markedContent\"><span dir=\"ltr\" role=\"presentation\">Za\u0142\u0105cznik<\/span><\/span><span id=\"page3R_mcid1\" class=\"markedContent\"><br role=\"presentation\" \/><span dir=\"ltr\" role=\"presentation\">do zarz\u0105dzenia nr 133<\/span> <span dir=\"ltr\" role=\"presentation\">Rektora Uniwersytetu \u015al\u0105skiego w Katowicach<\/span><\/span><span id=\"page3R_mcid2\" class=\"markedContent\"><br role=\"presentation\" \/><span dir=\"ltr\" role=\"presentation\">z dnia<\/span> <span dir=\"ltr\" role=\"presentation\">3 wrze\u015bnia<\/span> <span dir=\"ltr\" role=\"presentation\">2014 r.<\/span><\/span><\/p>\n<p style=\"text-align: center;\"><span id=\"page3R_mcid3\" class=\"markedContent\"><\/span><span id=\"page3R_mcid4\" class=\"markedContent\"><br role=\"presentation\" \/><strong><span style=\"font-size: 14pt;\"><a href=\"https:\/\/us.edu.pl\/kolegium\/spnjo\/wp-content\/uploads\/sites\/65\/Bez-kategorii\/Regulamin-Kursow-Doksztalcajacych.pdf\" class=\"mtli_attachment mtli_pdf\">Regulamin odp\u0142atnych kurs\u00f3w dokszta\u0142caj\u0105cych w zakresie j\u0119zyk\u00f3w obcych prowadzonych<br \/>\nw Studium Praktycznej Nauki J\u0119zyk\u00f3w Obcych<\/a><\/span><\/strong><br \/>\n<\/span>[\/vc_column_text][\/vc_column][\/vc_row]<\/p>\n<p><\/p>","protected":false},"excerpt":{"rendered":"<p>[vc_row el_class=&#8221;container&#8221;][vc_column][vc_column_text] Za\u0142\u0105cznikdo zarz\u0105dzenia nr 133 Rektora Uniwersytetu \u015al\u0105skiego w Katowicachz dnia 3 wrze\u015bnia 2014 r. Regulamin odp\u0142atnych kurs\u00f3w dokszta\u0142caj\u0105cych w zakresie j\u0119zyk\u00f3w obcych prowadzonych w Studium Praktycznej Nauki J\u0119zyk\u00f3w Obcych [\/vc_column_text][\/vc_column][\/vc_row] [&#8230;]<\/p>\n<p><a class=\"btn btn-secondary understrap-read-more-link\" href=\"https:\/\/us.edu.pl\/kolegium\/spnjo\/poza-lektoratem\/kursy\/organizacja\/\">Read More&#8230;<\/a><\/p>\n","protected":false},"author":3369,"featured_media":0,"parent":144,"menu_order":5,"comment_status":"closed","ping_status":"closed","template":"","meta":{"_expiration-date-status":"saved","_expiration-date":0,"_expiration-date-type":"","_expiration-date-categories":[],"_expiration-date-options":[]},"acf":[],"_links":{"self":[{"href":"https:\/\/us.edu.pl\/kolegium\/spnjo\/wp-json\/wp\/v2\/pages\/473"}],"collection":[{"href":"https:\/\/us.edu.pl\/kolegium\/spnjo\/wp-json\/wp\/v2\/pages"}],"about":[{"href":"https:\/\/us.edu.pl\/kolegium\/spnjo\/wp-json\/wp\/v2\/types\/page"}],"author":[{"embeddable":true,"href":"https:\/\/us.edu.pl\/kolegium\/spnjo\/wp-json\/wp\/v2\/users\/3369"}],"replies":[{"embeddable":true,"href":"https:\/\/us.edu.pl\/kolegium\/spnjo\/wp-json\/wp\/v2\/comments?post=473"}],"version-history":[{"count":4,"href":"https:\/\/us.edu.pl\/kolegium\/spnjo\/wp-json\/wp\/v2\/pages\/473\/revisions"}],"predecessor-version":[{"id":3359,"href":"https:\/\/us.edu.pl\/kolegium\/spnjo\/wp-json\/wp\/v2\/pages\/473\/revisions\/3359"}],"up":[{"embeddable":true,"href":"https:\/\/us.edu.pl\/kolegium\/spnjo\/wp-json\/wp\/v2\/pages\/144"}],"wp:attachment":[{"href":"https:\/\/us.edu.pl\/kolegium\/spnjo\/wp-json\/wp\/v2\/media?parent=473"}],"curies":[{"name":"wp","href":"https:\/\/api.w.org\/{rel}","templated":true}]}}