{"id":569,"date":"2022-04-29T14:42:31","date_gmt":"2022-04-29T12:42:31","guid":{"rendered":"https:\/\/us.edu.pl\/kolegium\/spnjo\/?page_id=569"},"modified":"2025-04-07T12:13:52","modified_gmt":"2025-04-07T10:13:52","slug":"jezyk-akademicki","status":"publish","type":"page","link":"https:\/\/us.edu.pl\/kolegium\/spnjo\/poza-lektoratem\/kursy\/opisy\/jezyk-akademicki\/","title":{"rendered":"J\u0119zyk akademicki"},"content":{"rendered":"<p>[vc_row el_class=&#8221;container&#8221;][vc_column][vc_column_text]Kursy adresowane s\u0105 do wyk\u0142adowc\u00f3w, naukowc\u00f3w, doktorant\u00f3w, student\u00f3w oraz wszystkich os\u00f3b zwi\u0105zanych z mi\u0119dzynarodowym \u015brodowiskiem akademickim.<\/p>\n<p>Kurs ma na celu pog\u0142\u0119bienie znajomo\u015bci j\u0119zyka m\u00f3wionego oraz pisanego dla potrzeb akademickich oraz naukowych, rozwijanie sprawno\u015bci j\u0119zykowych i innych umiej\u0119tno\u015bci przydatnych zar\u00f3wno do przygotowywania i prowadzenia zaj\u0119\u0107 ze studentami w j\u0119zyku obcym, jak i uczestniczenia w wyk\u0142adach i zaj\u0119ciach prowadzonych w j\u0119zyku obcym.<\/p>\n<p>W ramach kursu s\u0142uchacze rozwijaj\u0105 umiej\u0119tno\u015b\u0107:<\/p>\n<ul>\n<li>prowadzenia wyk\u0142ad\u00f3w i zaj\u0119\u0107 w j\u0119zyku obcym,<\/li>\n<li>redagowania form pisemnych w oparciu o konwencje stylistyczne charakteryzuj\u0105ce j\u0119zyk akademicki (artyku\u0142, streszczenie, abstrakt, raport, przypisy, analiza statystyczna danych, korespondencja formalna,\u00a0 itd.),<\/li>\n<li>formu\u0142owania wypowiedzi ustnych z u\u017cyciem regu\u0142 organizacji wypowiedzi\u00a0 i odpowiedniego rejestru i stylu,<\/li>\n<li>prowadzenia dyskursu,\u00a0 zabierania g\u0142osu, zadawania pyta\u0144 i odpowiadania na zapytania w dyskusji lub debacie naukowej, w tym podczas mi\u0119dzynarodowych konferencji i seminari\u00f3w,<\/li>\n<li>prowadzenia sesji podczas konferencji i szkole\u0144 w j\u0119zyku obcym,<\/li>\n<li>przygotowania i przedstawienia prezentacji multimedialnej,<\/li>\n<li>przeprowadzania swobodnych rozm\u00f3w mniej oficjalnych, w tym m.in. telefonicznych, towarzyskich, w kontaktach ze studentami i wsp\u00f3\u0142pracownikami.<\/li>\n<\/ul>\n<p>J\u0119zyki: angielski<\/p>\n<ul>\n<li>poziomy: B1-C1<\/li>\n<li>tryb nauki:\u00a0 semestralny<\/li>\n<li>d\u0142ugo\u015b\u0107 kursu:\u00a0 30 godzin lekcyjnych w semestrze<\/li>\n<li>intensywno\u015b\u0107 spotka\u0144: jeden raz w tygodniu (90 minut), z mo\u017cliwo\u015bci\u0105 zwi\u0119kszenia liczby spotka\u0144 do 2 na \u017cyczenie s\u0142uchaczy<\/li>\n<\/ul>\n<p>[\/vc_column_text][\/vc_column][\/vc_row]<\/p>","protected":false},"excerpt":{"rendered":"<p>[vc_row el_class=&#8221;container&#8221;][vc_column][vc_column_text]Kursy adresowane s\u0105 do wyk\u0142adowc\u00f3w, naukowc\u00f3w, doktorant\u00f3w, student\u00f3w oraz wszystkich os\u00f3b zwi\u0105zanych z mi\u0119dzynarodowym \u015brodowiskiem akademickim. Kurs ma na celu pog\u0142\u0119bienie znajomo\u015bci j\u0119zyka m\u00f3wionego oraz pisanego dla potrzeb akademickich oraz naukowych, rozwijanie sprawno\u015bci j\u0119zykowych i innych umiej\u0119tno\u015bci przydatnych zar\u00f3wno do przygotowywania i prowadzenia zaj\u0119\u0107 ze studentami w j\u0119zyku obcym, jak i uczestniczenia w wyk\u0142adach [&#8230;]<\/p>\n<p><a class=\"btn btn-secondary understrap-read-more-link\" href=\"https:\/\/us.edu.pl\/kolegium\/spnjo\/poza-lektoratem\/kursy\/opisy\/jezyk-akademicki\/\">Read More&#8230;<\/a><\/p>\n","protected":false},"author":3369,"featured_media":0,"parent":463,"menu_order":3,"comment_status":"closed","ping_status":"closed","template":"","meta":{"_expiration-date-status":"","_expiration-date":0,"_expiration-date-type":"","_expiration-date-categories":[],"_expiration-date-options":[]},"acf":[],"_links":{"self":[{"href":"https:\/\/us.edu.pl\/kolegium\/spnjo\/wp-json\/wp\/v2\/pages\/569"}],"collection":[{"href":"https:\/\/us.edu.pl\/kolegium\/spnjo\/wp-json\/wp\/v2\/pages"}],"about":[{"href":"https:\/\/us.edu.pl\/kolegium\/spnjo\/wp-json\/wp\/v2\/types\/page"}],"author":[{"embeddable":true,"href":"https:\/\/us.edu.pl\/kolegium\/spnjo\/wp-json\/wp\/v2\/users\/3369"}],"replies":[{"embeddable":true,"href":"https:\/\/us.edu.pl\/kolegium\/spnjo\/wp-json\/wp\/v2\/comments?post=569"}],"version-history":[{"count":4,"href":"https:\/\/us.edu.pl\/kolegium\/spnjo\/wp-json\/wp\/v2\/pages\/569\/revisions"}],"predecessor-version":[{"id":3338,"href":"https:\/\/us.edu.pl\/kolegium\/spnjo\/wp-json\/wp\/v2\/pages\/569\/revisions\/3338"}],"up":[{"embeddable":true,"href":"https:\/\/us.edu.pl\/kolegium\/spnjo\/wp-json\/wp\/v2\/pages\/463"}],"wp:attachment":[{"href":"https:\/\/us.edu.pl\/kolegium\/spnjo\/wp-json\/wp\/v2\/media?parent=569"}],"curies":[{"name":"wp","href":"https:\/\/api.w.org\/{rel}","templated":true}]}}