{"id":571,"date":"2022-04-29T14:45:07","date_gmt":"2022-04-29T12:45:07","guid":{"rendered":"https:\/\/us.edu.pl\/kolegium\/spnjo\/?page_id=571"},"modified":"2025-04-07T12:14:48","modified_gmt":"2025-04-07T10:14:48","slug":"egzamin-certyfikujacy","status":"publish","type":"page","link":"https:\/\/us.edu.pl\/kolegium\/spnjo\/poza-lektoratem\/kursy\/opisy\/egzamin-certyfikujacy\/","title":{"rendered":"Egzamin certyfikuj\u0105cy"},"content":{"rendered":"<p>[vc_row el_class=&#8221;container&#8221;][vc_column][vc_column_text]<span style=\"font-size: 12pt;\">Kursy maj\u0105 na celu kompleksowe przygotowanie do j\u0119zykowych egzamin\u00f3w certyfikuj\u0105cych.<\/span><\/p>\n<p><span style=\"font-size: 12pt;\">W ramach kursu s\u0142uchacze:<\/span><\/p>\n<ul>\n<li><span style=\"font-size: 12pt;\">zapoznaj\u0105 si\u0119 z wymaganiami oraz technikami egzaminacyjnymi,<\/span><\/li>\n<li><span style=\"font-size: 12pt;\">rozszerzaj\u0105 s\u0142ownictwo stosuj\u0105c je w r\u00f3\u017cnych formach komunikacji, utrwalaj\u0105c struktury gramatyczne w ich aktywnym zastosowaniu w komunikacji, zwracaj\u0105c uwag\u0119 na poprawno\u015b\u0107 gramatyczn\u0105 i stylistyczn\u0105 wypowiedzi ustnych i pisemnych,<\/span><\/li>\n<li><span style=\"font-size: 12pt;\">doskonal\u0105 techniki egzaminacyjne na podstawie autentycznych test\u00f3w z poprzednich lat oraz dodatkowych materia\u0142\u00f3w wspieraj\u0105cych nauk\u0119,<\/span><\/li>\n<li><span style=\"font-size: 12pt;\">s\u0105 systematycznie ewaluowani.<\/span><\/li>\n<\/ul>\n<p><span style=\"font-size: 12pt;\">J\u0119zyki: angielski<\/span><\/p>\n<p><span style=\"font-size: 12pt;\">Przygotowanie do egzamin\u00f3w Cambridge (m.in. FCE, CAE), IELTS<\/span><\/p>\n<ul>\n<li><span style=\"font-size: 12pt;\">tryb nauki: semestralny<\/span><\/li>\n<li><span style=\"font-size: 12pt;\">d\u0142ugo\u015b\u0107 kursu: 30 godzin lekcyjnych w semestrze<\/span><\/li>\n<li><span style=\"font-size: 12pt;\">intensywno\u015b\u0107 spotka\u0144: jeden raz w tygodniu (90 minut), z mo\u017cliwo\u015bci\u0105 zwi\u0119kszenia liczby spotka\u0144 do 2 na \u017cyczenie s\u0142uchaczy<\/span><\/li>\n<\/ul>\n<hr \/>\n<p>&nbsp;<\/p>\n<table class=\" aligncenter\" style=\"width: 90%; border-style: groove; border-color: #000000;\" width=\"90%\">\n<tbody>\n<tr>\n<td style=\"text-align: center; vertical-align: middle; border-style: groove; border-color: #000000;\"><span style=\"font-size: 12pt;\"><strong>Kurs przygotowuj\u0105cy do uzyskania certyfikatu FCE- First Certificate in English <\/strong><\/span><\/td>\n<\/tr>\n<tr>\n<td style=\"text-align: center; vertical-align: middle; border-style: groove; border-color: #000000;\"><span style=\"font-size: 12pt;\">Kurs adresowany jest do os\u00f3b pragn\u0105cych usystematyzowa\u0107 i pog\u0142\u0119bi\u0107 swoj\u0105 wiedz\u0119 z zakresu gramatyki, s\u0142ownictwa, oraz innych umiej\u0119tno\u015bci j\u0119zykowych testowanych w ramach egzaminu FCE (listening, reading, use of English, writing and speaking), a tak\u017ce \u00a0udoskonala wszystkie umiej\u0119tno\u015bci j\u0119zykowe na tym poziomie, a tak\u017ce przygotowuje do stosowania technik \u00a0i strategii egzaminacyjnych, z uwzgl\u0119dnieniem zmian w formule egzaminu obowi\u0105zuj\u0105cych od roku 2015.<\/span><\/p>\n<p style=\"text-align: left;\"><span style=\"font-size: 12pt;\">W nowoczesnej formule om\u00f3wiono wszystkie zagadnienia niezb\u0119dne do p\u0142ynnej komunikacji w j\u0119zyku angielskim. Klarowne i zwi\u0119z\u0142e(!) obja\u015bnienia opatrzone s\u0105 nie tylko licznymi przyk\u0142adami, ale r\u00f3wnie\u017c nagraniami, kt\u00f3re pozwalaj\u0105 ukaza\u0107 omawiane konstrukcje w warunkach zbli\u017conych do egzaminu, rozwijaj\u0105c jednocze\u015bnie umiej\u0119tno\u015b\u0107 rozumienia ze s\u0142uchu.<\/span><\/p>\n<\/td>\n<\/tr>\n<tr>\n<td style=\"text-align: center; vertical-align: middle; border-style: groove; border-color: #000000;\"><span style=\"font-size: 12pt;\"><strong>\u00a0<\/strong><strong>Kurs przygotowuj\u0105cy do uzyskania certyfikatu CAE- Certificate in Advanced English <\/strong><\/span><\/td>\n<\/tr>\n<tr>\n<td style=\"text-align: center; vertical-align: middle; border-style: groove; border-color: #000000;\"><span style=\"font-size: 12pt;\">Kurs ten jest kursem na poziome C1 (dawne &#8222;Advanced&#8221;) skutecznie przygotowuj\u0105cym do przyst\u0105pienia do egzaminu CAE, ale r\u00f3wnie\u017c usprawniaj\u0105cym stosowanie j\u0119zyka angielskiego na zaawansowanym poziomie.<\/span><\/p>\n<p><span style=\"font-size: 12pt;\">Kurs udoskonala wszystkie umiej\u0119tno\u015bci j\u0119zykowe na tym poziomie, a tak\u017ce przygotowuje do stosowania technik \u00a0i strategii egzaminacyjnych.<\/span><\/p>\n<p style=\"text-align: left;\"><span style=\"font-size: 12pt;\"><strong>Korzy\u015bci z posiadania certyfikatu CAE:<br \/>\n<\/strong>Certyfikat jest dokumentem potwierdzaj\u0105cym znajomo\u015b\u0107 j\u0119zyka angielskiego na poziomie zaawansowanym, daje wi\u0119ksze mo\u017cliwo\u015bci studiowania za granic\u0105 i uzyskania pracy wymagaj\u0105cej znajomo\u015bci j\u0119zyka angielskiego w stopniu zaawansowanym &#8211; jest uznawany przez ponad 3 tysi\u0105ce instytucji (w tym firm, uczelni wy\u017cszych, instytucji rz\u0105dowych i innych organizacji); upowa\u017cnia rozporz\u0105dzeniem Ministerstwa Edukacji Narodowej do nauczania j\u0119zyka angielskiego w polskich przedszkolach, szko\u0142ach podstawowych, gimnazjach, liceach, technikach, zasadniczych szko\u0142ach zawodowych, szko\u0142ach policealnych, bibliotekach pedagogicznych (nale\u017cy dodatkowo uzyska\u0107 stopie\u0144 magistra z dowolnego kierunku studi\u00f3w i mie\u0107 uko\u0144czony kurs pedagogiczny); jest uznawany przez Urz\u0105d S\u0142u\u017cby Cywilnej jako potwierdzenie kwalifikacji j\u0119zykowych pracownik\u00f3w polskiej s\u0142u\u017cby cywilnej; \u00a0 jest uznawany przez Ministerstwo Edukacji Narodowej jako potwierdzenie kwalifikacji j\u0119zykowych przewodnik\u00f3w wycieczek.<\/span><\/p>\n<\/td>\n<\/tr>\n<tr>\n<td style=\"text-align: center; vertical-align: middle; border-style: groove; border-color: #000000;\"><span style=\"font-size: 12pt;\"><strong>Kurs\u00a0 przygotowuj\u0105cy do egzaminu ELTS Listening\u00a0 and \u00a0 \u00a0 \u00a0 \u00a0\u00a0 speaking\u00a0 skills<\/strong><\/span><\/td>\n<\/tr>\n<tr>\n<td style=\"text-align: center; vertical-align: middle; border-style: groove; border-color: #000000;\"><span style=\"font-size: 12pt;\">Kurs j\u0119zyka angielskiego przygotowuj\u0105cy do egzaminu <strong>IELTS<\/strong> &#8211; listening and speaking skills &#8211; adresowany jest do os\u00f3b pragn\u0105cych usystematyzowa\u0107 i pog\u0142\u0119bi\u0107 swoje umiej\u0119tno\u015bci rozumienia ze s\u0142uchu i wypowiedzi ustnej w ramach przygotowa\u0144 nie tylko do egzaminu IELTS, ale r\u00f3wnie\u017c FCE i in. na poziomie B2.<\/span><\/p>\n<p><span style=\"font-size: 12pt;\">W jedenastu rozdzia\u0142ach &#8211; w konwencji zada\u0144 egzaminacyjnych IELTS &#8211; om\u00f3wiono kluczowe w\u0105tki tematyczne niezb\u0119dne do p\u0142ynnej komunikacji w j\u0119zyku angielskim (m.in. <em>relationships; the body and the mind; keeping fit; lifestyles; tourism; history; the natural world; space and the planets; design and innovation; information technology; globalisation; urbanisation; the green revolution; the energy crisis; business; the media; the arts<\/em> i in.) Liczne nagrania pozwalaj\u0105 w szerokim kontek\u015bcie tematycznym rozwin\u0105\u0107 umiej\u0119tno\u015b\u0107 rozumienia ze s\u0142uchu i stanowi\u0105 punkt wyj\u015bcia do wypowiedzi ustnych.<\/span><\/td>\n<\/tr>\n<\/tbody>\n<\/table>\n<p>[\/vc_column_text][\/vc_column][\/vc_row]<\/p>","protected":false},"excerpt":{"rendered":"<p>[vc_row el_class=&#8221;container&#8221;][vc_column][vc_column_text]Kursy maj\u0105 na celu kompleksowe przygotowanie do j\u0119zykowych egzamin\u00f3w certyfikuj\u0105cych. W ramach kursu s\u0142uchacze: zapoznaj\u0105 si\u0119 z wymaganiami oraz technikami egzaminacyjnymi, rozszerzaj\u0105 s\u0142ownictwo stosuj\u0105c je w r\u00f3\u017cnych formach komunikacji, utrwalaj\u0105c struktury gramatyczne w ich aktywnym zastosowaniu w komunikacji, zwracaj\u0105c uwag\u0119 na poprawno\u015b\u0107 gramatyczn\u0105 i stylistyczn\u0105 wypowiedzi ustnych i pisemnych, doskonal\u0105 techniki egzaminacyjne na podstawie [&#8230;]<\/p>\n<p><a class=\"btn btn-secondary understrap-read-more-link\" href=\"https:\/\/us.edu.pl\/kolegium\/spnjo\/poza-lektoratem\/kursy\/opisy\/egzamin-certyfikujacy\/\">Read More&#8230;<\/a><\/p>\n","protected":false},"author":3369,"featured_media":0,"parent":463,"menu_order":4,"comment_status":"closed","ping_status":"closed","template":"","meta":{"_expiration-date-status":"","_expiration-date":0,"_expiration-date-type":"","_expiration-date-categories":[],"_expiration-date-options":[]},"acf":[],"_links":{"self":[{"href":"https:\/\/us.edu.pl\/kolegium\/spnjo\/wp-json\/wp\/v2\/pages\/571"}],"collection":[{"href":"https:\/\/us.edu.pl\/kolegium\/spnjo\/wp-json\/wp\/v2\/pages"}],"about":[{"href":"https:\/\/us.edu.pl\/kolegium\/spnjo\/wp-json\/wp\/v2\/types\/page"}],"author":[{"embeddable":true,"href":"https:\/\/us.edu.pl\/kolegium\/spnjo\/wp-json\/wp\/v2\/users\/3369"}],"replies":[{"embeddable":true,"href":"https:\/\/us.edu.pl\/kolegium\/spnjo\/wp-json\/wp\/v2\/comments?post=571"}],"version-history":[{"count":7,"href":"https:\/\/us.edu.pl\/kolegium\/spnjo\/wp-json\/wp\/v2\/pages\/571\/revisions"}],"predecessor-version":[{"id":3342,"href":"https:\/\/us.edu.pl\/kolegium\/spnjo\/wp-json\/wp\/v2\/pages\/571\/revisions\/3342"}],"up":[{"embeddable":true,"href":"https:\/\/us.edu.pl\/kolegium\/spnjo\/wp-json\/wp\/v2\/pages\/463"}],"wp:attachment":[{"href":"https:\/\/us.edu.pl\/kolegium\/spnjo\/wp-json\/wp\/v2\/media?parent=571"}],"curies":[{"name":"wp","href":"https:\/\/api.w.org\/{rel}","templated":true}]}}