{"id":573,"date":"2022-04-29T14:46:41","date_gmt":"2022-04-29T12:46:41","guid":{"rendered":"https:\/\/us.edu.pl\/kolegium\/spnjo\/?page_id=573"},"modified":"2025-04-07T12:15:27","modified_gmt":"2025-04-07T10:15:27","slug":"konwersacje","status":"publish","type":"page","link":"https:\/\/us.edu.pl\/kolegium\/spnjo\/poza-lektoratem\/kursy\/opisy\/konwersacje\/","title":{"rendered":"Konwersacje"},"content":{"rendered":"<p>[vc_row el_class=&#8221;container&#8221;][vc_column][vc_column_text]<span style=\"font-size: 12pt;\">Programy naszych kurs\u00f3w konwersacyjnych zosta\u0142y przygotowane w taki spos\u00f3b, aby maksymalnie rozwin\u0105\u0107 zdolno\u015bci komunikacyjne s\u0142uchaczy. Podczas zaj\u0119\u0107 wykorzystywane s\u0105 stymuluj\u0105ce, autentyczne materia\u0142y. S\u0142uchacze maj\u0105 mo\u017cliwo\u015b\u0107 wypowiadania si\u0119 na r\u00f3\u017cnorodne, cz\u0119sto prowokuj\u0105ce tematy, rozwijaj\u0105c przy tym\u00a0 s\u0142ownictwo i pokonuj\u0105c bariery komunikacyjne. Przyjazna atmosfera oraz kameralna grupa wp\u0142ywa korzystnie na efektywno\u015b\u0107 kursu.<\/span><\/p>\n<p><span style=\"font-size: 12pt;\">Kurs mo\u017ce r\u00f3wnie\u017c stanowi\u0107 doskona\u0142\u0105 form\u0119 uzupe\u0142nienia przygotowania do cz\u0119\u015bci ustnej egzamin\u00f3w j\u0119zykowych (np. egzaminy certyfikuj\u0105ce, egzamin maturalny, egzamin ko\u0144cowy po lektoracie).<\/span><\/p>\n<p><span style=\"font-size: 12pt;\">J\u0119zyki: angielski, niemiecki<\/span><\/p>\n<ul>\n<li><span style=\"font-size: 12pt;\">poziomy: B1-C1<\/span><\/li>\n<li><span style=\"font-size: 12pt;\">tryb nauki:\u00a0 semestralny<\/span><\/li>\n<li><span style=\"font-size: 12pt;\">d\u0142ugo\u015b\u0107 kursu:\u00a0 30 godzin lekcyjnych w semestrze<\/span><\/li>\n<li><span style=\"font-size: 12pt;\">intensywno\u015b\u0107 spotka\u0144: jeden raz w tygodniu (90 minut), z mo\u017cliwo\u015bci\u0105 zwi\u0119kszenia liczby spotka\u0144 do 2 na \u017cyczenie s\u0142uchaczy<\/span><\/li>\n<\/ul>\n<p><span style=\"font-size: 12pt;\">J\u0119zyki: francuski, w\u0142oski<\/span><\/p>\n<ul>\n<li><span style=\"font-size: 12pt;\">poziom A1+<\/span><\/li>\n<li><span style=\"font-size: 12pt;\">tryb nauki: semestralny<\/span><\/li>\n<li><span style=\"font-size: 12pt;\">d\u0142ugo\u015b\u0107 kursu: 30 godzin lekcyjnych w semestrze<\/span><\/li>\n<li><span style=\"font-size: 12pt;\">intensywno\u015b\u0107 spotka\u0144: jeden raz w tygodniu (90 minut), z mo\u017cliwo\u015bci\u0105 zwi\u0119kszenia liczby spotka\u0144 do 2 na \u017cyczenie s\u0142uchaczy<\/span><\/li>\n<\/ul>\n<p>&nbsp;<\/p>\n<hr \/>\n<p>&nbsp;<\/p>\n<table class=\" aligncenter\" style=\"width: 90%; border-style: groove; border-color: #000000;\">\n<tbody>\n<tr>\n<td style=\"border-style: groove; border-color: #000000; text-align: center; vertical-align: middle;\"><span style=\"font-size: 12pt;\"><strong>Kurs konwersacyjny<\/strong><\/span><\/td>\n<\/tr>\n<tr>\n<td style=\"border-style: groove; border-color: #000000; text-align: center; vertical-align: middle;\"><span style=\"font-size: 12pt;\">Kurs jest doskona\u0142ym uzupe\u0142nieniem kurs\u00f3w og\u00f3lnoj\u0119zykowych oraz egzaminacyjnych. Ma na celu prze\u0142amanie bariery komunikacyjnej, wy\u0107wiczenia umiej\u0119tno\u015bci p\u0142ynnego komunikowania si\u0119 w \u017cyciu codziennym oraz zawodowym, wyg\u0142aszania opinii, dyskusji, argumentowania, ale tak\u017ce poszerzenie zakresu s\u0142ownictwa z r\u00f3\u017cnych dziedzin (np. podr\u00f3\u017cowanie, sztuka, negocjacje, tematy tabu).W trakcie zaj\u0119\u0107 wykorzystywane s\u0105 materia\u0142y autentyczne (m.in. artyku\u0142y z prasy, Internetu, fragmenty reklam), a tak\u017ce gry\u00a0i zabawy komunikacyjne zapewniaj\u0105ce szybkie post\u0119py w nauce.<\/span><\/p>\n<p style=\"text-align: left;\"><span style=\"font-size: 12pt;\">Praca w czasie zaj\u0119\u0107 organizowana jest na wiele sposob\u00f3w: praca indywidualna, w parach, w grupach, debaty, symulacje.<\/span><\/p>\n<\/td>\n<\/tr>\n<tr>\n<td style=\"border-style: groove; border-color: #000000; text-align: center; vertical-align: middle;\"><span style=\"font-size: 12pt;\"><strong>Kurs konwersacyjny &#8222;Listening and Speaking for\u00a0 FCE &#8222;<\/strong><\/span><\/td>\n<\/tr>\n<tr>\n<td style=\"border-style: groove; border-color: #000000; text-align: center; vertical-align: middle;\"><span style=\"font-size: 12pt;\">Zaj\u0119cia warsztatowe w ramach kursu prowadzone s\u0105 w oparciu o podr\u0119cznik &#8222;Listening and Speaking for First&#8221; z serii &#8222;Improve your Skills for First&#8221; wydawnictwa Macmillan. Kurs adresowany jest do os\u00f3b pragn\u0105cych udoskonali\u0107 umiej\u0119tno\u015b\u0107 m\u00f3wienia oraz umiej\u0119tno\u015b\u0107 rozumienia ze s\u0142uchu na poziomie upper-intermediate (B2).<\/span><\/p>\n<p style=\"text-align: left;\"><span style=\"font-size: 12pt;\">W nowoczesnej &#8211; nastawionej na komunikacj\u0119 &#8211; formie om\u00f3wiono zagadnienia, konwencje oraz techniki egzaminacyjne typowe dla egzaminu FCE (w jego nowej formule &#8211; od 2015r.) Ponadto, kurs ten pomaga usystematyzowa\u0107 i pog\u0142\u0119bi\u0107 wiedz\u0119 z zakresu s\u0142ownictwa. Stanowi doskona\u0142e uzupe\u0142nienie kursu przygotowuj\u0105cego do egzaminu FCE.<\/span><\/p>\n<p style=\"text-align: left;\"><span style=\"font-size: 12pt;\">Czas trwania kursu: 1 semestr \/ modu\u0142 (30 godz.)<\/span><\/p>\n<\/td>\n<\/tr>\n<tr>\n<td style=\"border-style: groove; border-color: #000000; text-align: center; vertical-align: middle;\"><span style=\"font-size: 12pt;\"><strong>J\u0118ZYK W\u0141OSKI A2+, KURS KONWERSACYJNY<\/strong><\/span><\/td>\n<\/tr>\n<tr>\n<td style=\"border-style: groove; border-color: #000000; text-align: center; vertical-align: middle;\"><span style=\"font-size: 12pt;\">Kurs konwersacyjny pomy\u015blany jest dla os\u00f3b posiadaj\u0105cych ju\u017c podstawowe umiej\u0119tno\u015bci j\u0119zykowe, ale chc\u0105cych rozwin\u0105\u0107 swoje zdolno\u015bci komunikacyjne i prze\u0142ama\u0107 barier\u0119 j\u0119zykow\u0105. W czasie zaj\u0119\u0107 skupimy si\u0119 przede wszystkim na praktycznej stronie j\u0119zyka:\u00a0 b\u0119dziemy du\u017co m\u00f3wi\u0107 i s\u0142ucha\u0107, ucz\u0105c si\u0119 w ten spos\u00f3b naturalnego reagowania w konwersacji, prowadzonej po w\u0142osku. Gramatyk\u0119 ograniczymy do niezb\u0119dnego minimum, koniecznego czasem do poprawniejszego wyra\u017cenia naszych my\u015bli. Poruszane b\u0119d\u0105 tematy zwi\u0105zane z codziennym \u017cyciem, a tak\u017ce z kultur\u0105 W\u0142och. Ka\u017cde spotkanie b\u0119dzie mia\u0142o sw\u00f3j temat przewodni, wok\u00f3\u0142 kt\u00f3rego b\u0119dziemy poszerza\u0107 nasze s\u0142ownictwo i wykorzystywa\u0107 je w praktyce, dyskutuj\u0105c o ciekawych (a czasem tak\u017ce kontrowersyjnych!) zagadnieniach, odgrywaj\u0105c scenki, graj\u0105c w gry j\u0119zykowe.<\/span><\/p>\n<p style=\"text-align: left;\"><span style=\"font-size: 12pt;\">Kurs mo\u017ce by\u0107 zar\u00f3wno \u015bwietn\u0105 form\u0105 uzupe\u0142nienia klasycznych zaj\u0119\u0107 j\u0119zykowych (dla os\u00f3b ucz\u0119szczaj\u0105cych na kursy na poziomie A2+, B1, B1+, a nawet B2), jak i sposobem na podtrzymanie kontaktu z j\u0119zykiem.<\/span><\/p>\n<\/td>\n<\/tr>\n<tr>\n<td style=\"border-style: groove; border-color: #000000; text-align: center; vertical-align: middle;\"><span style=\"font-size: 12pt;\"><strong>J\u0118ZYK FRANCUSKI A2+\/praktyczna nauka j\u0119zyka<\/strong><\/span><\/td>\n<\/tr>\n<tr>\n<td style=\"border-style: groove; border-color: #000000; text-align: center; vertical-align: middle;\"><span style=\"font-size: 12pt;\">Kurs A2+ przeznaczony jest szczeg\u00f3lnie dla os\u00f3b o kompetencjach j\u0119zykowych na poziomie A2\u00a0 (konieczna znajomo\u015b\u0107 czas\u00f3w, tryb\u00f3w oraz ich nast\u0119pstwa) pragn\u0105cych naby\u0107 umiej\u0119tno\u015bci swobodnej wypowiedzi w j\u0119zyku obcym zar\u00f3wno w rozmowie jak i w korespondencji.<\/span><\/p>\n<p style=\"text-align: left;\"><span style=\"font-size: 12pt;\">Zaj\u0119cia prowadzone s\u0105 w j\u0119zyku docelowym, z uwzgl\u0119dnieniem metody komunikacyjnej. W ramach zaj\u0119\u0107 rozwijane s\u0105 umiej\u0119tno\u015bci z zakresu rozumienia ze s\u0142uchu i rozumienia tekstu pisanego, konwersacji oraz produkcji pisemnej. W ramach 30 godzin kursu uczestnik nabywa umiej\u0119tno\u015b\u0107 wyra\u017cania opinii na zadane tematy, doskonal\u0105c znajomo\u015b\u0107 s\u0142ownictwa i poprawnych form wypowiedzi. Rozwijanie kompetencji w zakresie j\u0119zyka pisanego obejmuje redagowanie pism\/e-maili oraz korespondencji s\u0142u\u017cbowej. Kurs przewiduje r\u00f3wnie\u017c powt\u00f3rzenie i rozszerzenie materia\u0142u gramatycznego z poziomu A2.<\/span><\/p>\n<p style=\"text-align: left;\"><span style=\"font-size: 12pt;\"><strong>Literatura<\/strong>: materia\u0142y w\u0142asne lektora<\/span><\/p>\n<\/td>\n<\/tr>\n<\/tbody>\n<\/table>\n<p>[\/vc_column_text][\/vc_column][\/vc_row]<\/p>","protected":false},"excerpt":{"rendered":"<p>[vc_row el_class=&#8221;container&#8221;][vc_column][vc_column_text]Programy naszych kurs\u00f3w konwersacyjnych zosta\u0142y przygotowane w taki spos\u00f3b, aby maksymalnie rozwin\u0105\u0107 zdolno\u015bci komunikacyjne s\u0142uchaczy. Podczas zaj\u0119\u0107 wykorzystywane s\u0105 stymuluj\u0105ce, autentyczne materia\u0142y. S\u0142uchacze maj\u0105 mo\u017cliwo\u015b\u0107 wypowiadania si\u0119 na r\u00f3\u017cnorodne, cz\u0119sto prowokuj\u0105ce tematy, rozwijaj\u0105c przy tym\u00a0 s\u0142ownictwo i pokonuj\u0105c bariery komunikacyjne. Przyjazna atmosfera oraz kameralna grupa wp\u0142ywa korzystnie na efektywno\u015b\u0107 kursu. Kurs mo\u017ce r\u00f3wnie\u017c stanowi\u0107 [&#8230;]<\/p>\n<p><a class=\"btn btn-secondary understrap-read-more-link\" href=\"https:\/\/us.edu.pl\/kolegium\/spnjo\/poza-lektoratem\/kursy\/opisy\/konwersacje\/\">Read More&#8230;<\/a><\/p>\n","protected":false},"author":3369,"featured_media":0,"parent":463,"menu_order":5,"comment_status":"closed","ping_status":"closed","template":"","meta":{"_expiration-date-status":"","_expiration-date":0,"_expiration-date-type":"","_expiration-date-categories":[],"_expiration-date-options":[]},"acf":[],"_links":{"self":[{"href":"https:\/\/us.edu.pl\/kolegium\/spnjo\/wp-json\/wp\/v2\/pages\/573"}],"collection":[{"href":"https:\/\/us.edu.pl\/kolegium\/spnjo\/wp-json\/wp\/v2\/pages"}],"about":[{"href":"https:\/\/us.edu.pl\/kolegium\/spnjo\/wp-json\/wp\/v2\/types\/page"}],"author":[{"embeddable":true,"href":"https:\/\/us.edu.pl\/kolegium\/spnjo\/wp-json\/wp\/v2\/users\/3369"}],"replies":[{"embeddable":true,"href":"https:\/\/us.edu.pl\/kolegium\/spnjo\/wp-json\/wp\/v2\/comments?post=573"}],"version-history":[{"count":6,"href":"https:\/\/us.edu.pl\/kolegium\/spnjo\/wp-json\/wp\/v2\/pages\/573\/revisions"}],"predecessor-version":[{"id":3346,"href":"https:\/\/us.edu.pl\/kolegium\/spnjo\/wp-json\/wp\/v2\/pages\/573\/revisions\/3346"}],"up":[{"embeddable":true,"href":"https:\/\/us.edu.pl\/kolegium\/spnjo\/wp-json\/wp\/v2\/pages\/463"}],"wp:attachment":[{"href":"https:\/\/us.edu.pl\/kolegium\/spnjo\/wp-json\/wp\/v2\/media?parent=573"}],"curies":[{"name":"wp","href":"https:\/\/api.w.org\/{rel}","templated":true}]}}