{"id":575,"date":"2022-04-29T14:48:03","date_gmt":"2022-04-29T12:48:03","guid":{"rendered":"https:\/\/us.edu.pl\/kolegium\/spnjo\/?page_id=575"},"modified":"2025-04-07T12:16:08","modified_gmt":"2025-04-07T10:16:08","slug":"warsztaty-maturalne","status":"publish","type":"page","link":"https:\/\/us.edu.pl\/kolegium\/spnjo\/poza-lektoratem\/kursy\/opisy\/warsztaty-maturalne\/","title":{"rendered":"Warsztaty maturalne"},"content":{"rendered":"<p>[vc_row el_class=&#8221;container&#8221;][vc_column][vc_column_text]<span style=\"font-size: 12pt;\">Warsztaty stanowi\u0105 doskona\u0142\u0105 form\u0119 kompleksowego przygotowania do egzaminu maturalnego z j\u0119zyka angielskiego.<\/span><\/p>\n<p><span style=\"font-size: 12pt;\">Ka\u017cdy maturzysta uczestnicz\u0105cy w naszym kursie z pewno\u015bci\u0105:<\/span><\/p>\n<ul>\n<li><span style=\"font-size: 12pt;\">poprawi umiej\u0119tno\u015b\u0107 rozumienia tekstu czytanego oraz formu\u0142owania wypowiedzi pisemnych, zgodnie z wymogami egzaminu maturalnego,<\/span><\/li>\n<li><span style=\"font-size: 12pt;\">udoskonali umiej\u0119tno\u015b\u0107 rozumienia ze s\u0142uchu,<\/span><\/li>\n<li><span style=\"font-size: 12pt;\">pog\u0142\u0119bi umiej\u0119tno\u015b\u0107 wypowiadania si\u0119, pokonuj\u0105c strach przez egzaminem ustnym,<\/span><\/li>\n<li><span style=\"font-size: 12pt;\">zapozna si\u0119 z technikami egzaminacyjnymi, rozwi\u0105zuj\u0105c przyk\u0142adowe arkusze maturalne.<\/span><\/li>\n<\/ul>\n<p><span style=\"font-size: 12pt;\">J\u0119zyki: angielski<\/span><\/p>\n<ul>\n<li><span style=\"font-size: 12pt;\">poziomy: podstawowy i rozszerzony<\/span><\/li>\n<li><span style=\"font-size: 12pt;\">tryb nauki:\u00a0 1 lub 2 semestry<\/span><\/li>\n<li><span style=\"font-size: 12pt;\">d\u0142ugo\u015b\u0107 kursu:\u00a0 30-60 godzin lekcyjnych w semestrze (zobacz: \u201eOpis kursu\u201d)<\/span><\/li>\n<li><span style=\"font-size: 12pt;\">intensywno\u015b\u0107 spotka\u0144:\u00a0 jeden raz w tygodniu 90 minut<\/span><\/li>\n<li><span style=\"font-size: 12pt;\">Tryb intensywny w edycji Wiosna:\u00a0 jeden raz w tygodniu 180 minut (marzec-kwiecie\u0144)<\/span><\/li>\n<\/ul>\n<hr \/>\n<p>&nbsp;<\/p>\n<table class=\" aligncenter\" style=\"width: 90%; border-style: groove; border-color: #000000;\">\n<tbody>\n<tr>\n<td style=\"border-style: groove; border-color: #000000; text-align: center; vertical-align: middle;\" width=\"604\"><span style=\"font-size: 12pt;\"><strong>\u201eWarsztaty z j\u0119zyka angielskiego dla maturzyst\u00f3w\u201d Poziom podstawowy oraz rozszerzony<\/strong><\/span><\/td>\n<\/tr>\n<tr>\n<td style=\"border-style: groove; border-color: #000000; text-align: center; vertical-align: middle;\" width=\"604\"><span style=\"font-size: 12pt;\"><strong>Kurs adresowany do uczni\u00f3w przygotowuj\u0105cych si\u0119 do egzaminu maturalnego<\/strong> z j\u0119zyka angielskiego zar\u00f3wno na poziomie podstawowym jak i rozszerzonym. Kompleksowy program powt\u00f3rzeniowy i sprawdzaj\u0105cy uwzgl\u0119dnia wszystkie typy zada\u0144 przewidzianych w formacie egzaminu maturalnego od 2015 i pozwala na doskonalenie umiej\u0119tno\u015bci j\u0119zykowych w zakresie rozumienia ze s\u0142uchu, rozumienia tekstu czytanego, sprawno\u015bci m\u00f3wienia, formu\u0142owania wypowiedzi pisemnych oraz znajomo\u015bci struktur leksykalno-gramatycznych.<\/span><\/p>\n<p style=\"text-align: left;\"><span style=\"font-size: 12pt;\">W semestrze pierwszym zaj\u0119cia odbywaj\u0105 si\u0119 raz w tygodniu (1 x 90 min), natomiast semestr drugi stanowi intensywne warsztaty ko\u0144cz\u0105ce si\u0119 pod koniec kwietnia i odbywaj\u0105ce si\u0119 dwa razy w tygodniu (2&#215;90 min).<\/span><\/p>\n<p style=\"text-align: left;\"><span style=\"font-size: 12pt;\">Osoby zainteresowane kursem mog\u0105 uczestniczy\u0107 w obu jego cz\u0119\u015bciach (\u201eJesie\u0144\u201d oraz \u201eWiosna\u201d) lub tylko w jednym z wybranych modu\u0142\u00f3w semestralnych.\u00a0<\/span><\/p>\n<p style=\"text-align: left;\"><span style=\"font-size: 12pt;\">Materia\u0142y: arkusze egzaminacyjne oraz materia\u0142y wybrane przez lektora.<\/span><\/p>\n<\/td>\n<\/tr>\n<\/tbody>\n<\/table>\n<p>[\/vc_column_text][\/vc_column][\/vc_row]<\/p>","protected":false},"excerpt":{"rendered":"<p>[vc_row el_class=&#8221;container&#8221;][vc_column][vc_column_text]Warsztaty stanowi\u0105 doskona\u0142\u0105 form\u0119 kompleksowego przygotowania do egzaminu maturalnego z j\u0119zyka angielskiego. Ka\u017cdy maturzysta uczestnicz\u0105cy w naszym kursie z pewno\u015bci\u0105: poprawi umiej\u0119tno\u015b\u0107 rozumienia tekstu czytanego oraz formu\u0142owania wypowiedzi pisemnych, zgodnie z wymogami egzaminu maturalnego, udoskonali umiej\u0119tno\u015b\u0107 rozumienia ze s\u0142uchu, pog\u0142\u0119bi umiej\u0119tno\u015b\u0107 wypowiadania si\u0119, pokonuj\u0105c strach przez egzaminem ustnym, zapozna si\u0119 z technikami egzaminacyjnymi, rozwi\u0105zuj\u0105c [&#8230;]<\/p>\n<p><a class=\"btn btn-secondary understrap-read-more-link\" href=\"https:\/\/us.edu.pl\/kolegium\/spnjo\/poza-lektoratem\/kursy\/opisy\/warsztaty-maturalne\/\">Read More&#8230;<\/a><\/p>\n","protected":false},"author":3369,"featured_media":0,"parent":463,"menu_order":6,"comment_status":"closed","ping_status":"closed","template":"","meta":{"_expiration-date-status":"","_expiration-date":0,"_expiration-date-type":"","_expiration-date-categories":[],"_expiration-date-options":[]},"acf":[],"_links":{"self":[{"href":"https:\/\/us.edu.pl\/kolegium\/spnjo\/wp-json\/wp\/v2\/pages\/575"}],"collection":[{"href":"https:\/\/us.edu.pl\/kolegium\/spnjo\/wp-json\/wp\/v2\/pages"}],"about":[{"href":"https:\/\/us.edu.pl\/kolegium\/spnjo\/wp-json\/wp\/v2\/types\/page"}],"author":[{"embeddable":true,"href":"https:\/\/us.edu.pl\/kolegium\/spnjo\/wp-json\/wp\/v2\/users\/3369"}],"replies":[{"embeddable":true,"href":"https:\/\/us.edu.pl\/kolegium\/spnjo\/wp-json\/wp\/v2\/comments?post=575"}],"version-history":[{"count":7,"href":"https:\/\/us.edu.pl\/kolegium\/spnjo\/wp-json\/wp\/v2\/pages\/575\/revisions"}],"predecessor-version":[{"id":3348,"href":"https:\/\/us.edu.pl\/kolegium\/spnjo\/wp-json\/wp\/v2\/pages\/575\/revisions\/3348"}],"up":[{"embeddable":true,"href":"https:\/\/us.edu.pl\/kolegium\/spnjo\/wp-json\/wp\/v2\/pages\/463"}],"wp:attachment":[{"href":"https:\/\/us.edu.pl\/kolegium\/spnjo\/wp-json\/wp\/v2\/media?parent=575"}],"curies":[{"name":"wp","href":"https:\/\/api.w.org\/{rel}","templated":true}]}}