{"id":92,"date":"2021-07-07T09:40:31","date_gmt":"2021-07-07T07:40:31","guid":{"rendered":"https:\/\/us.edu.pl\/kolegium\/spnjo\/?page_id=92"},"modified":"2025-07-21T19:51:38","modified_gmt":"2025-07-21T17:51:38","slug":"o-spnjo","status":"publish","type":"page","link":"https:\/\/us.edu.pl\/kolegium\/spnjo\/o-spnjo\/","title":{"rendered":"o SPNJO"},"content":{"rendered":"<p>[vc_row][vc_column][vc_column_text][\/vc_column_text][\/vc_column][\/vc_row][vc_row][vc_column][vc_column_text][\/vc_column_text][\/vc_column][\/vc_row][vc_row el_class=&#8221;container&#8221;][vc_column][vc_column_text]<\/p>\n<p>Studium Praktycznej Nauki J\u0119zyk\u00f3w Obcych stanowi kolegium Uniwersytetu \u015al\u0105skiego w Katowicach prowadz\u0105ce dzia\u0142alno\u015b\u0107 dydaktyczn\u0105, a tak\u017ce promocyjn\u0105 i us\u0142ugow\u0105 w zakresie:<\/p>\n<p>&#8211; prowadzenia uniwersyteckich lektorat\u00f3w oraz kurs\u00f3w dokszta\u0142caj\u0105cych w zakresie nauki j\u0119zyk\u00f3w obcych<br \/>\n&#8211; egzaminowania i certyfikacji znajomo\u015bci j\u0119zyk\u00f3w obcych zako\u0144czonych przyznaniem Akademickiego Certyfikatu Znajomo\u015bci J\u0119zyka Obcego Uniwersytetu \u015al\u0105skiego,<br \/>\n&#8211; wspierania i popularyzowania nauki j\u0119zyk\u00f3w obcych, znajomo\u015bci kultury kraju danego obszaru j\u0119zykowego oraz umiej\u0119tno\u015bci porozumiewania si\u0119 w \u015brodowisku wielokulturowym i r\u00f3\u017cnoj\u0119zycznym,<br \/>\n&#8211; zapewniania warunk\u00f3w doskonalenia kompetencji zawodowych nauczycieli w zakresie nauczania j\u0119zyk\u00f3w obcych,<br \/>\n&#8211; organizowania zaj\u0119\u0107 i warsztat\u00f3w dla szk\u00f3\u0142 oraz wydarze\u0144 propaguj\u0105cych nauk\u0119 j\u0119zyk\u00f3w obcych,<br \/>\n&#8211; organizowania szkole\u0144 i konferencji naukowo-dydaktycznych po\u015bwi\u0119conych nauczaniu j\u0119zyk\u00f3w obcych,<br \/>\n&#8211; zada\u0144 realizowanych na rzecz spo\u0142eczno\u015bci akademickiej i lokalnej.<\/p>\n<p>SPNJO odpowiada za nauczanie j\u0119zyk\u00f3w obcych, w szczeg\u00f3lno\u015bci w formie lektoratu, w ramach program\u00f3w studi\u00f3w na kierunkach i poziomach studi\u00f3w zgodnie z przepisami wewn\u0119trznymi Uniwersytetu oraz zapotrzebowaniem poszczeg\u00f3lnych wydzia\u0142\u00f3w i pozosta\u0142ych jednostek organizacyjnych Uniwersytetu.<\/p>\n<p>[\/vc_column_text]\r\n                <div class=\"tiles-section\" style=\"background: \">\r\n                    <div class=\"container\">\r\n                        <h3 class=\"page-title\"><\/h3>\r\n                        <div class=\"tiles tiles-3\">\r\n                            <a href=\"https:\/\/us.edu.pl\/kolegium\/spnjo\/o-spnjo\/dyrekcja-zespoly-gremia\/\" class=\"tile tile_ justify-content-center\" style=\"background-color: #002E5A; font-weight: ; color: #ffffff;  \">\r\n                                \r\n                                   \r\n                               \r\n                                <div class=\"tile__name\">dyrekcja, zespo\u0142y, gremia<\/div>\r\n                            <\/a>\r\n                            <a href=\"https:\/\/us.edu.pl\/kolegium\/spnjo\/o-spnjo\/misja-cele-zadania\/\" class=\"tile tile_ justify-content-center\" style=\"background-color: #002E5A; font-weight: ; color: #ffffff;  \">\r\n                                \r\n                                   \r\n                               \r\n                                <div class=\"tile__name\">misja, cele, zadania<\/div>\r\n                            <\/a>\r\n                            <a href=\"https:\/\/us.edu.pl\/kolegium\/spnjo\/o-spnjo\/aktywnosc-wspolpraca-rozwoj\/\" class=\"tile tile_ justify-content-center\" style=\"background-color: #002E5A; font-weight: ; color: #ffffff;  \">\r\n                                \r\n                                   \r\n                               \r\n                                <div class=\"tile__name\">aktywno\u015b\u0107, wsp\u00f3\u0142praca, rozw\u00f3j<\/div>\r\n                            <\/a><\/div>\r\n                    <\/div>\r\n                <\/div>[\/vc_column][\/vc_row][vc_row][vc_column][vc_column_text]<\/p>","protected":false},"excerpt":{"rendered":"<p>[vc_row][vc_column][vc_column_text][\/vc_column_text][\/vc_column][\/vc_row][vc_row][vc_column][vc_column_text][\/vc_column_text][\/vc_column][\/vc_row][vc_row el_class=&#8221;container&#8221;][vc_column][vc_column_text] Studium Praktycznej Nauki J\u0119zyk\u00f3w Obcych stanowi kolegium Uniwersytetu \u015al\u0105skiego w Katowicach prowadz\u0105ce dzia\u0142alno\u015b\u0107 dydaktyczn\u0105, a tak\u017ce promocyjn\u0105 i us\u0142ugow\u0105 w zakresie: &#8211; prowadzenia uniwersyteckich lektorat\u00f3w oraz kurs\u00f3w dokszta\u0142caj\u0105cych w zakresie nauki j\u0119zyk\u00f3w obcych &#8211; egzaminowania i certyfikacji znajomo\u015bci j\u0119zyk\u00f3w obcych zako\u0144czonych przyznaniem Akademickiego Certyfikatu Znajomo\u015bci J\u0119zyka Obcego Uniwersytetu \u015al\u0105skiego, &#8211; wspierania i popularyzowania [&#8230;]<\/p>\n<p><a class=\"btn btn-secondary understrap-read-more-link\" href=\"https:\/\/us.edu.pl\/kolegium\/spnjo\/o-spnjo\/\">Read More&#8230;<\/a><\/p>\n","protected":false},"author":25,"featured_media":0,"parent":0,"menu_order":0,"comment_status":"closed","ping_status":"closed","template":"","meta":{"_expiration-date-status":"saved","_expiration-date":0,"_expiration-date-type":"","_expiration-date-categories":[],"_expiration-date-options":[]},"acf":[],"_links":{"self":[{"href":"https:\/\/us.edu.pl\/kolegium\/spnjo\/wp-json\/wp\/v2\/pages\/92"}],"collection":[{"href":"https:\/\/us.edu.pl\/kolegium\/spnjo\/wp-json\/wp\/v2\/pages"}],"about":[{"href":"https:\/\/us.edu.pl\/kolegium\/spnjo\/wp-json\/wp\/v2\/types\/page"}],"author":[{"embeddable":true,"href":"https:\/\/us.edu.pl\/kolegium\/spnjo\/wp-json\/wp\/v2\/users\/25"}],"replies":[{"embeddable":true,"href":"https:\/\/us.edu.pl\/kolegium\/spnjo\/wp-json\/wp\/v2\/comments?post=92"}],"version-history":[{"count":12,"href":"https:\/\/us.edu.pl\/kolegium\/spnjo\/wp-json\/wp\/v2\/pages\/92\/revisions"}],"predecessor-version":[{"id":3967,"href":"https:\/\/us.edu.pl\/kolegium\/spnjo\/wp-json\/wp\/v2\/pages\/92\/revisions\/3967"}],"wp:attachment":[{"href":"https:\/\/us.edu.pl\/kolegium\/spnjo\/wp-json\/wp\/v2\/media?parent=92"}],"curies":[{"name":"wp","href":"https:\/\/api.w.org\/{rel}","templated":true}]}}