{"id":97,"date":"2021-07-07T09:40:55","date_gmt":"2021-07-07T07:40:55","guid":{"rendered":"https:\/\/us.edu.pl\/kolegium\/spnjo\/?page_id=97"},"modified":"2026-03-21T14:14:14","modified_gmt":"2026-03-21T13:14:14","slug":"lektorzy","status":"publish","type":"page","link":"https:\/\/us.edu.pl\/kolegium\/spnjo\/lektorzy\/","title":{"rendered":"lektorzy"},"content":{"rendered":"<p>[vc_row css=&#8221;.vc_custom_1742809080965{padding-top: 0px !important;padding-bottom: 0px !important;}&#8221; el_class=&#8221;container&#8221;][vc_column][vc_column_text]<\/p>\n<div class=\"vc_row wpb_row vc_row-fluid vc_custom_1695129169136\">\n<div class=\"wpb_column vc_column_container vc_col-sm-12\">\n<div class=\"vc_column-inner\">\n<div class=\"wpb_wrapper\">\n<div class=\"wpb_text_column wpb_content_element \">\n<div class=\"wpb_wrapper\">\n<p>&nbsp;<\/p>\n<div class=\"vc_row wpb_row vc_row-fluid container vc_custom_1727351754482\">\n<div class=\"wpb_column vc_column_container vc_col-sm-12\">\n<div class=\"vc_column-inner\">\n<div class=\"wpb_wrapper\">\n<div class=\"wpb_text_column wpb_content_element \">\n<div class=\"wpb_wrapper\">\n<p><a href=\"https:\/\/usosweb.us.edu.pl\/kontroler.php?_action=katalog2\/osoby\/pokazOsobe&amp;os_id=6069\">mgr Agata Adamczyk \u2013 Gzara<\/a> (Zesp\u00f3\u0142 lektor\u00f3w j\u0119zyk\u00f3w germa\u0144skich, roma\u0144skich, s\u0142owia\u0144skich i klasycznych; <em><strong>Z-ca Dyrektora SPNJO<\/strong><\/em>)<\/p>\n<p><a href=\"https:\/\/usosweb.us.edu.pl\/kontroler.php?_action=katalog2\/osoby\/pokazOsobe&amp;os_id=8181\">mgr Katarzyna Bana\u015b \u2013 Sieradzka<\/a> (Zesp\u00f3\u0142 lektor\u00f3w j\u0119zyka angielskiego)<\/p>\n<p><a href=\"https:\/\/usosweb.us.edu.pl\/kontroler.php?_action=katalog2\/osoby\/pokazOsobe&amp;os_id=95415\">mgr Agata Ciencia\u0142a<\/a> (Zesp\u00f3\u0142 lektor\u00f3w j\u0119zyka angielskiego)<\/p>\n<p><a href=\"https:\/\/usosweb.us.edu.pl\/kontroler.php?_action=katalog2\/osoby\/pokazOsobe&amp;os_id=95514\">mgr Zdzis\u0142aw Ciuk<\/a> (Zesp\u00f3\u0142 lektor\u00f3w j\u0119zyka angielskiego; <em><strong>Z-ca Dyrektora SPNJO<\/strong><\/em>)<\/p>\n<p><a href=\"https:\/\/usosweb.us.edu.pl\/kontroler.php?_action=katalog2\/osoby\/pokazOsobe&amp;os_id=168785\">mgr Katarzyna Faliszewska-\u0141ukasik<\/a> (Zesp\u00f3\u0142 lektor\u00f3w j\u0119zyka angielskiego)<\/p>\n<p><a href=\"https:\/\/usosweb.us.edu.pl\/kontroler.php?_action=katalog2\/osoby\/pokazOsobe&amp;os_id=95368\">mgr Krzysztof Franek<\/a> (Zesp\u00f3\u0142 lektor\u00f3w j\u0119zyka angielskiego)<\/p>\n<p><a href=\"https:\/\/usosweb.us.edu.pl\/kontroler.php?_action=katalog2\/osoby\/pokazOsobe&amp;os_id=5991\">dr Aleksandra Golik \u2013 Prus, prof. U\u015a<\/a> (Zesp\u00f3\u0142 lektor\u00f3w j\u0119zyk\u00f3w germa\u0144skich, roma\u0144skich, s\u0142owia\u0144skich i klasycznych)<\/p>\n<p><a href=\"https:\/\/usosweb.us.edu.pl\/kontroler.php?_action=katalog2\/osoby\/pokazOsobe&amp;os_id=8218\">mgr Marcin Gorgol<\/a> (Zesp\u00f3\u0142 lektor\u00f3w j\u0119zyka angielskiego)<\/p>\n<p><a href=\"https:\/\/usosweb.us.edu.pl\/kontroler.php?_action=katalog2\/osoby\/pokazOsobe&amp;os_id=7683\">mgr Katarzyna Gronowska<\/a> (Zesp\u00f3\u0142 lektor\u00f3w j\u0119zyka angielskiego)<\/p>\n<p><a href=\"https:\/\/usosweb.us.edu.pl\/kontroler.php?_action=katalog2\/osoby\/pokazOsobe&amp;os_id=6152\">mgr Jerzy Gzara<\/a> (Zesp\u00f3\u0142 lektor\u00f3w j\u0119zyk\u00f3w germa\u0144skich, roma\u0144skich, s\u0142owia\u0144skich i klasycznych)<\/p>\n<p><a href=\"https:\/\/usosweb.us.edu.pl\/kontroler.php?_action=katalog2\/osoby\/pokazOsobe&amp;os_id=6076\">mgr Joanna Jakubiec \u2013Bontko<\/a> (Zesp\u00f3\u0142 lektor\u00f3w j\u0119zyka angielskiego)<\/p>\n<p><a href=\"https:\/\/usosweb.us.edu.pl\/kontroler.php?_action=katalog2\/osoby\/pokazOsobe&amp;os_id=5800\">dr Tomasz Jarczyk<\/a> (Zesp\u00f3\u0142 lektor\u00f3w j\u0119zyka angielskiego)<\/p>\n<p><a href=\"https:\/\/usosweb.us.edu.pl\/kontroler.php?_action=katalog2\/osoby\/pokazOsobe&amp;os_id=7575\">dr Ryszard Kalamarz, prof. U\u015a\u00a0<\/a> (Zesp\u00f3\u0142 lektor\u00f3w j\u0119zyka angielskiego; <em><strong>Dyrektor SPNJO<\/strong><\/em>)<\/p>\n<p><a href=\"https:\/\/usosweb.us.edu.pl\/kontroler.php?_action=katalog2\/osoby\/pokazOsobe&amp;os_id=7599\">mgr Ewa Karolczak \u2013 Wawrza\u0142a<\/a> (Zesp\u00f3\u0142 lektor\u00f3w j\u0119zyka angielskiego)<\/p>\n<p><a href=\"https:\/\/usosweb.us.edu.pl\/kontroler.php?_action=katalog2\/osoby\/pokazOsobe&amp;os_id=251939\">mgr Lidia Karpacz<\/a> (Zesp\u00f3\u0142 lektor\u00f3w j\u0119zyk\u00f3w germa\u0144skich, roma\u0144skich, s\u0142owia\u0144skich i klasycznych)<\/p>\n<p><a href=\"https:\/\/usosweb.us.edu.pl\/kontroler.php?_action=katalog2\/osoby\/pokazOsobe&amp;os_id=238485\">dr Justyna Kendik \u2013 Gut<\/a> (Zesp\u00f3\u0142 lektor\u00f3w j\u0119zyka angielskiego; <em><strong>Z-ca Dyrektora SPNJO<\/strong><\/em>)<\/p>\n<p><a href=\"https:\/\/usosweb.us.edu.pl\/kontroler.php?_action=katalog2\/osoby\/pokazOsobe&amp;os_id=6056\">mgr Katarzyna Kiszka<\/a> (Zesp\u00f3\u0142 lektor\u00f3w j\u0119zyka angielskiego)<\/p>\n<p><a href=\"https:\/\/usosweb.us.edu.pl\/kontroler.php?_action=katalog2\/osoby\/pokazOsobe&amp;os_id=222082\">mgr Katarzyna Kocel<\/a> (Zesp\u00f3\u0142 lektor\u00f3w j\u0119zyka angielskiego)<\/p>\n<p><a href=\"https:\/\/usosweb.us.edu.pl\/kontroler.php?_action=katalog2\/osoby\/pokazOsobe&amp;os_id=7294\">mgr Marzena Maciejko<\/a> (Zesp\u00f3\u0142 lektor\u00f3w j\u0119zyka angielskiego)<\/p>\n<p><a href=\"https:\/\/usosweb.us.edu.pl\/kontroler.php?_action=katalog2\/osoby\/pokazOsobe&amp;os_id=8291\">dr Bogdan Moczko<\/a> (Zesp\u00f3\u0142 lektor\u00f3w j\u0119zyka angielskiego)<\/p>\n<p><a href=\"https:\/\/usosweb.us.edu.pl\/kontroler.php?_action=katalog2\/osoby\/pokazOsobe&amp;os_id=5950\">mgr Lucyna Niedobecka<\/a> (Zesp\u00f3\u0142 lektor\u00f3w j\u0119zyka angielskiego; <em><strong>Kierownik zespo\u0142u lektor\u00f3w j\u0119zyka angielskiego<\/strong><\/em>)<\/p>\n<p><a href=\"https:\/\/usosweb.us.edu.pl\/kontroler.php?_action=katalog2\/osoby\/pokazOsobe&amp;os_id=7074\">dr Izabela Nowak, prof. U\u015a<\/a> (Zesp\u00f3\u0142 lektor\u00f3w j\u0119zyk\u00f3w germa\u0144skich, roma\u0144skich, s\u0142owia\u0144skich i klasycznych)<\/p>\n<p><a href=\"https:\/\/usosweb.us.edu.pl\/kontroler.php?_action=katalog2\/osoby\/pokazOsobe&amp;os_id=185963\">mgr Kinga P\u00f3\u0142rolniczak<\/a> (Zesp\u00f3\u0142 lektor\u00f3w j\u0119zyka angielskiego)<\/p>\n<p><a href=\"https:\/\/usosweb.us.edu.pl\/kontroler.php?_action=katalog2\/osoby\/pokazOsobe&amp;os_id=6140\">mgr Jadwiga Pu\u0142awska<\/a> (Zesp\u00f3\u0142 lektor\u00f3w j\u0119zyka angielskiego)<\/p>\n<p><a href=\"https:\/\/usosweb.us.edu.pl\/kontroler.php?_action=katalog2\/osoby\/pokazOsobe&amp;os_id=8231\">mgr Katarzyna Radzi\u0119da<\/a> (Zesp\u00f3\u0142 lektor\u00f3w j\u0119zyka angielskiego)<\/p>\n<p><a href=\"https:\/\/usosweb.us.edu.pl\/kontroler.php?_action=katalog2\/osoby\/pokazOsobe&amp;os_id=6195\">mgr Krystyna Rzepecka \u2013 Kloc<\/a> (Zesp\u00f3\u0142 lektor\u00f3w j\u0119zyk\u00f3w germa\u0144skich, roma\u0144skich, s\u0142owia\u0144skich i klasycznych)<\/p>\n<p><a href=\"https:\/\/usosweb.us.edu.pl\/kontroler.php?_action=katalog2\/osoby\/pokazOsobe&amp;os_id=52914\">mgr Joanna So\u0142tysik<\/a> (Zesp\u00f3\u0142 lektor\u00f3w j\u0119zyk\u00f3w germa\u0144skich, roma\u0144skich, s\u0142owia\u0144skich i klasycznych)<\/p>\n<p><a href=\"https:\/\/usosweb.us.edu.pl\/kontroler.php?_action=katalog2\/osoby\/pokazOsobe&amp;os_id=95397\">dr Maria Stec, prof. U\u015a<\/a> (Zesp\u00f3\u0142 lektor\u00f3w j\u0119zyka angielskiego)<\/p>\n<p><a href=\"https:\/\/usosweb.us.edu.pl\/kontroler.php?_action=katalog2\/osoby\/pokazOsobe&amp;os_id=205170\">mgr Natalia Szkop<\/a> (Zesp\u00f3\u0142 lektor\u00f3w j\u0119zyka angielskiego)<\/p>\n<p><a href=\"https:\/\/usosweb.us.edu.pl\/kontroler.php?_action=katalog2\/osoby\/pokazOsobe&amp;os_id=6545\">mgr Marzanna Tatara<\/a> (Zesp\u00f3\u0142 lektor\u00f3w j\u0119zyk\u00f3w germa\u0144skich, roma\u0144skich, s\u0142owia\u0144skich i klasycznych)<\/p>\n<p><a href=\"https:\/\/usosweb.us.edu.pl\/kontroler.php?_action=katalog2\/osoby\/pokazOsobe&amp;os_id=5805\">mgr Ilona Wabik<\/a> (Zesp\u00f3\u0142 lektor\u00f3w j\u0119zyk\u00f3w germa\u0144skich, roma\u0144skich, s\u0142owia\u0144skich i klasycznych; <strong><em>Kierownik zespo\u0142u lektor\u00f3w j\u0119zyk\u00f3w germa\u0144skich, roma\u0144skich, s\u0142owia\u0144skich i klasycznych<\/em><\/strong>)<\/p>\n<p><a href=\"https:\/\/usosweb.us.edu.pl\/kontroler.php?_action=katalog2\/osoby\/pokazOsobe&amp;os_id=6090\">mgr Iwona Wi\u0105k \u2013 Domka<\/a> (Zesp\u00f3\u0142 lektor\u00f3w j\u0119zyka angielskiego)<\/p>\n<p><a href=\"https:\/\/usosweb.us.edu.pl\/kontroler.php?_action=katalog2\/osoby\/pokazOsobe&amp;os_id=122948\">dr Ma\u0142gorzata Wronka<\/a>\u00a0(Zesp\u00f3\u0142 lektor\u00f3w j\u0119zyka angielskiego)<\/p>\n<p><a href=\"https:\/\/usosweb.us.edu.pl\/kontroler.php?_action=katalog2\/osoby\/pokazOsobe&amp;os_id=95433\">mgr Aleksandra \u017bo\u0142nowska<\/a> (Zesp\u00f3\u0142 lektor\u00f3w j\u0119zyk\u00f3w germa\u0144skich, roma\u0144skich, s\u0142owia\u0144skich i klasycznych)<\/p>\n<\/div>\n<\/div>\n<\/div>\n<\/div>\n<\/div>\n<\/div>\n<\/div>\n<\/div>\n<\/div>\n<\/div>\n<\/div>\n<\/div>\n<p>[\/vc_column_text][\/vc_column][\/vc_row][vc_column][\/vc_column]<\/p>","protected":false},"excerpt":{"rendered":"<p>[vc_row css=&#8221;.vc_custom_1742809080965{padding-top: 0px !important;padding-bottom: 0px !important;}&#8221; el_class=&#8221;container&#8221;][vc_column][vc_column_text] &nbsp; mgr Agata Adamczyk \u2013 Gzara (Zesp\u00f3\u0142 lektor\u00f3w j\u0119zyk\u00f3w germa\u0144skich, roma\u0144skich, s\u0142owia\u0144skich i klasycznych; Z-ca Dyrektora SPNJO) mgr Katarzyna Bana\u015b \u2013 Sieradzka (Zesp\u00f3\u0142 lektor\u00f3w j\u0119zyka angielskiego) mgr Agata Ciencia\u0142a (Zesp\u00f3\u0142 lektor\u00f3w j\u0119zyka angielskiego) mgr Zdzis\u0142aw Ciuk (Zesp\u00f3\u0142 lektor\u00f3w j\u0119zyka angielskiego; Z-ca Dyrektora SPNJO) mgr Katarzyna Faliszewska-\u0141ukasik (Zesp\u00f3\u0142 lektor\u00f3w [&#8230;]<\/p>\n<p><a class=\"btn btn-secondary understrap-read-more-link\" href=\"https:\/\/us.edu.pl\/kolegium\/spnjo\/lektorzy\/\">Read More&#8230;<\/a><\/p>\n","protected":false},"author":25,"featured_media":0,"parent":0,"menu_order":0,"comment_status":"closed","ping_status":"closed","template":"","meta":{"_expiration-date-status":"","_expiration-date":0,"_expiration-date-type":"","_expiration-date-categories":[],"_expiration-date-options":[]},"acf":[],"_links":{"self":[{"href":"https:\/\/us.edu.pl\/kolegium\/spnjo\/wp-json\/wp\/v2\/pages\/97"}],"collection":[{"href":"https:\/\/us.edu.pl\/kolegium\/spnjo\/wp-json\/wp\/v2\/pages"}],"about":[{"href":"https:\/\/us.edu.pl\/kolegium\/spnjo\/wp-json\/wp\/v2\/types\/page"}],"author":[{"embeddable":true,"href":"https:\/\/us.edu.pl\/kolegium\/spnjo\/wp-json\/wp\/v2\/users\/25"}],"replies":[{"embeddable":true,"href":"https:\/\/us.edu.pl\/kolegium\/spnjo\/wp-json\/wp\/v2\/comments?post=97"}],"version-history":[{"count":11,"href":"https:\/\/us.edu.pl\/kolegium\/spnjo\/wp-json\/wp\/v2\/pages\/97\/revisions"}],"predecessor-version":[{"id":4554,"href":"https:\/\/us.edu.pl\/kolegium\/spnjo\/wp-json\/wp\/v2\/pages\/97\/revisions\/4554"}],"wp:attachment":[{"href":"https:\/\/us.edu.pl\/kolegium\/spnjo\/wp-json\/wp\/v2\/media?parent=97"}],"curies":[{"name":"wp","href":"https:\/\/api.w.org\/{rel}","templated":true}]}}