{"id":99,"date":"2021-07-07T09:42:58","date_gmt":"2021-07-07T07:42:58","guid":{"rendered":"https:\/\/us.edu.pl\/kolegium\/spnjo\/?page_id=99"},"modified":"2026-04-01T15:09:31","modified_gmt":"2026-04-01T13:09:31","slug":"sekretariat","status":"publish","type":"page","link":"https:\/\/us.edu.pl\/kolegium\/spnjo\/sekretariat\/","title":{"rendered":"sekretariat"},"content":{"rendered":"<p>[vc_row el_class=&#8221;container&#8221;][vc_column][vc_column_text]<\/p>\n<p class=\"rtecenter\" style=\"text-align: center;\"><span style=\"font-size: 12pt;\"><strong>Studium Praktycznej Nauki J\u0119zyk\u00f3w Obcych<br \/>\nUniwersytet \u015al\u0105ski w Katowicach<\/strong><\/span><\/p>\n<p class=\"rtecenter\" style=\"text-align: center;\"><span style=\"font-size: 12pt;\">ul. Bankowa 14, Pawilon B (z wind\u0105), Pi\u0119tro III<\/span><\/p>\n<p class=\"rtecenter\" style=\"text-align: center;\"><span style=\"font-size: 12pt;\">40-007 Katowice<\/span><\/p>\n<p style=\"text-align: center;\"><span style=\"font-size: 12pt;\"><strong><span style=\"color: #ff9900;\">W czasie przerwy \u015bwi\u0105tecznej\u00a003 &#8211; 07.04.2026 r. nieczynne<\/span><\/strong><\/span><\/p>\n<hr \/>\n<p>[\/vc_column_text][\/vc_column][\/vc_row][vc_row el_class=&#8221;container&#8221;][vc_column width=&#8221;1\/2&#8243;][vc_column_text]<\/p>\n<p style=\"text-align: center;\"><strong>elektroniczna rejestracja na lektorat:<\/strong><\/p>\n<p style=\"text-align: center;\">mgr Edyta Po\u0142e\u0107; pok. 364<\/p>\n<p style=\"text-align: center;\">telefon: +48 32 359 18 17<br \/>\ne-mail: <a href=\"mailto:lektorat@us.edu.pl\">lektorat@us.edu.pl<\/a><strong><span style=\"color: #ff9900;\">\u00a0<\/span><\/strong><\/p>\n<p style=\"text-align: center;\"><span style=\"font-size: 12pt;\"><strong><span style=\"color: #ff9900;\">02.04.2026 r praca zdalna<\/span><\/strong><\/span><\/p>\n<p style=\"text-align: center;\">Godziny otwarcia<br \/>\nod poniedzia\u0142ku do pi\u0105tku: godz. 9:00 \u2013 14:00<br \/>\n(przerwa: 12:15 &#8211; 12:30)<\/p>\n<hr \/>\n<p>[\/vc_column_text][\/vc_column][vc_column width=&#8221;1\/2&#8243;][vc_column_text]<\/p>\n<p style=\"text-align: center;\"><strong>sprawy og\u00f3lne:<\/strong><\/p>\n<p style=\"text-align: center;\">Agata \u015ali\u017c; pok. 365<\/p>\n<p style=\"text-align: center;\">telefon: +48 32 359 20 58<br \/>\ne-mail: <a href=\"mailto:spnjo@us.edu.pl\">spnjo@us.edu.pl<\/a><\/p>\n<p style=\"text-align: center;\"><strong><span style=\"font-size: 12pt; color: #ff9900;\">02.04.2026 r nieczynne<\/span><\/strong><\/p>\n<p style=\"text-align: center;\">Godziny otwarcia<br \/>\nod poniedzia\u0142ku do pi\u0105tku, godz. 9:00 \u2013 14:00<br \/>\n(przerwa: 12:15 &#8211; 12:30)<\/p>\n<hr \/>\n<p>[\/vc_column_text][\/vc_column][\/vc_row][vc_column][\/vc_column]<\/p>","protected":false},"excerpt":{"rendered":"<p>[vc_row el_class=&#8221;container&#8221;][vc_column][vc_column_text] Studium Praktycznej Nauki J\u0119zyk\u00f3w Obcych Uniwersytet \u015al\u0105ski w Katowicach ul. Bankowa 14, Pawilon B (z wind\u0105), Pi\u0119tro III 40-007 Katowice W czasie przerwy \u015bwi\u0105tecznej\u00a003 &#8211; 07.04.2026 r. nieczynne [\/vc_column_text][\/vc_column][\/vc_row][vc_row el_class=&#8221;container&#8221;][vc_column width=&#8221;1\/2&#8243;][vc_column_text] elektroniczna rejestracja na lektorat: mgr Edyta Po\u0142e\u0107; pok. 364 telefon: +48 32 359 18 17 e-mail: lektorat@us.edu.pl\u00a0 02.04.2026 r praca zdalna Godziny [&#8230;]<\/p>\n<p><a class=\"btn btn-secondary understrap-read-more-link\" href=\"https:\/\/us.edu.pl\/kolegium\/spnjo\/sekretariat\/\">Read More&#8230;<\/a><\/p>\n","protected":false},"author":25,"featured_media":0,"parent":0,"menu_order":0,"comment_status":"closed","ping_status":"closed","template":"","meta":{"_expiration-date-status":"saved","_expiration-date":0,"_expiration-date-type":"","_expiration-date-categories":[],"_expiration-date-options":[]},"acf":[],"_links":{"self":[{"href":"https:\/\/us.edu.pl\/kolegium\/spnjo\/wp-json\/wp\/v2\/pages\/99"}],"collection":[{"href":"https:\/\/us.edu.pl\/kolegium\/spnjo\/wp-json\/wp\/v2\/pages"}],"about":[{"href":"https:\/\/us.edu.pl\/kolegium\/spnjo\/wp-json\/wp\/v2\/types\/page"}],"author":[{"embeddable":true,"href":"https:\/\/us.edu.pl\/kolegium\/spnjo\/wp-json\/wp\/v2\/users\/25"}],"replies":[{"embeddable":true,"href":"https:\/\/us.edu.pl\/kolegium\/spnjo\/wp-json\/wp\/v2\/comments?post=99"}],"version-history":[{"count":11,"href":"https:\/\/us.edu.pl\/kolegium\/spnjo\/wp-json\/wp\/v2\/pages\/99\/revisions"}],"predecessor-version":[{"id":4578,"href":"https:\/\/us.edu.pl\/kolegium\/spnjo\/wp-json\/wp\/v2\/pages\/99\/revisions\/4578"}],"wp:attachment":[{"href":"https:\/\/us.edu.pl\/kolegium\/spnjo\/wp-json\/wp\/v2\/media?parent=99"}],"curies":[{"name":"wp","href":"https:\/\/api.w.org\/{rel}","templated":true}]}}