{"id":272,"date":"2021-12-30T09:11:47","date_gmt":"2021-12-30T09:11:47","guid":{"rendered":"https:\/\/us.edu.pl\/pracownik\/welcomepoint\/?page_id=272"},"modified":"2025-07-11T10:38:52","modified_gmt":"2025-07-11T08:38:52","slug":"university-of-silesia","status":"publish","type":"page","link":"https:\/\/us.edu.pl\/pracownik\/welcomepoint\/en\/university-of-silesia\/","title":{"rendered":"University of Silesia in Katowice"},"content":{"rendered":"<p><\/p>\n<p>[vc_row el_class=&#8221;container&#8221;][vc_column]\r\n                <div class=\"text-modules\">\r\n                    <div class=\"container\">\r\n                        \r\n                        <div class=\"text-modules__content\"><\/p>\n<p style=\"text-align: left;\"><small><span style=\"letter-spacing: 0.7mm; color: #000000; font-size: 140%;\"><strong>UNIVERSITY OF SILESIA IN KATOWICE<\/strong><br \/>\n<\/span><\/small><\/p>\n<p>1 university in 4 cities<\/p>\n<\/div>\r\n                    <\/div>\r\n                <\/div>[vc_row_inner][vc_column_inner width=&#8221;1\/2&#8243;][vc_empty_space height=&#8221;1px&#8221; css=&#8221;.vc_custom_1640685725363{background-color: #fbba00 !important;}&#8221;][\/vc_column_inner][vc_column_inner width=&#8221;1\/2&#8243;][\/vc_column_inner][\/vc_row_inner][vc_empty_space][\/vc_column][\/vc_row][vc_row el_class=&#8221;container&#8221;][vc_column width=&#8221;1\/12&#8243;][\/vc_column][vc_column width=&#8221;7\/12&#8243;]\r\n                <div class=\"text-modules\">\r\n                    <div class=\"container\">\r\n                        \r\n                        <div class=\"text-modules__content\"><p>University of Silesia in Katowice is one of the fastest growing public university in Poland. It includes 8 faculties located in 4 campuses in Katowice, Sosnowiec, Chorz\u00f3w and Cieszyn. It forms a European University as part of theTransform4Europe alliance<\/p>\n<p>The University of Silesia is included in the Polish Roadmap for Research Infrastructures created by the Polish Ministry of Education and Science as the institution engaged in 10 out of 70 projects that facilitate conducting ambitious scientific research. According to the \u201cPLOS Biology\u201d magazine, the University employees are also among the scientists who have the greatest influence on the development of the world science.<\/p>\n<p>Thanks to the outstanding research teams and well-equipped laboratories, and by realizing the \u201cExcellence initiative \u2013 research university\u201d program (IDUB), we have an important position in the international world of science. Our scientists, specialists in a dozen of disciplines, enjoy the freedom of research by working individually or as a part of the flexible structure based on research teams.<\/p>\n<p>By realizing the University mission we contribute to the regional development by being present in the cultural life of the region, and by cooperation with the public institutions and schools as well as other educational institutions. We cooperate with the local businesses and third-sector organizations as well. The University of Silesia is one of the important centers of the Metropolitan Association of the Upper Silesia and D\u0105browa Basin. Apart from our scientific activity we also conduct numerous activities connected with applying for grants, realization of international projects and organization of many events that popularize science, for example the Pi number\u2019s day or the Silesia Festival of Science.<\/p>\n<p>University of Silesia is a stable employer realizing The Human Resources Strategy for Researchers, building a good work atmosphere and ensuring stable employment conditions. The European Committee granted us the HR Excellence in Research award.<\/p>\n<p>Do you have an experience in education or research? Are you an active person fascinated with the world? Do you want to work and develop in a dynamic, international environment, surrounded by interesting people? Choose University of Silesia in Katowice \u2013 a good place to work, full of openness and kindness. We are waiting for you!<\/p>\n<\/div>\r\n                    <\/div>\r\n                <\/div>[\/vc_column][vc_column width=&#8221;4\/12&#8243;]\r\n                <div class=\"text-modules\">\r\n                    <div class=\"container\">\r\n                        \r\n                        <div class=\"text-modules__content\"><p><img class=\"alignnone wp-image-274 size-full\" src=\"https:\/\/us.edu.pl\/pracownik\/welcomepoint\/wp-content\/uploads\/sites\/69\/Zdj\u0119cia\/Na-stron\u0119\/University-of-Silesia_800x600.jpg\" alt=\"Rectorate\" width=\"100%\" height=\"auuto\" srcset=\"https:\/\/us.edu.pl\/pracownik\/welcomepoint\/wp-content\/uploads\/sites\/69\/Zdj\u0119cia\/Na-stron\u0119\/University-of-Silesia_800x600.jpg 800w, https:\/\/us.edu.pl\/pracownik\/welcomepoint\/wp-content\/uploads\/sites\/69\/Zdj\u0119cia\/Na-stron\u0119\/University-of-Silesia_800x600-300x225.jpg 300w, https:\/\/us.edu.pl\/pracownik\/welcomepoint\/wp-content\/uploads\/sites\/69\/Zdj\u0119cia\/Na-stron\u0119\/University-of-Silesia_800x600-768x576.jpg 768w, https:\/\/us.edu.pl\/pracownik\/welcomepoint\/wp-content\/uploads\/sites\/69\/Zdj\u0119cia\/Na-stron\u0119\/University-of-Silesia_800x600-575x431.jpg 575w\" sizes=\"(max-width: 800px) 100vw, 800px\" \/><br \/>\n<span style=\"color: #333333; font-size: 90%;\">photo by Julia Szymala<\/span><\/p>\n<\/div>\r\n                    <\/div>\r\n                <\/div><div class=\"container\"><div class=\"separator\" style=\"background-color: #EBEBEB\"><\/div><\/div>\r\n                <div class=\"text-modules\">\r\n                    <div class=\"container\">\r\n                        \r\n                        <div class=\"text-modules__content\"><\/p>\n<div class=\"font-size\">The University of Silesia has one campus in four cities: Katowice, Chorz\u00f3w, Cieszyn and Sosnowiec.<\/div>\n<p>\n<\/div>\r\n                    <\/div>\r\n                <\/div>[vc_tta_accordion style=&#8221;flat&#8221; shape=&#8221;square&#8221; color=&#8221;black&#8221; spacing=&#8221;5&#8243; c_icon=&#8221;triangle&#8221; active_section=&#8221;0&#8243; no_fill=&#8221;true&#8221; collapsible_all=&#8221;true&#8221;][vc_tta_section title=&#8221;Katowice&#8221; tab_id=&#8221;katowice&#8221;]\r\n                <div class=\"text-modules\">\r\n                    <div class=\"container\">\r\n                        \r\n                        <div class=\"text-modules__content\"><\/p>\n<div class=\"font-size\">The main campus of the University in Katowice located in the center of the city is, among others, the seat of the Faculty of Social Sciences, the Faculty of Law and Administration or the Institute of Chemistry. Also, the main University building \u2013 the Rectorate is located here. Therefore, all employees visit the campus in Katowice at the beginning of their employment. Katowice campus is also close to restaurants, cinemas and theatre.<\/div>\n<p>\n<\/div>\r\n                    <\/div>\r\n                <\/div>[\/vc_tta_section][vc_tta_section title=&#8221;Chorz\u00f3w&#8221; tab_id=&#8221;chorzow&#8221;]\r\n                <div class=\"text-modules\">\r\n                    <div class=\"container\">\r\n                        \r\n                        <div class=\"text-modules__content\"><\/p>\n<div class=\"font-size\">The Chorz\u00f3w campus is a place of studies and research connected with the exact sciences. It is also a seat of the Silesian Centre for Education and Interdisciplinary Research. The campus in Chorz\u00f3w is located in the peaceful place full of trees. On the campus, there is a modern place to rest for children and adults \u2013 \u201cthe multipurpose activity zone\u201d.<\/div>\n<p>\n<\/div>\r\n                    <\/div>\r\n                <\/div>[\/vc_tta_section][vc_tta_section title=&#8221;Cieszyn&#8221; tab_id=&#8221;cieszyn&#8221;]\r\n                <div class=\"text-modules\">\r\n                    <div class=\"container\">\r\n                        \r\n                        <div class=\"text-modules__content\"><\/p>\n<div class=\"font-size\">The campus in Cieszyn, which is the seat of the Faculty of Arts and Educational Science, is one of the most beautiful university buildings situated in the special atmosphere of the city. The picturesque location of Cieszyn, its rich culture, specificity of the border city and varius cultural events make the Cieszyn campus a unique place for work and studies.<\/div>\n<p>\n<\/div>\r\n                    <\/div>\r\n                <\/div>[\/vc_tta_section][vc_tta_section title=&#8221;Sosnowiec&#8221; tab_id=&#8221;sosnowiec&#8221;]\r\n                <div class=\"text-modules\">\r\n                    <div class=\"container\">\r\n                        \r\n                        <div class=\"text-modules__content\"><\/p>\n<div class=\"font-size\">The campus in Sosnowiec, for a change, is not in the city center although not far from it. Among others a part of the Faculty of Humanities (English Studies, Slavic Studies and other programmes) and a part of the Faculty of Natural Sciences are located here. While entering the Faculty of Natural Sciences you can meet a dinosaur \ud83d\ude09<\/div>\n<p>\n<\/div>\r\n                    <\/div>\r\n                <\/div>[\/vc_tta_section][\/vc_tta_accordion][\/vc_column][\/vc_row][vc_row][vc_column]<div class=\"container\"><div class=\"separator\" style=\"background-color: #EBEBEB\"><\/div><\/div>\r\n                <div class=\"text-modules\">\r\n                    <div class=\"container\">\r\n                        \r\n                        <div class=\"text-modules__content\"><\/p>\n<p style=\"text-align: left;\"><small><span style=\"letter-spacing: 0.7mm; color: #000000; font-size: 140%;\"><strong>What makes us stand out among other things<\/strong><br \/>\n<\/span><\/small><\/p>\n<p>\n<\/div>\r\n                    <\/div>\r\n                <\/div>[\/vc_column][\/vc_row][vc_row el_class=&#8221;bottom linki container wysokosc karty desktop-karty&#8221;][vc_column width=&#8221;1\/5&#8243; css=&#8221;.vc_custom_1620802862303{margin-top: 0px !important;border-top-width: 0px !important;padding-top: 0px !important;}&#8221; el_class=&#8221;shadow rogi&#8221;][vc_column_text css=&#8221;.vc_custom_1620736619107{margin-top: 0px !important;margin-right: 0px !important;margin-bottom: 0px !important;margin-left: 0px !important;border-top-width: 0px !important;border-right-width: 0px !important;border-bottom-width: 0px !important;border-left-width: 0px !important;padding-top: 0px !important;padding-right: 0px !important;padding-bottom: 0px !important;padding-left: 0px !important;}&#8221;]<\/p>\n<p><img class=\"alignnone wp-image-139228 size-full\" src=\"https:\/\/us.edu.pl\/wp-content\/uploads\/fotografie\/AJS2375_fot-Julia-Agnieszka-Szymala_800_1.jpg\" alt=\"Rektor U\u015a prof. Ryszard Kozio\u0142ek\" width=\"100%\" height=\"auto\" \/><\/p>\n<p>[\/vc_column_text][vc_column_text css=&#8221;.vc_custom_1622121464104{margin-top: 0px !important;margin-right: 0px !important;margin-bottom: 0px !important;margin-left: 0px !important;border-top-width: 0px !important;border-right-width: 0px !important;border-bottom-width: 0px !important;border-left-width: 0px !important;padding-top: 10px !important;padding-right: 15px !important;padding-bottom: 10px !important;padding-left: 15px !important;}&#8221;]<\/p>\n<table class=\"rogi\" style=\"border-collapse: collapse; width: 40%; background-color: #f3f8fe;\">\n<tbody>\n<tr>\n<td style=\"width: 100%; text-align: center;\"><span style=\"color: #011535; font-family: 'PT Sans'; font-weight: 800; font-size: 110%;\"><strong>UNIVERSITY OF SILESIA<\/strong><\/span><\/td>\n<\/tr>\n<\/tbody>\n<\/table>\n<p style=\"font-size: 110%; color: #000000; font-family: PT Sans;\"><a class=\"duzy-link\" href=\"https:\/\/us.edu.pl\/en\/\"><strong><br \/>\nprof. Ryszard Kozio\u0142ek<\/strong>\u2013 rector<strong><br \/>\n<\/strong>Founded in\u00a0<strong>1968<\/strong><br \/>\n<strong>21,000<\/strong> students<br \/>\n<strong>3,200<\/strong> staff<br \/>\n<strong>8<\/strong> faculties + <strong>2<\/strong> doctoral schools<br \/>\n<strong>25<\/strong> scientific disciplines<\/a><\/p>\n<p>[\/vc_column_text][\/vc_column][vc_column width=&#8221;1\/5&#8243; el_class=&#8221;shadow rogi&#8221;][vc_column_text css=&#8221;.vc_custom_1620728512243{margin-top: 0px !important;margin-right: 0px !important;margin-bottom: 0px !important;margin-left: 0px !important;border-top-width: 0px !important;border-right-width: 0px !important;border-bottom-width: 0px !important;border-left-width: 0px !important;padding-top: 0px !important;padding-right: 0px !important;padding-bottom: 0px !important;padding-left: 0px !important;}&#8221;]<\/p>\n<p><img class=\"alignnone size-full wp-image-139184\" src=\"https:\/\/us.edu.pl\/wp-content\/uploads\/fotografie\/tweet_800x534_2.jpg\" alt=\"Grafika przedstawiaj\u0105ca rudow\u0142os\u0105 dziewczyn\u0119 spogl\u0105daj\u0105c\u0105 przez lunet\u0119 w gwiazdy\" width=\"100%\" height=\"auto\" \/><\/p>\n<p>[\/vc_column_text][vc_column_text css=&#8221;.vc_custom_1622121614937{margin-top: 0px !important;margin-right: 0px !important;margin-bottom: 0px !important;margin-left: 0px !important;border-top-width: 0px !important;border-right-width: 0px !important;border-bottom-width: 0px !important;border-left-width: 0px !important;padding-top: 10px !important;padding-right: 15px !important;padding-bottom: 10px !important;padding-left: 15px !important;}&#8221;]<\/p>\n<table class=\"rogi\" style=\"border-collapse: collapse; width: 40%; background-color: #f6eefd;\">\n<tbody>\n<tr>\n<td style=\"width: 100%; text-align: center;\"><span style=\"color: #a933cb; font-family: 'PT Sans'; font-weight: 800; font-size: 110%;\"><strong>\u015aFN<\/strong><\/span><\/td>\n<\/tr>\n<\/tbody>\n<\/table>\n<p style=\"font-size: 110%; color: #000000; font-family: PT Sans;\"><strong><br \/>\n<\/strong><a class=\"duzy-link\" href=\"https:\/\/www.slaskifestiwalnauki.pl\/en\/home\">We are the leader of <strong>Silesian Science Festival KATOWICE<\/strong> \u2013 one of the biggest <strong>science communication events<\/strong> in Europe, with the entire community of our University contributing to its organisation<\/a><\/p>\n<p>[\/vc_column_text][\/vc_column][vc_column width=&#8221;1\/5&#8243; el_class=&#8221;shadow rogi&#8221;][vc_column_text css=&#8221;.vc_custom_1620905408604{margin-top: 0px !important;margin-right: 0px !important;margin-bottom: 0px !important;margin-left: 0px !important;border-top-width: 0px !important;border-right-width: 0px !important;border-bottom-width: 0px !important;border-left-width: 0px !important;padding-top: 0px !important;padding-right: 0px !important;padding-bottom: 0px !important;padding-left: 0px !important;}&#8221;]<\/p>\n<p><img class=\"alignnone size-full wp-image-139184\" src=\"https:\/\/us.edu.pl\/wp-content\/uploads\/fotografie\/balon.jpg\" alt=\"Balon U\u015aka\" width=\"100%\" height=\"auto\" \/><\/p>\n<p>[\/vc_column_text][vc_column_text css=&#8221;.vc_custom_1622121694403{margin-top: 0px !important;margin-right: 0px !important;margin-bottom: 0px !important;margin-left: 0px !important;border-top-width: 0px !important;border-right-width: 0px !important;border-bottom-width: 0px !important;border-left-width: 0px !important;padding-top: 10px !important;padding-right: 15px !important;padding-bottom: 10px !important;padding-left: 15px !important;}&#8221;]<\/p>\n<table class=\"rogi\" style=\"border-collapse: collapse; width: 60%; background-color: #e7f8f0;\">\n<tbody>\n<tr>\n<td style=\"width: 100%; text-align: center;\"><span style=\"color: #336d4c; font-family: 'PT Sans'; font-weight: 800; font-size: 110%;\"><strong>LABORATORIES<\/strong><\/span><\/td>\n<\/tr>\n<\/tbody>\n<\/table>\n<p style=\"font-size: 110%; color: #000000; font-family: PT Sans;\"><strong><br \/>\n<\/strong><a class=\"duzy-link\" href=\"https:\/\/us.edu.pl\/en\/nauka-i-badania\/centra-badawcze\/\">Our scientists use extraordinary mobile laboratories, such as <strong>hot-air balloon<\/strong> and <strong>U\u015aka II research ship<\/strong><\/a><\/p>\n<p>[\/vc_column_text][\/vc_column][vc_column width=&#8221;1\/5&#8243; el_class=&#8221;shadow rogi&#8221;][vc_column_text css=&#8221;.vc_custom_1620728558111{margin-top: 0px !important;margin-right: 0px !important;margin-bottom: 0px !important;margin-left: 0px !important;border-top-width: 0px !important;border-right-width: 0px !important;border-bottom-width: 0px !important;border-left-width: 0px !important;padding-top: 0px !important;padding-right: 0px !important;padding-bottom: 0px !important;padding-left: 0px !important;}&#8221;]<\/p>\n<p><img class=\"alignnone size-full wp-image-139184\" src=\"https:\/\/us.edu.pl\/wp-content\/uploads\/fotografie\/csp3.jpg\" alt=\"Nied\u017awied\u017a polarny\" width=\"100%\" height=\"auto\" \/><\/p>\n<p>[\/vc_column_text][vc_column_text css=&#8221;.vc_custom_1622122226140{margin-top: 0px !important;margin-right: 0px !important;margin-bottom: 0px !important;margin-left: 0px !important;border-top-width: 0px !important;border-right-width: 0px !important;border-bottom-width: 0px !important;border-left-width: 0px !important;padding-top: 10px !important;padding-right: 15px !important;padding-bottom: 10px !important;padding-left: 15px !important;}&#8221;]<\/p>\n<table class=\"rogi\" style=\"border-collapse: collapse; width: 40%; background-color: #f3f8fe;\">\n<tbody>\n<tr>\n<td style=\"width: 100%; text-align: center;\"><span style=\"color: #2a8cc4; font-family: 'PT Sans'; font-weight: 800; font-size: 110%;\"><strong>CSP<\/strong><\/span><\/td>\n<\/tr>\n<\/tbody>\n<\/table>\n<p style=\"font-size: 110%; color: #000000; font-family: PT Sans;\"><strong><br \/>\n<\/strong><a class=\"duzy-link\" href=\"https:\/\/www.polarknow.us.edu.pl\/en\/\">University of Silesia is the leader of <strong>the Centre for Polar Studies<\/strong>, which conducts advanced research on <strong>the Arctic environment<\/strong><\/a><\/p>\n<p>[\/vc_column_text][\/vc_column][vc_column width=&#8221;1\/5&#8243; el_class=&#8221;shadow rogi&#8221;][vc_column_text css=&#8221;.vc_custom_1620728663327{margin-top: 0px !important;margin-right: 0px !important;margin-bottom: 0px !important;margin-left: 0px !important;border-top-width: 0px !important;border-right-width: 0px !important;border-bottom-width: 0px !important;border-left-width: 0px !important;padding-top: 0px !important;padding-right: 0px !important;padding-bottom: 0px !important;padding-left: 0px !important;}&#8221;]<\/p>\n<p><img class=\"alignnone size-full wp-image-139184\" src=\"https:\/\/us.edu.pl\/wp-content\/uploads\/fotografie\/szkola-filmowa.png\" alt=\"Filmowcy na planie filmowym\" width=\"100%\" height=\"auto\" \/><\/p>\n<p>[\/vc_column_text][vc_column_text css=&#8221;.vc_custom_1622122283793{margin-top: 0px !important;margin-right: 0px !important;margin-bottom: 0px !important;margin-left: 0px !important;border-top-width: 0px !important;border-right-width: 0px !important;border-bottom-width: 0px !important;border-left-width: 0px !important;padding-top: 10px !important;padding-right: 15px !important;padding-bottom: 10px !important;padding-left: 15px !important;}&#8221;]<\/p>\n<table class=\"rogi\" style=\"border-collapse: collapse; width: 65%; background-color: #f6eefd;\">\n<tbody>\n<tr>\n<td style=\"width: 100%; text-align: center;\"><span style=\"color: #77228f; font-family: 'PT Sans'; font-weight: 800; font-size: 110%;\"><strong>SZKO\u0141A FILMOWA<\/strong><\/span><\/td>\n<\/tr>\n<\/tbody>\n<\/table>\n<p style=\"font-size: 110%; color: #000000; font-family: PT Sans;\"><strong><br \/>\n<\/strong><a class=\"duzy-link\" href=\"http:\/\/www.writv.us.edu.pl\/en\/\">One of our faculties is the Krzysztof Kie\u015blowski <strong>Film School<\/strong>, where students can study programmes such as <strong>Film and Television Directing<\/strong>, or <strong>Management in New Media<\/strong><\/a><\/p>\n<p>[\/vc_column_text][\/vc_column][\/vc_row][vc_row el_class=&#8221;container mobilnie-karty&#8221;][vc_column css=&#8221;.vc_custom_1620910509795{margin-top: 0px !important;border-top-width: 0px !important;padding-top: 0px !important;}&#8221;][vc_images_carousel images=&#8221;342,343,344,345,346&#8243; img_size=&#8221;full&#8221; onclick=&#8221;link_no&#8221; autoplay=&#8221;yes&#8221;][\/vc_column][\/vc_row][vc_row el_class=&#8221;bottom linki&#8221;][vc_column css=&#8221;.vc_custom_1619179936362{margin-top: 0px !important;border-top-width: 0px !important;padding-top: 0px !important;}&#8221;][vc_empty_space height=&#8221;8px&#8221;]<div class=\"container\"><div class=\"separator\" style=\"background-color: #EBEBEB\"><\/div><\/div>\r\n                <div class=\"text-modules\">\r\n                    <div class=\"container\">\r\n                        \r\n                        <div class=\"text-modules__content\"><\/p>\n<p style=\"text-align: left;\"><small><span style=\"letter-spacing: 0.7mm; color: #000000; font-size: 140%;\"><strong>Photo gallery<\/strong><br \/>\n<\/span><\/small><\/p>\n<p>\n<\/div>\r\n                    <\/div>\r\n                <\/div>[vc_row_inner el_class=&#8221;container&#8221; css=&#8221;.vc_custom_1620921340939{margin-top: 0px !important;margin-bottom: 0px !important;border-top-width: 0px !important;border-bottom-width: 0px !important;padding-top: 0px !important;padding-bottom: 0px !important;}&#8221;][vc_column_inner width=&#8221;1\/2&#8243;][\/vc_column_inner][vc_column_inner el_class=&#8221;en&#8221; width=&#8221;1\/2&#8243; css=&#8221;.vc_custom_1622124064457{margin-top: 0px !important;margin-right: 15px !important;margin-bottom: 0px !important;border-top-width: 0px !important;border-bottom-width: 0px !important;padding-top: 0px !important;padding-bottom: 0px !important;}&#8221;][vc_flickr flickr_id=&#8221;145933324@N08\/albums\/72157718742191413&#8243; count=&#8221;1&#8243; el_class=&#8221;flickr&#8221;][\/vc_column_inner][\/vc_row_inner][vc_column_text]<\/p>\n<table style=\"border-collapse: collapse; width: 100%;\">\n<tbody>\n<tr>\n<td style=\"width: 55.445%; text-align: center;\"><img class=\"alignnone wp-image-139231 size-full\" src=\"https:\/\/us.edu.pl\/wp-content\/uploads\/fotografie\/U\u015a_rektorat_deptak.jpg\" alt=\"Zdj\u0119cie budynku rektoratu U\u015a\" width=\"100%\" height=\"auto\" \/><\/td>\n<td style=\"width: 44.555%; text-align: center;\"><a href=\"https:\/\/us.edu.pl\/wp-content\/uploads\/fotografie\/img_8140.jpg\"><img class=\"alignnone wp-image-139225 size-full\" src=\"https:\/\/us.edu.pl\/wp-content\/uploads\/fotografie\/img_8140.jpg\" alt=\"Rudow\u0142osa kobieta w czapce przypominaj\u0105cej kszta\u0142t katowickiego Spodka w hali pe\u0142nej ludzi\" width=\"100%\" height=\"auto\" \/><\/a><\/td>\n<\/tr>\n<\/tbody>\n<\/table>\n<table style=\"border-collapse: collapse; width: 100%;\">\n<tbody>\n<tr>\n<td style=\"width: 50%; text-align: center;\"><a href=\"https:\/\/us.edu.pl\/wp-content\/uploads\/fotografie\/U\u015a-flickr_3-1.png\"><img class=\"alignnone wp-image-138538 size-full\" src=\"https:\/\/us.edu.pl\/wp-content\/uploads\/fotografie\/U\u015a-flickr_3-1.png\" alt=\"Grupa os\u00f3b ogl\u0105daj\u0105cych fotografie\" width=\"100%\" height=\"auto\" \/><\/a><\/td>\n<td style=\"width: 50%; text-align: center;\"><a href=\"https:\/\/us.edu.pl\/wp-content\/uploads\/fotografie\/U\u015a-flickr_4.png\"><img class=\"alignnone wp-image-138535 size-full\" src=\"https:\/\/us.edu.pl\/wp-content\/uploads\/fotografie\/U\u015a-flickr_4.png\" alt=\"Budynek Wydzia\u0142u Nauk Przyrodniczych z dinozaurem\" width=\"100%\" height=\"auto\" \/><\/a><\/td>\n<\/tr>\n<\/tbody>\n<\/table>\n<p>[\/vc_column_text][\/vc_column][\/vc_row]<\/p>\n<p><\/p>","protected":false},"excerpt":{"rendered":"<p>[vc_row el_class=&#8221;container&#8221;][vc_column][vc_row_inner][vc_column_inner width=&#8221;1\/2&#8243;][vc_empty_space height=&#8221;1px&#8221; css=&#8221;.vc_custom_1640685725363{background-color: #fbba00 !important;}&#8221;][\/vc_column_inner][vc_column_inner width=&#8221;1\/2&#8243;][\/vc_column_inner][\/vc_row_inner][vc_empty_space][\/vc_column][\/vc_row][vc_row el_class=&#8221;container&#8221;][vc_column width=&#8221;1\/12&#8243;][\/vc_column][vc_column width=&#8221;7\/12&#8243;][\/vc_column][vc_column width=&#8221;4\/12&#8243;][vc_tta_accordion style=&#8221;flat&#8221; shape=&#8221;square&#8221; color=&#8221;black&#8221; spacing=&#8221;5&#8243; c_icon=&#8221;triangle&#8221; active_section=&#8221;0&#8243; no_fill=&#8221;true&#8221; collapsible_all=&#8221;true&#8221;][vc_tta_section title=&#8221;Katowice&#8221; tab_id=&#8221;katowice&#8221;][\/vc_tta_section][vc_tta_section title=&#8221;Chorz\u00f3w&#8221; tab_id=&#8221;chorzow&#8221;][\/vc_tta_section][vc_tta_section title=&#8221;Cieszyn&#8221; tab_id=&#8221;cieszyn&#8221;][\/vc_tta_section][vc_tta_section title=&#8221;Sosnowiec&#8221; tab_id=&#8221;sosnowiec&#8221;][\/vc_tta_section][\/vc_tta_accordion][\/vc_column][\/vc_row][vc_row][vc_column][\/vc_column][\/vc_row][vc_row el_class=&#8221;bottom linki container wysokosc karty desktop-karty&#8221;][vc_column width=&#8221;1\/5&#8243; css=&#8221;.vc_custom_1620802862303{margin-top: 0px !important;border-top-width: 0px !important;padding-top: 0px !important;}&#8221; el_class=&#8221;shadow rogi&#8221;][vc_column_text css=&#8221;.vc_custom_1620736619107{margin-top: 0px !important;margin-right: 0px !important;margin-bottom: 0px !important;margin-left: 0px !important;border-top-width: 0px !important;border-right-width: [&#8230;]<\/p>\n<p><a class=\"btn btn-secondary understrap-read-more-link\" href=\"https:\/\/us.edu.pl\/pracownik\/welcomepoint\/en\/university-of-silesia\/\">Read More&#8230;<\/a><\/p>\n","protected":false},"author":139,"featured_media":274,"parent":0,"menu_order":0,"comment_status":"closed","ping_status":"closed","template":"","meta":{"_expiration-date-status":"","_expiration-date":0,"_expiration-date-type":"","_expiration-date-categories":[],"_expiration-date-options":[]},"acf":[],"_links":{"self":[{"href":"https:\/\/us.edu.pl\/pracownik\/welcomepoint\/en\/wp-json\/wp\/v2\/pages\/272"}],"collection":[{"href":"https:\/\/us.edu.pl\/pracownik\/welcomepoint\/en\/wp-json\/wp\/v2\/pages"}],"about":[{"href":"https:\/\/us.edu.pl\/pracownik\/welcomepoint\/en\/wp-json\/wp\/v2\/types\/page"}],"author":[{"embeddable":true,"href":"https:\/\/us.edu.pl\/pracownik\/welcomepoint\/en\/wp-json\/wp\/v2\/users\/139"}],"replies":[{"embeddable":true,"href":"https:\/\/us.edu.pl\/pracownik\/welcomepoint\/en\/wp-json\/wp\/v2\/comments?post=272"}],"version-history":[{"count":10,"href":"https:\/\/us.edu.pl\/pracownik\/welcomepoint\/en\/wp-json\/wp\/v2\/pages\/272\/revisions"}],"predecessor-version":[{"id":4321,"href":"https:\/\/us.edu.pl\/pracownik\/welcomepoint\/en\/wp-json\/wp\/v2\/pages\/272\/revisions\/4321"}],"wp:featuredmedia":[{"embeddable":true,"href":"https:\/\/us.edu.pl\/pracownik\/welcomepoint\/en\/wp-json\/wp\/v2\/media\/274"}],"wp:attachment":[{"href":"https:\/\/us.edu.pl\/pracownik\/welcomepoint\/en\/wp-json\/wp\/v2\/media?parent=272"}],"curies":[{"name":"wp","href":"https:\/\/api.w.org\/{rel}","templated":true}]}}