{"id":3382,"date":"2025-02-17T12:54:06","date_gmt":"2025-02-17T11:54:06","guid":{"rendered":"https:\/\/us.edu.pl\/pracownik\/welcomepoint\/?page_id=3382"},"modified":"2025-09-03T11:51:14","modified_gmt":"2025-09-03T09:51:14","slug":"alex-lowe-2","status":"publish","type":"page","link":"https:\/\/us.edu.pl\/pracownik\/welcomepoint\/en\/usilambassadors\/alex-lowe-2\/","title":{"rendered":"Alex Lowe"},"content":{"rendered":"<p>[vc_row el_class=&#8221;container&#8221;][vc_column]\r\n                <div class=\"text-modules\">\r\n                    <div class=\"container\">\r\n                        <h3 class=\"page-title text__title\">Alex Lowe<\/h3>\r\n                        <div class=\"text-modules__content\"><\/p>\n<hr style=\"width: 60%; padding-left: 20px; background-color: #fbb900;\" align=\"left\" \/>\n<p>\n<\/div>\r\n                    <\/div>\r\n                <\/div>[\/vc_column][\/vc_row][vc_row content_placement=&#8221;middle&#8221; el_class=&#8221;container&#8221; css=&#8221;.vc_custom_1739794732669{margin-bottom: 0px !important;padding-bottom: 0px !important;}&#8221;][vc_column width=&#8221;1\/3&#8243;]\r\n                <div class=\"text-modules\">\r\n                    <div class=\"container\">\r\n                        \r\n                        <div class=\"text-modules__content\"><p><img class=\"rogi alignnone wp-image-3388 size-medium\" src=\"https:\/\/us.edu.pl\/pracownik\/welcomepoint\/wp-content\/uploads\/sites\/69\/Zdjecia\/Ambasadorzy\/Welcome2Us-3-700x467.jpg\" alt=\"Naukowiec z kolb\u0105\" width=\"100%\" height=\"auto\" srcset=\"https:\/\/us.edu.pl\/pracownik\/welcomepoint\/wp-content\/uploads\/sites\/69\/Zdjecia\/Ambasadorzy\/Welcome2Us-3-700x467.jpg 700w, https:\/\/us.edu.pl\/pracownik\/welcomepoint\/wp-content\/uploads\/sites\/69\/Zdjecia\/Ambasadorzy\/Welcome2Us-3-1024x683.jpg 1024w, https:\/\/us.edu.pl\/pracownik\/welcomepoint\/wp-content\/uploads\/sites\/69\/Zdjecia\/Ambasadorzy\/Welcome2Us-3-768x512.jpg 768w, https:\/\/us.edu.pl\/pracownik\/welcomepoint\/wp-content\/uploads\/sites\/69\/Zdjecia\/Ambasadorzy\/Welcome2Us-3-1536x1024.jpg 1536w, https:\/\/us.edu.pl\/pracownik\/welcomepoint\/wp-content\/uploads\/sites\/69\/Zdjecia\/Ambasadorzy\/Welcome2Us-3-2048x1366.jpg 2048w, https:\/\/us.edu.pl\/pracownik\/welcomepoint\/wp-content\/uploads\/sites\/69\/Zdjecia\/Ambasadorzy\/Welcome2Us-3-575x383.jpg 575w\" sizes=\"(max-width: 700px) 100vw, 700px\" \/><\/p>\n<\/div>\r\n                    <\/div>\r\n                <\/div>[\/vc_column][vc_column width=&#8221;2\/3&#8243;]\r\n                <div class=\"text-modules\">\r\n                    <div class=\"container\">\r\n                        \r\n                        <div class=\"text-modules__content\"><\/p>\n<p style=\"line-height: 0.9; padding-left: 20px; color: #000000; font-family: 'PT Sans Narrow'; font-size: 1.5em; text-align: left;\"><strong>What do I do professionally?<\/strong><\/p>\n<p>\n<\/div>\r\n                    <\/div>\r\n                <\/div>\r\n                <div class=\"text-modules\">\r\n                    <div class=\"container\">\r\n                        \r\n                        <div class=\"text-modules__content\"><p>At the University of Silesia in Katowice, I research the physical chemistry of processes under high-pressure conditions. There are many different versions of the &#8220;high pressure&#8221; depending on where you go and what sub-division of science you go to. For example, our atmospheric pressure is 101,325 Pascal. That is the pressure of everyday life. I am interested in what happens at 2000 times and greater pressure. You would be surprised by what happens in these high-pressure conditions regarding the adaptation of life and the different chemical pathways for reactions.<\/p>\n<\/div>\r\n                    <\/div>\r\n                <\/div>[\/vc_column][\/vc_row][vc_row content_placement=&#8221;bottom&#8221; el_class=&#8221;container&#8221; css=&#8221;.vc_custom_1739796570116{margin-top: 10px !important;padding-top: 0px !important;}&#8221;][vc_column width=&#8221;1\/3&#8243; css=&#8221;.vc_custom_1739798254277{margin-bottom: -20px !important;}&#8221; el_class=&#8221;image-mobile&#8221;]\r\n                <div class=\"text-modules\">\r\n                    <div class=\"container\">\r\n                        \r\n                        <div class=\"text-modules__content\"><p><img class=\"rogi alignright wp-image-3332 size-medium\" src=\"https:\/\/us.edu.pl\/pracownik\/welcomepoint\/wp-content\/uploads\/sites\/69\/Zdjecia\/Ambasadorzy\/Alex-Lowe-467x700.jpg\" alt=\"Alex Lowe\" width=\"60%\" height=\"auto\" srcset=\"https:\/\/us.edu.pl\/pracownik\/welcomepoint\/wp-content\/uploads\/sites\/69\/Zdjecia\/Ambasadorzy\/Alex-Lowe-467x700.jpg 467w, https:\/\/us.edu.pl\/pracownik\/welcomepoint\/wp-content\/uploads\/sites\/69\/Zdjecia\/Ambasadorzy\/Alex-Lowe-384x575.jpg 384w, https:\/\/us.edu.pl\/pracownik\/welcomepoint\/wp-content\/uploads\/sites\/69\/Zdjecia\/Ambasadorzy\/Alex-Lowe.jpg 667w\" sizes=\"(max-width: 467px) 100vw, 467px\" \/><\/p>\n<\/div>\r\n                    <\/div>\r\n                <\/div>[\/vc_column][vc_column width=&#8221;2\/3&#8243;][vc_row_inner][vc_column_inner width=&#8221;2\/3&#8243;]\r\n                <div class=\"text-modules\">\r\n                    <div class=\"container\">\r\n                        \r\n                        <div class=\"text-modules__content\"><\/p>\n<p style=\"line-height: 0.9; color: #000000; font-family: 'PT Sans Narrow'; font-size: 2.5em; text-align: left;\"><strong><span style=\"font-size: 2.6em;\">\u201e<\/span><\/strong><\/p>\n<p><strong><span style=\"font-size: 1.5em; font-family: 'PT Sans Narrow'; line-height: 0.8em;\">The University of Silesia is in a prime location for collaboration with scientists all over the world. We have had visitors from Canada, the USA, England, Spain, Ukraine, Italy and Russia (pre-war). We also have a diversity of diversity of scientists from all over Europe: Turkey, Greece, Russia, Ukraine, and, of course, Poland.<\/span><\/strong><\/p>\n<\/div>\r\n                    <\/div>\r\n                <\/div>[\/vc_column_inner][vc_column_inner width=&#8221;1\/3&#8243;][\/vc_column_inner][\/vc_row_inner][\/vc_column][\/vc_row][vc_row][vc_column][vc_empty_space][\/vc_column][\/vc_row][vc_row][vc_column]<div class=\"container\"><div class=\"separator\" style=\"background-color: #000000\"><\/div><\/div>[\/vc_column][\/vc_row][vc_row equal_height=&#8221;yes&#8221; el_class=&#8221;container&#8221;][vc_column width=&#8221;1\/3&#8243; css=&#8221;.vc_custom_1739798390693{margin-top: 32px !important;background-color: #eaeaea !important;border-radius: 10px !important;}&#8221;]\r\n                <div class=\"text-modules\">\r\n                    <div class=\"container\">\r\n                        \r\n                        <div class=\"text-modules__content\"><\/p>\n<p style=\"line-height: 0.9; padding-left: 20px; color: #000000; font-family: 'PT Sans Narrow'; font-size: 1.5em; text-align: left;\"><strong>My first day at work<\/strong><\/p>\n<p>\n<\/div>\r\n                    <\/div>\r\n                <\/div>\r\n                <div class=\"text-modules\">\r\n                    <div class=\"container\">\r\n                        \r\n                        <div class=\"text-modules__content\"><p>My first day at the University of Silesia was a shock. The number of departments and people to meet and introduce myself to was so big! However, I was lucky to meet kind people with big goals and imaginations. <\/p>\n<\/div>\r\n                    <\/div>\r\n                <\/div>[\/vc_column][vc_column width=&#8221;2\/3&#8243; css=&#8221;.vc_custom_1739798402333{margin-top: 32px !important;background-color: #eaeaea !important;border-radius: 10px !important;}&#8221;]\r\n                <div class=\"text-modules\">\r\n                    <div class=\"container\">\r\n                        \r\n                        <div class=\"text-modules__content\"><\/p>\n<p style=\"line-height: 0.9; padding-left: 20px; color: #000000; font-family: 'PT Sans Narrow'; font-size: 1.5em; text-align: left;\"><strong>What surprised me?<\/strong><\/p>\n<p>\n<\/div>\r\n                    <\/div>\r\n                <\/div>\r\n                <div class=\"text-modules\">\r\n                    <div class=\"container\">\r\n                        \r\n                        <div class=\"text-modules__content\"><p>I think the strangest situation was when Poles who speak English asked me if I had tried the Polish dumplings. When I asked them to show me a picture of the dish, I instantly said perogies! We have them in Canada. Usually, it comes as a slight shock to the Polish speakers that I know the word and that it has been adopted in English-speaking parts of North America. This iconic food came to Canada with Polish and Ukrainian immigrants. Cabbage rolls are also popular, but Canadians must learn the word \u201cGo\u0142\u0105bki\u201d. <\/p>\n<\/div>\r\n                    <\/div>\r\n                <\/div>[\/vc_column][\/vc_row][vc_row][vc_column][vc_empty_space][\/vc_column][\/vc_row][vc_row][vc_column]<div class=\"container\"><div class=\"separator\" style=\"background-color: #000000\"><\/div><\/div>[\/vc_column][\/vc_row][vc_row][vc_column][vc_empty_space][\/vc_column][\/vc_row][vc_row content_placement=&#8221;middle&#8221; el_class=&#8221;container&#8221; css=&#8221;.vc_custom_1739794732669{margin-bottom: 0px !important;padding-bottom: 0px !important;}&#8221;][vc_column width=&#8221;1\/3&#8243;][\/vc_column][vc_column width=&#8221;2\/3&#8243;]\r\n                <div class=\"text-modules\">\r\n                    <div class=\"container\">\r\n                        \r\n                        <div class=\"text-modules__content\"><\/p>\n<p style=\"line-height: 0.9; padding-left: 20px; color: #000000; font-family: 'PT Sans Narrow'; font-size: 1.5em; text-align: left;\"><strong>What I like about Katowice?<\/strong><\/p>\n<p>\n<\/div>\r\n                    <\/div>\r\n                <\/div>\r\n                <div class=\"text-modules\">\r\n                    <div class=\"container\">\r\n                        \r\n                        <div class=\"text-modules__content\"><p>Katowice is a very young city compared with many other Polish ones. It is about as old as Canada, and you can see the city develop over the years while walking in different parts of town. The Rynek (town square), of course, shows a mix of modern and old buildings with tramlines connecting the various districts that were either built during the Prussian era, the Interwar Era, the Communist era (the buildings turning from grey to colourful now) and presently &#8211; in our times. Katowice is an ever-changing city with many prospects for the people of Poland. It is exciting to see what will happen next. <\/p>\n<\/div>\r\n                    <\/div>\r\n                <\/div>[\/vc_column][\/vc_row][vc_row disable_element=&#8221;yes&#8221; el_class=&#8221;container&#8221;][vc_column width=&#8221;1\/2&#8243; css=&#8221;.vc_custom_1739796751734{background-color: #eaeaea !important;}&#8221;]\r\n                <div class=\"text-modules\">\r\n                    <div class=\"container\">\r\n                        \r\n                        <div class=\"text-modules__content\"><\/p>\n<p style=\"line-height: 0.9; padding-left: 20px; color: #000000; font-family: 'PT Sans Narrow'; font-size: 1.5em; text-align: left;\"><strong>M\u00f3j pierwszy dzie\u0144 w pracy<\/strong><\/p>\n<p>\n<\/div>\r\n                    <\/div>\r\n                <\/div>\r\n                <div class=\"text-modules\">\r\n                    <div class=\"container\">\r\n                        \r\n                        <div class=\"text-modules__content\"><p><img class=\"rogi alignleft wp-image-3411 size-full\" src=\"https:\/\/us.edu.pl\/pracownik\/welcomepoint\/wp-content\/uploads\/sites\/69\/Zdjecia\/Ambasadorzy\/yellow.png\" alt=\"\" width=\"20%\" height=\"auto\" srcset=\"https:\/\/us.edu.pl\/pracownik\/welcomepoint\/wp-content\/uploads\/sites\/69\/Zdjecia\/Ambasadorzy\/yellow.png 600w, https:\/\/us.edu.pl\/pracownik\/welcomepoint\/wp-content\/uploads\/sites\/69\/Zdjecia\/Ambasadorzy\/yellow-575x383.png 575w\" sizes=\"(max-width: 600px) 100vw, 600px\" \/><\/p>\n<\/div>\r\n                    <\/div>\r\n                <\/div>\r\n                <div class=\"text-modules\">\r\n                    <div class=\"container\">\r\n                        \r\n                        <div class=\"text-modules__content\"><p>M\u00f3j pierwszy dzie\u0144 na Uniwersytecie \u015al\u0105skim by\u0142 szokuj\u0105cy ze wzgl\u0119du na ogromn\u0105 liczb\u0119 dzia\u0142\u00f3w, kt\u00f3re mia\u0142em odwiedzi\u0107 i ludzi, kt\u00f3rych mia\u0142em pozna\u0107. Mia\u0142em jednak szcz\u0119\u015bcie. Spotka\u0142em dobrych ludzi d\u0105\u017c\u0105cych do wysoko postawionych cel\u00f3w i o du\u017cej wyobra\u017ani. <\/p>\n<\/div>\r\n                    <\/div>\r\n                <\/div>[\/vc_column][vc_column width=&#8221;1\/2&#8243;][\/vc_column][\/vc_row][vc_row][vc_column][vc_empty_space][\/vc_column][\/vc_row]<\/p>","protected":false},"excerpt":{"rendered":"<p>[vc_row el_class=&#8221;container&#8221;][vc_column][\/vc_column][\/vc_row][vc_row content_placement=&#8221;middle&#8221; el_class=&#8221;container&#8221; css=&#8221;.vc_custom_1739794732669{margin-bottom: 0px !important;padding-bottom: 0px !important;}&#8221;][vc_column width=&#8221;1\/3&#8243;][\/vc_column][vc_column width=&#8221;2\/3&#8243;][\/vc_column][\/vc_row][vc_row content_placement=&#8221;bottom&#8221; el_class=&#8221;container&#8221; css=&#8221;.vc_custom_1739796570116{margin-top: 10px !important;padding-top: 0px !important;}&#8221;][vc_column width=&#8221;1\/3&#8243; css=&#8221;.vc_custom_1739798254277{margin-bottom: -20px !important;}&#8221; el_class=&#8221;image-mobile&#8221;][\/vc_column][vc_column width=&#8221;2\/3&#8243;][vc_row_inner][vc_column_inner width=&#8221;2\/3&#8243;][\/vc_column_inner][vc_column_inner width=&#8221;1\/3&#8243;][\/vc_column_inner][\/vc_row_inner][\/vc_column][\/vc_row][vc_row][vc_column][vc_empty_space][\/vc_column][\/vc_row][vc_row][vc_column][\/vc_column][\/vc_row][vc_row equal_height=&#8221;yes&#8221; el_class=&#8221;container&#8221;][vc_column width=&#8221;1\/3&#8243; css=&#8221;.vc_custom_1739798390693{margin-top: 32px !important;background-color: #eaeaea !important;border-radius: 10px !important;}&#8221;][\/vc_column][vc_column width=&#8221;2\/3&#8243; css=&#8221;.vc_custom_1739798402333{margin-top: 32px !important;background-color: #eaeaea !important;border-radius: 10px !important;}&#8221;][\/vc_column][\/vc_row][vc_row][vc_column][vc_empty_space][\/vc_column][\/vc_row][vc_row][vc_column][\/vc_column][\/vc_row][vc_row][vc_column][vc_empty_space][\/vc_column][\/vc_row][vc_row content_placement=&#8221;middle&#8221; el_class=&#8221;container&#8221; css=&#8221;.vc_custom_1739794732669{margin-bottom: 0px !important;padding-bottom: 0px !important;}&#8221;][vc_column width=&#8221;1\/3&#8243;][\/vc_column][vc_column width=&#8221;2\/3&#8243;][\/vc_column][\/vc_row][vc_row disable_element=&#8221;yes&#8221; el_class=&#8221;container&#8221;][vc_column [&#8230;]<\/p>\n<p><a class=\"btn btn-secondary understrap-read-more-link\" href=\"https:\/\/us.edu.pl\/pracownik\/welcomepoint\/en\/usilambassadors\/alex-lowe-2\/\">Read More&#8230;<\/a><\/p>\n","protected":false},"author":25,"featured_media":0,"parent":3319,"menu_order":0,"comment_status":"closed","ping_status":"closed","template":"","meta":{"_expiration-date-status":"","_expiration-date":0,"_expiration-date-type":"","_expiration-date-categories":[],"_expiration-date-options":[]},"acf":[],"_links":{"self":[{"href":"https:\/\/us.edu.pl\/pracownik\/welcomepoint\/en\/wp-json\/wp\/v2\/pages\/3382"}],"collection":[{"href":"https:\/\/us.edu.pl\/pracownik\/welcomepoint\/en\/wp-json\/wp\/v2\/pages"}],"about":[{"href":"https:\/\/us.edu.pl\/pracownik\/welcomepoint\/en\/wp-json\/wp\/v2\/types\/page"}],"author":[{"embeddable":true,"href":"https:\/\/us.edu.pl\/pracownik\/welcomepoint\/en\/wp-json\/wp\/v2\/users\/25"}],"replies":[{"embeddable":true,"href":"https:\/\/us.edu.pl\/pracownik\/welcomepoint\/en\/wp-json\/wp\/v2\/comments?post=3382"}],"version-history":[{"count":10,"href":"https:\/\/us.edu.pl\/pracownik\/welcomepoint\/en\/wp-json\/wp\/v2\/pages\/3382\/revisions"}],"predecessor-version":[{"id":4361,"href":"https:\/\/us.edu.pl\/pracownik\/welcomepoint\/en\/wp-json\/wp\/v2\/pages\/3382\/revisions\/4361"}],"up":[{"embeddable":true,"href":"https:\/\/us.edu.pl\/pracownik\/welcomepoint\/en\/wp-json\/wp\/v2\/pages\/3319"}],"wp:attachment":[{"href":"https:\/\/us.edu.pl\/pracownik\/welcomepoint\/en\/wp-json\/wp\/v2\/media?parent=3382"}],"curies":[{"name":"wp","href":"https:\/\/api.w.org\/{rel}","templated":true}]}}